{"id":1775,"date":"2018-08-15T15:47:33","date_gmt":"2018-08-15T13:47:33","guid":{"rendered":"http:\/\/regiontatry.creanet.sk\/ubytovanie-a-specialne-ponuky\/"},"modified":"2023-03-03T21:39:39","modified_gmt":"2023-03-03T20:39:39","slug":"zakwaterowanie","status":"publish","type":"page","link":"https:\/\/regiontatry.sk\/pl\/zakwaterowanie\/","title":{"rendered":"Zakwaterowanie"},"content":{"rendered":"\n<p>W Tatrach Wysokich przy kominku i pod namiotem. W chatce, albo w hotelu wellness. Istniej\u0105 r\u00f3\u017cne mo\u017cliwo\u015bci zakwaterowania, dlatego ka\u017cdy znajdzie co\u015b dla siebie. Wygodne hotele z najbardziej luksusowymi apartamentami, pensjonaty, kwatery prywatne i schroniska. Wystarczy wybra\u0107!<br><\/p>\n\n\n\n<h4 class=\"wp-block-heading\"><strong>Hotele<\/strong><\/h4>\n\n\n\n<p>W regionie tatrza\u0144skim znajduje si\u0119 wiele hoteli Grand i hoteli najwy\u017cszej klasy, w kt\u00f3rych sp\u0119dz\u0105 Pa\u0144stwo pobyt tak, \u017ce nie b\u0119d\u0105 chcieli Pa\u0144stwo wraca\u0107. Je\u015bli nale\u017c\u0105 Pa\u0144stwo do bardziej wymagaj\u0105cych i chc\u0105 spr\u00f3bowa\u0107 wytworno\u015bci i luksusu, maj\u0105 Pa\u0144stwo zami\u0142owanie do szczeg\u00f3\u0142\u00f3w, w\u00f3wczas nale\u017cy odwiedzi\u0107 wybrany z tatrza\u0144skich Hoteli Grand. Kawa w kuba\u0144skiej kawiarni w Grand Hotelu Star\u00fd Smokovec, komfortowy hotel kongresowy ze stylem i tradycj\u0105 Grand Hotel Bellevue, prawdziwy luksus w 5-gwiazdkowym hotelu Grand Hotel Kempinski i wiele innych.<br><\/p>\n\n\n\n<h4 class=\"wp-block-heading\"><strong>Pensjonaty i kwatery prywatne<\/strong><\/h4>\n\n\n\n<p>Inna mo\u017cliwo\u015b\u0107 zakwaterowania w Tatrach to pensjonaty i kwatery prywatne, kt\u00f3re ujm\u0105 Pa\u0144stwa rodzinn\u0105 atmosfer\u0105 i przytulnymi, wygodnymi pokojami. Bogat\u0105 ofert\u0119 posiadaj\u0105 tak\u017ce apartamenty, w kt\u00f3rych sk\u0142ad wchodz\u0105 centra relaksu z jacuzzi i saunami. Lokalizacja takich obiekt\u00f3w jest idealna pod zwgl\u0119dem aktywnie sp\u0119dzonego wypoczynku po\u0142\u0105czonego z turystyk\u0105 piesz\u0105 lub spacerami po okolicy.<br><\/p>\n\n\n\n<h4 class=\"wp-block-heading\"><strong>Schroniska g\u00f3rskie<\/strong><\/h4>\n\n\n\n<p>Trzecia mo\u017cliwo\u015b\u0107 zakwaterowania w Tatrach to schroniska g\u00f3rskie i wysokog\u00f3rskie, zlokalizowane przy szlakach turystycznych, jeziorach, r\u00f3wnie\u017c wysoko w g\u00f3rach. Zapewniaj\u0105 romantyzm, jakiego nigdy wcze\u015bniej Pa\u0144stwo nie do\u015bwiadczyli. Obudzi\u0107 si\u0119 rano wysoko w g\u00f3rach i zje\u015b\u0107 \u015bniadanie nad ob\u0142okami to najwi\u0119kszy luksus. Liczba miejsc w poszczeg\u00f3lnych schroniskach jest stosunkowo niewielka, a zainteresowanie pobytami przeciwnie \u2013 stosunkowo wysokie. Dlatego wa\u017cna jest wcze\u015bniejsza rezerwacja.<\/p>\n\n\n\n<ul class=\"wp-block-gallery columns-3 is-cropped wp-block-gallery-2 is-layout-flex wp-block-gallery-is-layout-flex\"><li class=\"blocks-gallery-item\"><figure><img loading=\"lazy\" decoding=\"async\" width=\"300\" height=\"199\" src=\"https:\/\/regiontatry.sk\/wp-content\/uploads\/2018\/10\/hotel-Kukucka-1_800-300x199.jpg\" alt=\"\" data-id=\"12434\" data-link=\"https:\/\/regiontatry.sk\/ubytovanie\/hotel-kukucka-1_800-300x199\/\" class=\"wp-image-12434\"\/><\/figure><\/li><li class=\"blocks-gallery-item\"><figure><img loading=\"lazy\" decoding=\"async\" width=\"300\" height=\"200\" src=\"https:\/\/regiontatry.sk\/wp-content\/uploads\/2018\/10\/vila-Krejza-300x200.jpg\" alt=\"\" data-id=\"12450\" data-link=\"https:\/\/regiontatry.sk\/ubytovanie\/vila-krejza-300x200\/\" class=\"wp-image-12450\"\/><\/figure><\/li><li class=\"blocks-gallery-item\"><figure><img loading=\"lazy\" decoding=\"async\" width=\"300\" height=\"225\" src=\"https:\/\/regiontatry.sk\/wp-content\/uploads\/2018\/10\/brncalka-300x225-1.jpg\" alt=\"\" data-id=\"12452\" data-link=\"https:\/\/regiontatry.sk\/ubytovanie\/brncalka-300x225-2\/\" class=\"wp-image-12452\"\/><\/figure><\/li><\/ul>\n\n\n\n<p><br>Znajd\u017a sobie zakwaterowanie, kt\u00f3re odpowiada Twoim wymaganiom:<\/p>\n\n\n\n<h2 class=\"wp-block-heading\"><a href=\"\/pl\/zakwaterowanie\/hotele\/\">Hotele<\/a><\/h2>\n\n\n\n<h2 class=\"wp-block-heading\"><a href=\"\/pl\/zakwaterowanie\/pensjonaty\/\">Pensjonaty<\/a><\/h2>\n\n\n\n<h2 class=\"wp-block-heading\"><a href=\"\/pl\/zakwaterowanie\/domki-i-kwatery-prywatne\/\">Domki i kwatery prywatne<\/a><\/h2>\n\n\n\n<h2 class=\"wp-block-heading\"><a href=\"\/pl\/zakwaterowanie\/domy-apartamentowe\/\">Domy apartamentowe<\/a><\/h2>\n\n\n\n<p><br>Oferty specjalne:<\/p>\n\n\n\n<h2 class=\"wp-block-heading\"><a href=\"\/pl\/zakwaterowanie\/oferty-specjalne\/family-friendly\/\">Family friendly<\/a><\/h2>\n\n\n\n<h2 class=\"wp-block-heading\"><a href=\"\/pl\/zakwaterowanie\/oferty-specjalne\/bike-friendly\/\">Bike friendly<\/a><\/h2>\n\n\n\n<h2 class=\"wp-block-heading\"><a href=\"\/pl\/zakwaterowanie\/oferty-specjalne\/dog-pet-friendly\/\">Dog \/ Pet friendly<\/a><\/h2>\n\n\n\n<h2 class=\"wp-block-heading\"><a href=\"\/pl\/zakwaterowanie\/oferty-specjalne\/kongresy\/\">Kongresy<\/a><\/h2>\n\n\n\n<div class=\"wp-block-image\"><figure class=\"alignright is-resized\"><img loading=\"lazy\" decoding=\"async\" src=\"https:\/\/regiontatry.sk\/wp-content\/uploads\/2018\/08\/tatry_card_web2.png\" alt=\"\" class=\"wp-image-1767\" width=\"515\" height=\"319\" srcset=\"https:\/\/regiontatry.sk\/wp-content\/uploads\/2018\/08\/tatry_card_web2.png 1030w, https:\/\/regiontatry.sk\/wp-content\/uploads\/2018\/08\/tatry_card_web2-300x186.png 300w, https:\/\/regiontatry.sk\/wp-content\/uploads\/2018\/08\/tatry_card_web2-768x475.png 768w, https:\/\/regiontatry.sk\/wp-content\/uploads\/2018\/08\/tatry_card_web2-1024x633.png 1024w\" sizes=\"(max-width: 515px) 100vw, 515px\" \/><\/figure><\/div>\n\n\n\n<h2 class=\"wp-block-heading\"><a href=\"\/pl\/zakwaterowanie\/oferty-specjalne\/pobyty-z-tatry-card\/\">Pobyty z Tatry Card<\/a><\/h2>\n\n\n\n<h2 class=\"wp-block-heading\"><br><a href=\"\/pl\/zakwaterowanie\/co-to-jest-tatry-card\/\">Co to jest Tatry Card?<\/a><\/h2>\n\n\n\n<h3 class=\"wp-block-heading\"><br>\u017byczymy udanego pobytu pe\u0142nego wra\u017ce\u0144!<\/h3>\n","protected":false},"excerpt":{"rendered":"<p>W Tatrach Wysokich przy kominku i pod namiotem. W chatce, albo w hotelu wellness. Istniej\u0105 r\u00f3\u017cne mo\u017cliwo\u015bci zakwaterowania, dlatego ka\u017cdy znajdzie co\u015b dla siebie. Wygodne hotele z najbardziej luksusowymi apartamentami, pensjonaty, kwatery prywatne i schroniska. Wystarczy wybra\u0107! Hotele W regionie tatrza\u0144skim znajduje si\u0119 wiele hoteli Grand i hoteli najwy\u017cszej klasy, w kt\u00f3rych sp\u0119dz\u0105 Pa\u0144stwo pobyt [&hellip;]<\/p>\n","protected":false},"author":1,"featured_media":12412,"parent":0,"menu_order":0,"comment_status":"closed","ping_status":"closed","template":"template-subpages.php","meta":{"footnotes":""},"class_list":["post-1775","page","type-page","status-publish","has-post-thumbnail","hentry"],"_links":{"self":[{"href":"https:\/\/regiontatry.sk\/pl\/wp-json\/wp\/v2\/pages\/1775"}],"collection":[{"href":"https:\/\/regiontatry.sk\/pl\/wp-json\/wp\/v2\/pages"}],"about":[{"href":"https:\/\/regiontatry.sk\/pl\/wp-json\/wp\/v2\/types\/page"}],"author":[{"embeddable":true,"href":"https:\/\/regiontatry.sk\/pl\/wp-json\/wp\/v2\/users\/1"}],"replies":[{"embeddable":true,"href":"https:\/\/regiontatry.sk\/pl\/wp-json\/wp\/v2\/comments?post=1775"}],"version-history":[{"count":34,"href":"https:\/\/regiontatry.sk\/pl\/wp-json\/wp\/v2\/pages\/1775\/revisions"}],"predecessor-version":[{"id":20611,"href":"https:\/\/regiontatry.sk\/pl\/wp-json\/wp\/v2\/pages\/1775\/revisions\/20611"}],"wp:featuredmedia":[{"embeddable":true,"href":"https:\/\/regiontatry.sk\/pl\/wp-json\/wp\/v2\/media\/12412"}],"wp:attachment":[{"href":"https:\/\/regiontatry.sk\/pl\/wp-json\/wp\/v2\/media?parent=1775"}],"curies":[{"name":"wp","href":"https:\/\/api.w.org\/{rel}","templated":true}]}}