{"id":1810,"date":"2018-08-23T13:05:39","date_gmt":"2018-08-23T11:05:39","guid":{"rendered":"http:\/\/regiontatry.creanet.sk\/specialne-ponuky\/"},"modified":"2019-07-01T14:03:02","modified_gmt":"2019-07-01T12:03:02","slug":"oferty-specjalne","status":"publish","type":"page","link":"https:\/\/regiontatry.sk\/pl\/zakwaterowanie\/oferty-specjalne\/","title":{"rendered":"Oferty specjalne"},"content":{"rendered":"\n<h2 class=\"wp-block-heading\"><a href=\"\/pl\/zakwaterowanie\/oferty-specjalne\/family-friendly\/\">Family friendly<\/a><\/h2>\n\n\n\n<p>Odpowiednie\u00a0<strong>zakwaterowanie dla swojej rodziny<\/strong>\u00a0mo\u017cesz znale\u017a\u0107 w jednym z hoteli FAMILY\u00a0friendly i prze\u017cy\u0107 wspania\u0142y urlop pe\u0142en rodzinnej sielanki bezpo\u015brednio w\u00a0Tatrach Wysokich!<br><\/p>\n\n\n\n<h2 class=\"wp-block-heading\"><a href=\"\/pl\/zakwaterowanie\/oferty-specjalne\/bike-friendly\/\">Bike friendly<\/a><\/h2>\n\n\n\n<p>Prze\u017cyj co\u015b niepowtarzalnego. Poznaj Tatry Wysokie z perspektywy dw\u00f3ch k\u00f3\u0142ek i zakwateruj si\u0119 w jednym z obiekt\u00f3w noclegowych\u00a0<strong>BIKE friendly<\/strong>\u00a0bezpo\u015brednio w regionie Tatr, kt\u00f3ry oferuje\u00a0ponad 300 km oznaczonych tras rowerowych.<br><\/p>\n\n\n\n<h2 class=\"wp-block-heading\"><a href=\"\/pl\/zakwaterowanie\/oferty-specjalne\/dog-pet-friendly\/\">Dog \/ Pet friendly<\/a><\/h2>\n\n\n\n<p>Zakwateruj si\u0119 w tych obiektach noclegowych wraz\u00a0<strong>ze swoim domowym czworonogiem<\/strong>\u00a0i korzystajcie wsp\u00f3lnie z przecudnego urlopu sp\u0119dzonego w Tatrach!<br><\/p>\n\n\n\n<h2 class=\"wp-block-heading\"><a href=\"\/pl\/zakwaterowanie\/oferty-specjalne\/kongresy\/\">Kongresy<\/a><\/h2>\n\n\n\n<p>Vyberte si z ponuky nasledovn\u00fdch priestorov na realiz\u00e1ciu&nbsp;<strong>kongresov, konferenci\u00ed, pracovn\u00fdch stretnut\u00ed, firemn\u00fdch, kult\u00farnych a spolo\u010densk\u00fdch podujat\u00ed<\/strong>. Vysok\u00e9 Tatry sa v\u010faka svojmu \u0161pecifick\u00e9mu pr\u00edrodn\u00e9mu, kult\u00farnemu a&nbsp;historick\u00e9mu z\u00e1zemiu m\u00f4\u017eu sta\u0165 aj va\u0161ou ide\u00e1lnou kongresovou destin\u00e1ciou.<\/p>\n\n\n\n<p>(Pozn. Zariadenia s\u00fa zoraden\u00e9 pod\u013ea maxim\u00e1lnej kapacity kongresov\u00fdch priestorov, pri\u010dom za spr\u00e1vnos\u0165 uveden\u00fdch \u00fadajov zodpoved\u00e1 subjekt s\u00e1m).<\/p>\n\n\n\n<h2 class=\"wp-block-heading\"><a href=\"\/pl\/zakwaterowanie\/oferty-specjalne\/pobyty-z-tatry-card\/\">Pobyty z Tatry Card<\/a><\/h2>\n\n\n\n<p>Vyberte si modern\u00fd hotel, rodinn\u00fd penzi\u00f3n, \u00fatuln\u00fd apartm\u00e1n \u010di v\u00edkendov\u00fa chatu, ubytujte sa v Tatr\u00e1ch a vyu\u017e\u00edvajte z\u013eavy v\u010faka region\u00e1lnej karte TATRY Card.<\/p>\n\n\n\n<p>Wi\u0119cej o\u00a0kart\u0119\u00a0<strong><a href=\"\/pl\/zakwaterowanie\/co-to-jest-tatry-card\/\">TATRY Card<\/a><\/strong><br><\/p>\n","protected":false},"excerpt":{"rendered":"<p>Family friendly Odpowiednie\u00a0zakwaterowanie dla swojej rodziny\u00a0mo\u017cesz znale\u017a\u0107 w jednym z hoteli FAMILY\u00a0friendly i prze\u017cy\u0107 wspania\u0142y urlop pe\u0142en rodzinnej sielanki bezpo\u015brednio w\u00a0Tatrach Wysokich! Bike friendly Prze\u017cyj co\u015b niepowtarzalnego. Poznaj Tatry Wysokie z perspektywy dw\u00f3ch k\u00f3\u0142ek i zakwateruj si\u0119 w jednym z obiekt\u00f3w noclegowych\u00a0BIKE friendly\u00a0bezpo\u015brednio w regionie Tatr, kt\u00f3ry oferuje\u00a0ponad 300 km oznaczonych tras rowerowych. Dog \/ [&hellip;]<\/p>\n","protected":false},"author":1,"featured_media":12525,"parent":1775,"menu_order":0,"comment_status":"closed","ping_status":"closed","template":"template-simple-page.php","meta":{"footnotes":""},"class_list":["post-1810","page","type-page","status-publish","has-post-thumbnail","hentry"],"_links":{"self":[{"href":"https:\/\/regiontatry.sk\/pl\/wp-json\/wp\/v2\/pages\/1810"}],"collection":[{"href":"https:\/\/regiontatry.sk\/pl\/wp-json\/wp\/v2\/pages"}],"about":[{"href":"https:\/\/regiontatry.sk\/pl\/wp-json\/wp\/v2\/types\/page"}],"author":[{"embeddable":true,"href":"https:\/\/regiontatry.sk\/pl\/wp-json\/wp\/v2\/users\/1"}],"replies":[{"embeddable":true,"href":"https:\/\/regiontatry.sk\/pl\/wp-json\/wp\/v2\/comments?post=1810"}],"version-history":[{"count":10,"href":"https:\/\/regiontatry.sk\/pl\/wp-json\/wp\/v2\/pages\/1810\/revisions"}],"predecessor-version":[{"id":19492,"href":"https:\/\/regiontatry.sk\/pl\/wp-json\/wp\/v2\/pages\/1810\/revisions\/19492"}],"up":[{"embeddable":true,"href":"https:\/\/regiontatry.sk\/pl\/wp-json\/wp\/v2\/pages\/1775"}],"wp:featuredmedia":[{"embeddable":true,"href":"https:\/\/regiontatry.sk\/pl\/wp-json\/wp\/v2\/media\/12525"}],"wp:attachment":[{"href":"https:\/\/regiontatry.sk\/pl\/wp-json\/wp\/v2\/media?parent=1810"}],"curies":[{"name":"wp","href":"https:\/\/api.w.org\/{rel}","templated":true}]}}