{"id":18296,"date":"2018-09-13T15:55:29","date_gmt":"2018-09-13T13:55:29","guid":{"rendered":"https:\/\/regiontatry.sk\/wellness-a-relax-2-2\/"},"modified":"2024-12-22T20:11:49","modified_gmt":"2024-12-22T19:11:49","slug":"zdravy-zivotny-styl-a-wellness","status":"publish","type":"page","link":"https:\/\/regiontatry.sk\/pl\/wellness-i-relaks\/zdravy-zivotny-styl-a-wellness\/","title":{"rendered":"Zdrowy styl \u017cycia i Wellness"},"content":{"rendered":"\n<p>Zdrowie fizyczne i r\u00f3wnowaga psychiczna staj\u0105 si\u0119 dzi\u015b dla wielu ludzi sposobem na \u017cycie.&nbsp;<strong>Relaks na \u0142onie natury w Tatrach to najlepszy spos\u00f3b na wyzwania dnia powszedniego.<\/strong><\/p>\n\n\n\n<p><strong>Tutejszy klimat ma dobroczynny wp\u0142yw na zdrowie, dlatego Tatry ju\u017c od dawna przyci\u0105gaj\u0105 turyst\u00f3w z ca\u0142ego \u015bwiata.<\/strong>&nbsp;Ka\u017cdy, kto pragnie odpoczynku, regeneracji si\u0142, harmonii cia\u0142a i duszy, witalno\u015bci i pi\u0119kna lub po prostu boskiego spokoju, znajdzie tu swoje miejsce, w kt\u00f3rym b\u0119dzie m\u00f3g\u0142 zadba\u0107 o zdrowie.<\/p>\n\n\n\n<p>Zanurz si\u0119 w tatrza\u0144skiej przyrodzie i zaczerpnij si\u0142y i spokoju, kt\u00f3re dopieszcz\u0105 Twoje zmys\u0142y!<\/p>\n\n\n\n<p><strong>Niezwyk\u0142a czysto\u015b\u0107 powietrza<\/strong>, wysoki poziom nas\u0142onecznienia, <strong>nasycenie tatrza\u0144skiego powietrza wonnymi olejkami aromatycznymi<\/strong> i&nbsp;inne dobroczynne w\u0142a\u015bciwo\u015bci tutejszego klimatu przekonaj\u0105 Ci\u0119 o swoich w\u0142a\u015bciwo\u015bciach leczniczych.<\/p>\n\n\n\t<a href=\"https:\/\/regiontatry.sk\/pl\/wellness-i-relaks\/uzdrowiska-klimatyczne\/\" class=\"wp-block-cgb-block-creanet-list category-list grid-x grid-padding-x align-middle\">\n\t\t\t\t\t<div class=\"small-12 medium-6 large-5\">\n\t\t\t\t<figure><img src='https:\/\/regiontatry.sk\/wp-content\/uploads\/2024\/12\/kupele-NS.jpg'\n\t\t\t\t\t\talt=''\n\t\t\t\t\t\ttitle='kupele NS'\n\t\t\t\t\t\/><\/figure>\n\t\t\t<\/div>\n\t\t\n\n\t\t<div class=\"cell small-12 medium-5 large-7\">\n\t\t\t<h3>Uzdrowiska klimatyczne &#8211; o\u015brodki zdrowia<\/h3>\n\t\t\t<p>Najs\u0142ynniejsze uzdrowiska klimatyczne na S\u0142owacji s\u0105 unikalne przede wszystkim ze wzgl\u0119du na dobroczynne, lecznicze dzia\u0142anie tutejszego klimatu. Z tatrza\u0144skich uzdrowisk korzystaj\u0105 przede wszystkim osoby cierpi\u0105ce na schorzenia uk\u0142adu oddechowego, kt\u00f3rym klimatoterapia i inne zabiegi lecznicze wyra\u017anie pomagaj\u0105 w regeneracji.<\/p>\n\t\t<\/div>\n\t<\/a>\n\n\t\n\n\t<a href=\"https:\/\/regiontatry.sk\/pl\/turystyka\/przyroda-i-turystyka\/\" class=\"wp-block-cgb-block-creanet-list category-list grid-x grid-padding-x align-middle\">\n\t\t\t\t\t<div class=\"small-12 medium-6 large-5\">\n\t\t\t\t<figure><img src='https:\/\/regiontatry.sk\/wp-content\/uploads\/2019\/05\/DSC_3312a_1000.jpg'\n\t\t\t\t\t\talt=''\n\t\t\t\t\t\ttitle='DSC_3312a_1000'\n\t\t\t\t\t\/><\/figure>\n\t\t\t<\/div>\n\t\t\n\n\t\t<div class=\"cell small-12 medium-5 large-7\">\n\t\t\t<h3>Pi\u0119kno i witalno\u015b\u0107 dzi\u0119ki sile natury<\/h3>\n\t\t\t<p>Nie zapominaj o regularnej regeneracji i podkre\u015bl swoje pi\u0119kno dzi\u0119ki leczniczemu dzia\u0142aniu tatrza\u0144skiej przyrody. Pozw\u00f3l si\u0119 rozpieszcza\u0107 i zafunduj sobie ma\u0142y spacer po bia\u0142ej krainie, kt\u00f3ry b\u0119dzie balsamem nie tylko dla Twojego cia\u0142a, ale tak\u017ce dla Twojej duszy. Tatrza\u0144skie powietrze to najlepszy spos\u00f3b na pi\u0119kn\u0105 sk\u00f3r\u0119!<\/p>\n\t\t<\/div>\n\t<\/a>\n\n\t\n\n\t<a href=\"https:\/\/regiontatry.sk\/pl\/wellness-i-relaks\/wellness-spa\/\" class=\"wp-block-cgb-block-creanet-list category-list grid-x grid-padding-x align-middle\">\n\t\t\t\t\t<div class=\"small-12 medium-6 large-5\">\n\t\t\t\t<figure><img src='https:\/\/regiontatry.sk\/wp-content\/uploads\/2019\/05\/wellness-ko\u0301pia.jpg'\n\t\t\t\t\t\talt=''\n\t\t\t\t\t\ttitle='wellness - ko\u0301pia'\n\t\t\t\t\t\/><\/figure>\n\t\t\t<\/div>\n\t\t\n\n\t\t<div class=\"cell small-12 medium-5 large-7\">\n\t\t\t<h3>Naturalne zio\u0142a dla doskona\u0142ego relaksu<\/h3>\n\t\t\t<p>Odkryj nieznany wymiar piel\u0119gnacji cia\u0142a i duszy dzi\u0119ki sile tatrza\u0144skich zi\u00f3\u0142. Odpr\u0119\u017c si\u0119 dzi\u0119ki naturalnym olejkom eterycznym i wyci\u0105gom z g\u00f3rskich kwiat\u00f3w, rozlu\u017anij si\u0119 i korzystaj z przyjemnych chwil sp\u0119dzonych w tatrza\u0144skich hotelach wellness.<\/p>\n\t\t<\/div>\n\t<\/a>\n\n\t\n\n\t<a href=\"https:\/\/regiontatry.sk\/pl\/wellness-i-relaks\/kryoterapia\/\" class=\"wp-block-cgb-block-creanet-list category-list grid-x grid-padding-x align-middle\">\n\t\t\t\t\t<div class=\"small-12 medium-6 large-5\">\n\t\t\t\t<figure><img src='https:\/\/regiontatry.sk\/wp-content\/uploads\/2023\/05\/AquaCity_Kryo_2019_016_11zon.jpg'\n\t\t\t\t\t\talt=''\n\t\t\t\t\t\ttitle='AquaCity_Kryo_2019_016_11zon'\n\t\t\t\t\t\/><\/figure>\n\t\t\t<\/div>\n\t\t\n\n\t\t<div class=\"cell small-12 medium-5 large-7\">\n\t\t\t<h3>Krioterapia wzmacniaj\u0105ca zdrowie i odporno\u015b\u0107<\/h3>\n\t\t\t<p>Pobyt w kriokomorze stymuluje naturaln\u0105 produkcj\u0119 enzym\u00f3w i hormon\u00f3w, kt\u00f3re wspomagaj\u0105 gojenie i s\u0105 w stanie \u201erozpocz\u0105\u0107\u201d w organizmie proces samoleczenia i regeneracji. Procedura obejmuje maksymalnie trzy minuty pobytu w komorze o \u015bredniej temperaturze \u2013120\u00b0C, po czym nast\u0119puje intensywny wysi\u0142ek fizyczny \u2013 kinezyterap<\/p>\n\t\t<\/div>\n\t<\/a>\n\n\t\n\n\t<a href=\"https:\/\/regiontatry.sk\/pl\/wellness-i-relaks\/park-wodny-aquacity-poprad\/\" class=\"wp-block-cgb-block-creanet-list category-list grid-x grid-padding-x align-middle\">\n\t\t\t\t\t<div class=\"small-12 medium-6 large-5\">\n\t\t\t\t<figure><img src='https:\/\/regiontatry.sk\/wp-content\/uploads\/2023\/04\/c-Marek-Hajkovsky-foto-AQUACITY-2022_143_11zon-2.jpg'\n\t\t\t\t\t\talt=''\n\t\t\t\t\t\ttitle='c Marek Hajkovsky foto AQUACITY 2022_143_11zon'\n\t\t\t\t\t\/><\/figure>\n\t\t\t<\/div>\n\t\t\n\n\t\t<div class=\"cell small-12 medium-5 large-7\">\n\t\t\t<h3>Witalny \u015awiat pod znakiem \u017cywio\u0142\u00f3w ognia i wody<\/h3>\n\t\t\t<p>Najwi\u0119ksze dwupoziomowe centrum SPA w Europie \u015arodkowej o\u00a0powierzchni ponad 1590 m2 znajduje si\u0119 w Aquacity Poprad. \u017bywio\u0142y ognia i wody s\u0105 nowym symbolem centrum SPA, w kt\u00f3rym znajduj\u0105 si\u0119 r\u00f3\u017cne rodzaje saun i pomieszcze\u0144 inhalacyjnych, ceremonie saunowe, strefa prywatna oraz pomieszczenia do odpoczynku z\u00a0\u0142\u00f3\u017ckami wodnymi.<\/p>\n\t\t<\/div>\n\t<\/a>\n\n\t\n\n\n<p><br>Tatry zapewni\u0105 Ci prawdziwy spok\u00f3j i intensywne doznania natury o ka\u017cdej porze roku. Maj\u0105 szczeg\u00f3lny urok, kt\u00f3ry potrafi zachwyci\u0107 ka\u017cdego. Niesko\u0144czona ilo\u015b\u0107 widok\u00f3w, kilometry g\u00f3rskich \u015bcie\u017cek i miejsca z niepowtarzalnym klimatem przekonaj\u0105 Ci\u0119, \u017ce \u017caden problem nie jest tak wielki jak ogrom samej natury. <strong>Ws\u0142uchaj si\u0119 w cisz\u0119 g\u00f3rskich dolin, pozw\u00f3l niech Ci\u0119 przepe\u0142ni boski spok\u00f3j i odnajd\u017a na nowo drog\u0119 do samego siebie<\/strong>.<br><br><\/p>\n\n\n\n<div style=\"height:100px\" aria-hidden=\"true\" class=\"wp-block-spacer\"><\/div>\n\n\n\n<iframe loading=\"lazy\" width=\"100%\" height=\"700\" src=\"https:\/\/www.youtube.com\/embed\/NisuSROxz0w\" frameborder=\"0\" allow=\"accelerometer; autoplay; encrypted-media; gyroscope; picture-in-picture\" allowfullscreen=\"\"><\/iframe>\n","protected":false},"excerpt":{"rendered":"<p>Zdrowie fizyczne i r\u00f3wnowaga psychiczna staj\u0105 si\u0119 dzi\u015b dla wielu ludzi sposobem na \u017cycie.&nbsp;Relaks na \u0142onie natury w Tatrach to najlepszy spos\u00f3b na wyzwania dnia powszedniego. Tutejszy klimat ma dobroczynny wp\u0142yw na zdrowie, dlatego Tatry ju\u017c od dawna przyci\u0105gaj\u0105 turyst\u00f3w z ca\u0142ego \u015bwiata.&nbsp;Ka\u017cdy, kto pragnie odpoczynku, regeneracji si\u0142, harmonii cia\u0142a i duszy, witalno\u015bci i pi\u0119kna [&hellip;]<\/p>\n","protected":false},"author":1,"featured_media":18325,"parent":15994,"menu_order":0,"comment_status":"closed","ping_status":"closed","template":"template-simple-page.php","meta":{"footnotes":""},"class_list":["post-18296","page","type-page","status-publish","has-post-thumbnail","hentry"],"_links":{"self":[{"href":"https:\/\/regiontatry.sk\/pl\/wp-json\/wp\/v2\/pages\/18296"}],"collection":[{"href":"https:\/\/regiontatry.sk\/pl\/wp-json\/wp\/v2\/pages"}],"about":[{"href":"https:\/\/regiontatry.sk\/pl\/wp-json\/wp\/v2\/types\/page"}],"author":[{"embeddable":true,"href":"https:\/\/regiontatry.sk\/pl\/wp-json\/wp\/v2\/users\/1"}],"replies":[{"embeddable":true,"href":"https:\/\/regiontatry.sk\/pl\/wp-json\/wp\/v2\/comments?post=18296"}],"version-history":[{"count":26,"href":"https:\/\/regiontatry.sk\/pl\/wp-json\/wp\/v2\/pages\/18296\/revisions"}],"predecessor-version":[{"id":10052704,"href":"https:\/\/regiontatry.sk\/pl\/wp-json\/wp\/v2\/pages\/18296\/revisions\/10052704"}],"up":[{"embeddable":true,"href":"https:\/\/regiontatry.sk\/pl\/wp-json\/wp\/v2\/pages\/15994"}],"wp:featuredmedia":[{"embeddable":true,"href":"https:\/\/regiontatry.sk\/pl\/wp-json\/wp\/v2\/media\/18325"}],"wp:attachment":[{"href":"https:\/\/regiontatry.sk\/pl\/wp-json\/wp\/v2\/media?parent=18296"}],"curies":[{"name":"wp","href":"https:\/\/api.w.org\/{rel}","templated":true}]}}