{"id":18688,"date":"2019-05-06T11:06:21","date_gmt":"2019-05-06T09:06:21","guid":{"rendered":"https:\/\/regiontatry.sk\/turistika\/priroda-a-turistika\/"},"modified":"2019-10-10T12:28:50","modified_gmt":"2019-10-10T10:28:50","slug":"przyroda-i-turystyka","status":"publish","type":"page","link":"https:\/\/regiontatry.sk\/pl\/turystyka\/przyroda-i-turystyka\/","title":{"rendered":"Przyroda i turystyka"},"content":{"rendered":"\n<p>Tatry Wysokie s\u0105\nwyj\u0105tkowym miejscem na ziemi, opr\u00f3cz 25 szczyt\u00f3w powy\u017cej 2 500 m n.p.m. posiadaj\u0105\ntak\u017ce unikatowe stawy lodowcowe, chronione ro\u015bliny i wyj\u0105tkow\u0105 faun\u0119.<\/p>\n\n\n\n<p>Odwied\u017a najpi\u0119kniejsze miejsca, wdychaj\n\u015bwie\u017ce g\u00f3rskie powietrze i spokojnie obserwuj fascynuj\u0105cy \u015bwiat tatrza\u0144skich\nzwierz\u0105t i ro\u015blin w swojej nienaruszonej przyrodzie.<\/p>\n\n\n\t<a href=\"\/pl\/turystyka\/turystyka-gorska\/\" class=\"wp-block-cgb-block-creanet-list category-list grid-x grid-padding-x align-middle\">\n\t\t\t\t\t<div class=\"small-12 medium-6 large-5\">\n\t\t\t\t<figure><img src='https:\/\/regiontatry.sk\/wp-content\/uploads\/2019\/05\/c-Marek-Hajkovsky-foto-Skalnate-pleso-rodina-leto_207_GG-ko\u0301pia.jpg'\n\t\t\t\t\t\talt=''\n\t\t\t\t\t\ttitle='c Marek Hajkovsky-foto-Skalnate pleso rodina-leto_207_GG - ko\u0301pia'\n\t\t\t\t\t\/><\/figure>\n\t\t\t<\/div>\n\t\t\n\n\t\t<div class=\"cell small-12 medium-5 large-7\">\n\t\t\t<h3>Turystyka g\u00f3rska<br><\/h3>\n\t\t\t<p>W Tatrach Wysokich znajduje si\u0119 oko\u0142o\u00a0<strong>600 km oznakowanych szlak\u00f3w<\/strong>, kt\u00f3re umo\u017cliwiaj\u0105 turystom zobaczenie najpi\u0119kniejszych miejsc tego g\u00f3rskiego krajobrazu. Szlaki turystyczne prowadz\u0105ce\u00a0<strong>przez doliny<\/strong>,\u00a0<strong>do schronisk tatrza\u0144skich<\/strong>,\u00a0<strong>do najpi\u0119kniejszych tatrza\u0144skich staw\u00f3w<\/strong>,\u00a0<strong>szczyty<\/strong>\u00a0tatrza\u0144skie i dwutysi\u0119czniki, przej\u015bcia przez\u00a0<strong>prze\u0142\u0119cze<\/strong>\u00a0Tatr z niebia\u0144skimi widokami, oraz fascynuj\u0105cy \u015bwiat zwierz\u0105t i ro\u015blin.<br><\/p>\n\t\t<\/div>\n\t<\/a>\n\n\t\n\n\t<a href=\"\/pl\/turystyka\/schroniska-gorskie\/\" class=\"wp-block-cgb-block-creanet-list category-list grid-x grid-padding-x align-middle\">\n\t\t\t\t\t<div class=\"small-12 medium-6 large-5\">\n\t\t\t\t<figure><img src='https:\/\/regiontatry.sk\/wp-content\/uploads\/2019\/05\/Skalnatachata.jpg'\n\t\t\t\t\t\talt=''\n\t\t\t\t\t\ttitle='Skalnatachata'\n\t\t\t\t\t\/><\/figure>\n\t\t\t<\/div>\n\t\t\n\n\t\t<div class=\"cell small-12 medium-5 large-7\">\n\t\t\t<h3>Schroniska g\u00f3rskie<br><\/h3>\n\t\t\t<p>Szlaki turystyczne w Tatrach Wysokich zaprowadz\u0105 Pa\u0144stwa tak\u017ce do <strong>13 schronisk g\u00f3rskich<\/strong> z widokami na przepi\u0119kne szczyty, rozleg\u0142e doliny i b\u0142\u0119kitne tatrza\u0144skie stawy.<br><\/p>\n\t\t<\/div>\n\t<\/a>\n\n\t\n\n\t<a href=\"\/pl\/turystyka\/wycieczki-kolejami-linowymi\/\" class=\"wp-block-cgb-block-creanet-list category-list grid-x grid-padding-x align-middle\">\n\t\t\t\t\t<div class=\"small-12 medium-6 large-5\">\n\t\t\t\t<figure><img src='https:\/\/regiontatry.sk\/wp-content\/uploads\/2019\/05\/DSC_8130-OK-ko\u0301pia.jpg'\n\t\t\t\t\t\talt=''\n\t\t\t\t\t\ttitle='DSC_8130-OK - ko\u0301pia'\n\t\t\t\t\t\/><\/figure>\n\t\t\t<\/div>\n\t\t\n\n\t\t<div class=\"cell small-12 medium-5 large-7\">\n\t\t\t<h3>Kolejkami linowymi w poszukiwaniu przyg\u00f3d<br><\/h3>\n\t\t\t<p>Tatrza\u0144skie koleje linowe to jeden z najbardziej ulubionych sposob\u00f3w uprzyjemnienia pobytu w Tatrach i poznania tych g\u00f3r. Odkryj\u0105 przed Pa\u0144stwem g\u00f3ry z innej perspektywy ni\u017c Pa\u0144stwo przywykli. Je\u015bli przyci\u0105ga Pa\u0144stwa ten spos\u00f3b podr\u00f3\u017cowania,\u00a0<strong>zapraszamy do skorzystania z jednej z tatrza\u0144skich kolei linowych w celu podziwiania pi\u0119knych panoram i oddychania \u015bwie\u017cym powietrzem.<\/strong><br><\/p>\n\t\t<\/div>\n\t<\/a>\n\n\t\n\n\t<a href=\"\/pl\/turystyka\/sciezki-dydaktyczne\/\" class=\"wp-block-cgb-block-creanet-list category-list grid-x grid-padding-x align-middle\">\n\t\t\t\t\t<div class=\"small-12 medium-6 large-5\">\n\t\t\t\t<figure><img src='https:\/\/regiontatry.sk\/wp-content\/uploads\/2019\/05\/pramenisko.jpg'\n\t\t\t\t\t\talt=''\n\t\t\t\t\t\ttitle='pramenisko'\n\t\t\t\t\t\/><\/figure>\n\t\t\t<\/div>\n\t\t\n\n\t\t<div class=\"cell small-12 medium-5 large-7\">\n\t\t\t<h3>\u015acie\u017cki dydaktyczne<br><\/h3>\n\t\t\t<p>Je\u015bli jeste\u015bcie Pa\u0144stwo zwolennikami turystyki sportowo-krajoznawczej i chcecie bli\u017cej pozna\u0107 region Tatr Wysokich, z pewno\u015bci\u0105 musicie skorzysta\u0107 ze szlak\u00f3w edukacyjnych, na kt\u00f3rych mo\u017cna si\u0119 dowiedzie\u0107 wielu ciekawych informacji.<br><\/p>\n\t\t<\/div>\n\t<\/a>\n\n\t\n\n\t<a href=\"\/pl\/region\/10-skarbow-przyrody\/\" class=\"wp-block-cgb-block-creanet-list category-list grid-x grid-padding-x align-middle\">\n\t\t\t\t\t<div class=\"small-12 medium-6 large-5\">\n\t\t\t\t<figure><img src='https:\/\/regiontatry.sk\/wp-content\/uploads\/2018\/10\/vodopadskok.jpg'\n\t\t\t\t\t\talt=''\n\t\t\t\t\t\ttitle='vodopadskok'\n\t\t\t\t\t\/><\/figure>\n\t\t\t<\/div>\n\t\t\n\n\t\t<div class=\"cell small-12 medium-5 large-7\">\n\t\t\t<h3>10 skarb\u00f3w przyrody<br><\/h3>\n\t\t\t<p>Ciekawostek i atrakcji Tatr Wysokich nie spos\u00f3b zliczy\u0107 nawet na palcach obu r\u0105k. Mimo to wybrali\u015bmy dla Was dziesi\u0119\u0107 cud\u00f3w natury, kt\u00f3re na pewno warto zobaczy\u0107. Zachwyc\u0105 Was swoim majestatycznym pi\u0119knem.<br><\/p>\n\t\t<\/div>\n\t<\/a>\n\n\t\n\n\t<a href=\"\/pl\/region\/przyroda-i-krajobraz\/?poi=419\" class=\"wp-block-cgb-block-creanet-list category-list grid-x grid-padding-x align-middle\">\n\t\t\t\t\t<div class=\"small-12 medium-6 large-5\">\n\t\t\t\t<figure><img src='https:\/\/regiontatry.sk\/wp-content\/uploads\/2018\/09\/belianska-jaskyna.jpeg'\n\t\t\t\t\t\talt=''\n\t\t\t\t\t\ttitle='belianska-jaskyna'\n\t\t\t\t\t\/><\/figure>\n\t\t\t<\/div>\n\t\t\n\n\t\t<div class=\"cell small-12 medium-5 large-7\">\n\t\t\t<h3>Jaskinia Bielska (Belianska jasky\u0148a)<br><\/h3>\n\t\t\t<p>Tury\u015bci mog\u0105 podziwia\u0107 podziemne pi\u0119kno Tatr przez ca\u0142y rok w jedynej udost\u0119pnionej do zwiedzania jaskini Tatr Wysokich &#8211; Jaskini Bielskiej. Jej ca\u0142kowita d\u0142ugo\u015b\u0107 to 3018 m, za\u015b do zwiedzania udost\u0119pniono odcinek licz\u0105cy 1000 m. Na trasie dominuj\u0105 stalagmity tworz\u0105ce tzw. pagody i sintrowe wodospady o d\u0142ugo\u015bci ponad 50 m.<br><\/p>\n\t\t<\/div>\n\t<\/a>\n\n\t\n\n\t<a href=\"\/pl\/region\/przyroda-i-krajobraz\/?poi=354\" class=\"wp-block-cgb-block-creanet-list category-list grid-x grid-padding-x align-middle\">\n\t\t\t\t\t<div class=\"small-12 medium-6 large-5\">\n\t\t\t\t<figure><img src='https:\/\/regiontatry.sk\/wp-content\/uploads\/2019\/05\/botanickazahrada.jpg'\n\t\t\t\t\t\talt=''\n\t\t\t\t\t\ttitle='botanickazahrada'\n\t\t\t\t\t\/><\/figure>\n\t\t\t<\/div>\n\t\t\n\n\t\t<div class=\"cell small-12 medium-5 large-7\">\n\t\t\t<h3>Ogr\u00f3d botaniczny<br><\/h3>\n\t\t\t<p>Naturalny ogr\u00f3d o powierzchni 3,2 hektara to miejsce stworzone do spacer\u00f3w i ogl\u0105dania a\u017c 270 gatunk\u00f3w tatrza\u0144skich ro\u015blin wyst\u0119puj\u0105cych w r\u00f3\u017cnych biotopach Tatr. Mo\u017cna tu tak\u017ce kupi\u0107 sadzonki i nasiona niekt\u00f3rych tatrza\u0144skich ro\u015blin i zasadzi\u0107 lub zasia\u0107 we w\u0142asnym ogr\u00f3dku.<br><\/p>\n\t\t<\/div>\n\t<\/a>\n\n\t\n\n\n<div style=\"height:100px\" aria-hidden=\"true\" class=\"wp-block-spacer\"><\/div>\n\n\n\n<iframe loading=\"lazy\" width=\"100%\" height=\"700\" src=\"https:\/\/www.youtube.com\/embed\/WOdnl5jNlAg\" frameborder=\"0\" allow=\"accelerometer; autoplay; encrypted-media; gyroscope; picture-in-picture\" allowfullscreen=\"\"><\/iframe>\n","protected":false},"excerpt":{"rendered":"<p>Tatry Wysokie s\u0105 wyj\u0105tkowym miejscem na ziemi, opr\u00f3cz 25 szczyt\u00f3w powy\u017cej 2 500 m n.p.m. posiadaj\u0105 tak\u017ce unikatowe stawy lodowcowe, chronione ro\u015bliny i wyj\u0105tkow\u0105 faun\u0119. Odwied\u017a najpi\u0119kniejsze miejsca, wdychaj \u015bwie\u017ce g\u00f3rskie powietrze i spokojnie obserwuj fascynuj\u0105cy \u015bwiat tatrza\u0144skich zwierz\u0105t i ro\u015blin w swojej nienaruszonej przyrodzie.<\/p>\n","protected":false},"author":2,"featured_media":17581,"parent":1561,"menu_order":0,"comment_status":"closed","ping_status":"closed","template":"template-simple-page.php","meta":{"footnotes":""},"class_list":["post-18688","page","type-page","status-publish","has-post-thumbnail","hentry"],"_links":{"self":[{"href":"https:\/\/regiontatry.sk\/pl\/wp-json\/wp\/v2\/pages\/18688"}],"collection":[{"href":"https:\/\/regiontatry.sk\/pl\/wp-json\/wp\/v2\/pages"}],"about":[{"href":"https:\/\/regiontatry.sk\/pl\/wp-json\/wp\/v2\/types\/page"}],"author":[{"embeddable":true,"href":"https:\/\/regiontatry.sk\/pl\/wp-json\/wp\/v2\/users\/2"}],"replies":[{"embeddable":true,"href":"https:\/\/regiontatry.sk\/pl\/wp-json\/wp\/v2\/comments?post=18688"}],"version-history":[{"count":5,"href":"https:\/\/regiontatry.sk\/pl\/wp-json\/wp\/v2\/pages\/18688\/revisions"}],"predecessor-version":[{"id":20575,"href":"https:\/\/regiontatry.sk\/pl\/wp-json\/wp\/v2\/pages\/18688\/revisions\/20575"}],"up":[{"embeddable":true,"href":"https:\/\/regiontatry.sk\/pl\/wp-json\/wp\/v2\/pages\/1561"}],"wp:featuredmedia":[{"embeddable":true,"href":"https:\/\/regiontatry.sk\/pl\/wp-json\/wp\/v2\/media\/17581"}],"wp:attachment":[{"href":"https:\/\/regiontatry.sk\/pl\/wp-json\/wp\/v2\/media?parent=18688"}],"curies":[{"name":"wp","href":"https:\/\/api.w.org\/{rel}","templated":true}]}}