{"id":18694,"date":"2019-05-06T11:32:41","date_gmt":"2019-05-06T09:32:41","guid":{"rendered":"https:\/\/regiontatry.sk\/cyklistika\/cykloturistika\/"},"modified":"2019-10-10T13:16:17","modified_gmt":"2019-10-10T11:16:17","slug":"turystyka-rowerowa","status":"publish","type":"page","link":"https:\/\/regiontatry.sk\/pl\/turystyka-rowerowa\/turystyka-rowerowa\/","title":{"rendered":"Turystyka rowerowa"},"content":{"rendered":"\n<p>Trasy prowadz\u0105ce po r\u00f3wninach, trasy dla rower\u00f3w\ng\u00f3rskich, cyklomagistrala prowadz\u0105ca niemal wok\u00f3\u0142 ca\u0142ych Tatrach Wysokich.<\/p>\n\n\n\n<p>Jazda na rowerze to doskona\u0142a okazja do po\u0142\u0105czenia <strong>aktywnego wypoczynku i&nbsp;ruchu z&nbsp;podziwianiem okolicznej przyrody<\/strong>. <\/p>\n\n\n\t<a href=\"\/pl\/turystyka-rowerowa\/turystyka-rowerowa-w-tatrach\/\" class=\"wp-block-cgb-block-creanet-list category-list grid-x grid-padding-x align-middle\">\n\t\t\t\t\t<div class=\"small-12 medium-6 large-5\">\n\t\t\t\t<figure><img src='https:\/\/regiontatry.sk\/wp-content\/uploads\/2019\/05\/IMG_6232.jpg'\n\t\t\t\t\t\talt=''\n\t\t\t\t\t\ttitle='IMG_6232'\n\t\t\t\t\t\/><\/figure>\n\t\t\t<\/div>\n\t\t\n\n\t\t<div class=\"cell small-12 medium-5 large-7\">\n\t\t\t<h3>Turystyka rowerowa w Tatrach<br><\/h3>\n\t\t\t<p>A\u017c<strong>\u00a039 oznaczonych i zalecanych tras turystycznych<\/strong>\u00a0oferuje region Tatry Wysokie przewa\u017cnie w podtatrzu. <br>W Tatrach Wysokich znajduj\u0105 si\u0119<strong>\u00a0trasy turystyczne odpowiednie dla rodzin z dzie\u0107mi, rowerzyst\u00f3w je\u017cd\u017c\u0105cych rekreacyjnie, ale tak\u017ce du\u017co tras dla rowerzyst\u00f3w je\u017cd\u017c\u0105cych profesjonalnie,<\/strong>\u00a0kt\u00f3re nale\u017c\u0105 do najtrudniejszych na S\u0142owacji.<br><\/p>\n\t\t<\/div>\n\t<\/a>\n\n\t\n\n\t<a href=\"\/pl\/turystyka-rowerowa\/trasy-rowerowe\/\" class=\"wp-block-cgb-block-creanet-list category-list grid-x grid-padding-x align-middle\">\n\t\t\t\t\t<div class=\"small-12 medium-6 large-5\">\n\t\t\t\t<figure><img src='https:\/\/regiontatry.sk\/wp-content\/uploads\/2019\/05\/SD-ATIVITY-OUTDOOR-BIKEDSC00015-5-FIN.jpg'\n\t\t\t\t\t\talt=''\n\t\t\t\t\t\ttitle='SD-ATIVITY-OUTDOOR-BIKEDSC00015-5-FIN'\n\t\t\t\t\t\/><\/figure>\n\t\t\t<\/div>\n\t\t\n\n\t\t<div class=\"cell small-12 medium-5 large-7\">\n\t\t\t<h3>39 polecanych tras rowerowych<br><\/h3>\n\t\t\t<p>Zobacz ponad 300 km oznakowanych tras rowerowych w ca\u0142ym regionie, lub 30 NAJPOPULARNIEJSZYCH tras, kt\u00f3re oferuje region Tatr Wysokich. Najtrudniejszymi, ale r\u00f3wnie\u017c tymi, przy kt\u00f3rych mo\u017cna podziwia\u0107 najpi\u0119kniejsze widoki, s\u0105 trasy rowerowe prowadz\u0105ce do Schroniska nad Zielonym Stawem Kie\u017cmarskim (s\u0142ow. Chata pri Zelenom plese), Siode\u0142ko (Hrebienok), \u015al\u0105ski Dom (Sliezsky dom) czy Popradzki Staw (Popradsk\u00e9 pleso). Wybierz najbardziej odpowiedni\u0105 dla siebe tras\u0119 wycieczki!<br><\/p>\n\t\t<\/div>\n\t<\/a>\n\n\t\n\n\t<a href=\"\/pl\/turystyka-rowerowa\/wypozyczalnie-rowerow\/\" class=\"wp-block-cgb-block-creanet-list category-list grid-x grid-padding-x align-middle\">\n\t\t\t\t\t<div class=\"small-12 medium-6 large-5\">\n\t\t\t\t<figure><img src='https:\/\/regiontatry.sk\/wp-content\/uploads\/2019\/05\/intersport-leto.jpg'\n\t\t\t\t\t\talt=''\n\t\t\t\t\t\ttitle='intersport leto'\n\t\t\t\t\t\/><\/figure>\n\t\t\t<\/div>\n\t\t\n\n\t\t<div class=\"cell small-12 medium-5 large-7\">\n\t\t\t<h3>Wypo\u017cyczalnie rower\u00f3w<br><\/h3>\n\t\t\t<p>Turystyka rowerowa to doskona\u0142y aktywny relaks, gdzie nie potrzebujesz w\u0142asnego wyposa\u017cenia.\u00a0<strong>Skorzystaj z us\u0142ug wypo\u017cyczalni<\/strong>\u00a0i przyjed\u017a w Tatry bez dodatkowego obci\u0105\u017cenia. Wszystko czego potrzebujesz znajdziesz na miejscu. Wybierz si\u0119 na wycieczk\u0119 bez jakichkolwiek zmartwie\u0144. Wypo\u017cycz sobie profesjonalny rower downhillowy w jednej z wielu wypo\u017cyczalni, kt\u00f3ra zapewni tak\u017ce doskona\u0142y serwis.<br><\/p>\n\t\t<\/div>\n\t<\/a>\n\n\t\n\n\n<div style=\"height:100px\" aria-hidden=\"true\" class=\"wp-block-spacer\"><\/div>\n\n\n\n<iframe loading=\"lazy\" width=\"100%\" height=\"700\" src=\"https:\/\/www.youtube.com\/embed\/wLSUy_J_Ls8\" frameborder=\"0\" allow=\"accelerometer; autoplay; encrypted-media; gyroscope; picture-in-picture\" allowfullscreen=\"\"><\/iframe>\n","protected":false},"excerpt":{"rendered":"<p>Trasy prowadz\u0105ce po r\u00f3wninach, trasy dla rower\u00f3w g\u00f3rskich, cyklomagistrala prowadz\u0105ca niemal wok\u00f3\u0142 ca\u0142ych Tatrach Wysokich. Jazda na rowerze to doskona\u0142a okazja do po\u0142\u0105czenia aktywnego wypoczynku i&nbsp;ruchu z&nbsp;podziwianiem okolicznej przyrody.<\/p>\n","protected":false},"author":2,"featured_media":17630,"parent":1622,"menu_order":0,"comment_status":"closed","ping_status":"closed","template":"template-simple-page.php","meta":{"footnotes":""},"class_list":["post-18694","page","type-page","status-publish","has-post-thumbnail","hentry"],"_links":{"self":[{"href":"https:\/\/regiontatry.sk\/pl\/wp-json\/wp\/v2\/pages\/18694"}],"collection":[{"href":"https:\/\/regiontatry.sk\/pl\/wp-json\/wp\/v2\/pages"}],"about":[{"href":"https:\/\/regiontatry.sk\/pl\/wp-json\/wp\/v2\/types\/page"}],"author":[{"embeddable":true,"href":"https:\/\/regiontatry.sk\/pl\/wp-json\/wp\/v2\/users\/2"}],"replies":[{"embeddable":true,"href":"https:\/\/regiontatry.sk\/pl\/wp-json\/wp\/v2\/comments?post=18694"}],"version-history":[{"count":5,"href":"https:\/\/regiontatry.sk\/pl\/wp-json\/wp\/v2\/pages\/18694\/revisions"}],"predecessor-version":[{"id":20594,"href":"https:\/\/regiontatry.sk\/pl\/wp-json\/wp\/v2\/pages\/18694\/revisions\/20594"}],"up":[{"embeddable":true,"href":"https:\/\/regiontatry.sk\/pl\/wp-json\/wp\/v2\/pages\/1622"}],"wp:featuredmedia":[{"embeddable":true,"href":"https:\/\/regiontatry.sk\/pl\/wp-json\/wp\/v2\/media\/17630"}],"wp:attachment":[{"href":"https:\/\/regiontatry.sk\/pl\/wp-json\/wp\/v2\/media?parent=18694"}],"curies":[{"name":"wp","href":"https:\/\/api.w.org\/{rel}","templated":true}]}}