{"id":20497,"date":"2019-10-09T21:02:31","date_gmt":"2019-10-09T19:02:31","guid":{"rendered":"https:\/\/regiontatry.sk\/enjoy-tatras\/"},"modified":"2020-07-21T14:36:27","modified_gmt":"2020-07-21T12:36:27","slug":"enjoy-tatras","status":"publish","type":"page","link":"https:\/\/regiontatry.sk\/pl\/enjoy-tatras\/","title":{"rendered":"ENJOY TATRAS"},"content":{"rendered":"\n<p><strong>KIM JESTE\u015aMY? <\/strong><\/p>\n\n\n\n<div class=\"wp-block-image\"><figure class=\"alignright\"><img loading=\"lazy\" decoding=\"async\" width=\"300\" height=\"160\" src=\"https:\/\/regiontatry.sk\/wp-content\/uploads\/2019\/10\/EnjoyTatras_logo_color_final-300x160.jpg\" alt=\"\" class=\"wp-image-20486\" srcset=\"https:\/\/regiontatry.sk\/wp-content\/uploads\/2019\/10\/EnjoyTatras_logo_color_final-300x160.jpg 300w, https:\/\/regiontatry.sk\/wp-content\/uploads\/2019\/10\/EnjoyTatras_logo_color_final-768x409.jpg 768w, https:\/\/regiontatry.sk\/wp-content\/uploads\/2019\/10\/EnjoyTatras_logo_color_final-1024x545.jpg 1024w, https:\/\/regiontatry.sk\/wp-content\/uploads\/2019\/10\/EnjoyTatras_logo_color_final-698x371.jpg 698w, https:\/\/regiontatry.sk\/wp-content\/uploads\/2019\/10\/EnjoyTatras_logo_color_final-552x294.jpg 552w, https:\/\/regiontatry.sk\/wp-content\/uploads\/2019\/10\/EnjoyTatras_logo_color_final.jpg 1231w\" sizes=\"(max-width: 300px) 100vw, 300px\" \/><\/figure><\/div>\n\n\n\n<p>ENJOY TATRAS \u2013 pierwszy taki\nprojekt pilota\u017cowy na S\u0142owacji \u2013 sp\u00f3\u0142ka zajmuj\u0105ca si\u0119 zarz\u0105dzaniem destynacj\u0105, kt\u00f3ra \u0142\u0105czy dwie wiarygodne i silne\nregionalne organizacje turystyczne \u2013 OOCR Regi\u00f3n\nLiptov a&nbsp;OOCR Regi\u00f3n&nbsp;Vysok\u00e9 Tatry oraz stanowi uciele\u015bnienie\nich wiedzy i do\u015bwiadczenia. Jej g\u0142\u00f3wnym celem jest zwielokrotnienie si\u0142y\nnabywczej wspania\u0142ego regionu g\u00f3rskiego w sercu S\u0142owacji. <\/p>\n\n\n\n<p><strong>NASZA WIZJA <\/strong><\/p>\n\n\n\n<p>Nie chcemy powiela\u0107 pustych\nstereotyp\u00f3w. Chcemy\nprzedstawi\u0107 wspania\u0142y obszar Tatr, jaki znamy, podkre\u015bli\u0107 jego znaczenie dla\nEuropy Wschodniej. Naszym motorem do dzia\u0142ania jest pasja. Jeste\u015bmy gotowi, by\npokaza\u0107 wyj\u0105tkowo\u015b\u0107 tego regionu, dostosowa\u0107 oczekiwania do mo\u017cliwo\u015bci,\nzaoferowa\u0107&nbsp; nadzwyczajne i wyj\u0105tkowe\nprze\u017cycia. Chcemy by\u0107 niezawodnym wsp\u00f3lnikiem, kt\u00f3ry\nrozumie potrzeby swoich partner\u00f3w i potrafi sprawi\u0107, by go\u015bcie poczuli si\u0119 jak u siebie w\ndomu.&nbsp; <\/p>\n\n\n\n<p><strong>CO OFERUJEMY? <\/strong><\/p>\n\n\n\n<p>Oferujemy kompleksowe rozwi\u0105zania\nna szerokim polu us\u0142ug w bran\u017cy turystycznej. Potrafimy znale\u017a\u0107 i opracowa\u0107\nnajlepsze oferty i pakiety dostosowane do klient\u00f3w, ich potrzeb i oczekiwa\u0144.&nbsp; <\/p>\n\n\n\n<p><strong>Oferujemy us\u0142ugi na poziomie\neuropejskim w konkurencyjnych cenach:<\/strong><\/p>\n\n\n\n<ul class=\"wp-block-list\"><li>noclegi w pensjonatach, domkach, hotelach i\nkompleksach rekreacyjnych r\u00f3\u017cnych kategorii, od tych najprostszych, po te\nnajbardziej luksusowe,<\/li><li>pakiety us\u0142ug odpowiadaj\u0105ce na potrzeby klient\u00f3w: skipassy,\nwypo\u017cyczalnie sprz\u0119tu narciarskiego, transport, wypo\u017cyczenie samochodu,\nrezydent m\u00f3wi\u0105cy po\nangielsku, wej\u015bci\u00f3wki\ndo park\u00f3w wodnych,\natrakcje w czasie wolnym,<\/li><li>us\u0142ugi uzupe\u0142niaj\u0105ce \u2013 nauka w szk\u00f3\u0142kach\nnarciarskich, fresh track, zwiedzanie jaski\u0144, latanie w tunelu aerodynamicznym,\nloty widokowe, rozrywki apr\u00e8s\nski, golf i lekcje dla dzieci itd.,<\/li><li>imprezy motywacyjne, oferty dla turyst\u00f3w indywidualnych,\nspotkania i wydarzenia, konferencje, podr\u00f3\u017ce tematyczne dla grup, <\/li><li>urlopy skrojone na miar\u0119, szczeg\u00f3\u0142owe oferty.<\/li><\/ul>\n\n\n\n<p><strong>Z KIM WSP\u00d3\u0141<\/strong><strong>PRACUJEMY?\n<\/strong><\/p>\n\n\n\n<p>Jako firma zajmuj\u0105ca si\u0119 zarz\u0105dzaniem destynacj\u0105, powsta\u0142a z\ndw\u00f3ch\nnajpot\u0119\u017cniejszych organizacji turystycznych na S\u0142owacji, \u0142\u0105czymy wszystkich\nkluczowych partner\u00f3w\nw regionie Liptowa i Tatr Wysokich. Wsp\u00f3\u0142pracujemy z hotelami i pensjonatami\nwszystkich kategorii, o\u015brodkami narciarskimi, parkami wodnymi i termalnymi,\nsanatoriami, organizatorami atrakcji letnich i zimowych, przedstawicielami\nsamorz\u0105d\u00f3w\nlokalnych, parkami rozrywki. <\/p>\n\n\n\n<p>Mamy wiedz\u0119, do\u015bwiadczenie i si\u0142\u0119 nabywcz\u0105. Znamy nasz region. Odwied\u017a nas i prze\u017cyj z\u00a0nami Tatry.<br><br><\/p>\n\n\n\n<p>Aktualne informacje o Enjoy Tatras mo\u017cna znale\u017a\u0107 na stronie internetowej <a href=\"https:\/\/enjoytatras.com\/\">www.enjoytatras.com<\/a> oraz sieciach spo\u0142eczno\u015bciowych::<\/p>\n\n\n\n<div class=\"wp-block-image\"><figure class=\"alignleft is-resized\"><a href=\"https:\/\/www.facebook.com\/EnjoyTatras\/\" target=\"_blank\" rel=\"noreferrer noopener\" class=\"broken_link\"><img loading=\"lazy\" decoding=\"async\" src=\"https:\/\/regiontatry.sk\/wp-content\/uploads\/2019\/10\/FB-logo-1024x728-2-150x150.png\" alt=\"\" class=\"wp-image-20515\" width=\"75\" height=\"75\" srcset=\"https:\/\/regiontatry.sk\/wp-content\/uploads\/2019\/10\/FB-logo-1024x728-2-150x150.png 150w, https:\/\/regiontatry.sk\/wp-content\/uploads\/2019\/10\/FB-logo-1024x728-2-298x300.png 298w, https:\/\/regiontatry.sk\/wp-content\/uploads\/2019\/10\/FB-logo-1024x728-2.png 371w\" sizes=\"(max-width: 75px) 100vw, 75px\" \/><\/a><figcaption>EnjoyTatras<\/figcaption><\/figure><\/div>\n\n\n\n<div class=\"wp-block-image\"><figure class=\"alignleft is-resized\"><a href=\"https:\/\/www.instagram.com\/stories\/enjoytatras\" target=\"_blank\" rel=\"noreferrer noopener\"><img loading=\"lazy\" decoding=\"async\" src=\"https:\/\/regiontatry.sk\/wp-content\/uploads\/2019\/10\/new_instagram_logo-1024x1024-150x150.jpg\" alt=\"\" class=\"wp-image-20512\" width=\"75\" height=\"75\" srcset=\"https:\/\/regiontatry.sk\/wp-content\/uploads\/2019\/10\/new_instagram_logo-1024x1024-150x150.jpg 150w, https:\/\/regiontatry.sk\/wp-content\/uploads\/2019\/10\/new_instagram_logo-1024x1024-300x300.jpg 300w, https:\/\/regiontatry.sk\/wp-content\/uploads\/2019\/10\/new_instagram_logo-1024x1024-768x768.jpg 768w, https:\/\/regiontatry.sk\/wp-content\/uploads\/2019\/10\/new_instagram_logo-1024x1024-698x698.jpg 698w, https:\/\/regiontatry.sk\/wp-content\/uploads\/2019\/10\/new_instagram_logo-1024x1024-552x552.jpg 552w, https:\/\/regiontatry.sk\/wp-content\/uploads\/2019\/10\/new_instagram_logo-1024x1024.jpg 1024w\" sizes=\"(max-width: 75px) 100vw, 75px\" \/><\/a><figcaption>enjoytatras<\/figcaption><\/figure><\/div>\n","protected":false},"excerpt":{"rendered":"<p>KIM JESTE\u015aMY? ENJOY TATRAS \u2013 pierwszy taki projekt pilota\u017cowy na S\u0142owacji \u2013 sp\u00f3\u0142ka zajmuj\u0105ca si\u0119 zarz\u0105dzaniem destynacj\u0105, kt\u00f3ra \u0142\u0105czy dwie wiarygodne i silne regionalne organizacje turystyczne \u2013 OOCR Regi\u00f3n Liptov a&nbsp;OOCR Regi\u00f3n&nbsp;Vysok\u00e9 Tatry oraz stanowi uciele\u015bnienie ich wiedzy i do\u015bwiadczenia. Jej g\u0142\u00f3wnym celem jest zwielokrotnienie si\u0142y nabywczej wspania\u0142ego regionu g\u00f3rskiego w sercu S\u0142owacji. NASZA WIZJA [&hellip;]<\/p>\n","protected":false},"author":2,"featured_media":5031990,"parent":0,"menu_order":0,"comment_status":"closed","ping_status":"closed","template":"template-simple-page.php","meta":{"footnotes":""},"class_list":["post-20497","page","type-page","status-publish","has-post-thumbnail","hentry"],"_links":{"self":[{"href":"https:\/\/regiontatry.sk\/pl\/wp-json\/wp\/v2\/pages\/20497"}],"collection":[{"href":"https:\/\/regiontatry.sk\/pl\/wp-json\/wp\/v2\/pages"}],"about":[{"href":"https:\/\/regiontatry.sk\/pl\/wp-json\/wp\/v2\/types\/page"}],"author":[{"embeddable":true,"href":"https:\/\/regiontatry.sk\/pl\/wp-json\/wp\/v2\/users\/2"}],"replies":[{"embeddable":true,"href":"https:\/\/regiontatry.sk\/pl\/wp-json\/wp\/v2\/comments?post=20497"}],"version-history":[{"count":12,"href":"https:\/\/regiontatry.sk\/pl\/wp-json\/wp\/v2\/pages\/20497\/revisions"}],"predecessor-version":[{"id":5032001,"href":"https:\/\/regiontatry.sk\/pl\/wp-json\/wp\/v2\/pages\/20497\/revisions\/5032001"}],"wp:featuredmedia":[{"embeddable":true,"href":"https:\/\/regiontatry.sk\/pl\/wp-json\/wp\/v2\/media\/5031990"}],"wp:attachment":[{"href":"https:\/\/regiontatry.sk\/pl\/wp-json\/wp\/v2\/media?parent=20497"}],"curies":[{"name":"wp","href":"https:\/\/api.w.org\/{rel}","templated":true}]}}