{"id":2472,"date":"2018-08-24T11:02:01","date_gmt":"2018-08-24T09:02:01","guid":{"rendered":"http:\/\/regiontatry.creanet.sk\/turystyka-rowerowa\/cykloturistika-v-tatrach\/"},"modified":"2019-06-28T11:41:02","modified_gmt":"2019-06-28T09:41:02","slug":"trasy-rowerowe","status":"publish","type":"page","link":"https:\/\/regiontatry.sk\/pl\/turystyka-rowerowa\/trasy-rowerowe\/","title":{"rendered":"Trasy rowerowe"},"content":{"rendered":"\n<h2 class=\"wp-block-heading\"><strong>39 polecanych tras rowerowych<\/strong><\/h2>\n\n\n\n<p>Zobacz ponad 300 km oznakowanych tras rowerowych w ca\u0142ym regionie, lub 30 NAJPOPULARNIEJSZYCH tras, kt\u00f3re oferuje region Tatr Wysokich. Najtrudniejszymi, ale r\u00f3wnie\u017c tymi, przy kt\u00f3rych mo\u017cna podziwia\u0107 najpi\u0119kniejsze widoki, s\u0105 trasy rowerowe prowadz\u0105ce do Schroniska nad Zielonym Stawem Kie\u017cmarskim (s\u0142ow. Chata pri Zelenom plese), Siode\u0142ko (Hrebienok), \u015al\u0105ski Dom (Sliezsky dom) czy Popradzki Staw (Popradsk\u00e9 pleso). Wybierz najbardziej odpowiedni\u0105 dla siebe tras\u0119 wycieczki!<\/p>\n","protected":false},"excerpt":{"rendered":"<p>39 polecanych tras rowerowych Zobacz ponad 300 km oznakowanych tras rowerowych w ca\u0142ym regionie, lub 30 NAJPOPULARNIEJSZYCH tras, kt\u00f3re oferuje region Tatr Wysokich. Najtrudniejszymi, ale r\u00f3wnie\u017c tymi, przy kt\u00f3rych mo\u017cna podziwia\u0107 najpi\u0119kniejsze widoki, s\u0105 trasy rowerowe prowadz\u0105ce do Schroniska nad Zielonym Stawem Kie\u017cmarskim (s\u0142ow. Chata pri Zelenom plese), Siode\u0142ko (Hrebienok), \u015al\u0105ski Dom (Sliezsky dom) czy [&hellip;]<\/p>\n","protected":false},"author":1,"featured_media":3338,"parent":1622,"menu_order":0,"comment_status":"closed","ping_status":"closed","template":"template-objects.php","meta":{"footnotes":""},"class_list":["post-2472","page","type-page","status-publish","has-post-thumbnail","hentry"],"_links":{"self":[{"href":"https:\/\/regiontatry.sk\/pl\/wp-json\/wp\/v2\/pages\/2472"}],"collection":[{"href":"https:\/\/regiontatry.sk\/pl\/wp-json\/wp\/v2\/pages"}],"about":[{"href":"https:\/\/regiontatry.sk\/pl\/wp-json\/wp\/v2\/types\/page"}],"author":[{"embeddable":true,"href":"https:\/\/regiontatry.sk\/pl\/wp-json\/wp\/v2\/users\/1"}],"replies":[{"embeddable":true,"href":"https:\/\/regiontatry.sk\/pl\/wp-json\/wp\/v2\/comments?post=2472"}],"version-history":[{"count":2,"href":"https:\/\/regiontatry.sk\/pl\/wp-json\/wp\/v2\/pages\/2472\/revisions"}],"predecessor-version":[{"id":19292,"href":"https:\/\/regiontatry.sk\/pl\/wp-json\/wp\/v2\/pages\/2472\/revisions\/19292"}],"up":[{"embeddable":true,"href":"https:\/\/regiontatry.sk\/pl\/wp-json\/wp\/v2\/pages\/1622"}],"wp:featuredmedia":[{"embeddable":true,"href":"https:\/\/regiontatry.sk\/pl\/wp-json\/wp\/v2\/media\/3338"}],"wp:attachment":[{"href":"https:\/\/regiontatry.sk\/pl\/wp-json\/wp\/v2\/media?parent=2472"}],"curies":[{"name":"wp","href":"https:\/\/api.w.org\/{rel}","templated":true}]}}