{"id":2476,"date":"2018-08-24T11:07:21","date_gmt":"2018-08-24T09:07:21","guid":{"rendered":"http:\/\/regiontatry.creanet.sk\/turystyka-rowerowa\/in-line-korculovanie\/"},"modified":"2019-10-10T13:48:50","modified_gmt":"2019-10-10T11:48:50","slug":"jazda-na-rolkach-in-line","status":"publish","type":"page","link":"https:\/\/regiontatry.sk\/pl\/sport\/jazda-na-rolkach-in-line\/","title":{"rendered":"Jazda na rolkach In-line"},"content":{"rendered":"\n<h4 class=\"wp-block-heading\">Trasy odpowiednie\nna in-line skating<\/h4>\n\n\n\n<p><strong>\u015acie\u017cka rowerowa Spi\u0161sk\u00e1 Bel\u00e1 \u2013 Tatransk\u00e1 Kotlina<\/strong><br>Trasa o d\u0142ugo\u015bci 9 km \u0142\u0105czy Bia\u0142\u0105 Spisk\u0105 i Tatrza\u0144sk\u0105 Kotlin\u0119. Na trasie znajduj\u0105 si\u0119 4 przystanki z zadaszeniem, a tak\u017ce mapy regionu i mapa tras rowerowych.<\/p>\n\n\n\n<p><strong>\u015acie\u017cka rowerowa i trasa do jazdy na rolkach in-line Svit \u2013 Poprad <\/strong><br>\u015acie\u017cka o d\u0142ugo\u015bci 12 km wzd\u0142u\u017c rzeki Poprad i jej dop\u0142ywu, Mlynicy, a w zachodniej peryferyjnej cz\u0119\u015bci miasta Poprad przez pola. Odpowiednia dla pocz\u0105tkuj\u0105cych i zaawansowanych mi\u0142o\u015bnik\u00f3w rolek i rowerzyst\u00f3w. Svit, droga do Lopusznej Doliny (w zachodniej peryferyjnej cz\u0119\u015bci miasta), za mostem przez potok Mlynica &#8211; Poprad, dzielnica Kvetnica \u2013 droga przy wej\u015bciu na strzelnic\u0119.<\/p>\n","protected":false},"excerpt":{"rendered":"<p>Trasy odpowiednie na in-line skating \u015acie\u017cka rowerowa Spi\u0161sk\u00e1 Bel\u00e1 \u2013 Tatransk\u00e1 KotlinaTrasa o d\u0142ugo\u015bci 9 km \u0142\u0105czy Bia\u0142\u0105 Spisk\u0105 i Tatrza\u0144sk\u0105 Kotlin\u0119. Na trasie znajduj\u0105 si\u0119 4 przystanki z zadaszeniem, a tak\u017ce mapy regionu i mapa tras rowerowych. \u015acie\u017cka rowerowa i trasa do jazdy na rolkach in-line Svit \u2013 Poprad \u015acie\u017cka o d\u0142ugo\u015bci 12 km [&hellip;]<\/p>\n","protected":false},"author":1,"featured_media":0,"parent":1569,"menu_order":0,"comment_status":"closed","ping_status":"closed","template":"template-objects.php","meta":{"footnotes":""},"class_list":["post-2476","page","type-page","status-publish","hentry"],"_links":{"self":[{"href":"https:\/\/regiontatry.sk\/pl\/wp-json\/wp\/v2\/pages\/2476"}],"collection":[{"href":"https:\/\/regiontatry.sk\/pl\/wp-json\/wp\/v2\/pages"}],"about":[{"href":"https:\/\/regiontatry.sk\/pl\/wp-json\/wp\/v2\/types\/page"}],"author":[{"embeddable":true,"href":"https:\/\/regiontatry.sk\/pl\/wp-json\/wp\/v2\/users\/1"}],"replies":[{"embeddable":true,"href":"https:\/\/regiontatry.sk\/pl\/wp-json\/wp\/v2\/comments?post=2476"}],"version-history":[{"count":9,"href":"https:\/\/regiontatry.sk\/pl\/wp-json\/wp\/v2\/pages\/2476\/revisions"}],"predecessor-version":[{"id":20606,"href":"https:\/\/regiontatry.sk\/pl\/wp-json\/wp\/v2\/pages\/2476\/revisions\/20606"}],"up":[{"embeddable":true,"href":"https:\/\/regiontatry.sk\/pl\/wp-json\/wp\/v2\/pages\/1569"}],"wp:attachment":[{"href":"https:\/\/regiontatry.sk\/pl\/wp-json\/wp\/v2\/media?parent=2476"}],"curies":[{"name":"wp","href":"https:\/\/api.w.org\/{rel}","templated":true}]}}