{"id":2480,"date":"2018-08-24T11:08:30","date_gmt":"2018-08-24T09:08:30","guid":{"rendered":"http:\/\/regiontatry.creanet.sk\/turystyka-rowerowa\/pozicovne-a-servis-bicyklov\/"},"modified":"2019-06-28T11:44:04","modified_gmt":"2019-06-28T09:44:04","slug":"wypozyczalnie-rowerow","status":"publish","type":"page","link":"https:\/\/regiontatry.sk\/pl\/turystyka-rowerowa\/wypozyczalnie-rowerow\/","title":{"rendered":"Wypo\u017cyczalnie rower\u00f3w"},"content":{"rendered":"\n<p>Turystyka rowerowa to doskona\u0142y aktywny relaks, gdzie nie potrzebujesz w\u0142asnego wyposa\u017cenia.&nbsp;<strong>Skorzystaj z us\u0142ug wypo\u017cyczalni<\/strong>&nbsp;i przyjed\u017a w Tatry bez dodatkowego obci\u0105\u017cenia. Wszystko czego potrzebujesz znajdziesz na miejscu. Wybierz si\u0119 na wycieczk\u0119 bez jakichkolwiek zmartwie\u0144. Wypo\u017cycz sobie profesjonalny rower downhillowy w jednej z wielu wypo\u017cyczalni, kt\u00f3ra zapewni tak\u017ce doskona\u0142y serwis.<br><\/p>\n","protected":false},"excerpt":{"rendered":"<p>Turystyka rowerowa to doskona\u0142y aktywny relaks, gdzie nie potrzebujesz w\u0142asnego wyposa\u017cenia.&nbsp;Skorzystaj z us\u0142ug wypo\u017cyczalni&nbsp;i przyjed\u017a w Tatry bez dodatkowego obci\u0105\u017cenia. Wszystko czego potrzebujesz znajdziesz na miejscu. Wybierz si\u0119 na wycieczk\u0119 bez jakichkolwiek zmartwie\u0144. Wypo\u017cycz sobie profesjonalny rower downhillowy w jednej z wielu wypo\u017cyczalni, kt\u00f3ra zapewni tak\u017ce doskona\u0142y serwis.<\/p>\n","protected":false},"author":1,"featured_media":25163,"parent":1622,"menu_order":0,"comment_status":"closed","ping_status":"closed","template":"template-objects.php","meta":{"footnotes":""},"class_list":["post-2480","page","type-page","status-publish","has-post-thumbnail","hentry"],"_links":{"self":[{"href":"https:\/\/regiontatry.sk\/pl\/wp-json\/wp\/v2\/pages\/2480"}],"collection":[{"href":"https:\/\/regiontatry.sk\/pl\/wp-json\/wp\/v2\/pages"}],"about":[{"href":"https:\/\/regiontatry.sk\/pl\/wp-json\/wp\/v2\/types\/page"}],"author":[{"embeddable":true,"href":"https:\/\/regiontatry.sk\/pl\/wp-json\/wp\/v2\/users\/1"}],"replies":[{"embeddable":true,"href":"https:\/\/regiontatry.sk\/pl\/wp-json\/wp\/v2\/comments?post=2480"}],"version-history":[{"count":3,"href":"https:\/\/regiontatry.sk\/pl\/wp-json\/wp\/v2\/pages\/2480\/revisions"}],"predecessor-version":[{"id":19294,"href":"https:\/\/regiontatry.sk\/pl\/wp-json\/wp\/v2\/pages\/2480\/revisions\/19294"}],"up":[{"embeddable":true,"href":"https:\/\/regiontatry.sk\/pl\/wp-json\/wp\/v2\/pages\/1622"}],"wp:featuredmedia":[{"embeddable":true,"href":"https:\/\/regiontatry.sk\/pl\/wp-json\/wp\/v2\/media\/25163"}],"wp:attachment":[{"href":"https:\/\/regiontatry.sk\/pl\/wp-json\/wp\/v2\/media?parent=2480"}],"curies":[{"name":"wp","href":"https:\/\/api.w.org\/{rel}","templated":true}]}}