{"id":2496,"date":"2018-08-24T13:52:34","date_gmt":"2018-08-24T11:52:34","guid":{"rendered":"http:\/\/regiontatry.creanet.sk\/szusowanie-na-nartach-2\/pozicovne\/"},"modified":"2023-02-26T18:20:37","modified_gmt":"2023-02-26T17:20:37","slug":"wypozyczalnie-nart-i-sprzetu-narciarskiego","status":"publish","type":"page","link":"https:\/\/regiontatry.sk\/pl\/narciarstwo\/wypozyczalnie-nart-i-sprzetu-narciarskiego\/","title":{"rendered":"Wypo\u017cyczalnia nart i sprz\u0119tu narciarskiego"},"content":{"rendered":"\n<p>Planujesz urlop\nlub wycieczk\u0119 w Tatry Wysokie, ale nie masz niezb\u0119dnego sprz\u0119tu? Nie martw si\u0119,\nwypo\u017cyczalnie i sklepy sportowe w Tatrach Wysokich spe\u0142ni\u0105 wszystkie Twoje\noczekiwania. Znajdziesz tu wszystko, co niezb\u0119dne do uprawiania narciarstwa\nzjazdowego i biegowego, snowboardu, w\u0119dr\u00f3wek na rakietach \u015bnie\u017cnych, turystyki\npieszej czy jazdy na sankach z dzie\u0107mi.<\/p>\n","protected":false},"excerpt":{"rendered":"<p>Planujesz urlop lub wycieczk\u0119 w Tatry Wysokie, ale nie masz niezb\u0119dnego sprz\u0119tu? Nie martw si\u0119, wypo\u017cyczalnie i sklepy sportowe w Tatrach Wysokich spe\u0142ni\u0105 wszystkie Twoje oczekiwania. Znajdziesz tu wszystko, co niezb\u0119dne do uprawiania narciarstwa zjazdowego i biegowego, snowboardu, w\u0119dr\u00f3wek na rakietach \u015bnie\u017cnych, turystyki pieszej czy jazdy na sankach z dzie\u0107mi.<\/p>\n","protected":false},"author":1,"featured_media":0,"parent":1601,"menu_order":0,"comment_status":"closed","ping_status":"closed","template":"template-objects.php","meta":{"footnotes":""},"class_list":["post-2496","page","type-page","status-publish","hentry"],"_links":{"self":[{"href":"https:\/\/regiontatry.sk\/pl\/wp-json\/wp\/v2\/pages\/2496"}],"collection":[{"href":"https:\/\/regiontatry.sk\/pl\/wp-json\/wp\/v2\/pages"}],"about":[{"href":"https:\/\/regiontatry.sk\/pl\/wp-json\/wp\/v2\/types\/page"}],"author":[{"embeddable":true,"href":"https:\/\/regiontatry.sk\/pl\/wp-json\/wp\/v2\/users\/1"}],"replies":[{"embeddable":true,"href":"https:\/\/regiontatry.sk\/pl\/wp-json\/wp\/v2\/comments?post=2496"}],"version-history":[{"count":3,"href":"https:\/\/regiontatry.sk\/pl\/wp-json\/wp\/v2\/pages\/2496\/revisions"}],"predecessor-version":[{"id":8814728,"href":"https:\/\/regiontatry.sk\/pl\/wp-json\/wp\/v2\/pages\/2496\/revisions\/8814728"}],"up":[{"embeddable":true,"href":"https:\/\/regiontatry.sk\/pl\/wp-json\/wp\/v2\/pages\/1601"}],"wp:attachment":[{"href":"https:\/\/regiontatry.sk\/pl\/wp-json\/wp\/v2\/media?parent=2496"}],"curies":[{"name":"wp","href":"https:\/\/api.w.org\/{rel}","templated":true}]}}