{"id":2523,"date":"2018-08-24T12:35:36","date_gmt":"2018-08-24T10:35:36","guid":{"rendered":"http:\/\/regiontatry.creanet.sk\/rodzina-i-dzieci-summer\/rodinna-turistika\/"},"modified":"2019-06-27T11:53:39","modified_gmt":"2019-06-27T09:53:39","slug":"turystyka-rodzinna","status":"publish","type":"page","link":"https:\/\/regiontatry.sk\/pl\/turystyka\/turystyka-rodzinna\/","title":{"rendered":"Turystyka rodzinna"},"content":{"rendered":"\n<p>W Tatrach mog\u0105 Pa\u0144stwo odnale\u017a\u0107 momenty rodzinnego szcz\u0119\u015bcia i sp\u0119d\u017ai\u0107 lato niezapomnianych prze\u017cy\u0107! Tatry Wysokie mog\u0105 by\u0107 Pa\u0144stwa turystycznym rajem urlopowym. Wyj\u0105tkowa okolica oferuje szlaki turystyczne odpowiednie tak\u017ce dla najm\u0142odszych.<br><\/p>\n\n\n\n<h3 class=\"wp-block-heading\" id=\"mce_0\"><strong><br><\/strong>PROPOZYCJA WYCIECZEK RODZINNYCH<\/h3>\n\n\n\n<p>Propozycje kr\u00f3tkich wycieczek do 2 godzin, kt\u00f3re s\u0105 idealne tak\u017ce dla ma\u0142ych dzieci:<br><\/p>\n\n\n<table class=\"wp-block-table\">\n<tbody>\n<tr>\n<td>&nbsp;<\/td>\n<td>&nbsp;<\/td>\n<td>godz.<\/td>\n<td>&nbsp;<\/td>\n<td>przewy\u017cszenie<\/td>\n<\/tr>\n<tr>\n<td><strong>Z Jeziora Szczyrbskiego na Jamski Staw<\/strong><\/td>\n<td>&nbsp;<\/td>\n<td>1:00<\/td>\n<td>&nbsp;<\/td>\n<td>120 m<\/td>\n<\/tr>\n<tr>\n<td><strong>Z przystanku Popradzki Staw do Popradzkiego Stawu,<br><\/strong>czwartego najwi\u0119kszego w Tatrach<\/td>\n<td>&nbsp;<\/td>\n<td>1:00<\/td>\n<td>&nbsp;<\/td>\n<td>250 m<\/td>\n<\/tr>\n<tr>\n<td><strong>Z Podbanskiego do Po\u015bredniej Niewcyrskiej Siklawy,<br><\/strong>do najwi\u0119kszego wodospadu na S\u0142owacji (80m)<\/td>\n<td>&nbsp;<\/td>\n<td>2:00<\/td>\n<td>&nbsp;<\/td>\n<td>320 m<\/td>\n<\/tr>\n<tr>\n<td><strong>Wok\u00f3\u0142 Starego Smokowca<br><\/strong>Stary Smokowiec \u2013 podn\u00f3\u017ce S\u0142awkowskiego Szczytu &#8211; Hrebienok &#8211; Stary Smokowiec     <\/td>\n<td>&nbsp;<\/td>\n<td>2:00<\/td>\n<td>&nbsp;<\/td>\n<td>300 m<\/td>\n<\/tr>\n<tr>\n<td><strong>Do Schroniska Rainerova Chata i Wodospad\u00f3w Zimnej Wody<br><\/strong>Stary Smokowiec &#8211; Hrebienok &#8211; Wodospady Zimnej Wody \u2013 Polana Starole\u015bna (kiedy\u015b polana Kamz\u00edk) \u2013 Rainerova Chata<\/td>\n<td>&nbsp;<\/td>\n<td>1:00<\/td>\n<td>&nbsp;<\/td>\n<td>150 m<\/td>\n<\/tr>\n<tr>\n<td><strong>Z Tatrza\u0144skiej \u0141omnicy na Start<\/strong><\/td>\n<td>&nbsp;<\/td>\n<td>1:00<\/td>\n<td>&nbsp;<\/td>\n<td>200 m<\/td>\n<\/tr>\n<tr>\n<td><strong>Wok\u00f3\u0142 \u0141omnicy<br><\/strong>Tatrza\u0144ska \u0141omnica \u2013 \u0142\u0105ki przy Matliarach i z powrotem szlakiem wzd\u0142u\u017c Drogi Wolno\u015bci (Cesta Slobody)        <\/td>\n<td>&nbsp;<\/td>\n<td>1:30<\/td>\n<td>&nbsp;<\/td>\n<td>50 m<\/td>\n<\/tr>\n<tr>\n<td><strong>Z Jaworzyny na Polan\u0119 pod Muraniem<\/strong><\/td>\n<td>&nbsp;<\/td>\n<td>0:45<\/td>\n<td>&nbsp;<\/td>\n<td>110 m<\/td>\n<\/tr>\n<tr>\n<td><strong>Z \u0141ysej Polany na Polan\u0119 pod Rozpadlinami<br><\/strong>wzd\u0142u\u017c Bielej Wody \u2013 le\u015bnicz\u00f3wka \u2013 Polana pod Rozpadlinami<\/td>\n<td>&nbsp;<\/td>\n<td>1:00<\/td>\n<td>&nbsp;<\/td>\n<td>50 m<\/td>\n<\/tr>\n<\/tbody>\n<\/table>","protected":false},"excerpt":{"rendered":"<p>W Tatrach mog\u0105 Pa\u0144stwo odnale\u017a\u0107 momenty rodzinnego szcz\u0119\u015bcia i sp\u0119d\u017ai\u0107 lato niezapomnianych prze\u017cy\u0107! Tatry Wysokie mog\u0105 by\u0107 Pa\u0144stwa turystycznym rajem urlopowym. Wyj\u0105tkowa okolica oferuje szlaki turystyczne odpowiednie tak\u017ce dla najm\u0142odszych. PROPOZYCJA WYCIECZEK RODZINNYCH Propozycje kr\u00f3tkich wycieczek do 2 godzin, kt\u00f3re s\u0105 idealne tak\u017ce dla ma\u0142ych dzieci: &nbsp; &nbsp; godz. &nbsp; przewy\u017cszenie Z Jeziora Szczyrbskiego na [&hellip;]<\/p>\n","protected":false},"author":1,"featured_media":1445,"parent":1561,"menu_order":0,"comment_status":"closed","ping_status":"closed","template":"template-simple-page.php","meta":{"footnotes":""},"class_list":["post-2523","page","type-page","status-publish","has-post-thumbnail","hentry"],"_links":{"self":[{"href":"https:\/\/regiontatry.sk\/pl\/wp-json\/wp\/v2\/pages\/2523"}],"collection":[{"href":"https:\/\/regiontatry.sk\/pl\/wp-json\/wp\/v2\/pages"}],"about":[{"href":"https:\/\/regiontatry.sk\/pl\/wp-json\/wp\/v2\/types\/page"}],"author":[{"embeddable":true,"href":"https:\/\/regiontatry.sk\/pl\/wp-json\/wp\/v2\/users\/1"}],"replies":[{"embeddable":true,"href":"https:\/\/regiontatry.sk\/pl\/wp-json\/wp\/v2\/comments?post=2523"}],"version-history":[{"count":7,"href":"https:\/\/regiontatry.sk\/pl\/wp-json\/wp\/v2\/pages\/2523\/revisions"}],"predecessor-version":[{"id":19244,"href":"https:\/\/regiontatry.sk\/pl\/wp-json\/wp\/v2\/pages\/2523\/revisions\/19244"}],"up":[{"embeddable":true,"href":"https:\/\/regiontatry.sk\/pl\/wp-json\/wp\/v2\/pages\/1561"}],"wp:featuredmedia":[{"embeddable":true,"href":"https:\/\/regiontatry.sk\/pl\/wp-json\/wp\/v2\/media\/1445"}],"wp:attachment":[{"href":"https:\/\/regiontatry.sk\/pl\/wp-json\/wp\/v2\/media?parent=2523"}],"curies":[{"name":"wp","href":"https:\/\/api.w.org\/{rel}","templated":true}]}}