{"id":2537,"date":"2018-08-24T11:19:39","date_gmt":"2018-08-24T09:19:39","guid":{"rendered":"http:\/\/regiontatry.creanet.sk\/sport\/adrenalinove-sporty\/"},"modified":"2019-03-18T11:08:42","modified_gmt":"2019-03-18T10:08:42","slug":"sporty-adrenalinowe","status":"publish","type":"page","link":"https:\/\/regiontatry.sk\/pl\/sport\/sporty-adrenalinowe\/","title":{"rendered":"Sporty adrenalinowe"},"content":{"rendered":"\n<p><strong>W Tatrach Wysokich fantazja, przygoda i adrenalina nie maj\u0105 granic.<\/strong> Adrenalin\u0119 mo\u017cna poczu\u0107 uprawiaj\u0105c r\u00f3\u017cne sporty na ziemi, w powietrzu, w wodzie, ale tak\u017ce pod ziemi\u0105. Bungee jumping, lot balonem, aquazorbing, summertubing, paragliding i wiele innych dyscyplin pe\u0142nych adrenaliny sprawi, \u017ce zapomnisz o\u00a0wszelkich zmartwieniach, doda Ci energii oraz ch\u0119ci do \u017cycia.<\/p>\n","protected":false},"excerpt":{"rendered":"<p>W Tatrach Wysokich fantazja, przygoda i adrenalina nie maj\u0105 granic. Adrenalin\u0119 mo\u017cna poczu\u0107 uprawiaj\u0105c r\u00f3\u017cne sporty na ziemi, w powietrzu, w wodzie, ale tak\u017ce pod ziemi\u0105. Bungee jumping, lot balonem, aquazorbing, summertubing, paragliding i wiele innych dyscyplin pe\u0142nych adrenaliny sprawi, \u017ce zapomnisz o\u00a0wszelkich zmartwieniach, doda Ci energii oraz ch\u0119ci do \u017cycia.<\/p>\n","protected":false},"author":1,"featured_media":0,"parent":1569,"menu_order":0,"comment_status":"closed","ping_status":"closed","template":"template-objects.php","meta":{"footnotes":""},"class_list":["post-2537","page","type-page","status-publish","hentry"],"_links":{"self":[{"href":"https:\/\/regiontatry.sk\/pl\/wp-json\/wp\/v2\/pages\/2537"}],"collection":[{"href":"https:\/\/regiontatry.sk\/pl\/wp-json\/wp\/v2\/pages"}],"about":[{"href":"https:\/\/regiontatry.sk\/pl\/wp-json\/wp\/v2\/types\/page"}],"author":[{"embeddable":true,"href":"https:\/\/regiontatry.sk\/pl\/wp-json\/wp\/v2\/users\/1"}],"replies":[{"embeddable":true,"href":"https:\/\/regiontatry.sk\/pl\/wp-json\/wp\/v2\/comments?post=2537"}],"version-history":[{"count":3,"href":"https:\/\/regiontatry.sk\/pl\/wp-json\/wp\/v2\/pages\/2537\/revisions"}],"predecessor-version":[{"id":16468,"href":"https:\/\/regiontatry.sk\/pl\/wp-json\/wp\/v2\/pages\/2537\/revisions\/16468"}],"up":[{"embeddable":true,"href":"https:\/\/regiontatry.sk\/pl\/wp-json\/wp\/v2\/pages\/1569"}],"wp:attachment":[{"href":"https:\/\/regiontatry.sk\/pl\/wp-json\/wp\/v2\/media?parent=2537"}],"curies":[{"name":"wp","href":"https:\/\/api.w.org\/{rel}","templated":true}]}}