{"id":2544,"date":"2018-08-24T11:16:28","date_gmt":"2018-08-24T09:16:28","guid":{"rendered":"http:\/\/regiontatry.creanet.sk\/sport\/beh\/"},"modified":"2019-10-10T13:45:55","modified_gmt":"2019-10-10T11:45:55","slug":"biegi","status":"publish","type":"page","link":"https:\/\/regiontatry.sk\/pl\/sport\/biegi\/","title":{"rendered":"Bieganie"},"content":{"rendered":"\n<ul class=\"wp-block-gallery columns-2 is-cropped wp-block-gallery-2 is-layout-flex wp-block-gallery-is-layout-flex\"><li class=\"blocks-gallery-item\"><figure><img loading=\"lazy\" decoding=\"async\" width=\"999\" height=\"524\" src=\"http:\/\/regiontatry.sk\/wp-content\/uploads\/2018\/07\/DSC_3331a_1000.jpg\" alt=\"\" data-id=\"793\" class=\"wp-image-793\" srcset=\"https:\/\/regiontatry.sk\/wp-content\/uploads\/2018\/07\/DSC_3331a_1000.jpg 999w, https:\/\/regiontatry.sk\/wp-content\/uploads\/2018\/07\/DSC_3331a_1000-300x157.jpg 300w, https:\/\/regiontatry.sk\/wp-content\/uploads\/2018\/07\/DSC_3331a_1000-768x403.jpg 768w\" sizes=\"(max-width: 999px) 100vw, 999px\" \/><\/figure><\/li><li class=\"blocks-gallery-item\"><figure><img loading=\"lazy\" decoding=\"async\" width=\"690\" height=\"290\" src=\"http:\/\/regiontatry.sk\/wp-content\/uploads\/2018\/11\/IMG_0729-690x290.jpg\" alt=\"\" data-id=\"13461\" data-link=\"http:\/\/regiontatry.sk\/sport\/beh\/img_0729-690x290-2\/\" class=\"wp-image-13461\" srcset=\"https:\/\/regiontatry.sk\/wp-content\/uploads\/2018\/11\/IMG_0729-690x290.jpg 690w, https:\/\/regiontatry.sk\/wp-content\/uploads\/2018\/11\/IMG_0729-690x290-300x126.jpg 300w, https:\/\/regiontatry.sk\/wp-content\/uploads\/2018\/11\/IMG_0729-690x290-552x232.jpg 552w\" sizes=\"(max-width: 690px) 100vw, 690px\" \/><\/figure><\/li><\/ul>\n\n\n\n<p>Dla tych, kt\u00f3rzy lubi\u0105 aktywny wypoczynek i\nrelaks w ruchu, wybrali\u015bmy kilka tras biegowych. Dzi\u0119ki doskona\u0142ym warunkom\nklimatycznym i wysoko\u015bci nad poziomem morza, sportowcy rekreacyjni i\nprofesjonalni maj\u0105 okazj\u0119 uprawia\u0107 sporty na \u015bwie\u017cym powietrzu i poprawia\u0107\nswoje wyniki. Trasy, kt\u00f3re polecamy biegaczom i amatorom nordic walking, maj\u0105\nr\u00f3\u017cny stopie\u0144 trudno\u015bci i&nbsp;s\u0105 \u0142atwo dost\u0119pne.<\/p>\n\n\n\n<p><strong><a href=\"http:\/\/tatryvpohybe.sk\/sk\/podujatia\/virtualnepreteky2018\" target=\"_blank\" rel=\"noreferrer noopener\" aria-label=\"Tatry w ruchu (otvor\u00ed sa v novej karte)\">Tatry w ruchu<\/a><\/strong> \u2013 projekt, dzi\u0119ki kt\u00f3remu pojawi\u0142o si\u0119 w Tatrach kilka oznakowanych tras biegowych z nowymi tablicami.<\/p>\n\n\n\n<p><strong><a href=\"http:\/\/tatryvpohybe.sk\/sk\/podujatia\/virtualnepreteky2018\" target=\"_blank\" rel=\"noreferrer noopener\" aria-label=\"Wirtualne wy\u015bcigi (otvor\u00ed sa v novej karte)\">Wirtualne wy\u015bcigi<\/a><\/strong> &#8211; wystarczy zarejestrowa\u0107 si\u0119 za po\u015brednictwem strony tatryvpohybe.sk, a ka\u017cdy uczestnik w ustalonym okresie czasu mo\u017ce wybra\u0107 w\u0142asny termin i tras\u0119 wy\u015bcigu.<\/p>\n","protected":false},"excerpt":{"rendered":"<p>Dla tych, kt\u00f3rzy lubi\u0105 aktywny wypoczynek i relaks w ruchu, wybrali\u015bmy kilka tras biegowych. Dzi\u0119ki doskona\u0142ym warunkom klimatycznym i wysoko\u015bci nad poziomem morza, sportowcy rekreacyjni i profesjonalni maj\u0105 okazj\u0119 uprawia\u0107 sporty na \u015bwie\u017cym powietrzu i poprawia\u0107 swoje wyniki. Trasy, kt\u00f3re polecamy biegaczom i amatorom nordic walking, maj\u0105 r\u00f3\u017cny stopie\u0144 trudno\u015bci i&nbsp;s\u0105 \u0142atwo dost\u0119pne. Tatry w [&hellip;]<\/p>\n","protected":false},"author":1,"featured_media":0,"parent":1569,"menu_order":0,"comment_status":"closed","ping_status":"closed","template":"template-objects.php","meta":{"footnotes":""},"class_list":["post-2544","page","type-page","status-publish","hentry"],"_links":{"self":[{"href":"https:\/\/regiontatry.sk\/pl\/wp-json\/wp\/v2\/pages\/2544"}],"collection":[{"href":"https:\/\/regiontatry.sk\/pl\/wp-json\/wp\/v2\/pages"}],"about":[{"href":"https:\/\/regiontatry.sk\/pl\/wp-json\/wp\/v2\/types\/page"}],"author":[{"embeddable":true,"href":"https:\/\/regiontatry.sk\/pl\/wp-json\/wp\/v2\/users\/1"}],"replies":[{"embeddable":true,"href":"https:\/\/regiontatry.sk\/pl\/wp-json\/wp\/v2\/comments?post=2544"}],"version-history":[{"count":11,"href":"https:\/\/regiontatry.sk\/pl\/wp-json\/wp\/v2\/pages\/2544\/revisions"}],"predecessor-version":[{"id":20604,"href":"https:\/\/regiontatry.sk\/pl\/wp-json\/wp\/v2\/pages\/2544\/revisions\/20604"}],"up":[{"embeddable":true,"href":"https:\/\/regiontatry.sk\/pl\/wp-json\/wp\/v2\/pages\/1569"}],"wp:attachment":[{"href":"https:\/\/regiontatry.sk\/pl\/wp-json\/wp\/v2\/media?parent=2544"}],"curies":[{"name":"wp","href":"https:\/\/api.w.org\/{rel}","templated":true}]}}