{"id":2548,"date":"2018-08-24T11:10:50","date_gmt":"2018-08-24T09:10:50","guid":{"rendered":"http:\/\/regiontatry.creanet.sk\/sport\/golf-2\/"},"modified":"2019-10-10T13:40:26","modified_gmt":"2019-10-10T11:40:26","slug":"golf","status":"publish","type":"page","link":"https:\/\/regiontatry.sk\/pl\/sport\/golf\/","title":{"rendered":"Golf"},"content":{"rendered":"\n<p>Tatry Wysokie to miejsce wyj\u0105tkowe w Europie \u015arodkowej: opr\u00f3cz 25 szczyt\u00f3w powy\u017cej 2500 m n.p.m. znajduj\u0105 si\u0119 tu unikalne jeziora polodowcowe, ro\u015bliny chronione i jedyna w swoim rodzaju fauna. <\/p>\n\n\n\n<p><a rel=\"noreferrer noopener\" label=\"Teren golfowy Black Stork (Czarny Bocian) (otvor\u00ed sa v novej karte)\" href=\"https:\/\/www.golftatry.sk\/lang\/en\/\" target=\"_blank\" class=\"broken_link\">Teren golfowy Black Stork (Czarny Bocian)<\/a> w Wielkiej \u0141omnicy s\u0142ynie ze swojego wyj\u0105tkowego po\u0142o\u017cenia po stronie po\u0142udniowej, w pa\u015bmie ochronnym Tatrza\u0144skiego Parku Narodowego. Dziewicza przyroda, masywy skalne i \u015bwie\u017ce powietrze &#8211; to atuty, kt\u00f3re znajduj\u0105 si\u0119 na 120 ha powierzchni w przepi\u0119knej scenerii. Pole golfowe Black Stork <strong>z presti\u017cow\u0105 mark\u0105 A PGA Golf Course<\/strong> jest jednym z 19 p\u00f3l golfowych na \u015bwiecie, kt\u00f3re posiadaj\u0105 ten znak jako\u015bci.<\/p>\n\n\n\n<p><strong>Adventure Golf<\/strong> przyw\u0119drowa\u0142 do nas z Ameryki P\u00f3\u0142nocnej, gdzie jest jednym z najpopularniejszych sport\u00f3w rekreacyjnych i profesjonalnych. Jest to w zasadzie normalny golf tylko na mniejszym obszarze. Adventure Golf jest rozgrywany na sztucznej trawie golfowej z\u00a0kijkami golfowymi do puttowania lub ma\u0142ymi m\u0142otkami golfowymi i pi\u0142eczk\u0105 golfow\u0105. Rozwija koncentracj\u0119, cierpliwo\u015b\u0107, zdolno\u015bci motoryczne, a tak\u017ce wspiera rywalizacj\u0119. Podczas gry czeka Ci\u0119 podekscytowanie, a\u00a0tak\u017ce mn\u00f3stwo zabawy. <\/p>\n\n\n\n<p><strong>FootGolf\u00a0<\/strong> \u0142\u0105czy w sobie dwa najpopularniejsze sporty na \u015bwiecie: pi\u0142k\u0119 no\u017cn\u0105 i golfa. Gra si\u0119 klasyczn\u0105 pi\u0142k\u0105 no\u017cn\u0105 na polu golfowym z otworami o \u015brednicy 53 cm.<\/p>\n\n\n\n<p><br><\/p>\n","protected":false},"excerpt":{"rendered":"<p>Tatry Wysokie to miejsce wyj\u0105tkowe w Europie \u015arodkowej: opr\u00f3cz 25 szczyt\u00f3w powy\u017cej 2500 m n.p.m. znajduj\u0105 si\u0119 tu unikalne jeziora polodowcowe, ro\u015bliny chronione i jedyna w swoim rodzaju fauna. Teren golfowy Black Stork (Czarny Bocian) w Wielkiej \u0141omnicy s\u0142ynie ze swojego wyj\u0105tkowego po\u0142o\u017cenia po stronie po\u0142udniowej, w pa\u015bmie ochronnym Tatrza\u0144skiego Parku Narodowego. Dziewicza przyroda, masywy [&hellip;]<\/p>\n","protected":false},"author":1,"featured_media":4061,"parent":1569,"menu_order":0,"comment_status":"closed","ping_status":"closed","template":"template-objects.php","meta":{"footnotes":""},"class_list":["post-2548","page","type-page","status-publish","has-post-thumbnail","hentry"],"_links":{"self":[{"href":"https:\/\/regiontatry.sk\/pl\/wp-json\/wp\/v2\/pages\/2548"}],"collection":[{"href":"https:\/\/regiontatry.sk\/pl\/wp-json\/wp\/v2\/pages"}],"about":[{"href":"https:\/\/regiontatry.sk\/pl\/wp-json\/wp\/v2\/types\/page"}],"author":[{"embeddable":true,"href":"https:\/\/regiontatry.sk\/pl\/wp-json\/wp\/v2\/users\/1"}],"replies":[{"embeddable":true,"href":"https:\/\/regiontatry.sk\/pl\/wp-json\/wp\/v2\/comments?post=2548"}],"version-history":[{"count":8,"href":"https:\/\/regiontatry.sk\/pl\/wp-json\/wp\/v2\/pages\/2548\/revisions"}],"predecessor-version":[{"id":20600,"href":"https:\/\/regiontatry.sk\/pl\/wp-json\/wp\/v2\/pages\/2548\/revisions\/20600"}],"up":[{"embeddable":true,"href":"https:\/\/regiontatry.sk\/pl\/wp-json\/wp\/v2\/pages\/1569"}],"wp:featuredmedia":[{"embeddable":true,"href":"https:\/\/regiontatry.sk\/pl\/wp-json\/wp\/v2\/media\/4061"}],"wp:attachment":[{"href":"https:\/\/regiontatry.sk\/pl\/wp-json\/wp\/v2\/media?parent=2548"}],"curies":[{"name":"wp","href":"https:\/\/api.w.org\/{rel}","templated":true}]}}