{"id":2564,"date":"2018-08-23T14:09:10","date_gmt":"2018-08-23T12:09:10","guid":{"rendered":"http:\/\/regiontatry.creanet.sk\/turystyka\/horska-turistika\/"},"modified":"2025-05-05T22:08:45","modified_gmt":"2025-05-05T20:08:45","slug":"turystyka-gorska","status":"publish","type":"page","link":"https:\/\/regiontatry.sk\/pl\/turystyka\/turystyka-gorska\/","title":{"rendered":"Turystyka g\u00f3rska"},"content":{"rendered":"\n<p>W Tatrach Wysokich znajduje si\u0119 oko\u0142o&nbsp;<strong>600 km oznakowanych szlak\u00f3w<\/strong>, kt\u00f3re umo\u017cliwiaj\u0105 turystom zobaczenie najpi\u0119kniejszych miejsc tego g\u00f3rskiego krajobrazu. Szlaki turystyczne prowadz\u0105ce&nbsp;<strong>przez doliny<\/strong>,&nbsp;<strong>do schronisk tatrza\u0144skich<\/strong>,&nbsp;<strong>do najpi\u0119kniejszych tatrza\u0144skich staw\u00f3w<\/strong>,&nbsp;<strong>szczyty<\/strong>&nbsp;tatrza\u0144skie i dwutysi\u0119czniki, przej\u015bcia przez&nbsp;<strong>prze\u0142\u0119cze<\/strong>&nbsp;Tatr z niebia\u0144skimi widokami, oraz fascynuj\u0105cy \u015bwiat zwierz\u0105t i ro\u015blin.<\/p>\n\n\n\n<p>Je\u015bli odwiedz\u0105 Pa\u0144stwo ten malowniczy zak\u0105tek ziemi, na pewno go Pa\u0144stwo pokochaj\u0105.<\/p>\n\n\n\n<p>Tatry Wysokie s\u0105&nbsp;<strong>odpowiednie dla ka\u017cdego turysty<\/strong>, oferuj\u0105 przyjemne spacery dla rodzin z dzie\u0107mi poprzez aktywn\u0105 turystyk\u0119 dla zaawansowanych, a\u017c po trudne wej\u015bcia dla tych, kt\u00f3rzy chc\u0105 zdoby\u0107 te najwy\u017csze szczyty.<\/p>\n\n\n\n<p>Wszystkie szlaki turystyczne, przeznaczone dla turyst\u00f3w w Tatrza\u0144skim Parku Narodowym, s\u0105 oznakowane kolorami (czerwonym, niebieskim, zielonym, \u017c\u00f3\u0142tym). Zgodnie ze stopniem trudno\u015bci poszczeg\u00f3lnych odcink\u00f3w zosta\u0142y podzielone na kilka grup.<\/p>\n\n\n\n<iframe loading=\"lazy\" title=\"Horsk\u00e1 turistika vo Vysok\u00fdch Tatr\u00e1ch\" width=\"640\" height=\"360\" src=\"https:\/\/www.youtube.com\/embed\/WOdnl5jNlAg?feature=oembed\" frameborder=\"0\" allow=\"accelerometer; autoplay; clipboard-write; encrypted-media; gyroscope; picture-in-picture; web-share\" referrerpolicy=\"strict-origin-when-cross-origin\" allowfullscreen><\/iframe>\n\n\n\n<h3 class=\"wp-block-heading has-text-color has-link-color wp-elements-260b640af2d399191d7629af371c9588\" style=\"color:#1ad100\"><br><strong>SPACERY PO OKOLICY<\/strong><\/h3>\n\n\n\n<p>Idealne kr\u00f3tkie wyprawy dla mniej zaawansowanych turyst\u00f3w do 2 godz., na kt\u00f3re mo\u017cna si\u0119 wybra\u0107 wraz z ma\u0142ymi dzie\u0107mi.<\/p>\n\n\n\n<h3 class=\"wp-block-heading has-text-color has-link-color wp-elements-34b0e4fb675f12543bf9be0ac33fa3ff\" style=\"color:#1ad100\"><strong>WYPRAWY PO DOLINACH<\/strong><\/h3>\n\n\n\n<p><strong>Je\u015bli s\u0105 Pa\u0144stwo bardziej zaawansowanymi turystami<\/strong>, nie nale\u017cy pomin\u0105\u0107 niekt\u00f3rych d\u0142u\u017cszych wypraw po dolinach. Otoczeni panoram\u0105 wysokog\u00f3rskiej przyrody mog\u0105 si\u0119 Pa\u0144stwo wspi\u0105\u0107 do jezior i schronisk po przystosowanych szlakach.<\/p>\n\n\n\n<h3 class=\"wp-block-heading has-text-color has-link-color wp-elements-58db6a0a1b82f432ca672e0db4771750\" style=\"color:#1ad100\"><strong>WEJ\u015aCIA NA SZCZYTY<\/strong><\/h3>\n\n\n\n<p><strong>Dla tych najbardziej zaawansowanych turyst\u00f3w<\/strong>, kt\u00f3rzy s\u0105 w stanie pokona\u0107 trudny teren i du\u017ce r\u00f3\u017cnice wysoko\u015bci przeznaczono podej\u015bcia na szczyty. Wiele z nich jest dozwolonych tylko w towarzystwie\u00a0<strong><a href=\"https:\/\/regiontatry.sk\/pl\/turystyka\/przewodnicy-gorscy\/\" target=\"_blank\" rel=\"noreferrer noopener\">przewodnik\u00f3w g\u00f3rskich<\/a>.<\/strong> Bezpiecze\u0144stwo to priorytet, dlatego nie nale\u017cy \u017cadnego z podej\u015b\u0107 lekcewa\u017cy\u0107 i trzeba si\u0119 do niego rzetelnie przygotowa\u0107.<\/p>\n\n\n\n<p>Lasy Pa\u0144stwowe TANAPu udost\u0119pni\u0142y nasze najwi\u0119ksze g\u00f3ry tak\u017ce dla ludzi niepe\u0142nosprawnych za po\u015brednictwem projektu TATRY BEZ BARIER. Mog\u0105 oni wybra\u0107 jedn\u0105 z o\u015bmiu tras turystycznych o \u0142\u0105cznej d\u0142ugo\u015bci ponad trzydziestu kilometr\u00f3w szlak\u00f3w turystycznych. Wraz z pozosta\u0142ymi mog\u0105 podziwia\u0107 tajemnice i pi\u0119kno tatrza\u0144skiej przyrody. Ze szlak\u00f3w dla os\u00f3b niepe\u0142nosprawnych ch\u0119tnie korzystaj\u0105 rodziny z w\u00f3zkami dzieci\u0119cymi. Wi\u0119cej w artykule\u00a0<strong><a href=\"http:\/\/regiontatry.sk\/pl\/rekreacja\/rodzina-i-dzieci\/turystyka-rodzinna\/\" class=\"broken_link\">TURYSTYKA RODZINNA<\/a>.\u00a0<\/strong><br><\/p>\n","protected":false},"excerpt":{"rendered":"<p>W Tatrach Wysokich znajduje si\u0119 oko\u0142o&nbsp;600 km oznakowanych szlak\u00f3w, kt\u00f3re umo\u017cliwiaj\u0105 turystom zobaczenie najpi\u0119kniejszych miejsc tego g\u00f3rskiego krajobrazu. Szlaki turystyczne prowadz\u0105ce&nbsp;przez doliny,&nbsp;do schronisk tatrza\u0144skich,&nbsp;do najpi\u0119kniejszych tatrza\u0144skich staw\u00f3w,&nbsp;szczyty&nbsp;tatrza\u0144skie i dwutysi\u0119czniki, przej\u015bcia przez&nbsp;prze\u0142\u0119cze&nbsp;Tatr z niebia\u0144skimi widokami, oraz fascynuj\u0105cy \u015bwiat zwierz\u0105t i ro\u015blin. Je\u015bli odwiedz\u0105 Pa\u0144stwo ten malowniczy zak\u0105tek ziemi, na pewno go Pa\u0144stwo pokochaj\u0105. Tatry Wysokie s\u0105&nbsp;odpowiednie [&hellip;]<\/p>\n","protected":false},"author":1,"featured_media":1177,"parent":1561,"menu_order":0,"comment_status":"closed","ping_status":"closed","template":"template-objects.php","meta":{"footnotes":""},"class_list":["post-2564","page","type-page","status-publish","has-post-thumbnail","hentry"],"_links":{"self":[{"href":"https:\/\/regiontatry.sk\/pl\/wp-json\/wp\/v2\/pages\/2564"}],"collection":[{"href":"https:\/\/regiontatry.sk\/pl\/wp-json\/wp\/v2\/pages"}],"about":[{"href":"https:\/\/regiontatry.sk\/pl\/wp-json\/wp\/v2\/types\/page"}],"author":[{"embeddable":true,"href":"https:\/\/regiontatry.sk\/pl\/wp-json\/wp\/v2\/users\/1"}],"replies":[{"embeddable":true,"href":"https:\/\/regiontatry.sk\/pl\/wp-json\/wp\/v2\/comments?post=2564"}],"version-history":[{"count":33,"href":"https:\/\/regiontatry.sk\/pl\/wp-json\/wp\/v2\/pages\/2564\/revisions"}],"predecessor-version":[{"id":10226052,"href":"https:\/\/regiontatry.sk\/pl\/wp-json\/wp\/v2\/pages\/2564\/revisions\/10226052"}],"up":[{"embeddable":true,"href":"https:\/\/regiontatry.sk\/pl\/wp-json\/wp\/v2\/pages\/1561"}],"wp:featuredmedia":[{"embeddable":true,"href":"https:\/\/regiontatry.sk\/pl\/wp-json\/wp\/v2\/media\/1177"}],"wp:attachment":[{"href":"https:\/\/regiontatry.sk\/pl\/wp-json\/wp\/v2\/media?parent=2564"}],"curies":[{"name":"wp","href":"https:\/\/api.w.org\/{rel}","templated":true}]}}