{"id":2568,"date":"2018-08-23T17:06:35","date_gmt":"2018-08-23T15:06:35","guid":{"rendered":"http:\/\/regiontatry.creanet.sk\/turystyka\/horski-vodcovia\/"},"modified":"2019-06-27T12:04:35","modified_gmt":"2019-06-27T10:04:35","slug":"przewodnicy-gorscy","status":"publish","type":"page","link":"https:\/\/regiontatry.sk\/pl\/turystyka\/przewodnicy-gorscy\/","title":{"rendered":"Przewodnicy g\u00f3rscy"},"content":{"rendered":"\n<p>Wzboga\u0107cie Pa\u0144stwo sw\u00f3j urlop o jednodniowe <strong>wycieczki organizowane z przewodnikami g\u00f3rskimi<\/strong>. Prze\u017cyjcie z nimi magiczne momenty podczas spotka\u0144 z malowniczym pi\u0119knem krajobrazu i unikatow\u0105 tatrza\u0144sk\u0105 przyrod\u0105.<br><\/p>\n","protected":false},"excerpt":{"rendered":"<p>Wzboga\u0107cie Pa\u0144stwo sw\u00f3j urlop o jednodniowe wycieczki organizowane z przewodnikami g\u00f3rskimi. Prze\u017cyjcie z nimi magiczne momenty podczas spotka\u0144 z malowniczym pi\u0119knem krajobrazu i unikatow\u0105 tatrza\u0144sk\u0105 przyrod\u0105.<\/p>\n","protected":false},"author":1,"featured_media":0,"parent":1561,"menu_order":0,"comment_status":"closed","ping_status":"closed","template":"template-objects.php","meta":{"footnotes":""},"class_list":["post-2568","page","type-page","status-publish","hentry"],"_links":{"self":[{"href":"https:\/\/regiontatry.sk\/pl\/wp-json\/wp\/v2\/pages\/2568"}],"collection":[{"href":"https:\/\/regiontatry.sk\/pl\/wp-json\/wp\/v2\/pages"}],"about":[{"href":"https:\/\/regiontatry.sk\/pl\/wp-json\/wp\/v2\/types\/page"}],"author":[{"embeddable":true,"href":"https:\/\/regiontatry.sk\/pl\/wp-json\/wp\/v2\/users\/1"}],"replies":[{"embeddable":true,"href":"https:\/\/regiontatry.sk\/pl\/wp-json\/wp\/v2\/comments?post=2568"}],"version-history":[{"count":3,"href":"https:\/\/regiontatry.sk\/pl\/wp-json\/wp\/v2\/pages\/2568\/revisions"}],"predecessor-version":[{"id":19258,"href":"https:\/\/regiontatry.sk\/pl\/wp-json\/wp\/v2\/pages\/2568\/revisions\/19258"}],"up":[{"embeddable":true,"href":"https:\/\/regiontatry.sk\/pl\/wp-json\/wp\/v2\/pages\/1561"}],"wp:attachment":[{"href":"https:\/\/regiontatry.sk\/pl\/wp-json\/wp\/v2\/media?parent=2568"}],"curies":[{"name":"wp","href":"https:\/\/api.w.org\/{rel}","templated":true}]}}