{"id":2572,"date":"2018-08-23T15:13:09","date_gmt":"2018-08-23T13:13:09","guid":{"rendered":"http:\/\/regiontatry.creanet.sk\/turystyka\/lanovkami-za-vyhladmi\/"},"modified":"2019-06-27T11:58:06","modified_gmt":"2019-06-27T09:58:06","slug":"wycieczki-kolejami-linowymi","status":"publish","type":"page","link":"https:\/\/regiontatry.sk\/pl\/turystyka\/wycieczki-kolejami-linowymi\/","title":{"rendered":"Wycieczki kolejami linowymi"},"content":{"rendered":"\n<p>Tatrza\u0144skie koleje linowe to jeden z najbardziej ulubionych sposob\u00f3w uprzyjemnienia pobytu w Tatrach i poznania tych g\u00f3r. Odkryj\u0105 przed Pa\u0144stwem g\u00f3ry z innej perspektywy ni\u017c Pa\u0144stwo przywykli. Je\u015bli przyci\u0105ga Pa\u0144stwa ten spos\u00f3b podr\u00f3\u017cowania,\u00a0<strong>zapraszamy do skorzystania z jednej z tatrza\u0144skich kolei linowych w celu podziwiania pi\u0119knych panoram i oddychania \u015bwie\u017cym powietrzem.<\/strong><br><br><\/p>\n","protected":false},"excerpt":{"rendered":"<p>Tatrza\u0144skie koleje linowe to jeden z najbardziej ulubionych sposob\u00f3w uprzyjemnienia pobytu w Tatrach i poznania tych g\u00f3r. Odkryj\u0105 przed Pa\u0144stwem g\u00f3ry z innej perspektywy ni\u017c Pa\u0144stwo przywykli. Je\u015bli przyci\u0105ga Pa\u0144stwa ten spos\u00f3b podr\u00f3\u017cowania,\u00a0zapraszamy do skorzystania z jednej z tatrza\u0144skich kolei linowych w celu podziwiania pi\u0119knych panoram i oddychania \u015bwie\u017cym powietrzem.<\/p>\n","protected":false},"author":1,"featured_media":13634,"parent":1561,"menu_order":0,"comment_status":"closed","ping_status":"closed","template":"template-objects.php","meta":{"footnotes":""},"class_list":["post-2572","page","type-page","status-publish","has-post-thumbnail","hentry"],"_links":{"self":[{"href":"https:\/\/regiontatry.sk\/pl\/wp-json\/wp\/v2\/pages\/2572"}],"collection":[{"href":"https:\/\/regiontatry.sk\/pl\/wp-json\/wp\/v2\/pages"}],"about":[{"href":"https:\/\/regiontatry.sk\/pl\/wp-json\/wp\/v2\/types\/page"}],"author":[{"embeddable":true,"href":"https:\/\/regiontatry.sk\/pl\/wp-json\/wp\/v2\/users\/1"}],"replies":[{"embeddable":true,"href":"https:\/\/regiontatry.sk\/pl\/wp-json\/wp\/v2\/comments?post=2572"}],"version-history":[{"count":6,"href":"https:\/\/regiontatry.sk\/pl\/wp-json\/wp\/v2\/pages\/2572\/revisions"}],"predecessor-version":[{"id":19251,"href":"https:\/\/regiontatry.sk\/pl\/wp-json\/wp\/v2\/pages\/2572\/revisions\/19251"}],"up":[{"embeddable":true,"href":"https:\/\/regiontatry.sk\/pl\/wp-json\/wp\/v2\/pages\/1561"}],"wp:featuredmedia":[{"embeddable":true,"href":"https:\/\/regiontatry.sk\/pl\/wp-json\/wp\/v2\/media\/13634"}],"wp:attachment":[{"href":"https:\/\/regiontatry.sk\/pl\/wp-json\/wp\/v2\/media?parent=2572"}],"curies":[{"name":"wp","href":"https:\/\/api.w.org\/{rel}","templated":true}]}}