{"id":2576,"date":"2018-08-23T17:08:10","date_gmt":"2018-08-23T15:08:10","guid":{"rendered":"http:\/\/regiontatry.creanet.sk\/turystyka\/naucne-chodniky\/"},"modified":"2023-01-15T20:24:30","modified_gmt":"2023-01-15T19:24:30","slug":"sciezki-dydaktyczne","status":"publish","type":"page","link":"https:\/\/regiontatry.sk\/pl\/turystyka\/sciezki-dydaktyczne\/","title":{"rendered":"\u015acie\u017cki dydaktyczne"},"content":{"rendered":"\n<p>Je\u015bli jeste\u015bcie Pa\u0144stwo zwolennikami turystyki sportowo-krajoznawczej i chcecie bli\u017cej pozna\u0107 region Tatr Wysokich, z pewno\u015bci\u0105 musicie skorzysta\u0107 ze szlak\u00f3w edukacyjnych, na kt\u00f3rych mo\u017cna si\u0119 dowiedzie\u0107 wielu ciekawych informacji.<\/p>\n\n\n\n<p>Poznaj Tatry Wysokie poprzez tablice edukacyjne i urozmaicaj w\u0119dr\u00f3wk\u0119 swoim dzieciom dzi\u0119ki ciekawym przystankom.<br><\/p>\n","protected":false},"excerpt":{"rendered":"<p>Je\u015bli jeste\u015bcie Pa\u0144stwo zwolennikami turystyki sportowo-krajoznawczej i chcecie bli\u017cej pozna\u0107 region Tatr Wysokich, z pewno\u015bci\u0105 musicie skorzysta\u0107 ze szlak\u00f3w edukacyjnych, na kt\u00f3rych mo\u017cna si\u0119 dowiedzie\u0107 wielu ciekawych informacji. Poznaj Tatry Wysokie poprzez tablice edukacyjne i urozmaicaj w\u0119dr\u00f3wk\u0119 swoim dzieciom dzi\u0119ki ciekawym przystankom.<\/p>\n","protected":false},"author":1,"featured_media":13622,"parent":1561,"menu_order":0,"comment_status":"closed","ping_status":"closed","template":"template-objects.php","meta":{"footnotes":""},"class_list":["post-2576","page","type-page","status-publish","has-post-thumbnail","hentry"],"_links":{"self":[{"href":"https:\/\/regiontatry.sk\/pl\/wp-json\/wp\/v2\/pages\/2576"}],"collection":[{"href":"https:\/\/regiontatry.sk\/pl\/wp-json\/wp\/v2\/pages"}],"about":[{"href":"https:\/\/regiontatry.sk\/pl\/wp-json\/wp\/v2\/types\/page"}],"author":[{"embeddable":true,"href":"https:\/\/regiontatry.sk\/pl\/wp-json\/wp\/v2\/users\/1"}],"replies":[{"embeddable":true,"href":"https:\/\/regiontatry.sk\/pl\/wp-json\/wp\/v2\/comments?post=2576"}],"version-history":[{"count":6,"href":"https:\/\/regiontatry.sk\/pl\/wp-json\/wp\/v2\/pages\/2576\/revisions"}],"predecessor-version":[{"id":8729775,"href":"https:\/\/regiontatry.sk\/pl\/wp-json\/wp\/v2\/pages\/2576\/revisions\/8729775"}],"up":[{"embeddable":true,"href":"https:\/\/regiontatry.sk\/pl\/wp-json\/wp\/v2\/pages\/1561"}],"wp:featuredmedia":[{"embeddable":true,"href":"https:\/\/regiontatry.sk\/pl\/wp-json\/wp\/v2\/media\/13622"}],"wp:attachment":[{"href":"https:\/\/regiontatry.sk\/pl\/wp-json\/wp\/v2\/media?parent=2576"}],"curies":[{"name":"wp","href":"https:\/\/api.w.org\/{rel}","templated":true}]}}