{"id":2580,"date":"2018-08-23T15:40:19","date_gmt":"2018-08-23T13:40:19","guid":{"rendered":"http:\/\/regiontatry.creanet.sk\/turystyka\/vysokohorske-chaty\/"},"modified":"2024-10-12T22:10:08","modified_gmt":"2024-10-12T20:10:08","slug":"schroniska-gorskie","status":"publish","type":"page","link":"https:\/\/regiontatry.sk\/pl\/turystyka\/schroniska-gorskie\/","title":{"rendered":"Schroniska g\u00f3rskie"},"content":{"rendered":"\n<p>Wyrusz na szlaki turystyczne w Tatr Wysokich i odkryj <strong>13 schronisk g\u00f3rskich<\/strong>, gdzie podczas w\u0119dr\u00f3wek mo\u017cesz podziwia\u0107 widoki na przepi\u0119kne szczyty, rozleg\u0142e doliny oraz b\u0142\u0119kitne tatrza\u0144skie stawy.<\/p>\n\n\n\n<p>Schroniska s\u0105 idealnym miejscem na <strong>odpoczynek podczas wymagaj\u0105cych w\u0119dr\u00f3wek, gdzie mo\u017cna si\u0119 posili\u0107 lub przenocowa\u0107,<\/strong> z wyj\u0105tkiem Schroniska Rainera, kt\u00f3re jest najmniejszym schroniskiem w Tatrach Wysokich i oferuje jedynie mo\u017cliwo\u015b\u0107 posi\u0142ku.<\/p>\n\n\n\n<p><strong>Przez ca\u0142y rok mo\u017cesz odwiedzi\u0107 12 schronisk:<\/strong> Schronisko Bil\u00edka (s\u0142ow. Bil\u00edkova chata), Schronisko Rainera (Rainerova chata), Schronisko Zamkowskiego (Zamkovsk\u00e9ho chata), Schronisko T\u00e9ryego (T\u00e9ryho chata), Schronisko Zb\u00f3jnickie (Zb\u00f3jnicka chata), Schronisko \u0141omnickie (Skalnat\u00e1 chata), Schronisko nad Zielonym Stawem Kie\u017cmarskim (s\u0142ow. Chata pri Zelenom plese), Schronisko pod Szarotk\u0105 (s\u0142ow. Chata Plesnivec), Hotel G\u00f3rski \u015al\u0105ski Dom (s\u0142ow. Horsk\u00fd hotel Sliezsky dom),\u00a0\u00a0 Horsk\u00fd hotel Sliezsky dom, Schronisko Majlatha (s\u0142ow. Majl\u00e1thov\u00e1 chata), Schronisko nad Popradzkim Stawem (s\u0142ow. Chata pri Popradskom plese) i Schronisko pod Soliskiem (s\u0142ow. Chata pod Soliskom). <strong>Wyj\u0105tek stanowi Schronisko pod Rysami, kt\u00f3re jest otwarte jedynie w sezonie letnim od 1 czerwca do 31 pa\u017adziernika, w pozosta\u0142ych miesi\u0105cach obowi\u0105zuje zimowe zamkni\u0119cie szlak\u00f3w.<\/strong><\/p>\n\n\n\n<p>Wyj\u0105tkowo\u015b\u0107 schronisk g\u00f3rskich polega na tym, \u017ce s\u0105 one zaopatrywane przez <strong><a href=\"https:\/\/regiontatry.sk\/pl\/tatrzanscy-tragarze-swiatowy-unikat-tatr-wysokich\/\">tragarzy g\u00f3rskich,<\/a> <\/strong>co stanowi unikat na skal\u0119 \u015bwiatow\u0105.<\/p>\n\n\n\n<p>Je\u015bli chcesz prze\u017cy\u0107 niezapomnian\u0105 noc w schronisku po\u015br\u00f3d tatrza\u0144skiej przyrody, pami\u0119taj, aby zarezerwowa\u0107 sobie miejsce noclegowe z wyprzedzeniem \u2013 liczba miejsc noclegowych w domkach jest ograniczona.<\/p>\n","protected":false},"excerpt":{"rendered":"<p>Wyrusz na szlaki turystyczne w Tatr Wysokich i odkryj 13 schronisk g\u00f3rskich, gdzie podczas w\u0119dr\u00f3wek mo\u017cesz podziwia\u0107 widoki na przepi\u0119kne szczyty, rozleg\u0142e doliny oraz b\u0142\u0119kitne tatrza\u0144skie stawy. Schroniska s\u0105 idealnym miejscem na odpoczynek podczas wymagaj\u0105cych w\u0119dr\u00f3wek, gdzie mo\u017cna si\u0119 posili\u0107 lub przenocowa\u0107, z wyj\u0105tkiem Schroniska Rainera, kt\u00f3re jest najmniejszym schroniskiem w Tatrach Wysokich i oferuje [&hellip;]<\/p>\n","protected":false},"author":1,"featured_media":3663,"parent":1561,"menu_order":0,"comment_status":"closed","ping_status":"closed","template":"template-objects.php","meta":{"footnotes":""},"class_list":["post-2580","page","type-page","status-publish","has-post-thumbnail","hentry"],"_links":{"self":[{"href":"https:\/\/regiontatry.sk\/pl\/wp-json\/wp\/v2\/pages\/2580"}],"collection":[{"href":"https:\/\/regiontatry.sk\/pl\/wp-json\/wp\/v2\/pages"}],"about":[{"href":"https:\/\/regiontatry.sk\/pl\/wp-json\/wp\/v2\/types\/page"}],"author":[{"embeddable":true,"href":"https:\/\/regiontatry.sk\/pl\/wp-json\/wp\/v2\/users\/1"}],"replies":[{"embeddable":true,"href":"https:\/\/regiontatry.sk\/pl\/wp-json\/wp\/v2\/comments?post=2580"}],"version-history":[{"count":5,"href":"https:\/\/regiontatry.sk\/pl\/wp-json\/wp\/v2\/pages\/2580\/revisions"}],"predecessor-version":[{"id":9943929,"href":"https:\/\/regiontatry.sk\/pl\/wp-json\/wp\/v2\/pages\/2580\/revisions\/9943929"}],"up":[{"embeddable":true,"href":"https:\/\/regiontatry.sk\/pl\/wp-json\/wp\/v2\/pages\/1561"}],"wp:featuredmedia":[{"embeddable":true,"href":"https:\/\/regiontatry.sk\/pl\/wp-json\/wp\/v2\/media\/3663"}],"wp:attachment":[{"href":"https:\/\/regiontatry.sk\/pl\/wp-json\/wp\/v2\/media?parent=2580"}],"curies":[{"name":"wp","href":"https:\/\/api.w.org\/{rel}","templated":true}]}}