{"id":2589,"date":"2018-08-23T13:14:25","date_gmt":"2018-08-23T11:14:25","guid":{"rendered":"http:\/\/regiontatry.creanet.sk\/ubytovanie-a-specialne-ponuky\/co-je-tatry-card\/"},"modified":"2023-10-14T21:28:17","modified_gmt":"2023-10-14T19:28:17","slug":"co-to-jest-tatry-card","status":"publish","type":"page","link":"https:\/\/regiontatry.sk\/pl\/co-to-jest-tatry-card\/","title":{"rendered":"ODKRYJ I POZNAJ TATRY Z NOW\u0104 KART\u0104 RABATOW\u0104"},"content":{"rendered":"\n<div class=\"wp-block-image\"><figure class=\"alignright is-resized\"><img loading=\"lazy\" decoding=\"async\" src=\"https:\/\/regiontatry.sk\/wp-content\/uploads\/2023\/07\/tatry-card-ruka.jpg\" alt=\"\" class=\"wp-image-9169287\" width=\"282\" height=\"250\" srcset=\"https:\/\/regiontatry.sk\/wp-content\/uploads\/2023\/07\/tatry-card-ruka.jpg 916w, https:\/\/regiontatry.sk\/wp-content\/uploads\/2023\/07\/tatry-card-ruka-300x266.jpg 300w, https:\/\/regiontatry.sk\/wp-content\/uploads\/2023\/07\/tatry-card-ruka-768x682.jpg 768w, https:\/\/regiontatry.sk\/wp-content\/uploads\/2023\/07\/tatry-card-ruka-698x620.jpg 698w, https:\/\/regiontatry.sk\/wp-content\/uploads\/2023\/07\/tatry-card-ruka-552x490.jpg 552w\" sizes=\"(max-width: 282px) 100vw, 282px\" \/><\/figure><\/div>\n\n\n\n<p><strong>Regionalna karta rabatowa TATRY Card <\/strong>jest kluczem do niezapomnianych prze\u017cy\u0107 w Tatrach Wysokich, dzi\u0119ki kt\u00f3rej mo\u017cna \u201eposmakowa\u0107\u201d i spr\u00f3bowa\u0107 r\u00f3\u017cnorodnych atrakcji oferowanych przez nasz region. <\/p>\n\n\n\n<p>Cena TATRY Card obejmuje tak\u017ce ekologiczne i nieograniczone podr\u00f3\u017cowanie po Tatrach Wysokich wszystkimi poci\u0105gami Kolei S\u0142owackiej (ZSSK) <strong>na trasach Tatrza\u0144skiej Kolei Elektrycznej \u2013 TE\u017d<\/strong>,\u00a0Kolei z\u0119batej oraz na trasie Poprad-Tatry \u2013 Studen\u00fd Potok \u2013 Tatransk\u00e1 Lomnica, gdzie karta\u00a0<strong>TATRY Card s\u0142u\u017cy jako bilet <\/strong>przez ca\u0142y czas wa\u017cno\u015bci karty. Na \u017c\u0105danie kontrolera ZSSK posiadacz TatryCard ma obowi\u0105zek okaza\u0107 wraz z kart\u0105 TatryCard tak\u017ce wa\u017cny dokument to\u017csamo\u015bci. <\/p>\n\n\n\n<p><\/p>\n\n\n\n<hr class=\"wp-block-separator\"\/>\n\n\n\n<h2 class=\"wp-block-heading\"><em>TIPY  TATRY CARD<\/em><\/h2>\n\n\n\n<div class=\"wp-block-image\"><figure class=\"aligncenter\"><img loading=\"lazy\" decoding=\"async\" width=\"724\" height=\"1024\" src=\"https:\/\/regiontatry.sk\/wp-content\/uploads\/2023\/07\/tipy-tatry-card-1-724x1024.jpg\" alt=\"\" class=\"wp-image-9169314\" srcset=\"https:\/\/regiontatry.sk\/wp-content\/uploads\/2023\/07\/tipy-tatry-card-1-724x1024.jpg 724w, https:\/\/regiontatry.sk\/wp-content\/uploads\/2023\/07\/tipy-tatry-card-1-212x300.jpg 212w, https:\/\/regiontatry.sk\/wp-content\/uploads\/2023\/07\/tipy-tatry-card-1-768x1086.jpg 768w, https:\/\/regiontatry.sk\/wp-content\/uploads\/2023\/07\/tipy-tatry-card-1-698x987.jpg 698w, https:\/\/regiontatry.sk\/wp-content\/uploads\/2023\/07\/tipy-tatry-card-1-552x781.jpg 552w, https:\/\/regiontatry.sk\/wp-content\/uploads\/2023\/07\/tipy-tatry-card-1.jpg 1190w\" sizes=\"(max-width: 724px) 100vw, 724px\" \/><\/figure><\/div>\n\n\n\n<h2 class=\"wp-block-heading\"><br><\/h2>\n\n\n<h2 id=\"mce_18\" class=\"editor-rich-text__tinymce mce-content-body\" role=\"textbox\" contenteditable=\"true\" aria-label=\"Nap\u00ed\u0161te nadpis...\" aria-autocomplete=\"list\" aria-multiline=\"true\" data-is-placeholder-visible=\"false\"><span style=\"color: #33cccc;\"><em>CENNIK TATRY CARD<\/em><\/span><\/h2>\n\n\n<figure class=\"wp-block-image\"><img loading=\"lazy\" decoding=\"async\" width=\"834\" height=\"346\" src=\"https:\/\/regiontatry.sk\/wp-content\/uploads\/2023\/10\/cenn\u00edk-tatry-card-PL.jpg\" alt=\"\" class=\"wp-image-9305910\" srcset=\"https:\/\/regiontatry.sk\/wp-content\/uploads\/2023\/10\/cenn\u00edk-tatry-card-PL.jpg 834w, https:\/\/regiontatry.sk\/wp-content\/uploads\/2023\/10\/cenn\u00edk-tatry-card-PL-300x124.jpg 300w, https:\/\/regiontatry.sk\/wp-content\/uploads\/2023\/10\/cenn\u00edk-tatry-card-PL-768x319.jpg 768w, https:\/\/regiontatry.sk\/wp-content\/uploads\/2023\/10\/cenn\u00edk-tatry-card-PL-698x290.jpg 698w, https:\/\/regiontatry.sk\/wp-content\/uploads\/2023\/10\/cenn\u00edk-tatry-card-PL-552x229.jpg 552w\" sizes=\"(max-width: 834px) 100vw, 834px\" \/><\/figure>\n\n\n\n<p><strong><em>Uwaga:<\/em>\u00a0\u00a0\u00a0\u00a0<\/strong><em>ulgowa karta TATRY CARD przeznaczona jest dla klient\u00f3w w okre\u015blonym wieku (do 16 lat i od 62 lat), kt\u00f3rzy nie musz\u0105 si\u0119 rejestrowa\u0107, aby uzyska\u0107 100% zni\u017cki na przejazdy, a tym samym mog\u0105 podr\u00f3\u017cowa\u0107 kolej\u0105 po Tatrach w ni\u017cszej cenie bez konieczno\u015bci rejestracji.<\/em> <br><em>*\u00a0 mo\u017cliwo\u015b\u0107 zakupu i wa\u017cno\u015b\u0107 TATRY CARD jest powi\u0105zana z zakontraktowanymi obiektami noclegowymi\u00a0<\/em><a href=\"https:\/\/tatrycard.tatry.sk\/distribucne-miesta\">https:\/\/tatrycard.tatry.sk\/distribucne-miesta<\/a> <\/p>\n\n\n\n<hr class=\"wp-block-separator\"\/>\n\n\n\n<h2 class=\"wp-block-heading\"><br><em>JAK ZDOBY\u0106<\/em> <em>TATRY CARD?<\/em><\/h2>\n\n\n\n<p>Swoj\u0105 osobist\u0105 regionaln\u0105 kart\u0119 rabatow\u0105 mo\u017cesz\u00a0zakupi\u0107 w obiekcie noclegowym. TATRY Card obowi\u0105zuje podczas pobytu po dokonaniu aktywacji przez maksymalnie 3 noce (4 dni) lub 6 nocy (7 dni).\u00a0Je\u015bli pobyt w Tatrach jest d\u0142u\u017cszy, kwaterodawca aktywuje Ci now\u0105 kart\u0119 za tak\u0105 sam\u0105 op\u0142at\u0105. W recepcji hotelu otrzymasz unikalny kod QR, kt\u00f3ry s\u0142u\u017cy do pobrania karty cyfrowej na twojego smartfona. Jak korzysta\u0107 ze zni\u017cek z TATRY Card? Aby m\u00f3c korzysta\u0107 ze zni\u017cek nale\u017cy pobra\u0107 kart\u0119 cyfrow\u0105 na swojego smartfona. W zale\u017cno\u015bci od swojego wyboru mo\u017cesz pobra\u0107 na telefon kupon uprawniaj\u0105cy do danego rabatu.<\/p>\n\n\n\n<h2 class=\"wp-block-heading\"><br><em>GDZIE MO\u017bNA ZDOBY\u0106 TATRY CAR<\/em><\/h2>\n\n\n\n<p>TATRY CARD jest sprzedawana go\u015bciom odwiedzaj\u0105cym Tatry Wysokie:<br>     <strong>\u2013 powi\u0105zana z zakwaterowaniem:<\/strong> aktywacja karty TATRY CARD w    <br>        partnerskich obiektach noclegowych Stowarzyszenia Turystycznego   <br>        Tatry Wysokie (Zdru\u017eenie cestovn\u00e9ho ruchu Vysok\u00e9 Tatry &#8211; ZCR VT)<br>     <strong>\u2013 bez powi\u0105zania z zakwaterowaniem:\u00a0<\/strong>klient aktywuje TATRY CARD  <br>        przez <a rel=\"noreferrer noopener\" href=\"https:\/\/tatrycard.tatry.sk\/\" target=\"_blank\">e-shop TATRY CARD<\/a>.<\/p>\n\n\n\n<p><strong><em>Now\u0105 kart\u0119 TATRY CARD mo\u017cna naby\u0107 w Tatrza\u0144skim Biurze Informacji Turystycznej<\/em><\/strong>:<br>     <strong>\u2013 Stary Smokowiec\u00a0<\/strong>\u2013 Star\u00fd Smokovec 23 \u2013 Budynek G\u00f3rskiego Pogotowia <br>        Ratunkowego (HZS), Tatry Wysokie<br>     <strong>\u2013 Tatrza\u0144ska \u0141omnica <\/strong>\u2013 Tatransk\u00e1 Lomnica 98, Tatry Wysokie<br>     \u2013 Kart\u0119 mo\u017cna tak\u017ce kupi\u0107 w <strong>wybranych plac\u00f3wkach<\/strong>, kt\u00f3rych list\u0119  <br>        znajdziesz <a rel=\"noreferrer noopener\" href=\"https:\/\/tatrycard.tatry.sk\/distribucne-miesta\" target=\"_blank\"><strong>T<\/strong><\/a><strong>UTAJ<\/strong>\u00a0lub online\u00a0<a rel=\"noreferrer noopener\" href=\"https:\/\/tatrycard.tatry.sk\/sk\/eshop\/product\" target=\"_blank\"><strong>TUTAJ<\/strong><\/a>!<\/p>\n\n\n\n<p>TATRY CARD mo\u017cna \u0142atwo pobra\u0107 na swojego smartfona (Android, iPhone).<\/p>\n\n\n\n<hr class=\"wp-block-separator\"\/>\n\n\n\n<h3 class=\"wp-block-heading\"><strong><em>KARTA CYFROWA <\/em><\/strong><\/h3>\n\n\n\n<p>Cyfrowa karta cz\u0142onkowska wykorzystuje mo\u017cliwo\u015bci technologiczne mobilnego portfela. Mobilny portfel to og\u00f3lne okre\u015blenie natywnych aplikacji \u201eApple Wallet\u201d i \u201eGoogle Wallet\u201d wbudowanych we wszystkie urz\u0105dzenia z systemem iOS i Android. Chocia\u017c us\u0142ugi Apple Wallet i Google Wallet\/Pay s\u0105 najbardziej znane ze wzgl\u0119du na przechowywanie kart p\u0142atniczych i umo\u017cliwianie zbli\u017ceniowych p\u0142atno\u015bci mobilnych, oferuj\u0105 one znacznie wi\u0119cej ni\u017c tylko mo\u017cliwo\u015b\u0107 dokonywania p\u0142atno\u015bci cyfrowych. <\/p>\n\n\n\n<h3 class=\"wp-block-heading\"><strong><em>JAK POBRA\u0106 KART\u0118 CYFROW\u0104 NA SWOJEGO SMARTFONA?<\/em><\/strong><\/h3>\n\n\n<p><img loading=\"lazy\" decoding=\"async\" class=\" wp-image-9211988 alignright\" src=\"https:\/\/regiontatry.sk\/wp-content\/uploads\/2023\/08\/digit\u00e1lna-karta-198x300.png\" alt=\"\" width=\"302\" height=\"457\" \/><\/p>\n<p>Po wykupieniu cz\u0142onkostwa lub zarejestrowaniu si\u0119 w programie cz\u0142onkowskim otrzymasz e-mail zawieraj\u0105cy cyfrow\u0105 kart\u0119 cz\u0142onkowsk\u0105 oraz dane dost\u0119powe do Twojego profilu w systemie. Kart\u0119 mo\u017cesz zapisa\u0107 w swoim portfelu mobilnym w bardzo prosty spos\u00f3b za pomoc\u0105 kilku klikni\u0119\u0107.<\/p>\n<h4>Pobieranie karty cyfrowej<\/h4>\n<ul>\n<li style=\"list-style-type: none;\">\n<ul id=\"mce_59\" class=\"editor-rich-text__tinymce mce-content-body\" style=\"list-style-type: square;\" role=\"textbox\" contenteditable=\"true\" aria-label=\"Nap\u00ed\u0161te zoznam...\" aria-autocomplete=\"list\" aria-multiline=\"true\" data-is-placeholder-visible=\"false\">\n<li>Za pomoc\u0105 przycisku \u201ePobierz kart\u0119 cyfrow\u0105\u201d<\/li>\n<li>Poprzez zeskanowanie kodu QR<\/li>\n<li>Po zalogowaniu si\u0119 na swoje konto<\/li>\n<\/ul>\n<\/li>\n<\/ul>\n<p>W wiadomo\u015bci e-mail, po klikni\u0119ciu na przycisk Pobierz kart\u0119 lub po zeskanowaniu kodu QR, na ekranie telefonu pojawi si\u0119 Twoja karta. W zale\u017cno\u015bci od typu telefonu poszukaj opcji Zapisz lub Dodaj kart\u0119 do portfela. Kliknij na to. Je\u015bli w trakcie zapisywania karty telefon zapyta Ci\u0119 o w\u0142\u0105czenie powiadomie\u0144, zezw\u00f3l na to, aby\u015bmy mogli przysy\u0142a\u0107 Ci wa\u017cne wiadomo\u015bci. Je\u015bli w przysz\u0142o\u015bci zmienisz telefon, kod QR umo\u017cliwiaj\u0105cy pobranie karty cz\u0142onkowskiej znajdziesz w swoim profilu i po prostu pobierzesz kart\u0119 ponownie.<\/p>\n<p><br \/><!--StartFragment--><\/p>\n<figure class=\"wp-block-image is-resized\"><\/figure>\n\n\n<h2 class=\"wp-block-heading\"><strong>ZALETY KORZYSTANIA Z KARTY CYFROWEJ<\/strong><br><\/h2>\n\n\n<p><strong> <img loading=\"lazy\" decoding=\"async\" class=\"alignleft\" src=\"https:\/\/paysy.s3.eu-central-1.amazonaws.com\/paysy\/zdruzenie-cestovneho-ruchu-vysoke-tatry\/files\/dec63d6d831c4d1eb9536c5375fb9da6.png\" width=\"56\" height=\"56\" \/><\/strong><\/p>\n<p><strong>Aktualne informacje<\/strong><\/p>\n<p>Karta cyfrowa jest aktualizowana automatycznie. Dzi\u0119ki temu za ka\u017cdym razem, gdy j\u0105 otworzysz, znajdziesz aktualne informacje, aktualne benefity i wszystko, co wa\u017cne z naszej spo\u0142eczno\u015bci. Kart\u0119 mo\u017cesz sam zaktualizowa\u0107 r\u0119cznie, poci\u0105gaj\u0105c w d\u00f3\u0142.<img loading=\"lazy\" decoding=\"async\" class=\" wp-image-9212103 alignright\" src=\"https:\/\/regiontatry.sk\/wp-content\/uploads\/2023\/08\/mobil-tatry-card-156x300.png\" alt=\"\" width=\"239\" height=\"460\" \/><\/p>\n<p><strong><img loading=\"lazy\" decoding=\"async\" class=\"alignleft\" src=\"https:\/\/paysy.s3.eu-central-1.amazonaws.com\/paysy\/zdruzenie-cestovneho-ruchu-vysoke-tatry\/files\/27c37a75e5944cc88ece763603cea03b.png\" width=\"54\" height=\"54\" \/><\/strong><\/p>\n<p><strong>Wiele korzy\u015bci<br \/><\/strong>Dzi\u0119ki karcie cyfrowej masz wszystkie benefity w jednym miejscu &#8211; w swoim mobilnym portfelu. Nie tylko masz je wy\u015bwietlone, ale tak\u017ce mo\u017cesz z nich dzi\u0119ki karcie skorzysta\u0107.<\/p>\n<p><strong><img loading=\"lazy\" decoding=\"async\" class=\"alignleft\" src=\"https:\/\/paysy.s3.eu-central-1.amazonaws.com\/paysy\/zdruzenie-cestovneho-ruchu-vysoke-tatry\/files\/360edfcfa3bc4e5fbc4ccae2be926b23.png\" width=\"56\" height=\"56\" \/><\/strong><\/p>\n<p><strong>\u0141atwa w u\u017cyciu<br \/><\/strong>Swoj\u0105 cyfrow\u0105 kart\u0119 cz\u0142onkowsk\u0105 znajdziesz w aplikacji portfela mobilnego (Wallet). Je\u015bli potrzebujesz zidentyfikowa\u0107 si\u0119 jako cz\u0142onek spo\u0142eczno\u015bci, u\u017cyj kodu QR. Je\u015bli chcesz uzyska\u0107 aktualne informacje, zajrzyj na tyln\u0105 stron\u0119 karty. Je\u015bli przez przypadek usuniesz kart\u0119 lub zmienisz telefon, mo\u017cesz \u0142atwo pobra\u0107 j\u0105 ponownie ze swojego profilu w systemie Memberyo.<\/p>\n<p><strong><img loading=\"lazy\" decoding=\"async\" class=\"alignleft\" src=\"https:\/\/paysy.s3.eu-central-1.amazonaws.com\/paysy\/zdruzenie-cestovneho-ruchu-vysoke-tatry\/files\/9afdd30514194015931032a1f6365a61.png\" width=\"55\" height=\"55\" \/><\/strong><\/p>\n<p><strong>Zni\u017cki u partner\u00f3w<br \/><\/strong>Dzi\u0119ki karcie cz\u0142onkowskiej mo\u017cesz \u0142atwo czerpa\u0107 korzy\u015bci w ramach programu cz\u0142onkowskiego. Niezale\u017cnie od tego, czy s\u0105 to zni\u017cki, bilety wst\u0119pu albo specjalne kupony od partner\u00f3w w programie cz\u0142onkowskim<\/p>\n\n\n<hr class=\"wp-block-separator\"\/>\n\n\n\n<p>Regionalna karta rabatowa TATRY CARD jest kluczem do ta\u0144szego urlopu pe\u0142nego wra\u017ce\u0144.\u00a0<strong>Tylko dzi\u0119ki TATRY CARD zyskasz szereg zni\u017cek nawet do 25 % na wybrane us\u0142ugi w Regionie Tatr Wysokich.<\/strong><\/p>\n\n\n<h1>Wi\u0119cej o TATRY CARD i mo\u017cliwo\u015bciach zakupu:\u00a0<a href=\"https:\/\/www.tatry.sk\/tatrycard\/\">TUTAJ<\/a><\/h1>\n\n\n<figure class=\"wp-block-image\"><img loading=\"lazy\" decoding=\"async\" width=\"1024\" height=\"726\" src=\"https:\/\/regiontatry.sk\/wp-content\/uploads\/2023\/08\/TATRY-CARD-banner-1024x726.jpg\" alt=\"\" class=\"wp-image-9212163\" srcset=\"https:\/\/regiontatry.sk\/wp-content\/uploads\/2023\/08\/TATRY-CARD-banner-1024x726.jpg 1024w, https:\/\/regiontatry.sk\/wp-content\/uploads\/2023\/08\/TATRY-CARD-banner-300x213.jpg 300w, https:\/\/regiontatry.sk\/wp-content\/uploads\/2023\/08\/TATRY-CARD-banner-768x545.jpg 768w, https:\/\/regiontatry.sk\/wp-content\/uploads\/2023\/08\/TATRY-CARD-banner-1705x1209.jpg 1705w, https:\/\/regiontatry.sk\/wp-content\/uploads\/2023\/08\/TATRY-CARD-banner-698x495.jpg 698w, https:\/\/regiontatry.sk\/wp-content\/uploads\/2023\/08\/TATRY-CARD-banner-552x392.jpg 552w, https:\/\/regiontatry.sk\/wp-content\/uploads\/2023\/08\/TATRY-CARD-banner.jpg 1748w\" sizes=\"(max-width: 1024px) 100vw, 1024px\" \/><\/figure>\n\n\n\n<h4 class=\"wp-block-heading\"><strong>Operatorem TatryCard jest \u00a0<\/strong><a href=\"https:\/\/www.tatry.sk\/\">Zdru\u017eenie cestovn\u00e9ho ruchu Vysok\u00e9 Tatry.<\/a><\/h4>\n\n\n\n<p>Wszelkie pytania, sugestie i uwagi prosimy kierowa\u0107 na adres e-mail: <strong> <a rel=\"noreferrer noopener\" href=\"http:\/\/www.tatry.sk\/\" target=\"_blank\">tatry@tatry.sk,<\/a><\/strong> <br><strong>+421 903 406 800<\/strong> <br><\/p>\n\n\n\n<div class=\"wp-block-columns has-5-columns is-layout-flex wp-container-core-columns-is-layout-1 wp-block-columns-is-layout-flex\">\n<div class=\"wp-block-column is-layout-flow wp-block-column-is-layout-flow\">\n<div class=\"wp-block-image\"><figure class=\"aligncenter is-resized\"><img loading=\"lazy\" decoding=\"async\" src=\"https:\/\/regiontatry.sk\/wp-content\/uploads\/2021\/07\/Vysoke-Tatry-region-logo-830x1024.png\" alt=\"\" width=\"181\" height=\"260\"\/><\/figure><\/div>\n<\/div>\n\n\n\n<div class=\"wp-block-column is-layout-flow wp-block-column-is-layout-flow\">\n<p><\/p>\n<\/div>\n\n\n\n<div class=\"wp-block-column is-layout-flow wp-block-column-is-layout-flow\">\n<div class=\"wp-block-image\"><figure class=\"aligncenter is-resized\"><img loading=\"lazy\" decoding=\"async\" src=\"https:\/\/regiontatry.sk\/wp-content\/uploads\/2021\/07\/ZCR_logo_300dpi-1024x808.jpg\" alt=\"Tento obr\u00e1zok nem\u00e1 vyplnen\u00fd ALT popisok, jeho n\u00e1zov je ZCR_logo_300dpi-1024x808.jpg\" width=\"261\" height=\"206\"\/><\/figure><\/div>\n<\/div>\n\n\n\n<div class=\"wp-block-column is-layout-flow wp-block-column-is-layout-flow\">\n<p><\/p>\n<\/div>\n\n\n\n<div class=\"wp-block-column is-layout-flow wp-block-column-is-layout-flow\">\n<figure class=\"wp-block-image is-resized\"><img loading=\"lazy\" decoding=\"async\" src=\"https:\/\/regiontatry.sk\/wp-content\/uploads\/2023\/07\/visit-tatry.png\" alt=\"\" class=\"wp-image-9169354\" width=\"417\" height=\"198\"\/><\/figure>\n<\/div>\n<\/div>\n\n\n<p><!--EndFragment--><br>\n<br>\n<\/p>","protected":false},"excerpt":{"rendered":"<p>Regionalna karta rabatowa TATRY Card jest kluczem do niezapomnianych prze\u017cy\u0107 w Tatrach Wysokich, dzi\u0119ki kt\u00f3rej mo\u017cna \u201eposmakowa\u0107\u201d i spr\u00f3bowa\u0107 r\u00f3\u017cnorodnych atrakcji oferowanych przez nasz region. Cena TATRY Card obejmuje tak\u017ce ekologiczne i nieograniczone podr\u00f3\u017cowanie po Tatrach Wysokich wszystkimi poci\u0105gami Kolei S\u0142owackiej (ZSSK) na trasach Tatrza\u0144skiej Kolei Elektrycznej \u2013 TE\u017d,\u00a0Kolei z\u0119batej oraz na trasie Poprad-Tatry \u2013 [&hellip;]<\/p>\n","protected":false},"author":1,"featured_media":0,"parent":0,"menu_order":0,"comment_status":"closed","ping_status":"closed","template":"template-simple-page.php","meta":{"footnotes":""},"class_list":["post-2589","page","type-page","status-publish","hentry"],"_links":{"self":[{"href":"https:\/\/regiontatry.sk\/pl\/wp-json\/wp\/v2\/pages\/2589"}],"collection":[{"href":"https:\/\/regiontatry.sk\/pl\/wp-json\/wp\/v2\/pages"}],"about":[{"href":"https:\/\/regiontatry.sk\/pl\/wp-json\/wp\/v2\/types\/page"}],"author":[{"embeddable":true,"href":"https:\/\/regiontatry.sk\/pl\/wp-json\/wp\/v2\/users\/1"}],"replies":[{"embeddable":true,"href":"https:\/\/regiontatry.sk\/pl\/wp-json\/wp\/v2\/comments?post=2589"}],"version-history":[{"count":40,"href":"https:\/\/regiontatry.sk\/pl\/wp-json\/wp\/v2\/pages\/2589\/revisions"}],"predecessor-version":[{"id":9305922,"href":"https:\/\/regiontatry.sk\/pl\/wp-json\/wp\/v2\/pages\/2589\/revisions\/9305922"}],"wp:attachment":[{"href":"https:\/\/regiontatry.sk\/pl\/wp-json\/wp\/v2\/media?parent=2589"}],"curies":[{"name":"wp","href":"https:\/\/api.w.org\/{rel}","templated":true}]}}