{"id":2609,"date":"2018-08-24T14:06:41","date_gmt":"2018-08-24T12:06:41","guid":{"rendered":"http:\/\/regiontatry.creanet.sk\/zimne-vylety\/zimna-turistika\/"},"modified":"2024-12-16T09:44:08","modified_gmt":"2024-12-16T08:44:08","slug":"zimowa-turystyka-gorska","status":"publish","type":"page","link":"https:\/\/regiontatry.sk\/pl\/zimowe-wycieczki\/zimowa-turystyka-gorska\/","title":{"rendered":"Zimowa turystyka g\u00f3rska"},"content":{"rendered":"\n<p>Zimowy klimat Tatr Wysokich to nie tylko narty. W wysokich partiach g\u00f3r wytyczono oko\u0142o <strong>20 km szlak\u00f3w turystycznych<\/strong>, zatem tury\u015bci mog\u0105 w pe\u0142ni korzysta\u0107 z zimowego wypoczynku.<\/p>\n\n\n\n<p>Sezonowe zamkni\u0119cie wybranych szlak\u00f3w turystycznych w <strong>Tatrach Wysokich trwa od 1 listopada do 14 czerwca<\/strong>. W tym czasie przyroda i zwierz\u0119ta korzystaj\u0105 z zimowego wypoczynku. Przede wszystkim wy\u017csze \u015bcie\u017cki, siod\u0142a i tarcze s\u0105 zamkni\u0119te. Jednak wszystkie szlaki prowadz\u0105ce do schronisk s\u0105 otwarte przez ca\u0142y rok, z wyj\u0105tkiem Chaty pod Rysami.<\/p>\n\n\n\n<p>Turystyka zimowa r\u00f3\u017cni si\u0119 oczywi\u015bcie od letniej,\nzw\u0142aszcza pod wzgl\u0119dem wymog\u00f3w co do sprz\u0119tu i do\u015bwiadczenia.<\/p>\n\n\n\n<p><strong>Najwa\u017cniejsze rzeczy, o kt\u00f3rych trzeba pami\u0119ta\u0107 przed\nwyj\u015bciem w g\u00f3ry:<\/strong><\/p>\n\n\n\n<ul class=\"wp-block-list\">\n<li>Sprawd\u017a pogod\u0119, aktualn\u0105 sytuacj\u0119 \u015bniegow\u0105 i<br>     ostrze\u017cenia (Biuro Informacji Turystycznej, G\u00f3rskie Pogotowie Ratunkowe)<\/li>\n\n\n\n<li>Spakuj sprz\u0119t zimowy dostosowany do aktualnej<br>     sytuacji i naucz si\u0119 go u\u017cywa\u0107 \u2013 kijki, raki turystyczne, czekan<br>     ewentualnie sprz\u0119t lawinowy<\/li>\n\n\n\n<li>Wykup ubezpieczenie g\u00f3rskie i wpisz si\u0119 do<br>     ksi\u0119gi wyj\u015b\u0107 w obiekcie noclegowym, poinformuj o zaplanowanej trasie<br>     swoich bliskich<\/li>\n<\/ul>\n\n\n\n<p><strong>Mapa ca\u0142orocznych szlak\u00f3w<br>turystycznych, kt\u00f3re nadaj\u0105 si\u0119 r\u00f3wnie\u017c do uprawiania turystyki zimowej<\/strong><\/p>\n\n\n\n<figure class=\"wp-block-gallery has-nested-images columns-default is-cropped wp-block-gallery-2 is-layout-flex wp-block-gallery-is-layout-flex\">\n<figure data-wp-context=\"{&quot;uploadedSrc&quot;:&quot;https:\\\/\\\/regiontatry.sk\\\/wp-content\\\/uploads\\\/2024\\\/10\\\/Zimna-turistika-mapa-2024-1.jpg&quot;,&quot;figureClassNames&quot;:&quot;wp-block-image size-large&quot;,&quot;figureStyles&quot;:null,&quot;imgClassNames&quot;:&quot;wp-image-9952524&quot;,&quot;imgStyles&quot;:null,&quot;targetWidth&quot;:1754,&quot;targetHeight&quot;:1240,&quot;scaleAttr&quot;:false,&quot;ariaLabel&quot;:&quot;Powi\\u0119ksz obrazek&quot;,&quot;alt&quot;:&quot;&quot;}\" data-wp-interactive=\"core\/image\" class=\"wp-block-image size-large wp-lightbox-container\"><img loading=\"lazy\" decoding=\"async\" width=\"1024\" height=\"724\" data-wp-init=\"callbacks.setButtonStyles\" data-wp-on-async--click=\"actions.showLightbox\" data-wp-on-async--load=\"callbacks.setButtonStyles\" data-wp-on-async-window--resize=\"callbacks.setButtonStyles\" data-id=\"9952524\" src=\"https:\/\/regiontatry.sk\/wp-content\/uploads\/2024\/10\/Zimna-turistika-mapa-2024-1-1024x724.jpg\" alt=\"\" class=\"wp-image-9952524\" srcset=\"https:\/\/regiontatry.sk\/wp-content\/uploads\/2024\/10\/Zimna-turistika-mapa-2024-1-1024x724.jpg 1024w, https:\/\/regiontatry.sk\/wp-content\/uploads\/2024\/10\/Zimna-turistika-mapa-2024-1-300x212.jpg 300w, https:\/\/regiontatry.sk\/wp-content\/uploads\/2024\/10\/Zimna-turistika-mapa-2024-1-768x543.jpg 768w, https:\/\/regiontatry.sk\/wp-content\/uploads\/2024\/10\/Zimna-turistika-mapa-2024-1-1536x1086.jpg 1536w, https:\/\/regiontatry.sk\/wp-content\/uploads\/2024\/10\/Zimna-turistika-mapa-2024-1-1705x1205.jpg 1705w, https:\/\/regiontatry.sk\/wp-content\/uploads\/2024\/10\/Zimna-turistika-mapa-2024-1-860x608.jpg 860w, https:\/\/regiontatry.sk\/wp-content\/uploads\/2024\/10\/Zimna-turistika-mapa-2024-1-698x493.jpg 698w, https:\/\/regiontatry.sk\/wp-content\/uploads\/2024\/10\/Zimna-turistika-mapa-2024-1-552x390.jpg 552w, https:\/\/regiontatry.sk\/wp-content\/uploads\/2024\/10\/Zimna-turistika-mapa-2024-1.jpg 1754w\" sizes=\"(max-width: 1024px) 100vw, 1024px\" \/><button\n\t\t\tclass=\"lightbox-trigger\"\n\t\t\ttype=\"button\"\n\t\t\taria-haspopup=\"dialog\"\n\t\t\taria-label=\"Powi\u0119ksz obrazek\"\n\t\t\tdata-wp-init=\"callbacks.initTriggerButton\"\n\t\t\tdata-wp-on-async--click=\"actions.showLightbox\"\n\t\t\tdata-wp-style--right=\"context.imageButtonRight\"\n\t\t\tdata-wp-style--top=\"context.imageButtonTop\"\n\t\t>\n\t\t\t<svg xmlns=\"http:\/\/www.w3.org\/2000\/svg\" width=\"12\" height=\"12\" fill=\"none\" viewBox=\"0 0 12 12\">\n\t\t\t\t<path fill=\"#fff\" d=\"M2 0a2 2 0 0 0-2 2v2h1.5V2a.5.5 0 0 1 .5-.5h2V0H2Zm2 10.5H2a.5.5 0 0 1-.5-.5V8H0v2a2 2 0 0 0 2 2h2v-1.5ZM8 12v-1.5h2a.5.5 0 0 0 .5-.5V8H12v2a2 2 0 0 1-2 2H8Zm2-12a2 2 0 0 1 2 2v2h-1.5V2a.5.5 0 0 0-.5-.5H8V0h2Z\" \/>\n\t\t\t<\/svg>\n\t\t<\/button><\/figure>\n\n\n\n<figure data-wp-context=\"{&quot;uploadedSrc&quot;:&quot;https:\\\/\\\/regiontatry.sk\\\/wp-content\\\/uploads\\\/2024\\\/10\\\/Zimna-turistika-mapa-2024-2.jpg&quot;,&quot;figureClassNames&quot;:&quot;wp-block-image size-large&quot;,&quot;figureStyles&quot;:null,&quot;imgClassNames&quot;:&quot;wp-image-9952531&quot;,&quot;imgStyles&quot;:null,&quot;targetWidth&quot;:1754,&quot;targetHeight&quot;:1240,&quot;scaleAttr&quot;:false,&quot;ariaLabel&quot;:&quot;Powi\\u0119ksz obrazek&quot;,&quot;alt&quot;:&quot;&quot;}\" data-wp-interactive=\"core\/image\" class=\"wp-block-image size-large wp-lightbox-container\"><img loading=\"lazy\" decoding=\"async\" width=\"1024\" height=\"724\" data-wp-init=\"callbacks.setButtonStyles\" data-wp-on-async--click=\"actions.showLightbox\" data-wp-on-async--load=\"callbacks.setButtonStyles\" data-wp-on-async-window--resize=\"callbacks.setButtonStyles\" data-id=\"9952531\" src=\"https:\/\/regiontatry.sk\/wp-content\/uploads\/2024\/10\/Zimna-turistika-mapa-2024-2-1024x724.jpg\" alt=\"\" class=\"wp-image-9952531\" srcset=\"https:\/\/regiontatry.sk\/wp-content\/uploads\/2024\/10\/Zimna-turistika-mapa-2024-2-1024x724.jpg 1024w, https:\/\/regiontatry.sk\/wp-content\/uploads\/2024\/10\/Zimna-turistika-mapa-2024-2-300x212.jpg 300w, https:\/\/regiontatry.sk\/wp-content\/uploads\/2024\/10\/Zimna-turistika-mapa-2024-2-768x543.jpg 768w, https:\/\/regiontatry.sk\/wp-content\/uploads\/2024\/10\/Zimna-turistika-mapa-2024-2-1536x1086.jpg 1536w, https:\/\/regiontatry.sk\/wp-content\/uploads\/2024\/10\/Zimna-turistika-mapa-2024-2-1705x1205.jpg 1705w, https:\/\/regiontatry.sk\/wp-content\/uploads\/2024\/10\/Zimna-turistika-mapa-2024-2-860x608.jpg 860w, https:\/\/regiontatry.sk\/wp-content\/uploads\/2024\/10\/Zimna-turistika-mapa-2024-2-698x493.jpg 698w, https:\/\/regiontatry.sk\/wp-content\/uploads\/2024\/10\/Zimna-turistika-mapa-2024-2-552x390.jpg 552w, https:\/\/regiontatry.sk\/wp-content\/uploads\/2024\/10\/Zimna-turistika-mapa-2024-2.jpg 1754w\" sizes=\"(max-width: 1024px) 100vw, 1024px\" \/><button\n\t\t\tclass=\"lightbox-trigger\"\n\t\t\ttype=\"button\"\n\t\t\taria-haspopup=\"dialog\"\n\t\t\taria-label=\"Powi\u0119ksz obrazek\"\n\t\t\tdata-wp-init=\"callbacks.initTriggerButton\"\n\t\t\tdata-wp-on-async--click=\"actions.showLightbox\"\n\t\t\tdata-wp-style--right=\"context.imageButtonRight\"\n\t\t\tdata-wp-style--top=\"context.imageButtonTop\"\n\t\t>\n\t\t\t<svg xmlns=\"http:\/\/www.w3.org\/2000\/svg\" width=\"12\" height=\"12\" fill=\"none\" viewBox=\"0 0 12 12\">\n\t\t\t\t<path fill=\"#fff\" d=\"M2 0a2 2 0 0 0-2 2v2h1.5V2a.5.5 0 0 1 .5-.5h2V0H2Zm2 10.5H2a.5.5 0 0 1-.5-.5V8H0v2a2 2 0 0 0 2 2h2v-1.5ZM8 12v-1.5h2a.5.5 0 0 0 .5-.5V8H12v2a2 2 0 0 1-2 2H8Zm2-12a2 2 0 0 1 2 2v2h-1.5V2a.5.5 0 0 0-.5-.5H8V0h2Z\" \/>\n\t\t\t<\/svg>\n\t\t<\/button><\/figure>\n<\/figure>\n\n\n\n<p>Otwarty szlak nie\noznacza, \u017ce \u200b\u200bjest on przygotowany i bezpieczny. Nale\u017cy zawsze bra\u0107 pod uwag\u0119\naktualn\u0105 sytuacj\u0119 i w\u0142asne mo\u017cliwo\u015bci oraz by\u0107 gotowym w ka\u017cdej chwili zawr\u00f3ci\u0107.<\/p>\n\n\n\n<p>Oficjalne informacje o\npowodach sezonowego zamkni\u0119cia szlak\u00f3w:<br>\n<em>Sezonowe zamkni\u0119cie wybranych szlak\u00f3w\nturystycznych w Tatrza\u0144skim Parku Narodowym trwa od 1 listopada do 14 czerwca.\nW tym okresie przyroda w Tatrach jest najbardziej zagro\u017cona. Jest to sezon rui\nkozic g\u00f3rskich, zwi\u0119kszonego ryzyka zagro\u017cenia spokoju i bezpiecze\u0144stwa kozic w\nods\u0142oni\u0119tych terenach lawinowych, czas ten obejmuje tak\u017ce wiosenny okres\ngniazdowania i wyl\u0119gania si\u0119 m\u0142odych kilku chronionych gatunk\u00f3w zwierz\u0105t.<\/em><\/p>\n\n\n\n<p>O Twoje bezpiecze\u0144stwo\nw g\u00f3rach dba<strong> G\u00f3rskie Pogotowie\nRatunkowe.<\/strong>&nbsp;W \u015brodowisku g\u00f3rskim bardzo wa\u017cne jest\nprzestrzeganie przepis\u00f3w obowi\u0105zuj\u0105cych w g\u00f3rach oraz instrukcji G\u00f3rskiego\nPogotowia Ratunkowego. Przed wyj\u015bciem na wycieczk\u0119 nale\u017cy sprawdzi\u0107<a href=\"https:\/\/www.hzs.sk\/\"> <strong>Informacje o aktualnych warunkach\npanuj\u0105cych w g\u00f3rach.<\/strong><\/a><\/p>\n\n\n\n<p>Jak orientowa\u0107 si\u0119 w terenie podczas zimowych w\u0119dr\u00f3wek? Na\nobszarach niezalesionych, oznakowania na kamieniach zast\u0119puj\u0105 znaki umieszczone\nna kijkach.<\/p>\n\n\n\n<p><strong>\u015anie\u017cna szopka przy schronisku Rainerova Chata, Wodospady Zimnej Wody, w\u0119dr\u00f3wki tatrza\u0144skimi dolinami czy romantyczny spacer w bajkowej zimowej scenerii <\/strong>\u2013 to tylko kilka przyk\u0142ad\u00f3w tego, jakie turystyczneatrakcje oferuje zima w Tatrach. Wystarczy wybra\u0107. <\/p>\n\n\n\n<p><strong><\/strong><\/p>\n\n\n\n<h4 class=\"wp-block-heading\"><br><\/h4>\n","protected":false},"excerpt":{"rendered":"<p>Zimowy klimat Tatr Wysokich to nie tylko narty. W wysokich partiach g\u00f3r wytyczono oko\u0142o 20 km szlak\u00f3w turystycznych, zatem tury\u015bci mog\u0105 w pe\u0142ni korzysta\u0107 z zimowego wypoczynku. Sezonowe zamkni\u0119cie wybranych szlak\u00f3w turystycznych w Tatrach Wysokich trwa od 1 listopada do 14 czerwca. W tym czasie przyroda i zwierz\u0119ta korzystaj\u0105 z zimowego wypoczynku. Przede wszystkim wy\u017csze [&hellip;]<\/p>\n","protected":false},"author":1,"featured_media":7252,"parent":1553,"menu_order":0,"comment_status":"closed","ping_status":"closed","template":"template-objects.php","meta":{"footnotes":""},"class_list":["post-2609","page","type-page","status-publish","has-post-thumbnail","hentry"],"_links":{"self":[{"href":"https:\/\/regiontatry.sk\/pl\/wp-json\/wp\/v2\/pages\/2609"}],"collection":[{"href":"https:\/\/regiontatry.sk\/pl\/wp-json\/wp\/v2\/pages"}],"about":[{"href":"https:\/\/regiontatry.sk\/pl\/wp-json\/wp\/v2\/types\/page"}],"author":[{"embeddable":true,"href":"https:\/\/regiontatry.sk\/pl\/wp-json\/wp\/v2\/users\/1"}],"replies":[{"embeddable":true,"href":"https:\/\/regiontatry.sk\/pl\/wp-json\/wp\/v2\/comments?post=2609"}],"version-history":[{"count":16,"href":"https:\/\/regiontatry.sk\/pl\/wp-json\/wp\/v2\/pages\/2609\/revisions"}],"predecessor-version":[{"id":10048031,"href":"https:\/\/regiontatry.sk\/pl\/wp-json\/wp\/v2\/pages\/2609\/revisions\/10048031"}],"up":[{"embeddable":true,"href":"https:\/\/regiontatry.sk\/pl\/wp-json\/wp\/v2\/pages\/1553"}],"wp:featuredmedia":[{"embeddable":true,"href":"https:\/\/regiontatry.sk\/pl\/wp-json\/wp\/v2\/media\/7252"}],"wp:attachment":[{"href":"https:\/\/regiontatry.sk\/pl\/wp-json\/wp\/v2\/media?parent=2609"}],"curies":[{"name":"wp","href":"https:\/\/api.w.org\/{rel}","templated":true}]}}