{"id":2749,"date":"2018-08-30T16:19:11","date_gmt":"2018-08-30T14:19:11","guid":{"rendered":"http:\/\/regiontatry.creanet.sk\/rodzina-i-dzieci-summer\/clnkovanie-na-strbskom-plese\/"},"modified":"2024-08-19T22:37:58","modified_gmt":"2024-08-19T20:37:58","slug":"plywanie-lodka","status":"publish","type":"page","link":"https:\/\/regiontatry.sk\/pl\/turystyka\/plywanie-lodka\/","title":{"rendered":"P\u0142ywanie \u0142\u00f3dk\u0105 po Jeziorze Szczyrbskim"},"content":{"rendered":"\n<p>Do\nnajbardziej nostalgicznych i ulubionych atrakcji w Tatrach nale\u017cy<strong> P\u0141YWANIE \u0141\u00d3DK\u0104 PO JEZIORZE SZCZYRBSKIM.<\/strong>\nAtrakcj\u0119 posiadaj\u0105c\u0105 <strong>130-letni\u0105<\/strong> tradycj\u0119 udost\u0119pniono ponownie w Tatrach\nWysokich w 2008 roku, po prawie 25 latach przerwy.<\/p>\n\n\n\n<p>Dzi\u0119ki\ntemu tury\u015bci podczas p\u0142ywania \u0142\u00f3dk\u0105 mog\u0105 podziwia\u0107 przepi\u0119kne widoki na Solisko\ni&nbsp;cieszy\u0107 si\u0119 z p\u0142ywania po tym wyj\u0105tkowym unikacie, kt\u00f3ry walczy\u0142\no&nbsp;miano jednego z siedmiu cud\u00f3w \u015bwiata.<\/p>\n\n\n\n<p>Do\ndyspozycji jest 18 drewnianych \u0142\u00f3dek i 1 sportowa, kt\u00f3re przycumowane s\u0105 przy\nnowo wybudowanym molo, z kt\u00f3rego mo\u017cna podziwia\u0107 przepi\u0119kne widoki na\ntatrza\u0144skie szczyty. Wyj\u0105tkowym prze\u017cyciem mo\u017ce by\u0107 tak\u017ce mo\u017cliwo\u015b\u0107\nskorzystania z us\u0142ug prywatnego wio\u015blarza.<\/p>\n\n\n\n<figure class=\"wp-block-gallery has-nested-images columns-default is-cropped wp-block-gallery-2 is-layout-flex wp-block-gallery-is-layout-flex\">\n<figure class=\"wp-block-image\"><img loading=\"lazy\" decoding=\"async\" width=\"1024\" height=\"676\" data-id=\"9810668\" src=\"https:\/\/regiontatry.sk\/wp-content\/uploads\/2024\/07\/c-Marek-Hajkovsky-foto-VT-letna-kampan-2024_218-1024x676.jpg\" alt=\"\" class=\"wp-image-9810668\" srcset=\"https:\/\/regiontatry.sk\/wp-content\/uploads\/2024\/07\/c-Marek-Hajkovsky-foto-VT-letna-kampan-2024_218-1024x676.jpg 1024w, https:\/\/regiontatry.sk\/wp-content\/uploads\/2024\/07\/c-Marek-Hajkovsky-foto-VT-letna-kampan-2024_218-300x198.jpg 300w, https:\/\/regiontatry.sk\/wp-content\/uploads\/2024\/07\/c-Marek-Hajkovsky-foto-VT-letna-kampan-2024_218-768x507.jpg 768w, https:\/\/regiontatry.sk\/wp-content\/uploads\/2024\/07\/c-Marek-Hajkovsky-foto-VT-letna-kampan-2024_218-698x461.jpg 698w, https:\/\/regiontatry.sk\/wp-content\/uploads\/2024\/07\/c-Marek-Hajkovsky-foto-VT-letna-kampan-2024_218-552x364.jpg 552w, https:\/\/regiontatry.sk\/wp-content\/uploads\/2024\/07\/c-Marek-Hajkovsky-foto-VT-letna-kampan-2024_218.jpg 1400w\" sizes=\"(max-width: 1024px) 100vw, 1024px\" \/><\/figure>\n\n\n\n<figure class=\"wp-block-image\"><img loading=\"lazy\" decoding=\"async\" width=\"1024\" height=\"768\" data-id=\"9810681\" src=\"https:\/\/regiontatry.sk\/wp-content\/uploads\/2024\/07\/IMG_1896-1024x768.jpg\" alt=\"\" class=\"wp-image-9810681\" srcset=\"https:\/\/regiontatry.sk\/wp-content\/uploads\/2024\/07\/IMG_1896-1024x768.jpg 1024w, https:\/\/regiontatry.sk\/wp-content\/uploads\/2024\/07\/IMG_1896-300x225.jpg 300w, https:\/\/regiontatry.sk\/wp-content\/uploads\/2024\/07\/IMG_1896-768x576.jpg 768w, https:\/\/regiontatry.sk\/wp-content\/uploads\/2024\/07\/IMG_1896-1536x1152.jpg 1536w, https:\/\/regiontatry.sk\/wp-content\/uploads\/2024\/07\/IMG_1896-2048x1536.jpg 2048w, https:\/\/regiontatry.sk\/wp-content\/uploads\/2024\/07\/IMG_1896-1920x1440.jpg 1920w, https:\/\/regiontatry.sk\/wp-content\/uploads\/2024\/07\/IMG_1896-1705x1279.jpg 1705w, https:\/\/regiontatry.sk\/wp-content\/uploads\/2024\/07\/IMG_1896-698x524.jpg 698w, https:\/\/regiontatry.sk\/wp-content\/uploads\/2024\/07\/IMG_1896-552x414.jpg 552w\" sizes=\"(max-width: 1024px) 100vw, 1024px\" \/><\/figure>\n<\/figure>\n\n\n\n<p><strong>Wiecie, \u017ce?<\/strong><\/p>\n\n\n\n<p>W przesz\u0142o\u015bci zacz\u0119to p\u0142ywa\u0107 po jeziorze zaraz po zbudowaniu pierwszych obiekt\u00f3w. Ju\u017c w roku 1880 istnia\u0142o tutaj molo i przysta\u0144 dla \u0142odzi. W tym okresie by\u0142o p\u0142ywanie \u0142\u00f3dk\u0105 zabaw\u0105 ludow\u0105, kt\u00f3ra trwa\u0142a od maja do pa\u017adziernika, w zale\u017cno\u015bci od pogody. P\u0142ywanie \u0142\u00f3dk\u0105 oraz k\u0105panie w jeziorze zosta\u0142o zabronione z uwagi na ochron\u0119 \u015brodowiska w latach 80-tych XX wieku. Jezioro Szczyrbskie podlega pi\u0105temu stopniowi ochrony, a jego eksploatacja podlega surowym przepisom, poniewa\u017c w wodzie \u017cyje chroniony rodzaj ryby &#8211; sih marena.&nbsp;<\/p>\n\n\n\n<figure class=\"wp-block-gallery has-nested-images columns-default is-cropped wp-block-gallery-3 is-layout-flex wp-block-gallery-is-layout-flex\">\n<figure class=\"wp-block-image size-large\"><img loading=\"lazy\" decoding=\"async\" width=\"1024\" height=\"681\" data-id=\"9810703\" src=\"https:\/\/regiontatry.sk\/wp-content\/uploads\/2024\/07\/c-Marek-Hajkovsky-foto-2015-clnkovanie-Strbske-pleso-21-1024x681.jpg\" alt=\"\" class=\"wp-image-9810703\" srcset=\"https:\/\/regiontatry.sk\/wp-content\/uploads\/2024\/07\/c-Marek-Hajkovsky-foto-2015-clnkovanie-Strbske-pleso-21-1024x681.jpg 1024w, https:\/\/regiontatry.sk\/wp-content\/uploads\/2024\/07\/c-Marek-Hajkovsky-foto-2015-clnkovanie-Strbske-pleso-21-300x200.jpg 300w, https:\/\/regiontatry.sk\/wp-content\/uploads\/2024\/07\/c-Marek-Hajkovsky-foto-2015-clnkovanie-Strbske-pleso-21-768x511.jpg 768w, https:\/\/regiontatry.sk\/wp-content\/uploads\/2024\/07\/c-Marek-Hajkovsky-foto-2015-clnkovanie-Strbske-pleso-21-1536x1022.jpg 1536w, https:\/\/regiontatry.sk\/wp-content\/uploads\/2024\/07\/c-Marek-Hajkovsky-foto-2015-clnkovanie-Strbske-pleso-21-2048x1363.jpg 2048w, https:\/\/regiontatry.sk\/wp-content\/uploads\/2024\/07\/c-Marek-Hajkovsky-foto-2015-clnkovanie-Strbske-pleso-21-1920x1278.jpg 1920w, https:\/\/regiontatry.sk\/wp-content\/uploads\/2024\/07\/c-Marek-Hajkovsky-foto-2015-clnkovanie-Strbske-pleso-21-1705x1135.jpg 1705w, https:\/\/regiontatry.sk\/wp-content\/uploads\/2024\/07\/c-Marek-Hajkovsky-foto-2015-clnkovanie-Strbske-pleso-21-698x464.jpg 698w, https:\/\/regiontatry.sk\/wp-content\/uploads\/2024\/07\/c-Marek-Hajkovsky-foto-2015-clnkovanie-Strbske-pleso-21-552x367.jpg 552w\" sizes=\"(max-width: 1024px) 100vw, 1024px\" \/><\/figure>\n\n\n\n<figure class=\"wp-block-image size-large\"><img loading=\"lazy\" decoding=\"async\" width=\"1024\" height=\"768\" data-id=\"9810696\" src=\"https:\/\/regiontatry.sk\/wp-content\/uploads\/2024\/07\/IMG_1923-1024x768.jpg\" alt=\"\" class=\"wp-image-9810696\" srcset=\"https:\/\/regiontatry.sk\/wp-content\/uploads\/2024\/07\/IMG_1923-1024x768.jpg 1024w, https:\/\/regiontatry.sk\/wp-content\/uploads\/2024\/07\/IMG_1923-300x225.jpg 300w, https:\/\/regiontatry.sk\/wp-content\/uploads\/2024\/07\/IMG_1923-768x576.jpg 768w, https:\/\/regiontatry.sk\/wp-content\/uploads\/2024\/07\/IMG_1923-1536x1152.jpg 1536w, https:\/\/regiontatry.sk\/wp-content\/uploads\/2024\/07\/IMG_1923-2048x1536.jpg 2048w, https:\/\/regiontatry.sk\/wp-content\/uploads\/2024\/07\/IMG_1923-1920x1440.jpg 1920w, https:\/\/regiontatry.sk\/wp-content\/uploads\/2024\/07\/IMG_1923-1705x1279.jpg 1705w, https:\/\/regiontatry.sk\/wp-content\/uploads\/2024\/07\/IMG_1923-698x524.jpg 698w, https:\/\/regiontatry.sk\/wp-content\/uploads\/2024\/07\/IMG_1923-552x414.jpg 552w\" sizes=\"(max-width: 1024px) 100vw, 1024px\" \/><\/figure>\n\n\n\n<figure class=\"wp-block-image size-large\"><img decoding=\"async\" data-id=\"9810689\" src=\"https:\/\/regiontatry.sk\/wp-content\/uploads\/2024\/07\/c-Marek-Hajkovsky-foto-VT-letna-kampan-2024_199-1024x682.jpg\" alt=\"\" class=\"wp-image-9810689\"\/><\/figure>\n<\/figure>\n\n\n\n<p><strong>Podczas p\u0142ywania \u0142\u00f3dk\u0105:<\/strong><\/p>\n\n\n\n<ul class=\"wp-block-list\">\n<li>Zabronione jest \u0142owienie ryb, karmienie dzikich kaczek i ryb.<\/li>\n\n\n\n<li>Zabronione jest branie na \u0142\u00f3dk\u0119 jakiekolwiek jedzenia i baga\u017cu podr\u0119cznego. Baga\u017c mo\u017ce bezp\u0142atnie przechowa\u0107 personel na molo.<\/li>\n\n\n\n<li>Zabronione jest palenie, krzyczenie, rzucanie odpad\u00f3w do wody podczas p\u0142ywania \u0142\u00f3dk\u0105.<\/li>\n\n\n\n<li>Zabronione jest k\u0105panie i skakanie z \u0142\u00f3dek do wody.<\/li>\n\n\n\n<li>Wsiadanie do \u0142\u00f3dek i wysiadanie z nich jest mo\u017cliwe tyko na molo, zabronione jest przycumowanie \u0142\u00f3dki poza molem i wysiadanie z niej.<\/li>\n\n\n\n<li>Zabronione jest prowadzenie \u0142\u00f3dki pod wp\u0142ywem alkoholu, substancji odurzaj\u0105cych i psychotropowych lub w jakikolwiek inny spos\u00f3b zagra\u017canie bezpiecznemu p\u0142ywaniu \u0142\u00f3dk\u0105.<\/li>\n<\/ul>\n\n\n\n<h3 class=\"wp-block-heading\"><br>Wi\u0119cej&nbsp;na na stronie internetowej <a rel=\"noopener noreferrer\" href=\"https:\/\/www.vt.sk\/hory\/letne-atrakcie\/clnkovanie-na-plese\/\" target=\"_blank\">www.vt.sk<\/a>.  <br><br><\/h3>\n\n\n\n<figure class=\"wp-block-image\"><img loading=\"lazy\" decoding=\"async\" width=\"1444\" height=\"436\" src=\"https:\/\/regiontatry.sk\/wp-content\/uploads\/2018\/08\/034487.jpg\" alt=\"\" class=\"wp-image-2732\" srcset=\"https:\/\/regiontatry.sk\/wp-content\/uploads\/2018\/08\/034487.jpg 1444w, https:\/\/regiontatry.sk\/wp-content\/uploads\/2018\/08\/034487-300x91.jpg 300w, https:\/\/regiontatry.sk\/wp-content\/uploads\/2018\/08\/034487-768x232.jpg 768w, https:\/\/regiontatry.sk\/wp-content\/uploads\/2018\/08\/034487-1024x309.jpg 1024w\" sizes=\"(max-width: 1444px) 100vw, 1444px\" \/><\/figure>\n","protected":false},"excerpt":{"rendered":"<p>Do najbardziej nostalgicznych i ulubionych atrakcji w Tatrach nale\u017cy P\u0141YWANIE \u0141\u00d3DK\u0104 PO JEZIORZE SZCZYRBSKIM. Atrakcj\u0119 posiadaj\u0105c\u0105 130-letni\u0105 tradycj\u0119 udost\u0119pniono ponownie w Tatrach Wysokich w 2008 roku, po prawie 25 latach przerwy. Dzi\u0119ki temu tury\u015bci podczas p\u0142ywania \u0142\u00f3dk\u0105 mog\u0105 podziwia\u0107 przepi\u0119kne widoki na Solisko i&nbsp;cieszy\u0107 si\u0119 z p\u0142ywania po tym wyj\u0105tkowym unikacie, kt\u00f3ry walczy\u0142 o&nbsp;miano jednego [&hellip;]<\/p>\n","protected":false},"author":1,"featured_media":9810713,"parent":1561,"menu_order":0,"comment_status":"closed","ping_status":"closed","template":"template-list.php","meta":{"footnotes":""},"class_list":["post-2749","page","type-page","status-publish","has-post-thumbnail","hentry"],"_links":{"self":[{"href":"https:\/\/regiontatry.sk\/pl\/wp-json\/wp\/v2\/pages\/2749"}],"collection":[{"href":"https:\/\/regiontatry.sk\/pl\/wp-json\/wp\/v2\/pages"}],"about":[{"href":"https:\/\/regiontatry.sk\/pl\/wp-json\/wp\/v2\/types\/page"}],"author":[{"embeddable":true,"href":"https:\/\/regiontatry.sk\/pl\/wp-json\/wp\/v2\/users\/1"}],"replies":[{"embeddable":true,"href":"https:\/\/regiontatry.sk\/pl\/wp-json\/wp\/v2\/comments?post=2749"}],"version-history":[{"count":10,"href":"https:\/\/regiontatry.sk\/pl\/wp-json\/wp\/v2\/pages\/2749\/revisions"}],"predecessor-version":[{"id":9849318,"href":"https:\/\/regiontatry.sk\/pl\/wp-json\/wp\/v2\/pages\/2749\/revisions\/9849318"}],"up":[{"embeddable":true,"href":"https:\/\/regiontatry.sk\/pl\/wp-json\/wp\/v2\/pages\/1561"}],"wp:featuredmedia":[{"embeddable":true,"href":"https:\/\/regiontatry.sk\/pl\/wp-json\/wp\/v2\/media\/9810713"}],"wp:attachment":[{"href":"https:\/\/regiontatry.sk\/pl\/wp-json\/wp\/v2\/media?parent=2749"}],"curies":[{"name":"wp","href":"https:\/\/api.w.org\/{rel}","templated":true}]}}