{"id":2875,"date":"2018-09-03T13:50:40","date_gmt":"2018-09-03T11:50:40","guid":{"rendered":"http:\/\/regiontatry.creanet.sk\/letecky-do-tatier\/"},"modified":"2019-02-26T10:41:03","modified_gmt":"2019-02-26T09:41:03","slug":"letecky-do-tatier","status":"publish","type":"page","link":"https:\/\/regiontatry.sk\/pl\/informacje-turystyczne\/doprava\/letecky-do-tatier\/","title":{"rendered":"Letecky do Tatier"},"content":{"rendered":"\n<p>Za zimnou ly\u017eova\u010dkou vo Vysok\u00fdch a N\u00edzkych Tatr\u00e1ch m\u00f4\u017eu dovolenk\u00e1ri cestova\u0165 naozaj pohodlne a ve\u013emi jednoducho.&nbsp;<a href=\"http:\/\/www.airport-poprad.sk\/\" target=\"_blank\" rel=\"noreferrer noopener\">Letisko Poprad-Tatry<\/a>&nbsp;<strong>prev\u00e1dzkuje leteck\u00e9 spojenia s Rigou, Lond\u00fdnom i Var\u0161avou.<\/strong><\/p>\n\n\n\n<p><strong><\/strong><\/p>\n\n\n\n<h2 class=\"wp-block-heading\">Leteck\u00e1 linka&nbsp;POPRAD &#8211; VAR\u0160AVA<\/h2>\n\n\n\n<div class=\"wp-block-image\"><figure class=\"alignright is-resized\"><img loading=\"lazy\" decoding=\"async\" src=\"https:\/\/regiontatry.sk\/wp-content\/uploads\/2018\/09\/Samolotem-na-narty-z-Warszawy-do-Popradu-mapka.jpg\" alt=\"\" class=\"wp-image-2822\" width=\"319\" height=\"285\" srcset=\"https:\/\/regiontatry.sk\/wp-content\/uploads\/2018\/09\/Samolotem-na-narty-z-Warszawy-do-Popradu-mapka.jpg 796w, https:\/\/regiontatry.sk\/wp-content\/uploads\/2018\/09\/Samolotem-na-narty-z-Warszawy-do-Popradu-mapka-300x268.jpg 300w, https:\/\/regiontatry.sk\/wp-content\/uploads\/2018\/09\/Samolotem-na-narty-z-Warszawy-do-Popradu-mapka-768x687.jpg 768w\" sizes=\"(max-width: 319px) 100vw, 319px\" \/><\/figure><\/div>\n\n\n\n<p>Loty\u0161sk\u00fd n\u00e1rodn\u00fd prepravca&nbsp;<strong>airBaltic od 15. decembra 2015 do 10. marca 2016 realizuje pravideln\u00e9 leteck\u00e9 spojenia z&nbsp;Var\u0161avy na letisko Poprad &#8211; Tatry.<\/strong>&nbsp;Lety s\u00fa prev\u00e1dzkovan\u00e9 najpopul\u00e1rnej\u0161\u00edmi dvojpr\u00fadov\u00fdmi dopravn\u00fdmi lietadlami Boeing 737-300 ka\u017ed\u00fd&nbsp;utorok.&nbsp;<\/p>\n\n\n\n<div class=\"wp-block-image\"><figure class=\"alignright\"><img loading=\"lazy\" decoding=\"async\" width=\"300\" height=\"190\" src=\"https:\/\/regiontatry.sk\/wp-content\/uploads\/2018\/09\/AirBaltic-Poprad-Tatry-3-300x190.jpg\" alt=\"\" class=\"wp-image-2827\"\/><\/figure><\/div>\n\n\n\n<p>Do slovensk\u00fdch Tatier sa tak na\u0161i severn\u00ed susedia a milovn\u00edci tatranskej ly\u017eova\u010dky dostan\u00fa r\u00fdchlo, komfortne a cenovo atrakt\u00edvne.<\/p>\n\n\n\n<p><strong>Ceny<\/strong>&nbsp;<strong>jednosmern\u00fdch leteniek sa za\u010d\u00ednaj\u00fa od 40 EUR.<\/strong>&nbsp;V&nbsp;cene letenky je zahrnut\u00e1 pr\u00edru\u010dn\u00e1 bato\u017eina s&nbsp;maxim\u00e1lnou hmotnos\u0165ou 8kg.<\/p>\n\n\n\n<p>Do slovensk\u00fdch Tatier sa tak na\u0161i severn\u00ed susedia a milovn\u00edci tatranskej ly\u017eova\u010dky dostan\u00fa r\u00fdchlo, komfortne a cenovo atrakt\u00edvne.<\/p>\n\n\n\n<p>Letenky je mo\u017en\u00e9 zak\u00fapi\u0165 prostredn\u00edctvom webovej str\u00e1nky&nbsp;<a href=\"https:\/\/www.airbaltic.com\/de-AT\/index\" target=\"_blank\" rel=\"noreferrer noopener\">www.airbaltic.com<\/a>.<\/p>\n\n\n\n<figure class=\"wp-block-image\"><img loading=\"lazy\" decoding=\"async\" width=\"717\" height=\"155\" src=\"https:\/\/regiontatry.sk\/wp-content\/uploads\/2018\/09\/tabulka.png\" alt=\"\" class=\"wp-image-2834\" srcset=\"https:\/\/regiontatry.sk\/wp-content\/uploads\/2018\/09\/tabulka.png 717w, https:\/\/regiontatry.sk\/wp-content\/uploads\/2018\/09\/tabulka-300x65.png 300w\" sizes=\"(max-width: 717px) 100vw, 717px\" \/><\/figure>\n\n\n\n<h2 class=\"wp-block-heading\"><span id=\"mce_1_start\" style=\"overflow:hidden;line-height:0px\"><\/span>Leteck\u00e1 linka POPRAD &#8211; RIGA<\/h2>\n\n\n\n<div class=\"wp-block-image\"><figure class=\"alignright is-resized\"><img loading=\"lazy\" decoding=\"async\" src=\"https:\/\/regiontatry.sk\/wp-content\/uploads\/2018\/09\/AirBaltic_224.jpg\" alt=\"\" class=\"wp-image-2841\" width=\"258\" height=\"138\"\/><\/figure><\/div>\n\n\n\n<p>Letie\u0165 m\u00f4\u017eete v zimnej sez\u00f3ne 2015\/2016 z Popradu do loty\u0161skej Rigy&nbsp;priamo alebo s medziprist\u00e1t\u00edm vo Var\u0161ave. Priame leteck\u00e9 spojenie Poprad \u2013 Riga bude leteck\u00e1 spolo\u010dnos\u0165&nbsp;<strong>Air Baltic<\/strong>&nbsp;prev\u00e1dzkova\u0165 od 15.decembra 2015 do 12. marca 2016&nbsp;<strong>ka\u017ed\u00fa sobotu&nbsp;<\/strong>a spojenie s medziprist\u00e1t\u00edm Poprad- Var\u0161ava \u2013 Riga&nbsp;<strong>ka\u017ed\u00fd utorok a \u0161tvrtok<\/strong>.<\/p>\n\n\n\n<h4 class=\"wp-block-heading\"><a href=\"https:\/\/www.airbaltic.com\/en\/index\" target=\"_blank\" rel=\"noreferrer noopener\">ON-LINE<\/a><a href=\"https:\/\/www.airbaltic.com\/en\/index\" target=\"_blank\" rel=\"noreferrer noopener\"> REZERV\u00c1CIE LETENIEK &#8211; VAR\u0160AVA A RIGA<\/a><\/h4>\n\n\n\n<p>&nbsp;<\/p>\n\n\n\n<h2 class=\"wp-block-heading\">Leteck\u00e1 linka&nbsp;POPRAD &#8211; LOND\u00ddN<\/h2>\n\n\n\n<div class=\"wp-block-image\"><figure class=\"alignright is-resized\"><img loading=\"lazy\" decoding=\"async\" src=\"https:\/\/regiontatry.sk\/wp-content\/uploads\/2018\/09\/mapka.jpg\" alt=\"\" class=\"wp-image-2846\" width=\"236\" height=\"152\" srcset=\"https:\/\/regiontatry.sk\/wp-content\/uploads\/2018\/09\/mapka.jpg 553w, https:\/\/regiontatry.sk\/wp-content\/uploads\/2018\/09\/mapka-300x194.jpg 300w\" sizes=\"(max-width: 236px) 100vw, 236px\" \/><\/figure><\/div>\n\n\n\n<p>Linka je prev\u00e1dzkovan\u00e1&nbsp;<strong>\u0161tyrikr\u00e1t t\u00fd\u017edenne<\/strong>&nbsp;cez n\u00edzkon\u00e1kladov\u00fa leteck\u00fa spolo\u010dnos\u0165&nbsp;<strong>Wizzair<\/strong>&nbsp;a&nbsp;to lietadlami typu Airbus 320, ktor\u00e9 prepravia 180 pasa\u017eierov. &nbsp;Z&nbsp;Popradu sa odlieta v&nbsp;utorok, \u0161tvrtok, sobotu a&nbsp;nede\u013eu v\u017edy&nbsp;<strong>18.15<\/strong>&nbsp;miestneho \u010dasu. Pr\u00edlety z&nbsp;Lond\u00fdna s\u00fa o&nbsp;17.45. Cena jednosmernej letenky je&nbsp;<strong>29,99 \u20ac.&nbsp;<\/strong>Let trv\u00e1 2 hodiny 20 min\u00fat.<\/p>\n\n\n\n<h4 class=\"wp-block-heading\"><a href=\"http:\/\/wizzair.com\/en-GB\/Search\" target=\"_blank\" rel=\"noreferrer noopener\">ON-LINE<\/a><a href=\"http:\/\/wizzair.com\/en-GB\/Search\" target=\"_blank\" rel=\"noreferrer noopener\"> REZERV\u00c1CIE LETENIEK &#8211; LOND\u00ddN<\/a><\/h4>\n\n\n\n<p>&nbsp;<\/p>\n\n\n\n<h2 class=\"wp-block-heading\">Letisko POPRAD-TATRY<\/h2>\n\n\n\n<div class=\"wp-block-image\"><figure class=\"alignright is-resized\"><img loading=\"lazy\" decoding=\"async\" src=\"https:\/\/regiontatry.sk\/wp-content\/uploads\/2018\/09\/logo-letisko.png\" alt=\"\" class=\"wp-image-2851\" width=\"368\" height=\"117\"\/><\/figure><\/div>\n\n\n\n<p>Letisko POPRAD-TATRY sa nach\u00e1dza vo v\u00fd\u0161ke 718 m. n. m. a patr\u00ed k najvy\u0161\u0161ie polo\u017een\u00fdm letisk\u00e1m pre prepravn\u00e9 lietadl\u00e1 v strednej Eur\u00f3pe. Situovan\u00e9 je&nbsp;<strong>cca 200 m od dia\u013eni\u010dn\u00e9ho uzla<\/strong>, sp\u00e1jaj\u00faceho mesto Poprad s Vysok\u00fdmi a N\u00edzkymi Tatrami \/Jasna \u2013 Chopok\/.&nbsp;<strong>Vzdialenos\u0165<\/strong>&nbsp;z letiska Poprad-Tatry<strong>&nbsp;do najpopul\u00e1rnej\u0161\u00edch slovensk\u00fdch ly\u017eiarskych stred\u00edsk je iba nieko\u013eko kilometrov<\/strong>. Cesta autom z letiska do Tatranskej Lomnice trv\u00e1 15 min\u00fat, na \u0160trbsk\u00e9 Pleso 30 min\u00fat a do Jasnej pod Chopkom v N\u00edzkych Tatr\u00e1ch okolo 45 min\u00fat.<\/p>\n\n\n\n<h3 class=\"wp-block-heading\">Odlety a pr\u00edlety<\/h3>\n\n\n\n<figure class=\"wp-block-image\"><img loading=\"lazy\" decoding=\"async\" width=\"674\" height=\"294\" src=\"https:\/\/regiontatry.sk\/wp-content\/uploads\/2018\/09\/odlety_letisko-zima-2015-16.jpg\" alt=\"\" class=\"wp-image-2856\" srcset=\"https:\/\/regiontatry.sk\/wp-content\/uploads\/2018\/09\/odlety_letisko-zima-2015-16.jpg 674w, https:\/\/regiontatry.sk\/wp-content\/uploads\/2018\/09\/odlety_letisko-zima-2015-16-300x131.jpg 300w\" sizes=\"(max-width: 674px) 100vw, 674px\" \/><\/figure>\n\n\n\n<figure class=\"wp-block-image\"><img loading=\"lazy\" decoding=\"async\" width=\"672\" height=\"293\" src=\"https:\/\/regiontatry.sk\/wp-content\/uploads\/2018\/09\/prilety_letisko-zima-2015-16.jpg\" alt=\"\" class=\"wp-image-2861\" srcset=\"https:\/\/regiontatry.sk\/wp-content\/uploads\/2018\/09\/prilety_letisko-zima-2015-16.jpg 672w, https:\/\/regiontatry.sk\/wp-content\/uploads\/2018\/09\/prilety_letisko-zima-2015-16-300x131.jpg 300w\" sizes=\"(max-width: 672px) 100vw, 672px\" \/><\/figure>\n\n\n\n<h3 class=\"wp-block-heading\">REZERV\u00c1CIE A PREDAJ LETENIEK<\/h3>\n\n\n\n<p>AVION&nbsp;Leteck\u00e1 agent\u00fara &#8211; N\u00e1m. sv. Eg\u00eddia 37\/16, Poprad,&nbsp;+421 52 789 5081,&nbsp;<a href=\"http:\/\/www.avion-letecka-agentura.sk\/\" target=\"_blank\" rel=\"noreferrer noopener\" class=\"broken_link\">www.avion-letecka-agentura.sk<\/a><br>CK KVALITA &#8211; N\u00e1m. sv.Eg\u00eddia 37,&nbsp;Poprad,&nbsp;+421 52 772 5125,&nbsp;<a href=\"http:\/\/www.kvalitatour.sk\/\" target=\"_blank\" rel=\"noreferrer noopener\" class=\"broken_link\">www.kvalitatour.sk<\/a><br>CK LIPTOUR &#8211; \u0160t\u00farova ulica 1036\/32, Liptovsk\u00fd Mikul\u00e1\u0161, +421 44 551 4140, +421 44 551 4141,&nbsp;<a href=\"http:\/\/www.liptour.sk\/\" target=\"_blank\" rel=\"noreferrer noopener\">www.liptour.sk<\/a><br>Skyport s.r.o. &#8211; N\u00e1m. Sv. Eg\u00eddia 95, Poprad, +421 52 7721 209, +421 55 3217 700, +421 55 3217 777,&nbsp;<a href=\"http:\/\/www.skyport.com\/cs\/\" target=\"_blank\" rel=\"noreferrer noopener\" class=\"broken_link\">www.skyport.cz<\/a><br>NADOSAH.SK&nbsp;&#8211; leteck\u00e1 agent\u00fara &#8211; Weberova 2, pobo\u010dka ZOC Max, Pre\u0161ov, +421 51 749 54 89, +421 915 359 860,&nbsp;<a href=\"http:\/\/www.nadosah.sk\/\" target=\"_blank\" rel=\"noreferrer noopener\">www.nadosah.sk<\/a><\/p>\n\n\n\n<h3 class=\"wp-block-heading\">TRANSFER NA LETISKO<\/h3>\n\n\n\n<p><strong>Autobus mestskej hromadnej dopravy<br><\/strong>Na Letisko Poprad-Tatry prem\u00e1va autobus mestskej hromadnej dopravy ka\u017ed\u00fd pondelok, stredu, piatok a nede\u013eu. Ide o pred\u013a\u017een\u00e9 spoje \u010d. 43 a 45 &#8211; Linka \u010d. 1 v smere z&nbsp;autobusovej stanice na letisko a z letiska na autobusov\u00fa stanicu.<\/p>\n\n\n\n<p>Odchod z AUTOBUSOVEJ STANICE na LETISKO POPRAD-TATRY o 10:40<br>Odchod z LETISKA POPRAD-TATRY na AUTOBUSOV\u00da STANICU o 12:40<\/p>\n\n\n\n<div class=\"wp-block-image\"><figure class=\"alignright is-resized\"><img loading=\"lazy\" decoding=\"async\" src=\"https:\/\/regiontatry.sk\/wp-content\/uploads\/2018\/09\/letisko-mapa.jpg\" alt=\"\" class=\"wp-image-2866\" width=\"433\" height=\"270\" srcset=\"https:\/\/regiontatry.sk\/wp-content\/uploads\/2018\/09\/letisko-mapa.jpg 650w, https:\/\/regiontatry.sk\/wp-content\/uploads\/2018\/09\/letisko-mapa-300x187.jpg 300w\" sizes=\"(max-width: 433px) 100vw, 433px\" \/><\/figure><\/div>\n\n\n\n<p><strong>Autopo\u017ei\u010dovne<br><\/strong>RAI Internacional &#8211;&nbsp;Na letisko 100, 058 98 Poprad, +421 908 513 000, +421 918 595 777,&nbsp;<a href=\"http:\/\/www.rai.sk\/\" target=\"_blank\" rel=\"noreferrer noopener\">www.rai.sk<br><\/a>Autopo\u017ei\u010dov\u0148a TATRAN &#8211; N\u00e1lepkova 241\/11, 059 35 Batizovce, +421 903 250 255,&nbsp;<a href=\"http:\/\/www.autopozicovnatatry.sk\/sk\/\" target=\"_blank\" rel=\"noreferrer noopener\" class=\"broken_link\">www.autopozicovnatatry.sk<\/a><\/p>\n\n\n\n<p><strong>TAXI<br><\/strong>R\u00e1dio Taxi &#8211; Kme\u0165ova 2265\/4, 05801 Poprad &#8211; Ve\u013ek\u00e1, +421 52776 8768, +421 903 181 108, +421 905 300 700,&nbsp;<a href=\"http:\/\/www.radiotaxi-poprad.sk\/\" target=\"_blank\" rel=\"noreferrer noopener\">www.radiotaxi-poprad.sk<\/a><\/p>\n\n\n\n<h4 class=\"wp-block-heading\"><a href=\"http:\/\/www.airport-poprad.sk\/sk\/podstranky\/cestujuci\/pravidla.php\" target=\"_blank\" rel=\"noreferrer noopener\" class=\"broken_link\">BEZPE\u010cNOSTN\u00c9 PRAVIDL\u00c1 NA LETISKU<\/a><\/h4>\n\n\n\n<p>Dovolenk\u00e1ri m\u00f4\u017eu vo Vysok\u00fdch Tatr\u00e1ch vyu\u017ei\u0165&nbsp;komplexn\u00fa ponuku poskytovan\u00fdch slu\u017eieb zah\u0155\u0148aj\u00facu ubytovanie, ly\u017eovanie a&nbsp;doplnkov\u00e9 slu\u017eby. V\u00fdhodou pre Tatry je aj transfer z&nbsp;letiska k&nbsp;najbli\u017e\u0161\u00edm vysokotatransk\u00fdm hotelom od&nbsp;10 min\u00fat, \u010do n\u00e1m m\u00f4\u017eu z\u00e1vidie\u0165 aj mnoh\u00e9 alpsk\u00e9 destin\u00e1cie.<\/p>\n\n\n\n<p><strong>Prajeme kr\u00e1sny akt\u00edvny relax v Tatr\u00e1ch!<\/strong><\/p>\n\n\n    <div id=\"gallery\" class=\"grid-x grid-padding-x\">\n        <div class=\"cell small-12\">\n            <h3>Gal\u00e9ria<\/h3>\n        <\/div>\n                    <div class=\"cell small-6 medium-4\">\n                <a href=\"#\" class=\"thumbnail\" data-index=0>\n                    <img decoding=\"async\" src=\"https:\/\/regiontatry.sk\/wp-content\/uploads\/2018\/09\/letisko-mapa.jpg\" alt=\"\" data-width=\"1200\" data-height=\"900\" \/>\n                <\/a>\n            <\/div>\n                    <div class=\"cell small-6 medium-4\">\n                <a href=\"#\" class=\"thumbnail\" data-index=1>\n                    <img decoding=\"async\" src=\"https:\/\/regiontatry.sk\/wp-content\/uploads\/2018\/09\/prilety_letisko-zima-2015-16.jpg\" alt=\"\" data-width=\"1200\" data-height=\"900\" \/>\n                <\/a>\n            <\/div>\n                    <div class=\"cell small-6 medium-4\">\n                <a href=\"#\" class=\"thumbnail\" data-index=2>\n                    <img decoding=\"async\" src=\"https:\/\/regiontatry.sk\/wp-content\/uploads\/2018\/09\/odlety_letisko-zima-2015-16.jpg\" alt=\"\" data-width=\"1200\" data-height=\"900\" \/>\n                <\/a>\n            <\/div>\n                    <div class=\"cell small-6 medium-4\">\n                <a href=\"#\" class=\"thumbnail\" data-index=3>\n                    <img decoding=\"async\" src=\"https:\/\/regiontatry.sk\/wp-content\/uploads\/2018\/09\/logo-letisko.png\" alt=\"\" data-width=\"1200\" data-height=\"900\" \/>\n                <\/a>\n            <\/div>\n                    <div class=\"cell small-6 medium-4\">\n                <a href=\"#\" class=\"thumbnail\" data-index=4>\n                    <img decoding=\"async\" src=\"https:\/\/regiontatry.sk\/wp-content\/uploads\/2018\/09\/mapka.jpg\" alt=\"\" data-width=\"1200\" data-height=\"900\" \/>\n                <\/a>\n            <\/div>\n                    <div class=\"cell small-6 medium-4\">\n                <a href=\"#\" class=\"thumbnail\" data-index=5>\n                    <img decoding=\"async\" src=\"https:\/\/regiontatry.sk\/wp-content\/uploads\/2018\/09\/AirBaltic_224.jpg\" alt=\"\" data-width=\"1200\" data-height=\"900\" \/>\n                <\/a>\n            <\/div>\n                    <div class=\"cell small-6 medium-4\">\n                <a href=\"#\" class=\"thumbnail\" data-index=6>\n                    <img decoding=\"async\" src=\"https:\/\/regiontatry.sk\/wp-content\/uploads\/2018\/09\/AirBaltic-Poprad-Tatry-3-300x190.jpg\" alt=\"\" data-width=\"1200\" data-height=\"900\" \/>\n                <\/a>\n            <\/div>\n                    <div class=\"cell small-6 medium-4\">\n                <a href=\"#\" class=\"thumbnail\" data-index=7>\n                    <img decoding=\"async\" src=\"https:\/\/regiontatry.sk\/wp-content\/uploads\/2018\/09\/Samolotem-na-narty-z-Warszawy-do-Popradu-mapka.jpg\" alt=\"\" data-width=\"1200\" data-height=\"900\" \/>\n                <\/a>\n            <\/div>\n                    <div class=\"cell small-6 medium-4\">\n                <a href=\"#\" class=\"thumbnail\" data-index=8>\n                    <img decoding=\"async\" src=\"https:\/\/regiontatry.sk\/wp-content\/uploads\/2018\/09\/londyn.jpg\" alt=\"\" data-width=\"1200\" data-height=\"900\" \/>\n                <\/a>\n            <\/div>\n            <\/div>\n    ","protected":false},"excerpt":{"rendered":"<p>Za zimnou ly\u017eova\u010dkou vo Vysok\u00fdch a N\u00edzkych Tatr\u00e1ch m\u00f4\u017eu dovolenk\u00e1ri cestova\u0165 naozaj pohodlne a ve\u013emi jednoducho.&nbsp;Letisko Poprad-Tatry&nbsp;prev\u00e1dzkuje leteck\u00e9 spojenia s Rigou, Lond\u00fdnom i Var\u0161avou. Leteck\u00e1 linka&nbsp;POPRAD &#8211; VAR\u0160AVA Loty\u0161sk\u00fd n\u00e1rodn\u00fd prepravca&nbsp;airBaltic od 15. decembra 2015 do 10. marca 2016 realizuje pravideln\u00e9 leteck\u00e9 spojenia z&nbsp;Var\u0161avy na letisko Poprad &#8211; Tatry.&nbsp;Lety s\u00fa prev\u00e1dzkovan\u00e9 najpopul\u00e1rnej\u0161\u00edmi dvojpr\u00fadov\u00fdmi dopravn\u00fdmi lietadlami [&hellip;]<\/p>\n","protected":false},"author":1,"featured_media":5681,"parent":2924,"menu_order":0,"comment_status":"closed","ping_status":"closed","template":"template-simple-page.php","meta":{"footnotes":""},"class_list":["post-2875","page","type-page","status-publish","has-post-thumbnail","hentry"],"_links":{"self":[{"href":"https:\/\/regiontatry.sk\/pl\/wp-json\/wp\/v2\/pages\/2875"}],"collection":[{"href":"https:\/\/regiontatry.sk\/pl\/wp-json\/wp\/v2\/pages"}],"about":[{"href":"https:\/\/regiontatry.sk\/pl\/wp-json\/wp\/v2\/types\/page"}],"author":[{"embeddable":true,"href":"https:\/\/regiontatry.sk\/pl\/wp-json\/wp\/v2\/users\/1"}],"replies":[{"embeddable":true,"href":"https:\/\/regiontatry.sk\/pl\/wp-json\/wp\/v2\/comments?post=2875"}],"version-history":[{"count":3,"href":"https:\/\/regiontatry.sk\/pl\/wp-json\/wp\/v2\/pages\/2875\/revisions"}],"predecessor-version":[{"id":15593,"href":"https:\/\/regiontatry.sk\/pl\/wp-json\/wp\/v2\/pages\/2875\/revisions\/15593"}],"up":[{"embeddable":true,"href":"https:\/\/regiontatry.sk\/pl\/wp-json\/wp\/v2\/pages\/2924"}],"wp:featuredmedia":[{"embeddable":true,"href":"https:\/\/regiontatry.sk\/pl\/wp-json\/wp\/v2\/media\/5681"}],"wp:attachment":[{"href":"https:\/\/regiontatry.sk\/pl\/wp-json\/wp\/v2\/media?parent=2875"}],"curies":[{"name":"wp","href":"https:\/\/api.w.org\/{rel}","templated":true}]}}