{"id":2924,"date":"2018-09-03T13:45:42","date_gmt":"2018-09-03T11:45:42","guid":{"rendered":"http:\/\/regiontatry.creanet.sk\/doprava\/"},"modified":"2025-10-11T20:38:25","modified_gmt":"2025-10-11T18:38:25","slug":"doprava","status":"publish","type":"page","link":"https:\/\/regiontatry.sk\/pl\/informacje-turystyczne\/doprava\/","title":{"rendered":"Jak dojecha\u0107 w Tatry"},"content":{"rendered":"\n<h1 class=\"wp-block-heading\">SAMOLOTEM <\/h1>\n\n\n<div class=\"wp-block-image is-resized\">\n<figure class=\"alignright size-full\"><img loading=\"lazy\" decoding=\"async\" width=\"676\" height=\"451\" src=\"https:\/\/regiontatry.sk\/wp-content\/uploads\/2024\/10\/letisko-676x451-1.jpg\" alt=\"\" class=\"wp-image-9948239\" style=\"width:380px;height:auto\" srcset=\"https:\/\/regiontatry.sk\/wp-content\/uploads\/2024\/10\/letisko-676x451-1.jpg 676w, https:\/\/regiontatry.sk\/wp-content\/uploads\/2024\/10\/letisko-676x451-1-300x200.jpg 300w, https:\/\/regiontatry.sk\/wp-content\/uploads\/2024\/10\/letisko-676x451-1-552x368.jpg 552w\" sizes=\"(max-width: 676px) 100vw, 676px\" \/><\/figure><\/div>\n\n\n<p><a href=\"http:\/\/www.airport-poprad.sk\/\" target=\"_blank\" rel=\"noreferrer noopener\">Lotnisko Poprad \u2013 Tatry<\/a>&nbsp;ma charakter mi\u0119dzynarodowy. Dzi\u0119ki swojemu po\u0142o\u017ceniu geograficznemu umo\u017cliwia wygodne i szybkie po\u0142\u0105czenia z s\u0105siednimi krajami.<\/p>\n\n\n\n<p>Port Lotniczy Poprad \u2013 Tatry to idealne miejsce dla wszystkich pragn\u0105cych odkry\u0107 pi\u0119kno Tatr Wysokich i okolic. Po\u0142o\u017cony zaledwie 12 km od najs\u0142ynniejszych o\u015brodk\u00f3w turystycznych, dzi\u0119ki czemu zapewnia szybki i wygodny dost\u0119p do Tatr Wysokich.<\/p>\n\n\n\n<p>Lotnisko jest czynne przez ca\u0142y rok, siedem dni w tygodniu i wykorzystywane jest przez: loty czarterowe z turystami i sportowcami, loty prywatne i biznesowe, loty szkoleniowe, \u015bmig\u0142owcowe pogotowie ratunkowe, aeroklub oraz loty widokowe.<\/p>\n\n\n\n<p><strong>Linie regularne:<\/strong><\/p>\n\n\n\n<ul class=\"wp-block-list\">\n<li><strong>Londyn (Luton)<\/strong>, Wielka Brytania, 2x w tygodniu (czwartek i niedziela) dostarczane  przez lini\u0119 lotnicz\u0105 <a href=\"https:\/\/wizzair.com\/en-gb\">Wizzair.<\/a><\/li>\n\n\n\n<li><strong>Gda\u0144sk (Polsko) nov\u00e1 leteck\u00e1 linka v trab\u00e1zke od 25.12.2025 do 31.3.2026<\/strong> niech 2x za jednosti (\u0161tvrtok a nede\u013ea ) razekutn\u00fd leteckou s\u00f6hlen\u00f6y <a href=\"https:\/\/wizzair.com\/en-gb\">Wizzair.<\/a><\/li>\n<\/ul>\n\n\n\n<p>Opr\u00f3cz tego mi\u0119dzynarodowego lotniska w pobli\u017cu Tatr Wysokich znajduj\u0105 si\u0119 lotniska w Koszycach (116 km) i Krakowie (Polska, 160 km), Bratys\u0142awa (314 km), Praga (567 km).<\/p>\n\n\n\n<p><\/p>\n\n\n\n<figure class=\"wp-block-gallery has-nested-images columns-default is-cropped wp-block-gallery-2 is-layout-flex wp-block-gallery-is-layout-flex\">\n<figure class=\"wp-block-image size-large\"><img loading=\"lazy\" decoding=\"async\" width=\"1024\" height=\"576\" data-id=\"9948271\" src=\"https:\/\/regiontatry.sk\/wp-content\/uploads\/2024\/10\/P4200170-1024x576.jpg\" alt=\"\" class=\"wp-image-9948271\" srcset=\"https:\/\/regiontatry.sk\/wp-content\/uploads\/2024\/10\/P4200170-1024x576.jpg 1024w, https:\/\/regiontatry.sk\/wp-content\/uploads\/2024\/10\/P4200170-300x169.jpg 300w, https:\/\/regiontatry.sk\/wp-content\/uploads\/2024\/10\/P4200170-768x432.jpg 768w, https:\/\/regiontatry.sk\/wp-content\/uploads\/2024\/10\/P4200170-1536x864.jpg 1536w, https:\/\/regiontatry.sk\/wp-content\/uploads\/2024\/10\/P4200170-2048x1152.jpg 2048w, https:\/\/regiontatry.sk\/wp-content\/uploads\/2024\/10\/P4200170-1920x1080.jpg 1920w, https:\/\/regiontatry.sk\/wp-content\/uploads\/2024\/10\/P4200170-1705x959.jpg 1705w, https:\/\/regiontatry.sk\/wp-content\/uploads\/2024\/10\/P4200170-860x484.jpg 860w, https:\/\/regiontatry.sk\/wp-content\/uploads\/2024\/10\/P4200170-698x393.jpg 698w, https:\/\/regiontatry.sk\/wp-content\/uploads\/2024\/10\/P4200170-552x310.jpg 552w\" sizes=\"(max-width: 1024px) 100vw, 1024px\" \/><\/figure>\n\n\n\n<figure class=\"wp-block-image size-large\"><img loading=\"lazy\" decoding=\"async\" width=\"1024\" height=\"473\" data-id=\"9224643\" src=\"https:\/\/regiontatry.sk\/wp-content\/uploads\/2023\/08\/letisko-poprad-tatry-1024x473.jpg\" alt=\"\" class=\"wp-image-9224643\" srcset=\"https:\/\/regiontatry.sk\/wp-content\/uploads\/2023\/08\/letisko-poprad-tatry-1024x473.jpg 1024w, https:\/\/regiontatry.sk\/wp-content\/uploads\/2023\/08\/letisko-poprad-tatry-300x139.jpg 300w, https:\/\/regiontatry.sk\/wp-content\/uploads\/2023\/08\/letisko-poprad-tatry-768x355.jpg 768w, https:\/\/regiontatry.sk\/wp-content\/uploads\/2023\/08\/letisko-poprad-tatry-1920x887.jpg 1920w, https:\/\/regiontatry.sk\/wp-content\/uploads\/2023\/08\/letisko-poprad-tatry-1705x788.jpg 1705w, https:\/\/regiontatry.sk\/wp-content\/uploads\/2023\/08\/letisko-poprad-tatry-698x322.jpg 698w, https:\/\/regiontatry.sk\/wp-content\/uploads\/2023\/08\/letisko-poprad-tatry-552x255.jpg 552w\" sizes=\"(max-width: 1024px) 100vw, 1024px\" \/><\/figure>\n<\/figure>\n\n\n\n<h1 class=\"wp-block-heading\"> POCI\u0104GIEM <\/h1>\n\n\n\n<p>Do Regionu Tatr Wysokich mo\u017cna \u0142atwo dojecha\u0107 poci\u0105giem. G\u0142\u00f3wnym w\u0119z\u0142em kolejowym jest miasto Poprad, sk\u0105d kursuj\u0105 cz\u0119ste po\u0142\u0105czenia kolejowe z Bratys\u0142aw\u0105, Koszycami oraz po\u0142\u0105czenia mi\u0119dzynarodowe z Pragi. Mo\u017cna tak\u017ce skorzysta\u0107 z kolejki samochodowej, dzi\u0119ki czemu wygodnie i bezproblemowo udacie si\u0119 w Tatry. Z Popradu mo\u017cna dojecha\u0107 poci\u0105gami pasa\u017cerskimi lub autobusami do poszczeg\u00f3lnych obszar\u00f3w turystycznych Tatr Wysokich.<\/p>\n\n\n\n<p><\/p>\n\n\n\n<h2 class=\"wp-block-heading\"><br><em>Leo Express<\/em><\/h2>\n\n\n<div class=\"wp-block-image\">\n<figure class=\"alignright is-resized\"><img loading=\"lazy\" decoding=\"async\" width=\"1024\" height=\"480\" src=\"https:\/\/regiontatry.sk\/wp-content\/uploads\/2020\/06\/LE_Tatry_crop-1024x480.jpg\" alt=\"\" class=\"wp-image-4768935\" style=\"width:428px;height:auto\" srcset=\"https:\/\/regiontatry.sk\/wp-content\/uploads\/2020\/06\/LE_Tatry_crop-1024x480.jpg 1024w, https:\/\/regiontatry.sk\/wp-content\/uploads\/2020\/06\/LE_Tatry_crop-300x141.jpg 300w, https:\/\/regiontatry.sk\/wp-content\/uploads\/2020\/06\/LE_Tatry_crop-768x360.jpg 768w, https:\/\/regiontatry.sk\/wp-content\/uploads\/2020\/06\/LE_Tatry_crop-1920x899.jpg 1920w, https:\/\/regiontatry.sk\/wp-content\/uploads\/2020\/06\/LE_Tatry_crop-1705x799.jpg 1705w, https:\/\/regiontatry.sk\/wp-content\/uploads\/2020\/06\/LE_Tatry_crop-698x327.jpg 698w, https:\/\/regiontatry.sk\/wp-content\/uploads\/2020\/06\/LE_Tatry_crop-552x259.jpg 552w\" sizes=\"(max-width: 1024px) 100vw, 1024px\" \/><\/figure><\/div>\n\n\n<p>Przyjed\u017a w Tatry poci\u0105giem Leo Express! Niskopod\u0142ogowe, klimatyzowane poci\u0105gi s\u0105 idealne dla rodzin z dzie\u0107mi i grup przyjaci\u00f3\u0142. <strong>Na pok\u0142adzie poci\u0105gu Leo Express mo\u017cna tak\u017ce przewozi\u0107 rowery w sta\u0142ej cenie 2 \u20ac!<\/strong> <\/p>\n\n\n\n<p>Zarejestruj si\u0119 w programie lojalno\u015bciowym <strong>SMILE CLUB<\/strong>&nbsp;i korzystaj z najlepszych cen bilet\u00f3w oraz cashback po ka\u017cdej podr\u00f3\u017cy. Wi\u0119cej na&nbsp;<a rel=\"noreferrer noopener\" href=\"http:\/\/www.leoexpress.sk\/\" target=\"_blank\">www.leoexpress.sk<\/a><\/p>\n\n\n\n<p>Podczas podr\u00f3\u017cy mo\u017cesz skorzysta\u0107 z klasy Economy lub wy\u017cszej klasy Economy Plus i Business ze sk\u00f3rzanymi fotelami i pocz\u0119stunkiem za darmo. W poci\u0105gu serwowane s\u0105 smaczne przek\u0105ski i desery oraz \u015bwie\u017co mielona kawa. W luksusowej klasie Premium mo\u017cna zam\u00f3wi\u0107 doskona\u0142y lunch lub kolacj\u0119 i zrelaksowa\u0107 si\u0119 w wygodnych fotelach, kt\u00f3re mo\u017cna roz\u0142o\u017cy\u0107 nawet do pozycji le\u017c\u0105cej. Przy podr\u00f3\u017cy na noc zaoferujemy Ci r\u00f3wnie\u017c zestaw do spania. <\/p>\n\n\n\n<p><\/p>\n\n\n<div class=\"wp-block-image\">\n<figure class=\"alignright size-full is-resized\"><img loading=\"lazy\" decoding=\"async\" width=\"1024\" height=\"626\" src=\"https:\/\/regiontatry.sk\/wp-content\/uploads\/2024\/10\/image-3.png\" alt=\"\" class=\"wp-image-9948397\" style=\"width:426px;height:auto\" srcset=\"https:\/\/regiontatry.sk\/wp-content\/uploads\/2024\/10\/image-3.png 1024w, https:\/\/regiontatry.sk\/wp-content\/uploads\/2024\/10\/image-3-300x183.png 300w, https:\/\/regiontatry.sk\/wp-content\/uploads\/2024\/10\/image-3-768x470.png 768w, https:\/\/regiontatry.sk\/wp-content\/uploads\/2024\/10\/image-3-860x526.png 860w, https:\/\/regiontatry.sk\/wp-content\/uploads\/2024\/10\/image-3-698x427.png 698w, https:\/\/regiontatry.sk\/wp-content\/uploads\/2024\/10\/image-3-552x337.png 552w\" sizes=\"(max-width: 1024px) 100vw, 1024px\" \/><\/figure><\/div>\n\n\n<h2 class=\"wp-block-heading\"><em>Regiojet<\/em><\/h2>\n\n\n\n<p>Wybieraj\u0105c si\u0119 do Popradu mo\u017cna te\u017c skorzysta\u0107 z po\u0142\u0105czenia kolejowego prywatnej firmy <strong>Regiojet<\/strong>, kt\u00f3ra obs\u0142uguje lini\u0119 na trasie Praga-Ostrawa-\u017bylina-Koszyce. Linia oferuje \u015bwietne ceny, us\u0142ugi i obs\u0142ug\u0119. Wi\u0119cej na&nbsp;<a href=\"http:\/\/www.regiojet.sk\/\" target=\"_blank\" rel=\"noreferrer noopener\">www.regiojet.sk<\/a>.  <\/p>\n\n\n\n<p><br><\/p>\n\n\n\n<h2 class=\"wp-block-heading\"><br><em>Pendolino<\/em><\/h2>\n\n\n<div class=\"wp-block-image\">\n<figure class=\"alignright size-full is-resized\"><img loading=\"lazy\" decoding=\"async\" width=\"1024\" height=\"576\" src=\"https:\/\/regiontatry.sk\/wp-content\/uploads\/2024\/10\/image-2.png\" alt=\"\" class=\"wp-image-9948330\" style=\"width:424px;height:auto\" srcset=\"https:\/\/regiontatry.sk\/wp-content\/uploads\/2024\/10\/image-2.png 1024w, https:\/\/regiontatry.sk\/wp-content\/uploads\/2024\/10\/image-2-300x169.png 300w, https:\/\/regiontatry.sk\/wp-content\/uploads\/2024\/10\/image-2-768x432.png 768w, https:\/\/regiontatry.sk\/wp-content\/uploads\/2024\/10\/image-2-860x484.png 860w, https:\/\/regiontatry.sk\/wp-content\/uploads\/2024\/10\/image-2-698x393.png 698w, https:\/\/regiontatry.sk\/wp-content\/uploads\/2024\/10\/image-2-552x311.png 552w\" sizes=\"(max-width: 1024px) 100vw, 1024px\" \/><\/figure><\/div>\n\n\n<p>Poci\u0105g na trasie Koszyce \u2013 \u017bylina \u2013 Praga hl. N. dzia\u0142a w regularnych odst\u0119pach czasu raz dziennie przez ca\u0142y tydzie\u0144, a tak\u017ce w kierunku przeciwnym.<br>Czas jazdy na trasie Poprad-Tatry \u2013 Praga g\u0142. wynosi 6 godzin i 28 minut. Bilety mo\u017cna kupi\u0107 online nie p\u00f3\u017aniej ni\u017c 24 godziny przed odjazdem poci\u0105gu ze stacji pocz\u0105tkowej, p\u00f3\u017aniej mo\u017cna kupi\u0107 bilet tylko w <a href=\"https:\/\/www.zssk.sk\/otvaracie-hodiny-pokladnic\/zoznam-pokladnic-s-kvc\/\" target=\"_blank\" rel=\"noreferrer noopener\">kasach biletowych ZSSK z systemem Kompleksowej Obs\u0142ugi Podr\u00f3\u017cnych (KVC).<\/a><\/p>\n\n\n\n<h1 class=\"wp-block-heading\"><br>AUTOBUSOM<\/h1>\n\n\n\n<p>Do Tatr Wysokich mo\u017cna \u0142atwo dojecha\u0107 autobusem. G\u0142\u00f3wnym w\u0119z\u0142em komunikacyjnym jest miasto Poprad, sk\u0105d mo\u017cna kontynuowa\u0107 podr\u00f3\u017c do okolicznych kurort\u00f3w.<\/p>\n\n\n\n<ul class=\"wp-block-list\">\n<li><strong>Krak\u00f3w \u2013 Koszyce<\/strong><br>Regularne weekendowe po\u0142\u0105czenie autobusowe <strong>POPRAD &#8211;  STAR\u00dd SMOKOVEC &#8211; TATRANSK\u00c1 LOMNICA &#8211; BIA\u0141KA TATRZA\u0143SK &#8211; NOWY TARG &#8211; KRAK\u00d3W, <\/strong> z najdziesz <a href=\"https:\/\/www.flixbus.sk\/?_sp=bf948b8c-07c0-4835-b808-2ee7e850b05f.1669924045360&amp;atb_pdid=b77348f9-5d7e-4c09-9627-e07b8aca7c37&amp;_ga=2.187330856.1211711077.1669922600-1923689169.1669922600&amp;_gac=1.3344132.1669923513.EAIaIQobChMIjLrUy5XZ-wIVl9-yCh3nZA6MEAAYASAAEgL1hvD_BwE\" target=\"_blank\" rel=\"noreferrer noopener\">TUTAJ<\/a>.<\/li>\n\n\n\n<li><strong>POPRAD -&gt; BUDAPESZT<\/strong><\/li>\n<\/ul>\n\n\n\n<p>Najwi\u0119ksza sie\u0107 autobus\u00f3w dalekobie\u017cnych w Europie&nbsp;<a href=\"https:\/\/www.flixbus.sk\/autobusy\/poprad?wt_eid=2151903115382732161&amp;wt_t=1519031877597&amp;_ga=2.62401199.2080897590.1519031154-61553605.1519031154\" target=\"_blank\" rel=\"noreferrer noopener\">FLIXBUS<\/a><\/p>\n\n\n\n<h1 class=\"wp-block-heading\"><br>SAMOCHODEM<\/h1>\n\n\n\n<p>Do Regionu Tatr Wysokich mo\u017cna \u0142atwo szybko i \u0142atwo dojecha\u0107 samochodem. Autostrada A \u0142\u0105czy s\u0142owack\u0105 stolic\u0119 Bratys\u0142aw\u0119 z Popradem przez Trenczyn i \u017bylin\u0119. Odcinki autostrady mi\u0119dzy miastami \u017bylina \u2013 Ru\u017comberok \u2013 Ivachnov\u00e1 s\u0105 w trakcie budowy i s\u0105 przejezdne po drogach pierwszej klasy. W innych cz\u0119\u015bciach S\u0142owacji dost\u0119pne s\u0105 drogi ekspresowe oraz drogi 1 i 2 klasy.<\/p>\n\n\n\n<p><a href=\"https:\/\/www.vintrica.com\/sk\/e-znamka\/slovensko\/?gad_source=1&amp;gclid=EAIaIQobChMIsvaFv82TiQMVlZyDBx3f2AaDEAAYASAAEgLEAPD_BwE\" target=\"_blank\" rel=\"noreferrer noopener\">Na s\u0142owackich autostradach obowi\u0105zuj\u0105 winiety,<\/a> kt\u00f3re mo\u017cna zakupi\u0107 na przej\u015bciach granicznych, wybranych stacjach benzynowych, w wybranych plac\u00f3wkach poczty i innych punktach handlowych. Wszystkie punkty sprzeda\u017cy s\u0105 odpowiednio oznakowane.<\/p>\n\n\n\n<p>Wzd\u0142u\u017c autostrad i dr\u00f3g pierwszej klasy ustawione s\u0105 tablice informacyjne i znaki orientacyjne wskazuj\u0105ce najwa\u017cniejsze zabytki i pami\u0105tki. Wzd\u0142u\u017c dr\u00f3g wybudowana jest sie\u0107 stacji benzynowych z punktami gastronomicznymi, postojowymi i restauracjami.<\/p>\n\n\n\n<p>Drogi s\u0105 przejezdne przez ca\u0142y rok. Zim\u0105 drogi s\u0105 od\u015bnie\u017cane i posypywane.&nbsp;<strong>Je\u015bli na drodze wyst\u0119puje ci\u0105g\u0142a warstwa \u015bniegu, lodu lub szronu, pojazdy (do 3,5 tony) musz\u0105 mie\u0107 na wszystkich osiach opony zimowe.<\/strong><\/p>\n\n\n\n<p><br><\/p>\n","protected":false},"excerpt":{"rendered":"<p>SAMOLOTEM Lotnisko Poprad \u2013 Tatry&nbsp;ma charakter mi\u0119dzynarodowy. Dzi\u0119ki swojemu po\u0142o\u017ceniu geograficznemu umo\u017cliwia wygodne i szybkie po\u0142\u0105czenia z s\u0105siednimi krajami. Port Lotniczy Poprad \u2013 Tatry to idealne miejsce dla wszystkich pragn\u0105cych odkry\u0107 pi\u0119kno Tatr Wysokich i okolic. Po\u0142o\u017cony zaledwie 12 km od najs\u0142ynniejszych o\u015brodk\u00f3w turystycznych, dzi\u0119ki czemu zapewnia szybki i wygodny dost\u0119p do Tatr Wysokich. Lotnisko [&hellip;]<\/p>\n","protected":false},"author":1,"featured_media":5676,"parent":5949,"menu_order":0,"comment_status":"closed","ping_status":"closed","template":"template-simple-page.php","meta":{"footnotes":""},"class_list":["post-2924","page","type-page","status-publish","has-post-thumbnail","hentry"],"_links":{"self":[{"href":"https:\/\/regiontatry.sk\/pl\/wp-json\/wp\/v2\/pages\/2924"}],"collection":[{"href":"https:\/\/regiontatry.sk\/pl\/wp-json\/wp\/v2\/pages"}],"about":[{"href":"https:\/\/regiontatry.sk\/pl\/wp-json\/wp\/v2\/types\/page"}],"author":[{"embeddable":true,"href":"https:\/\/regiontatry.sk\/pl\/wp-json\/wp\/v2\/users\/1"}],"replies":[{"embeddable":true,"href":"https:\/\/regiontatry.sk\/pl\/wp-json\/wp\/v2\/comments?post=2924"}],"version-history":[{"count":45,"href":"https:\/\/regiontatry.sk\/pl\/wp-json\/wp\/v2\/pages\/2924\/revisions"}],"predecessor-version":[{"id":11145919,"href":"https:\/\/regiontatry.sk\/pl\/wp-json\/wp\/v2\/pages\/2924\/revisions\/11145919"}],"up":[{"embeddable":true,"href":"https:\/\/regiontatry.sk\/pl\/wp-json\/wp\/v2\/pages\/5949"}],"wp:featuredmedia":[{"embeddable":true,"href":"https:\/\/regiontatry.sk\/pl\/wp-json\/wp\/v2\/media\/5676"}],"wp:attachment":[{"href":"https:\/\/regiontatry.sk\/pl\/wp-json\/wp\/v2\/media?parent=2924"}],"curies":[{"name":"wp","href":"https:\/\/api.w.org\/{rel}","templated":true}]}}