{"id":2943,"date":"2018-09-03T15:12:27","date_gmt":"2018-09-03T13:12:27","guid":{"rendered":"http:\/\/regiontatry.creanet.sk\/turisticke-informacne-centra\/"},"modified":"2022-05-05T19:25:17","modified_gmt":"2022-05-05T17:25:17","slug":"centra-informacji-turystycznej","status":"publish","type":"page","link":"https:\/\/regiontatry.sk\/pl\/informacje-turystyczne\/centra-informacji-turystycznej\/","title":{"rendered":"Centra informacji turystycznej"},"content":{"rendered":"\n<p>Tatrza\u0144skie biura informacji turystycznej udzielaj\u0105 profesjonalnych informacji o wycieczkach, atrakcjach letnich i zimowych, pogodzie, aktualnych wydarzeniach, zakwaterowaniu i us\u0142ugach og\u00f3lnych w Tatrach Wysokich i ich okolicy.<\/p>\n\n\n\n<h4 class=\"wp-block-heading\"><strong>Oferta Tatrza\u0144skich Biur Informacji<\/strong><\/h4>\n\n\n\n<p>Dwa Tatrza\u0144skie Biura Informacji prezentuj\u0105 g\u0142\u00f3wnie\npami\u0105tki od lokalnych tw\u00f3rc\u00f3w. Opr\u00f3cz wa\u017cnego ubezpieczenia w g\u00f3ry, informacji,\ninteresuj\u0105cych ulotek, banknot\u00f3w o&nbsp;nominale zerowym czy aktualnych\nwydarze\u0144, odwiedzaj\u0105cy b\u0119d\u0105 zachwyceni z szerokiego wyboru literatury o\ntematyce tatrza\u0144skiej, od fachowej przez fotograficzn\u0105 po fascynuj\u0105c\u0105 poezj\u0119.\nPi\u0119kna jest r\u00f3wnie\u017c r\u0119cznie robiona bi\u017cuteria w kszta\u0142cie szarotki lub kozicy\nMat\u00fa\u0161a Kr\u00fa\u010daya lub znaku turystycznego od jubilerki Miriam Veselej. Drewniane\nmagnesy z Tatrza\u0144skiej \u0141omnicy, wysokiej jako\u015bci alkohol Zizak z Popradu-St\u00e1\u017ee,\nkosmetyki z popularnym mas\u0142em shea firmy Cyprianus lub p\u0142yty DVD od s\u0142ynnego\nPavla Barab\u00e1\u0161a r\u00f3wnie\u017c ciesz\u0105 si\u0119 zainteresowaniem turyst\u00f3w. Kolejn\u0105 zalet\u0105\njest mo\u017cliwo\u015b\u0107 skorzystania z kserowania, drukowania lub skanowania dokument\u00f3w\nlub bezp\u0142atnego WiFi.<\/p>\n\n\n\n<p><br><\/p>\n","protected":false},"excerpt":{"rendered":"<p>Tatrza\u0144skie biura informacji turystycznej udzielaj\u0105 profesjonalnych informacji o wycieczkach, atrakcjach letnich i zimowych, pogodzie, aktualnych wydarzeniach, zakwaterowaniu i us\u0142ugach og\u00f3lnych w Tatrach Wysokich i ich okolicy. Oferta Tatrza\u0144skich Biur Informacji Dwa Tatrza\u0144skie Biura Informacji prezentuj\u0105 g\u0142\u00f3wnie pami\u0105tki od lokalnych tw\u00f3rc\u00f3w. Opr\u00f3cz wa\u017cnego ubezpieczenia w g\u00f3ry, informacji, interesuj\u0105cych ulotek, banknot\u00f3w o&nbsp;nominale zerowym czy aktualnych wydarze\u0144, odwiedzaj\u0105cy [&hellip;]<\/p>\n","protected":false},"author":1,"featured_media":8901419,"parent":5949,"menu_order":0,"comment_status":"closed","ping_status":"closed","template":"template-objects.php","meta":{"footnotes":""},"class_list":["post-2943","page","type-page","status-publish","has-post-thumbnail","hentry"],"_links":{"self":[{"href":"https:\/\/regiontatry.sk\/pl\/wp-json\/wp\/v2\/pages\/2943"}],"collection":[{"href":"https:\/\/regiontatry.sk\/pl\/wp-json\/wp\/v2\/pages"}],"about":[{"href":"https:\/\/regiontatry.sk\/pl\/wp-json\/wp\/v2\/types\/page"}],"author":[{"embeddable":true,"href":"https:\/\/regiontatry.sk\/pl\/wp-json\/wp\/v2\/users\/1"}],"replies":[{"embeddable":true,"href":"https:\/\/regiontatry.sk\/pl\/wp-json\/wp\/v2\/comments?post=2943"}],"version-history":[{"count":6,"href":"https:\/\/regiontatry.sk\/pl\/wp-json\/wp\/v2\/pages\/2943\/revisions"}],"predecessor-version":[{"id":8040217,"href":"https:\/\/regiontatry.sk\/pl\/wp-json\/wp\/v2\/pages\/2943\/revisions\/8040217"}],"up":[{"embeddable":true,"href":"https:\/\/regiontatry.sk\/pl\/wp-json\/wp\/v2\/pages\/5949"}],"wp:featuredmedia":[{"embeddable":true,"href":"https:\/\/regiontatry.sk\/pl\/wp-json\/wp\/v2\/media\/8901419"}],"wp:attachment":[{"href":"https:\/\/regiontatry.sk\/pl\/wp-json\/wp\/v2\/media?parent=2943"}],"curies":[{"name":"wp","href":"https:\/\/api.w.org\/{rel}","templated":true}]}}