{"id":5949,"date":"2018-09-03T13:42:57","date_gmt":"2018-09-03T11:42:57","guid":{"rendered":"http:\/\/regiontatry.creanet.sk\/turisticke-informacie\/"},"modified":"2022-11-20T12:30:22","modified_gmt":"2022-11-20T11:30:22","slug":"informacje-turystyczne","status":"publish","type":"page","link":"https:\/\/regiontatry.sk\/pl\/informacje-turystyczne\/","title":{"rendered":"Informacje turystyczne"},"content":{"rendered":"\n<h2 class=\"wp-block-heading\">Doprava<\/h2>\n\n\n\n<p><a href=\"https:\/\/regiontatry.sk\/turisticke-informacie\/doprava\/\">Ako sa dostaneme do Tatier<\/a><br><a href=\"https:\/\/regiontatry.sk\/turisticke-informacie\/doprava-v-regione\/\">Doprava v regi\u00f3ne<\/a><br><\/p>\n\n\n\n<p><a href=\"https:\/\/regiontatry.sk\/turisticke-informacie\/turisticke-informacne-centra\/\">Turistick\u00e9 informa\u010dn\u00e9 centr\u00e1<\/a><br><a href=\"https:\/\/regiontatry.sk\/turisticke-informacie\/poistenie-na-horach\/\">Poistenie na hor\u00e1ch<\/a> <\/p>\n\n\n\n<h2 class=\"wp-block-heading\">Gastron\u00f3mia<\/h2>\n\n\n\n<p><a href=\"https:\/\/regiontatry.sk\/turisticke-informacie\/restauracie-pizza\/\">Re\u0161taur\u00e1cie \/ Pizza<\/a><br><a href=\"https:\/\/regiontatry.sk\/turisticke-informacie\/salase-koliby\/\">Sala\u0161e \/ Koliby<\/a><br><a href=\"https:\/\/regiontatry.sk\/turisticke-informacie\/kaviarne\/\">Kaviarne<\/a><br><a href=\"https:\/\/regiontatry.sk\/turisticke-informacie\/bary-nocny-zivot\/\">Bary \/ No\u010dn\u00fd \u017eivot<\/a><\/p>\n\n\n\n<h2 class=\"wp-block-heading\">Zdravie<\/h2>\n\n\n\n<p><br><a href=\"https:\/\/regiontatry.sk\/turisticke-informacie\/zdravotnicke-zariadenia\/\">Zdravotn\u00edcke zariadenia<\/a><br><a href=\"https:\/\/regiontatry.sk\/turisticke-informacie\/lekarne\/\" class=\"broken_link\">Lek\u00e1rne<\/a><\/p>\n\n\n\n<p><a href=\"https:\/\/regiontatry.sk\/turisticke-informacie\/nakupovanie\/\">Nakupovanie<\/a><\/p>\n\n\n\n<p><a href=\"https:\/\/regiontatry.sk\/brozury\/\">Bro\u017e\u00fary<\/a><\/p>\n","protected":false},"excerpt":{"rendered":"<p>Doprava Ako sa dostaneme do TatierDoprava v regi\u00f3ne Turistick\u00e9 informa\u010dn\u00e9 centr\u00e1Poistenie na hor\u00e1ch Gastron\u00f3mia Re\u0161taur\u00e1cie \/ PizzaSala\u0161e \/ KolibyKaviarneBary \/ No\u010dn\u00fd \u017eivot Zdravie Zdravotn\u00edcke zariadeniaLek\u00e1rne Nakupovanie Bro\u017e\u00fary<\/p>\n","protected":false},"author":1,"featured_media":8901419,"parent":0,"menu_order":0,"comment_status":"closed","ping_status":"closed","template":"template-subpages.php","meta":{"footnotes":""},"class_list":["post-5949","page","type-page","status-publish","has-post-thumbnail","hentry"],"_links":{"self":[{"href":"https:\/\/regiontatry.sk\/pl\/wp-json\/wp\/v2\/pages\/5949"}],"collection":[{"href":"https:\/\/regiontatry.sk\/pl\/wp-json\/wp\/v2\/pages"}],"about":[{"href":"https:\/\/regiontatry.sk\/pl\/wp-json\/wp\/v2\/types\/page"}],"author":[{"embeddable":true,"href":"https:\/\/regiontatry.sk\/pl\/wp-json\/wp\/v2\/users\/1"}],"replies":[{"embeddable":true,"href":"https:\/\/regiontatry.sk\/pl\/wp-json\/wp\/v2\/comments?post=5949"}],"version-history":[{"count":5,"href":"https:\/\/regiontatry.sk\/pl\/wp-json\/wp\/v2\/pages\/5949\/revisions"}],"predecessor-version":[{"id":8623947,"href":"https:\/\/regiontatry.sk\/pl\/wp-json\/wp\/v2\/pages\/5949\/revisions\/8623947"}],"wp:featuredmedia":[{"embeddable":true,"href":"https:\/\/regiontatry.sk\/pl\/wp-json\/wp\/v2\/media\/8901419"}],"wp:attachment":[{"href":"https:\/\/regiontatry.sk\/pl\/wp-json\/wp\/v2\/media?parent=5949"}],"curies":[{"name":"wp","href":"https:\/\/api.w.org\/{rel}","templated":true}]}}