{"id":8845428,"date":"2023-01-06T21:37:09","date_gmt":"2023-01-06T20:37:09","guid":{"rendered":"https:\/\/regiontatry.sk\/rodzina-i-dzieci-lato\/gastronomia-az-nad-oblaky\/"},"modified":"2023-03-17T13:21:46","modified_gmt":"2023-03-17T12:21:46","slug":"gastronomia-az-nad-oblaky","status":"publish","type":"page","link":"https:\/\/regiontatry.sk\/pl\/rodzina-i-dzieci-lato\/gastronomia-az-nad-oblaky\/","title":{"rendered":"Gastronomia ponad chmurami"},"content":{"rendered":"\n<h3 class=\"wp-block-heading\"><em><strong>Niezapomniane doznania kulinarne w chmurach nad Tatrami<\/strong><\/em><\/h3>\n\n\n\n<p>Prze\u017cyj <strong>niezwyk\u0142\u0105\nprzygod\u0119<\/strong> w postaci wyj\u0105tkowych dozna\u0144 kulinarnych bezpo\u015brednio w koszu\nbalonu na ogrzane powietrze. Lot zaczyna si\u0119 u podn\u00f3\u017ca Tatr Wysokich, w g\u00f3rze\nsp\u0119dzimy wsp\u00f3lnie oko\u0142o 60-90 minut* niesamowitego lotu ze specja\u0142ami\nkulinarnymi od szef\u00f3w kuchni <strong>Hotelu Lomnica<\/strong>.<\/p>\n\n\n\n<p><em>* Czas trwania\nlotu uzale\u017cniony jest od aktualnych warunk\u00f3w pogodowych. &nbsp;&nbsp;<\/em><\/p>\n\n\n\n<ul class=\"wp-block-gallery columns-2 is-cropped wp-block-gallery-2 is-layout-flex wp-block-gallery-is-layout-flex\"><li class=\"blocks-gallery-item\"><figure><img loading=\"lazy\" decoding=\"async\" width=\"560\" height=\"560\" src=\"https:\/\/regiontatry.sk\/wp-content\/uploads\/2023\/01\/image-1-1-1.png\" alt=\"\" data-id=\"8714120\" data-link=\"https:\/\/regiontatry.sk\/?attachment_id=8714120\" class=\"wp-image-8714120\" srcset=\"https:\/\/regiontatry.sk\/wp-content\/uploads\/2023\/01\/image-1-1-1.png 560w, https:\/\/regiontatry.sk\/wp-content\/uploads\/2023\/01\/image-1-1-1-150x150.png 150w, https:\/\/regiontatry.sk\/wp-content\/uploads\/2023\/01\/image-1-1-1-300x300.png 300w, https:\/\/regiontatry.sk\/wp-content\/uploads\/2023\/01\/image-1-1-1-552x552.png 552w\" sizes=\"(max-width: 560px) 100vw, 560px\" \/><\/figure><\/li><li class=\"blocks-gallery-item\"><figure><img loading=\"lazy\" decoding=\"async\" width=\"587\" height=\"449\" src=\"https:\/\/regiontatry.sk\/wp-content\/uploads\/2023\/01\/Kulin\u00e1rske-lety.png\" alt=\"\" data-id=\"8714132\" data-link=\"https:\/\/regiontatry.sk\/?attachment_id=8714132\" class=\"wp-image-8714132\" srcset=\"https:\/\/regiontatry.sk\/wp-content\/uploads\/2023\/01\/Kulin\u00e1rske-lety.png 587w, https:\/\/regiontatry.sk\/wp-content\/uploads\/2023\/01\/Kulin\u00e1rske-lety-300x229.png 300w, https:\/\/regiontatry.sk\/wp-content\/uploads\/2023\/01\/Kulin\u00e1rske-lety-552x422.png 552w\" sizes=\"(max-width: 587px) 100vw, 587px\" \/><\/figure><\/li><\/ul>\n\n\n\n<h1 class=\"wp-block-heading\"><em><strong>Loty kulinarne<\/strong><\/em><\/h1>\n\n\n\n<p>Niebia\u0144ska przyjemno\u015b\u0107 z\u00a0najlepszej sztuki kulinarnej w wykonaniu zespo\u0142u Hotelu \u0141omnica po\u0142\u0105czona z widokiem wschodu lub zachodu s\u0142o\u0144ca, z\u00a0kieliszkiem Hey You Bubbles z winnicy ViaJur i aromatyczn\u0105 kaw\u0105, serwowana podczas przygotowania balonu do lotu, wyczaruje idealn\u0105 romantyczn\u0105 atmosfer\u0119. Ofert\u0119 lot\u00f3w znajdziesz <a href=\"https:\/\/www.kuulinair.sk\/ponuka-letov\/\">TUTAJ<\/a><\/p>\n\n\n\n<ul class=\"wp-block-gallery columns-3 is-cropped wp-block-gallery-3 is-layout-flex wp-block-gallery-is-layout-flex\"><li class=\"blocks-gallery-item\"><figure><img loading=\"lazy\" decoding=\"async\" width=\"360\" height=\"360\" src=\"https:\/\/regiontatry.sk\/wp-content\/uploads\/2023\/01\/kulin\u00e1rske-lety-1.png\" alt=\"\" data-id=\"8714138\" data-link=\"https:\/\/regiontatry.sk\/?attachment_id=8714138\" class=\"wp-image-8714138\" srcset=\"https:\/\/regiontatry.sk\/wp-content\/uploads\/2023\/01\/kulin\u00e1rske-lety-1.png 360w, https:\/\/regiontatry.sk\/wp-content\/uploads\/2023\/01\/kulin\u00e1rske-lety-1-150x150.png 150w, https:\/\/regiontatry.sk\/wp-content\/uploads\/2023\/01\/kulin\u00e1rske-lety-1-300x300.png 300w\" sizes=\"(max-width: 360px) 100vw, 360px\" \/><\/figure><\/li><li class=\"blocks-gallery-item\"><figure><img loading=\"lazy\" decoding=\"async\" width=\"360\" height=\"540\" src=\"https:\/\/regiontatry.sk\/wp-content\/uploads\/2023\/01\/image-3-1.png\" alt=\"\" data-id=\"8714144\" data-link=\"https:\/\/regiontatry.sk\/?attachment_id=8714144\" class=\"wp-image-8714144\" srcset=\"https:\/\/regiontatry.sk\/wp-content\/uploads\/2023\/01\/image-3-1.png 360w, https:\/\/regiontatry.sk\/wp-content\/uploads\/2023\/01\/image-3-1-200x300.png 200w\" sizes=\"(max-width: 360px) 100vw, 360px\" \/><\/figure><\/li><li class=\"blocks-gallery-item\"><figure><img loading=\"lazy\" decoding=\"async\" width=\"360\" height=\"540\" src=\"https:\/\/regiontatry.sk\/wp-content\/uploads\/2023\/01\/kulin\u00e1rske-lety-2.png\" alt=\"\" data-id=\"8714150\" data-link=\"https:\/\/regiontatry.sk\/?attachment_id=8714150\" class=\"wp-image-8714150\" srcset=\"https:\/\/regiontatry.sk\/wp-content\/uploads\/2023\/01\/kulin\u00e1rske-lety-2.png 360w, https:\/\/regiontatry.sk\/wp-content\/uploads\/2023\/01\/kulin\u00e1rske-lety-2-200x300.png 200w\" sizes=\"(max-width: 360px) 100vw, 360px\" \/><\/figure><\/li><\/ul>\n\n\n\n<h1 class=\"wp-block-heading\"><em><strong>Loty widokowe<\/strong><\/em><\/h1>\n\n\n\n<p>Podziwiaj \u015bwit nad\nszczytami Tatr albo zach\u00f3d s\u0142o\u0144ca, kt\u00f3ry od wiosny do jesieni ods\u0142oni niezwyk\u0142\u0105\nsceneri\u0119 przyrody i&nbsp;pi\u0119kne krajobrazy. Pocz\u0105tek nowego, s\u0142onecznego dnia,\npodobnie jak chylenie si\u0119 dnia ku ko\u0144cowi, stan\u0105 si\u0119 niezapomnianym prze\u017cyciem\ndzi\u0119ki lotu widokowemu. Ofert\u0119 lot\u00f3w znajdziesz <a href=\"https:\/\/www.kuulinair.sk\/ponuka-letov\/\">TUTAJ<\/a><\/p>\n\n\n\n<ul class=\"wp-block-gallery columns-1 is-cropped wp-block-gallery-4 is-layout-flex wp-block-gallery-is-layout-flex\"><li class=\"blocks-gallery-item\"><figure><img loading=\"lazy\" decoding=\"async\" width=\"560\" height=\"560\" src=\"https:\/\/regiontatry.sk\/wp-content\/uploads\/2023\/01\/image-1-8-1-1.png\" alt=\"\" data-id=\"8714156\" data-link=\"https:\/\/regiontatry.sk\/?attachment_id=8714156\" class=\"wp-image-8714156\" srcset=\"https:\/\/regiontatry.sk\/wp-content\/uploads\/2023\/01\/image-1-8-1-1.png 560w, https:\/\/regiontatry.sk\/wp-content\/uploads\/2023\/01\/image-1-8-1-1-150x150.png 150w, https:\/\/regiontatry.sk\/wp-content\/uploads\/2023\/01\/image-1-8-1-1-300x300.png 300w, https:\/\/regiontatry.sk\/wp-content\/uploads\/2023\/01\/image-1-8-1-1-552x552.png 552w\" sizes=\"(max-width: 560px) 100vw, 560px\" \/><\/figure><\/li><\/ul>\n\n\n\n<p>Kuulinair\nto wyj\u0105tkowe po\u0142\u0105czenie wszystkich zmys\u0142\u00f3w i dozna\u0144 kulinarnych z bajkow\u0105\npodr\u00f3\u017c\u0105 w ob\u0142okach, kt\u00f3ra sprawi rado\u015b\u0107 wszystkim mi\u0142o\u015bnikom niecodziennych\ndozna\u0144, ale tak\u017ce bardziej konserwatywnych typ\u00f3w, lubi\u0105cych od czasu do czasu\nzboczy\u0107 z utartych tor\u00f3w.<\/p>\n","protected":false},"excerpt":{"rendered":"<p>Niezapomniane doznania kulinarne w chmurach nad Tatrami Prze\u017cyj niezwyk\u0142\u0105 przygod\u0119 w postaci wyj\u0105tkowych dozna\u0144 kulinarnych bezpo\u015brednio w koszu balonu na ogrzane powietrze. Lot zaczyna si\u0119 u podn\u00f3\u017ca Tatr Wysokich, w g\u00f3rze sp\u0119dzimy wsp\u00f3lnie oko\u0142o 60-90 minut* niesamowitego lotu ze specja\u0142ami kulinarnymi od szef\u00f3w kuchni Hotelu Lomnica. * Czas trwania lotu uzale\u017cniony jest od aktualnych warunk\u00f3w [&hellip;]<\/p>\n","protected":false},"author":12,"featured_media":8714136,"parent":1581,"menu_order":0,"comment_status":"closed","ping_status":"closed","template":"template-simple-page.php","meta":{"footnotes":""},"class_list":["post-8845428","page","type-page","status-publish","has-post-thumbnail","hentry"],"_links":{"self":[{"href":"https:\/\/regiontatry.sk\/pl\/wp-json\/wp\/v2\/pages\/8845428"}],"collection":[{"href":"https:\/\/regiontatry.sk\/pl\/wp-json\/wp\/v2\/pages"}],"about":[{"href":"https:\/\/regiontatry.sk\/pl\/wp-json\/wp\/v2\/types\/page"}],"author":[{"embeddable":true,"href":"https:\/\/regiontatry.sk\/pl\/wp-json\/wp\/v2\/users\/12"}],"replies":[{"embeddable":true,"href":"https:\/\/regiontatry.sk\/pl\/wp-json\/wp\/v2\/comments?post=8845428"}],"version-history":[{"count":1,"href":"https:\/\/regiontatry.sk\/pl\/wp-json\/wp\/v2\/pages\/8845428\/revisions"}],"predecessor-version":[{"id":8845429,"href":"https:\/\/regiontatry.sk\/pl\/wp-json\/wp\/v2\/pages\/8845428\/revisions\/8845429"}],"up":[{"embeddable":true,"href":"https:\/\/regiontatry.sk\/pl\/wp-json\/wp\/v2\/pages\/1581"}],"wp:featuredmedia":[{"embeddable":true,"href":"https:\/\/regiontatry.sk\/pl\/wp-json\/wp\/v2\/media\/8714136"}],"wp:attachment":[{"href":"https:\/\/regiontatry.sk\/pl\/wp-json\/wp\/v2\/media?parent=8845428"}],"curies":[{"name":"wp","href":"https:\/\/api.w.org\/{rel}","templated":true}]}}