{"id":8903574,"date":"2023-04-18T22:10:25","date_gmt":"2023-04-18T20:10:25","guid":{"rendered":"https:\/\/regiontatry.sk\/tatranske-unikaty\/"},"modified":"2023-04-18T22:46:52","modified_gmt":"2023-04-18T20:46:52","slug":"tatranske-unikaty","status":"publish","type":"page","link":"https:\/\/regiontatry.sk\/pl\/tatranske-unikaty\/","title":{"rendered":"Tatrza\u0144skie unikaty"},"content":{"rendered":"\n<h4 class=\"wp-block-heading\"><em>Odkryj niepowtarzalne tatrza\u0144skie unikaty, kt\u00f3re przyci\u0105gn\u0105 ka\u017cdego na szlakach w niezbadane tereny Tatr.<\/em><\/h4>\n\n\n\n<p><strong>Chocia\u017c Wysokie Tatry s\u0105 najmniejszymi g\u00f3rami na \u015bwiecie, kryj\u0105 w sobie wiele naturalnych i \u015bwiatowych skarb\u00f3w oraz ciekawe pi\u0119kno\u015bci. Nawet dobrze znane i odwiedzane miejsce mo\u017ce zaskoczy\u0107, wzruszy\u0107 i zainteresowa\u0107 nawet do\u015bwiadczonego mi\u0142o\u015bnika g\u00f3r.<\/strong><\/p>\n\n\n\n<p><strong>Velick\u00e1 dolina<\/strong> z fascynuj\u0105cym ogrodem naturalnym, <strong>Skalnata dolina<\/strong> ze zje\u017cd\u017calni\u0105 dla filmowc\u00f3w lub <strong>Javorov\u00e1 dolina,<\/strong> gdzie ksi\u0105\u017c\u0119 Hohenlohe pozostawi\u0142 tchnienie swojego domu. Tatrza\u0144skie miejsca, kt\u00f3re dzi\u0119ki swojej historii s\u0105 wyj\u0105tkowe, mo\u017cesz odnotowa\u0107 na swojej kolejnej trasie tatrza\u0144skimi szlakami. To wszystko wraz z map\u0105 dla poszukiwaczy przyg\u00f3d, zdj\u0119ciami dla pasjonat\u00f3w i ciekawymi tekstami dla dociekliwych tworzy kompleks miejsc, kt\u00f3re zdecydowanie warto pozna\u0107.<\/p>\n\n\n\n<div class=\"wp-block-image\"><figure class=\"aligncenter is-resized\"><img loading=\"lazy\" decoding=\"async\" src=\"https:\/\/regiontatry.sk\/wp-content\/uploads\/2023\/04\/Tatranske_unikaty_plagat-1-724x1024.jpg\" alt=\"\" class=\"wp-image-8903527\" width=\"362\" height=\"512\" srcset=\"https:\/\/regiontatry.sk\/wp-content\/uploads\/2023\/04\/Tatranske_unikaty_plagat-1-724x1024.jpg 724w, https:\/\/regiontatry.sk\/wp-content\/uploads\/2023\/04\/Tatranske_unikaty_plagat-1-212x300.jpg 212w, https:\/\/regiontatry.sk\/wp-content\/uploads\/2023\/04\/Tatranske_unikaty_plagat-1-768x1086.jpg 768w, https:\/\/regiontatry.sk\/wp-content\/uploads\/2023\/04\/Tatranske_unikaty_plagat-1-698x987.jpg 698w, https:\/\/regiontatry.sk\/wp-content\/uploads\/2023\/04\/Tatranske_unikaty_plagat-1-552x781.jpg 552w, https:\/\/regiontatry.sk\/wp-content\/uploads\/2023\/04\/Tatranske_unikaty_plagat-1.jpg 1240w\" sizes=\"(max-width: 362px) 100vw, 362px\" \/><\/figure><\/div>\n\n\n\n<p><strong>VELICK\u00c1 DOLINA<\/strong><br>Dowiedz si\u0119, kto stoi za budow\u0105 szlak\u00f3w, gdzie sta\u0142y pierwsze chaty alpejskie, dlaczego rynna nosi imi\u0119 karczmarza, jak m\u0142ody czeski poeta wp\u0142yn\u0105\u0142 swoim \u017cyciem na Tatrza\u0144sk\u0105 Polank\u0119 i wiele wi\u0119cej.<br><\/p>\n\n\n\n<p><strong>SKALNAT\u00c1 DOLINA<\/strong><br>Cieszy\u0107 si\u0119 budowl\u0105 nazwan\u0105 na cze\u015b\u0107 planety czy wyobra\u017ceniem o tym, jak kiedy\u015b wygl\u0105da\u0142 najwi\u0119kszy tor saneczkowy w Europie, czy informacj\u0105 o ciekawym pochodzeniu Skalnatej Chaty.<br><\/p>\n\n\n\n<p><strong>JAVOROV\u00c1 DOLINA<\/strong><br>Odkryj miejsca spoczynku wa\u017cnych osobisto\u015bci, dolin\u0119 Zadn\u00fd Me\u010fodolov lub \u0142\u0105ki, na kt\u00f3rych przez chwil\u0119 pas\u0142 si\u0119 nawet sprowadzony z Anglii bia\u0142y jele\u0144.<br><\/p>\n\n\n\n<p><strong><em>Wystarczy za\u0142adowa\u0107 map\u0119, spakowa\u0107 termos i wyruszy\u0107 na odkrywanie wyj\u0105tkowych miejsc Tatr Wysokich.<\/em><\/strong><\/p>\n\n\n\n<h4 class=\"wp-block-heading\">MAPA UNIKAT\u00d3W TATR: <a href=\"https:\/\/www.mapotic.com\/tatranske-unikaty?zoom=11&amp;lng=20.185317993164066&amp;lat=49.14353776699441\" target=\"_blank\" rel=\"noreferrer noopener\" aria-label=\"TUTAJ! (otvor\u00ed sa v novej karte)\">TUTAJ!<\/a><\/h4>\n\n\n\n<ul class=\"wp-block-gallery columns-3 is-cropped wp-block-gallery-2 is-layout-flex wp-block-gallery-is-layout-flex\"><li class=\"blocks-gallery-item\"><figure><img loading=\"lazy\" decoding=\"async\" width=\"1024\" height=\"1024\" src=\"https:\/\/regiontatry.sk\/wp-content\/uploads\/2023\/04\/Javorova-dolina_Zvernica-1-1024x1024.jpg\" alt=\"\" data-id=\"8903490\" data-link=\"https:\/\/regiontatry.sk\/?attachment_id=8903490\" class=\"wp-image-8903490\" srcset=\"https:\/\/regiontatry.sk\/wp-content\/uploads\/2023\/04\/Javorova-dolina_Zvernica-1-1024x1024.jpg 1024w, https:\/\/regiontatry.sk\/wp-content\/uploads\/2023\/04\/Javorova-dolina_Zvernica-1-150x150.jpg 150w, https:\/\/regiontatry.sk\/wp-content\/uploads\/2023\/04\/Javorova-dolina_Zvernica-1-300x300.jpg 300w, https:\/\/regiontatry.sk\/wp-content\/uploads\/2023\/04\/Javorova-dolina_Zvernica-1-768x768.jpg 768w, https:\/\/regiontatry.sk\/wp-content\/uploads\/2023\/04\/Javorova-dolina_Zvernica-1-698x698.jpg 698w, https:\/\/regiontatry.sk\/wp-content\/uploads\/2023\/04\/Javorova-dolina_Zvernica-1-552x552.jpg 552w, https:\/\/regiontatry.sk\/wp-content\/uploads\/2023\/04\/Javorova-dolina_Zvernica-1.jpg 1080w\" sizes=\"(max-width: 1024px) 100vw, 1024px\" \/><\/figure><\/li><li class=\"blocks-gallery-item\"><figure><img loading=\"lazy\" decoding=\"async\" width=\"1024\" height=\"1024\" src=\"https:\/\/regiontatry.sk\/wp-content\/uploads\/2023\/04\/Skalnata-dolina_Filmarsky-zlab-1-1024x1024.jpg\" alt=\"\" data-id=\"8903496\" data-link=\"https:\/\/regiontatry.sk\/?attachment_id=8903496\" class=\"wp-image-8903496\" srcset=\"https:\/\/regiontatry.sk\/wp-content\/uploads\/2023\/04\/Skalnata-dolina_Filmarsky-zlab-1-1024x1024.jpg 1024w, https:\/\/regiontatry.sk\/wp-content\/uploads\/2023\/04\/Skalnata-dolina_Filmarsky-zlab-1-150x150.jpg 150w, https:\/\/regiontatry.sk\/wp-content\/uploads\/2023\/04\/Skalnata-dolina_Filmarsky-zlab-1-300x300.jpg 300w, https:\/\/regiontatry.sk\/wp-content\/uploads\/2023\/04\/Skalnata-dolina_Filmarsky-zlab-1-768x768.jpg 768w, https:\/\/regiontatry.sk\/wp-content\/uploads\/2023\/04\/Skalnata-dolina_Filmarsky-zlab-1-698x698.jpg 698w, https:\/\/regiontatry.sk\/wp-content\/uploads\/2023\/04\/Skalnata-dolina_Filmarsky-zlab-1-552x552.jpg 552w, https:\/\/regiontatry.sk\/wp-content\/uploads\/2023\/04\/Skalnata-dolina_Filmarsky-zlab-1.jpg 1080w\" sizes=\"(max-width: 1024px) 100vw, 1024px\" \/><\/figure><\/li><li class=\"blocks-gallery-item\"><figure><img loading=\"lazy\" decoding=\"async\" width=\"1024\" height=\"1024\" src=\"https:\/\/regiontatry.sk\/wp-content\/uploads\/2023\/04\/Skalnata-dolina_Filmarsky-zlab-2-1024x1024.jpg\" alt=\"\" data-id=\"8903502\" data-link=\"https:\/\/regiontatry.sk\/?attachment_id=8903502\" class=\"wp-image-8903502\" srcset=\"https:\/\/regiontatry.sk\/wp-content\/uploads\/2023\/04\/Skalnata-dolina_Filmarsky-zlab-2-1024x1024.jpg 1024w, https:\/\/regiontatry.sk\/wp-content\/uploads\/2023\/04\/Skalnata-dolina_Filmarsky-zlab-2-150x150.jpg 150w, https:\/\/regiontatry.sk\/wp-content\/uploads\/2023\/04\/Skalnata-dolina_Filmarsky-zlab-2-300x300.jpg 300w, https:\/\/regiontatry.sk\/wp-content\/uploads\/2023\/04\/Skalnata-dolina_Filmarsky-zlab-2-768x768.jpg 768w, https:\/\/regiontatry.sk\/wp-content\/uploads\/2023\/04\/Skalnata-dolina_Filmarsky-zlab-2-698x698.jpg 698w, https:\/\/regiontatry.sk\/wp-content\/uploads\/2023\/04\/Skalnata-dolina_Filmarsky-zlab-2-552x552.jpg 552w, https:\/\/regiontatry.sk\/wp-content\/uploads\/2023\/04\/Skalnata-dolina_Filmarsky-zlab-2.jpg 1080w\" sizes=\"(max-width: 1024px) 100vw, 1024px\" \/><\/figure><\/li><li class=\"blocks-gallery-item\"><figure><img loading=\"lazy\" decoding=\"async\" width=\"1024\" height=\"1024\" src=\"https:\/\/regiontatry.sk\/wp-content\/uploads\/2023\/04\/Skalnata-dolina_Pramenisko-1024x1024.jpg\" alt=\"\" data-id=\"8903508\" data-link=\"https:\/\/regiontatry.sk\/?attachment_id=8903508\" class=\"wp-image-8903508\" srcset=\"https:\/\/regiontatry.sk\/wp-content\/uploads\/2023\/04\/Skalnata-dolina_Pramenisko-1024x1024.jpg 1024w, https:\/\/regiontatry.sk\/wp-content\/uploads\/2023\/04\/Skalnata-dolina_Pramenisko-150x150.jpg 150w, https:\/\/regiontatry.sk\/wp-content\/uploads\/2023\/04\/Skalnata-dolina_Pramenisko-300x300.jpg 300w, https:\/\/regiontatry.sk\/wp-content\/uploads\/2023\/04\/Skalnata-dolina_Pramenisko-768x768.jpg 768w, https:\/\/regiontatry.sk\/wp-content\/uploads\/2023\/04\/Skalnata-dolina_Pramenisko-698x698.jpg 698w, https:\/\/regiontatry.sk\/wp-content\/uploads\/2023\/04\/Skalnata-dolina_Pramenisko-552x552.jpg 552w, https:\/\/regiontatry.sk\/wp-content\/uploads\/2023\/04\/Skalnata-dolina_Pramenisko.jpg 1080w\" sizes=\"(max-width: 1024px) 100vw, 1024px\" \/><\/figure><\/li><li class=\"blocks-gallery-item\"><figure><img loading=\"lazy\" decoding=\"async\" width=\"1024\" height=\"1024\" src=\"https:\/\/regiontatry.sk\/wp-content\/uploads\/2023\/04\/Velicka-dolina_Zlta-stena-1024x1024.jpg\" alt=\"\" data-id=\"8903514\" data-link=\"https:\/\/regiontatry.sk\/?attachment_id=8903514\" class=\"wp-image-8903514\" srcset=\"https:\/\/regiontatry.sk\/wp-content\/uploads\/2023\/04\/Velicka-dolina_Zlta-stena-1024x1024.jpg 1024w, https:\/\/regiontatry.sk\/wp-content\/uploads\/2023\/04\/Velicka-dolina_Zlta-stena-150x150.jpg 150w, https:\/\/regiontatry.sk\/wp-content\/uploads\/2023\/04\/Velicka-dolina_Zlta-stena-300x300.jpg 300w, https:\/\/regiontatry.sk\/wp-content\/uploads\/2023\/04\/Velicka-dolina_Zlta-stena-768x768.jpg 768w, https:\/\/regiontatry.sk\/wp-content\/uploads\/2023\/04\/Velicka-dolina_Zlta-stena-698x698.jpg 698w, https:\/\/regiontatry.sk\/wp-content\/uploads\/2023\/04\/Velicka-dolina_Zlta-stena-552x552.jpg 552w, https:\/\/regiontatry.sk\/wp-content\/uploads\/2023\/04\/Velicka-dolina_Zlta-stena.jpg 1080w\" sizes=\"(max-width: 1024px) 100vw, 1024px\" \/><\/figure><\/li><\/ul>\n\n\n\n<p>Realizovan\u00e9 s finan\u010dnou podporou Ministerstva dopravy a v\u00fdstavby Slovenskej republiky. <\/p>\n\n\n\n<figure class=\"wp-block-image\"><img loading=\"lazy\" decoding=\"async\" width=\"632\" height=\"173\" src=\"https:\/\/regiontatry.sk\/wp-content\/uploads\/2023\/04\/log\u00e1-na-web.png\" alt=\"\" class=\"wp-image-8903555\" srcset=\"https:\/\/regiontatry.sk\/wp-content\/uploads\/2023\/04\/log\u00e1-na-web.png 632w, https:\/\/regiontatry.sk\/wp-content\/uploads\/2023\/04\/log\u00e1-na-web-300x82.png 300w, https:\/\/regiontatry.sk\/wp-content\/uploads\/2023\/04\/log\u00e1-na-web-552x151.png 552w\" sizes=\"(max-width: 632px) 100vw, 632px\" \/><\/figure>\n","protected":false},"excerpt":{"rendered":"<p>Odkryj niepowtarzalne tatrza\u0144skie unikaty, kt\u00f3re przyci\u0105gn\u0105 ka\u017cdego na szlakach w niezbadane tereny Tatr. Chocia\u017c Wysokie Tatry s\u0105 najmniejszymi g\u00f3rami na \u015bwiecie, kryj\u0105 w sobie wiele naturalnych i \u015bwiatowych skarb\u00f3w oraz ciekawe pi\u0119kno\u015bci. Nawet dobrze znane i odwiedzane miejsce mo\u017ce zaskoczy\u0107, wzruszy\u0107 i zainteresowa\u0107 nawet do\u015bwiadczonego mi\u0142o\u015bnika g\u00f3r. Velick\u00e1 dolina z fascynuj\u0105cym ogrodem naturalnym, Skalnata dolina [&hellip;]<\/p>\n","protected":false},"author":12,"featured_media":8903548,"parent":0,"menu_order":0,"comment_status":"closed","ping_status":"closed","template":"template-list.php","meta":{"footnotes":""},"class_list":["post-8903574","page","type-page","status-publish","has-post-thumbnail","hentry"],"_links":{"self":[{"href":"https:\/\/regiontatry.sk\/pl\/wp-json\/wp\/v2\/pages\/8903574"}],"collection":[{"href":"https:\/\/regiontatry.sk\/pl\/wp-json\/wp\/v2\/pages"}],"about":[{"href":"https:\/\/regiontatry.sk\/pl\/wp-json\/wp\/v2\/types\/page"}],"author":[{"embeddable":true,"href":"https:\/\/regiontatry.sk\/pl\/wp-json\/wp\/v2\/users\/12"}],"replies":[{"embeddable":true,"href":"https:\/\/regiontatry.sk\/pl\/wp-json\/wp\/v2\/comments?post=8903574"}],"version-history":[{"count":2,"href":"https:\/\/regiontatry.sk\/pl\/wp-json\/wp\/v2\/pages\/8903574\/revisions"}],"predecessor-version":[{"id":8903587,"href":"https:\/\/regiontatry.sk\/pl\/wp-json\/wp\/v2\/pages\/8903574\/revisions\/8903587"}],"wp:featuredmedia":[{"embeddable":true,"href":"https:\/\/regiontatry.sk\/pl\/wp-json\/wp\/v2\/media\/8903548"}],"wp:attachment":[{"href":"https:\/\/regiontatry.sk\/pl\/wp-json\/wp\/v2\/media?parent=8903574"}],"curies":[{"name":"wp","href":"https:\/\/api.w.org\/{rel}","templated":true}]}}