{"id":10384909,"date":"2025-04-16T21:44:26","date_gmt":"2025-04-16T19:44:26","guid":{"rendered":"https:\/\/regiontatry.sk\/letna-dovolenka-vo-vysokych-tatrach\/"},"modified":"2025-12-02T20:41:07","modified_gmt":"2025-12-02T19:41:07","slug":"vacanta-de-vara-in-tatra-inalta","status":"publish","type":"page","link":"https:\/\/regiontatry.sk\/ro\/vacanta-de-vara-in-tatra-inalta\/","title":{"rendered":"Vacan\u021b\u0103 de var\u0103 \u00een Tatra \u00cenalt\u0103"},"content":{"rendered":"\n\n","protected":false},"excerpt":{"rendered":"","protected":false},"author":12,"featured_media":0,"parent":0,"menu_order":0,"comment_status":"closed","ping_status":"closed","template":"template-homepage-new.php","meta":{"footnotes":""},"class_list":["post-10384909","page","type-page","status-publish","hentry"],"_links":{"self":[{"href":"https:\/\/regiontatry.sk\/ro\/wp-json\/wp\/v2\/pages\/10384909"}],"collection":[{"href":"https:\/\/regiontatry.sk\/ro\/wp-json\/wp\/v2\/pages"}],"about":[{"href":"https:\/\/regiontatry.sk\/ro\/wp-json\/wp\/v2\/types\/page"}],"author":[{"embeddable":true,"href":"https:\/\/regiontatry.sk\/ro\/wp-json\/wp\/v2\/users\/12"}],"replies":[{"embeddable":true,"href":"https:\/\/regiontatry.sk\/ro\/wp-json\/wp\/v2\/comments?post=10384909"}],"version-history":[{"count":2,"href":"https:\/\/regiontatry.sk\/ro\/wp-json\/wp\/v2\/pages\/10384909\/revisions"}],"predecessor-version":[{"id":10384921,"href":"https:\/\/regiontatry.sk\/ro\/wp-json\/wp\/v2\/pages\/10384909\/revisions\/10384921"}],"wp:attachment":[{"href":"https:\/\/regiontatry.sk\/ro\/wp-json\/wp\/v2\/media?parent=10384909"}],"curies":[{"name":"wp","href":"https:\/\/api.w.org\/{rel}","templated":true}]}}