{"id":13239234,"date":"2026-01-14T08:19:56","date_gmt":"2026-01-14T07:19:56","guid":{"rendered":"https:\/\/regiontatry.sk\/enjoy-tatras-2\/"},"modified":"2026-01-20T09:25:07","modified_gmt":"2026-01-20T08:25:07","slug":"enjoy-tatras-2","status":"publish","type":"page","link":"https:\/\/regiontatry.sk\/ro\/enjoy-tatras-2\/","title":{"rendered":"Enjoy Tatras"},"content":{"rendered":"\n<p><strong>Enjoy Tatras<\/strong> este brandul exclusiv al Organiza\u021biei de Management al Destina\u021biei (DMO) pentru dou\u0103 regiuni puternice ale Slovaciei &#8211; Tatra \u00cenalt\u0103 \u0219i Liptov. Promov\u0103m experien\u021be de neuitat pentru toat\u0103 lumea.<\/p>\n\n\n\n<p>Inten\u021biona\u021bi s\u0103 schia\u021bi \u00een cele mai faimoase sta\u021biuni de schi, s\u0103 \u00eenchiria\u021bi o caban\u0103 de munte de lux, s\u0103 descoperi\u021bi mun\u021bi uluitori sau locuri pline de mo\u0219tenire cultural\u0103?<\/p>\n\n\n\n<p>Sau s\u0103 naviga\u021bi pe Liptovsk\u00e1 Mara, s\u0103 admira\u021bi chei frumoase, cascade \u0219i pe\u0219teri? V\u0103 vom ajuta s\u0103 descoperi\u021bi comorile ascunse ale \u021b\u0103rii noastre uimitoare.<\/p>\n\n\n\n<p>Pasiunea noastr\u0103 este s\u0103 v\u0103 prezent\u0103m <strong>experien\u021be locale autentice, astfel \u00eenc\u00e2t s\u0103 pute\u021bi experimenta cu adev\u0103rat adev\u0103rata Slovacie.<\/strong><\/p>\n\n\n\n<figure class=\"wp-block-gallery has-nested-images columns-default is-cropped wp-block-gallery-2 is-layout-flex wp-block-gallery-is-layout-flex\">\n<figure class=\"wp-block-image size-large\"><img loading=\"lazy\" decoding=\"async\" width=\"1024\" height=\"684\" data-id=\"8876110\" src=\"https:\/\/regiontatry.sk\/wp-content\/uploads\/2023\/04\/17_11zon-1024x684.jpg\" alt=\"\" class=\"wp-image-8876110\" srcset=\"https:\/\/regiontatry.sk\/wp-content\/uploads\/2023\/04\/17_11zon-1024x684.jpg 1024w, https:\/\/regiontatry.sk\/wp-content\/uploads\/2023\/04\/17_11zon-300x200.jpg 300w, https:\/\/regiontatry.sk\/wp-content\/uploads\/2023\/04\/17_11zon-768x513.jpg 768w, https:\/\/regiontatry.sk\/wp-content\/uploads\/2023\/04\/17_11zon-1536x1025.jpg 1536w, https:\/\/regiontatry.sk\/wp-content\/uploads\/2023\/04\/17_11zon-1920x1282.jpg 1920w, https:\/\/regiontatry.sk\/wp-content\/uploads\/2023\/04\/17_11zon-1705x1138.jpg 1705w, https:\/\/regiontatry.sk\/wp-content\/uploads\/2023\/04\/17_11zon-860x574.jpg 860w, https:\/\/regiontatry.sk\/wp-content\/uploads\/2023\/04\/17_11zon-698x466.jpg 698w, https:\/\/regiontatry.sk\/wp-content\/uploads\/2023\/04\/17_11zon-552x368.jpg 552w, https:\/\/regiontatry.sk\/wp-content\/uploads\/2023\/04\/17_11zon.jpg 2048w\" sizes=\"(max-width: 1024px) 100vw, 1024px\" \/><\/figure>\n\n\n\n<figure class=\"wp-block-image size-large\"><img loading=\"lazy\" decoding=\"async\" width=\"1024\" height=\"683\" data-id=\"13227962\" src=\"https:\/\/regiontatry.sk\/wp-content\/uploads\/2026\/01\/09-small-1024x683.jpg\" alt=\"\" class=\"wp-image-13227962\" srcset=\"https:\/\/regiontatry.sk\/wp-content\/uploads\/2026\/01\/09-small-1024x683.jpg 1024w, https:\/\/regiontatry.sk\/wp-content\/uploads\/2026\/01\/09-small-300x200.jpg 300w, https:\/\/regiontatry.sk\/wp-content\/uploads\/2026\/01\/09-small-768x512.jpg 768w, https:\/\/regiontatry.sk\/wp-content\/uploads\/2026\/01\/09-small-1536x1024.jpg 1536w, https:\/\/regiontatry.sk\/wp-content\/uploads\/2026\/01\/09-small-2048x1365.jpg 2048w, https:\/\/regiontatry.sk\/wp-content\/uploads\/2026\/01\/09-small-1920x1280.jpg 1920w, https:\/\/regiontatry.sk\/wp-content\/uploads\/2026\/01\/09-small-1705x1137.jpg 1705w, https:\/\/regiontatry.sk\/wp-content\/uploads\/2026\/01\/09-small-860x573.jpg 860w, https:\/\/regiontatry.sk\/wp-content\/uploads\/2026\/01\/09-small-698x465.jpg 698w, https:\/\/regiontatry.sk\/wp-content\/uploads\/2026\/01\/09-small-552x368.jpg 552w\" sizes=\"(max-width: 1024px) 100vw, 1024px\" \/><\/figure>\n\n\n\n<figure class=\"wp-block-image size-large\"><img loading=\"lazy\" decoding=\"async\" width=\"1024\" height=\"722\" data-id=\"13227942\" src=\"https:\/\/regiontatry.sk\/wp-content\/uploads\/2026\/01\/MalyJavorovystit_01-1024x722.jpg\" alt=\"\" class=\"wp-image-13227942\" srcset=\"https:\/\/regiontatry.sk\/wp-content\/uploads\/2026\/01\/MalyJavorovystit_01-1024x722.jpg 1024w, https:\/\/regiontatry.sk\/wp-content\/uploads\/2026\/01\/MalyJavorovystit_01-300x212.jpg 300w, https:\/\/regiontatry.sk\/wp-content\/uploads\/2026\/01\/MalyJavorovystit_01-768x541.jpg 768w, https:\/\/regiontatry.sk\/wp-content\/uploads\/2026\/01\/MalyJavorovystit_01-1536x1083.jpg 1536w, https:\/\/regiontatry.sk\/wp-content\/uploads\/2026\/01\/MalyJavorovystit_01-2048x1444.jpg 2048w, https:\/\/regiontatry.sk\/wp-content\/uploads\/2026\/01\/MalyJavorovystit_01-1920x1354.jpg 1920w, https:\/\/regiontatry.sk\/wp-content\/uploads\/2026\/01\/MalyJavorovystit_01-1705x1202.jpg 1705w, https:\/\/regiontatry.sk\/wp-content\/uploads\/2026\/01\/MalyJavorovystit_01-860x606.jpg 860w, https:\/\/regiontatry.sk\/wp-content\/uploads\/2026\/01\/MalyJavorovystit_01-698x492.jpg 698w, https:\/\/regiontatry.sk\/wp-content\/uploads\/2026\/01\/MalyJavorovystit_01-552x389.jpg 552w\" sizes=\"(max-width: 1024px) 100vw, 1024px\" \/><\/figure>\n<\/figure>\n\n\n\n<p><\/p>\n\n\n\n<p><strong>ENJOY TATRAS<\/strong> \u2013 un proiect pilot, primul de acest fel din Slovacia, este o companie de management al destina\u021biilor turistice care une\u0219te dou\u0103 organiza\u021bii regionale de turism fiabile \u0219i puternice \u2013 <strong>OOCR Regiunea Liptov \u0219i OOCR Regiunea Tatra \u00cenalt\u0103,<\/strong> \u00eentruchip\u00e2nd cuno\u0219tin\u021bele \u0219i experien\u021ba lor. Scopul s\u0103u principal este de a promova frumoasa regiune Tatra din Slovacia.<\/p>\n\n\n\n<p>Nu dorim s\u0103 repet\u0103m \u200b\u200bcli\u0219ee goale. Dorim s\u0103 prezent\u0103m frumoasa regiune Tatra a\u0219a cum o cunoa\u0219tem, pentru a sublinia pozi\u021bia sa semnificativ\u0103 \u00een Europa de Est. For\u021ba noastr\u0103 motrice este entuziasmul. Suntem gata s\u0103 subliniem unicitatea acestei regiuni, s\u0103 oferim experien\u021be neobi\u0219nuite \u0219i excep\u021bionale.<\/p>\n\n\n\n<p>Suntem gata s\u0103 oferim consultan\u021b\u0103 vizitatorilor atunci c\u00e2nd \u00ee\u0219i planific\u0103 \u0219ederea \u00een Tatra \u00cenalt\u0103 \u0219i Liptov:<\/p>\n\n\n\n<ul class=\"wp-block-list\">\n<li>Sfaturi pentru cele mai frumoase drume\u021bii<\/li>\n\n\n\n<li>Sfaturi pentru cea mai bun\u0103 cazare \u00een pensiuni, cabane, hoteluri \u0219i complexe de agrement de diferite categorii, de la cele mai simple la cele mai luxoase<\/li>\n\n\n\n<li>Servicii \u00een regiune: abonamente de schi, \u00eenchiriere echipament sportiv, transport, \u00eenchiriere auto, servicii de ghidare, intr\u0103ri \u00een parcuri acvatice, activit\u0103\u021bi de agrement<\/li>\n\n\n\n<li>Servicii suplimentare \u2013 lec\u021bii la \u0219colile de schi, p\u00e2rtii de schi, tururi \u00een pe\u0219teri, zboruri turistice, divertisment apr\u00e8s-ski, golf<\/li>\n<\/ul>\n\n\n\n<p><\/p>\n\n\n\n<figure class=\"wp-block-gallery has-nested-images columns-default is-cropped wp-block-gallery-3 is-layout-flex wp-block-gallery-is-layout-flex\">\n<figure class=\"wp-block-image size-large\"><img loading=\"lazy\" decoding=\"async\" width=\"1024\" height=\"719\" data-id=\"9994770\" src=\"https:\/\/regiontatry.sk\/wp-content\/uploads\/2024\/11\/\u00a9-Marek-Hajkovsky-foto-VT-kampan-zima-2024_115-e1732222566500-1024x719.jpg\" alt=\"ly\u017eovanie Skalnat\u00e9 pleso\" class=\"wp-image-9994770\" srcset=\"https:\/\/regiontatry.sk\/wp-content\/uploads\/2024\/11\/\u00a9-Marek-Hajkovsky-foto-VT-kampan-zima-2024_115-e1732222566500-1024x719.jpg 1024w, https:\/\/regiontatry.sk\/wp-content\/uploads\/2024\/11\/\u00a9-Marek-Hajkovsky-foto-VT-kampan-zima-2024_115-e1732222566500-300x211.jpg 300w, https:\/\/regiontatry.sk\/wp-content\/uploads\/2024\/11\/\u00a9-Marek-Hajkovsky-foto-VT-kampan-zima-2024_115-e1732222566500-768x540.jpg 768w, https:\/\/regiontatry.sk\/wp-content\/uploads\/2024\/11\/\u00a9-Marek-Hajkovsky-foto-VT-kampan-zima-2024_115-e1732222566500-860x604.jpg 860w, https:\/\/regiontatry.sk\/wp-content\/uploads\/2024\/11\/\u00a9-Marek-Hajkovsky-foto-VT-kampan-zima-2024_115-e1732222566500-698x490.jpg 698w, https:\/\/regiontatry.sk\/wp-content\/uploads\/2024\/11\/\u00a9-Marek-Hajkovsky-foto-VT-kampan-zima-2024_115-e1732222566500-552x388.jpg 552w, https:\/\/regiontatry.sk\/wp-content\/uploads\/2024\/11\/\u00a9-Marek-Hajkovsky-foto-VT-kampan-zima-2024_115-e1732222566500.jpg 1096w\" sizes=\"(max-width: 1024px) 100vw, 1024px\" \/><\/figure>\n\n\n\n<figure class=\"wp-block-image size-large\"><img loading=\"lazy\" decoding=\"async\" width=\"1024\" height=\"662\" data-id=\"10270045\" src=\"https:\/\/regiontatry.sk\/wp-content\/uploads\/2025\/06\/c-Marek-Hajkovsky-foto-VT-letna-kampan-2024_39-1024x662.jpg\" alt=\"\" class=\"wp-image-10270045\" srcset=\"https:\/\/regiontatry.sk\/wp-content\/uploads\/2025\/06\/c-Marek-Hajkovsky-foto-VT-letna-kampan-2024_39-1024x662.jpg 1024w, https:\/\/regiontatry.sk\/wp-content\/uploads\/2025\/06\/c-Marek-Hajkovsky-foto-VT-letna-kampan-2024_39-300x194.jpg 300w, https:\/\/regiontatry.sk\/wp-content\/uploads\/2025\/06\/c-Marek-Hajkovsky-foto-VT-letna-kampan-2024_39-768x496.jpg 768w, https:\/\/regiontatry.sk\/wp-content\/uploads\/2025\/06\/c-Marek-Hajkovsky-foto-VT-letna-kampan-2024_39-860x556.jpg 860w, https:\/\/regiontatry.sk\/wp-content\/uploads\/2025\/06\/c-Marek-Hajkovsky-foto-VT-letna-kampan-2024_39-698x451.jpg 698w, https:\/\/regiontatry.sk\/wp-content\/uploads\/2025\/06\/c-Marek-Hajkovsky-foto-VT-letna-kampan-2024_39-552x357.jpg 552w, https:\/\/regiontatry.sk\/wp-content\/uploads\/2025\/06\/c-Marek-Hajkovsky-foto-VT-letna-kampan-2024_39.jpg 1400w\" sizes=\"(max-width: 1024px) 100vw, 1024px\" \/><\/figure>\n\n\n\n<figure class=\"wp-block-image size-full\"><img loading=\"lazy\" decoding=\"async\" width=\"800\" height=\"480\" data-id=\"13228816\" src=\"https:\/\/regiontatry.sk\/wp-content\/uploads\/2026\/01\/c-Marek-Hajkovsky-foto-VT-letna-kampan-2024_179-1.webp\" alt=\"\" class=\"wp-image-13228816\" srcset=\"https:\/\/regiontatry.sk\/wp-content\/uploads\/2026\/01\/c-Marek-Hajkovsky-foto-VT-letna-kampan-2024_179-1.webp 800w, https:\/\/regiontatry.sk\/wp-content\/uploads\/2026\/01\/c-Marek-Hajkovsky-foto-VT-letna-kampan-2024_179-1-300x180.webp 300w, https:\/\/regiontatry.sk\/wp-content\/uploads\/2026\/01\/c-Marek-Hajkovsky-foto-VT-letna-kampan-2024_179-1-768x461.webp 768w, https:\/\/regiontatry.sk\/wp-content\/uploads\/2026\/01\/c-Marek-Hajkovsky-foto-VT-letna-kampan-2024_179-1-698x419.webp 698w, https:\/\/regiontatry.sk\/wp-content\/uploads\/2026\/01\/c-Marek-Hajkovsky-foto-VT-letna-kampan-2024_179-1-552x331.webp 552w\" sizes=\"(max-width: 800px) 100vw, 800px\" \/><\/figure>\n<\/figure>\n\n\n\n<h3 class=\"wp-block-heading\"><strong>CU CINE LUCR\u0102M?<\/strong><\/h3>\n\n\n\n<p>\u00cen calitate de companie de management al destina\u021biilor turistice, creat\u0103 de dou\u0103 dintre cele mai puternice organiza\u021bii de turism din Slovacia, conect\u0103m to\u021bi partenerii cheie din regiunile Liptov \u0219i Tatra \u00cenalt\u0103. Colabor\u0103m cu hoteluri \u0219i pensiuni de toate categoriile, sta\u021biuni de schi, parcuri acvatice \u0219i termale, spa-uri, furnizori de activit\u0103\u021bi de iarn\u0103 \u0219i de var\u0103, consilii locale, parcuri de distrac\u021bii \u0219i toate serviciile de care un turist are nevoie pentru o vacan\u021b\u0103 perfect\u0103.<\/p>\n\n\n\n<figure class=\"wp-block-gallery has-nested-images columns-default is-cropped wp-block-gallery-4 is-layout-flex wp-block-gallery-is-layout-flex\">\n<figure class=\"wp-block-image size-large\"><img loading=\"lazy\" decoding=\"async\" width=\"1024\" height=\"693\" data-id=\"10345533\" src=\"https:\/\/regiontatry.sk\/wp-content\/uploads\/2025\/07\/AquaCity_Poprad_Leto_MH_web_013-1024x693.jpg\" alt=\"\" class=\"wp-image-10345533\" srcset=\"https:\/\/regiontatry.sk\/wp-content\/uploads\/2025\/07\/AquaCity_Poprad_Leto_MH_web_013-1024x693.jpg 1024w, https:\/\/regiontatry.sk\/wp-content\/uploads\/2025\/07\/AquaCity_Poprad_Leto_MH_web_013-300x203.jpg 300w, https:\/\/regiontatry.sk\/wp-content\/uploads\/2025\/07\/AquaCity_Poprad_Leto_MH_web_013-768x520.jpg 768w, https:\/\/regiontatry.sk\/wp-content\/uploads\/2025\/07\/AquaCity_Poprad_Leto_MH_web_013-1536x1039.jpg 1536w, https:\/\/regiontatry.sk\/wp-content\/uploads\/2025\/07\/AquaCity_Poprad_Leto_MH_web_013-1705x1154.jpg 1705w, https:\/\/regiontatry.sk\/wp-content\/uploads\/2025\/07\/AquaCity_Poprad_Leto_MH_web_013-860x582.jpg 860w, https:\/\/regiontatry.sk\/wp-content\/uploads\/2025\/07\/AquaCity_Poprad_Leto_MH_web_013-698x472.jpg 698w, https:\/\/regiontatry.sk\/wp-content\/uploads\/2025\/07\/AquaCity_Poprad_Leto_MH_web_013-552x373.jpg 552w, https:\/\/regiontatry.sk\/wp-content\/uploads\/2025\/07\/AquaCity_Poprad_Leto_MH_web_013.jpg 1920w\" sizes=\"(max-width: 1024px) 100vw, 1024px\" \/><\/figure>\n\n\n\n<figure class=\"wp-block-image size-large\"><img loading=\"lazy\" decoding=\"async\" width=\"1024\" height=\"684\" data-id=\"9214198\" src=\"https:\/\/regiontatry.sk\/wp-content\/uploads\/2023\/08\/15-1024x684.jpg\" alt=\"\" class=\"wp-image-9214198\" srcset=\"https:\/\/regiontatry.sk\/wp-content\/uploads\/2023\/08\/15-1024x684.jpg 1024w, https:\/\/regiontatry.sk\/wp-content\/uploads\/2023\/08\/15-300x200.jpg 300w, https:\/\/regiontatry.sk\/wp-content\/uploads\/2023\/08\/15-768x513.jpg 768w, https:\/\/regiontatry.sk\/wp-content\/uploads\/2023\/08\/15-1920x1282.jpg 1920w, https:\/\/regiontatry.sk\/wp-content\/uploads\/2023\/08\/15-1705x1138.jpg 1705w, https:\/\/regiontatry.sk\/wp-content\/uploads\/2023\/08\/15-698x466.jpg 698w, https:\/\/regiontatry.sk\/wp-content\/uploads\/2023\/08\/15-552x368.jpg 552w, https:\/\/regiontatry.sk\/wp-content\/uploads\/2023\/08\/15.jpg 2048w\" sizes=\"(max-width: 1024px) 100vw, 1024px\" \/><\/figure>\n\n\n\n<figure class=\"wp-block-image size-large\"><img loading=\"lazy\" decoding=\"async\" width=\"1024\" height=\"671\" data-id=\"8927744\" src=\"https:\/\/regiontatry.sk\/wp-content\/uploads\/2023\/04\/Kempinski_exterier_zima_11zon-1024x671.jpg\" alt=\"\" class=\"wp-image-8927744\" srcset=\"https:\/\/regiontatry.sk\/wp-content\/uploads\/2023\/04\/Kempinski_exterier_zima_11zon-1024x671.jpg 1024w, https:\/\/regiontatry.sk\/wp-content\/uploads\/2023\/04\/Kempinski_exterier_zima_11zon-300x197.jpg 300w, https:\/\/regiontatry.sk\/wp-content\/uploads\/2023\/04\/Kempinski_exterier_zima_11zon-768x504.jpg 768w, https:\/\/regiontatry.sk\/wp-content\/uploads\/2023\/04\/Kempinski_exterier_zima_11zon-1920x1259.jpg 1920w, https:\/\/regiontatry.sk\/wp-content\/uploads\/2023\/04\/Kempinski_exterier_zima_11zon-1705x1118.jpg 1705w, https:\/\/regiontatry.sk\/wp-content\/uploads\/2023\/04\/Kempinski_exterier_zima_11zon-698x458.jpg 698w, https:\/\/regiontatry.sk\/wp-content\/uploads\/2023\/04\/Kempinski_exterier_zima_11zon-552x362.jpg 552w\" sizes=\"(max-width: 1024px) 100vw, 1024px\" \/><\/figure>\n<\/figure>\n\n\n\n<h4 class=\"elementor-icon-box-title\"><img loading=\"lazy\" decoding=\"async\" class=\"alignnone size-medium wp-image-13157589\" src=\"https:\/\/regiontatry.sk\/wp-content\/uploads\/2025\/12\/EnjoyTatras_logo_color_final-300x160.jpg\" alt=\"\" width=\"300\" height=\"160\" srcset=\"https:\/\/regiontatry.sk\/wp-content\/uploads\/2025\/12\/EnjoyTatras_logo_color_final-300x160.jpg 300w, https:\/\/regiontatry.sk\/wp-content\/uploads\/2025\/12\/EnjoyTatras_logo_color_final-1024x545.jpg 1024w, https:\/\/regiontatry.sk\/wp-content\/uploads\/2025\/12\/EnjoyTatras_logo_color_final-768x409.jpg 768w, https:\/\/regiontatry.sk\/wp-content\/uploads\/2025\/12\/EnjoyTatras_logo_color_final-860x458.jpg 860w, https:\/\/regiontatry.sk\/wp-content\/uploads\/2025\/12\/EnjoyTatras_logo_color_final-698x371.jpg 698w, https:\/\/regiontatry.sk\/wp-content\/uploads\/2025\/12\/EnjoyTatras_logo_color_final-552x294.jpg 552w, https:\/\/regiontatry.sk\/wp-content\/uploads\/2025\/12\/EnjoyTatras_logo_color_final.jpg 1231w\" sizes=\"(max-width: 300px) 100vw, 300px\" \/><\/h4>\n<h4 class=\"elementor-icon-box-title\">Email: info@enjoytatras.com<br \/>web: <a href=\"https:\/\/enjoytatras.com\/\">www.enjoytatras.com<\/a><\/h4>\n<p>\u00a0<\/p>\n<p>\u00a0<\/p>\n","protected":false},"excerpt":{"rendered":"<p>Enjoy Tatras este brandul exclusiv al Organiza\u021biei de Management al Destina\u021biei (DMO) pentru dou\u0103 regiuni puternice ale Slovaciei &#8211; Tatra \u00cenalt\u0103 \u0219i Liptov. Promov\u0103m experien\u021be de neuitat pentru toat\u0103 lumea. Inten\u021biona\u021bi s\u0103 schia\u021bi \u00een cele mai faimoase sta\u021biuni de schi, s\u0103 \u00eenchiria\u021bi o caban\u0103 de munte de lux, s\u0103 descoperi\u021bi mun\u021bi uluitori sau locuri pline [&hellip;]<\/p>\n","protected":false},"author":12,"featured_media":0,"parent":0,"menu_order":0,"comment_status":"closed","ping_status":"closed","template":"template-simple-page.php","meta":{"footnotes":""},"class_list":["post-13239234","page","type-page","status-publish","hentry"],"_links":{"self":[{"href":"https:\/\/regiontatry.sk\/ro\/wp-json\/wp\/v2\/pages\/13239234"}],"collection":[{"href":"https:\/\/regiontatry.sk\/ro\/wp-json\/wp\/v2\/pages"}],"about":[{"href":"https:\/\/regiontatry.sk\/ro\/wp-json\/wp\/v2\/types\/page"}],"author":[{"embeddable":true,"href":"https:\/\/regiontatry.sk\/ro\/wp-json\/wp\/v2\/users\/12"}],"replies":[{"embeddable":true,"href":"https:\/\/regiontatry.sk\/ro\/wp-json\/wp\/v2\/comments?post=13239234"}],"version-history":[{"count":1,"href":"https:\/\/regiontatry.sk\/ro\/wp-json\/wp\/v2\/pages\/13239234\/revisions"}],"predecessor-version":[{"id":13239236,"href":"https:\/\/regiontatry.sk\/ro\/wp-json\/wp\/v2\/pages\/13239234\/revisions\/13239236"}],"wp:attachment":[{"href":"https:\/\/regiontatry.sk\/ro\/wp-json\/wp\/v2\/media?parent=13239234"}],"curies":[{"name":"wp","href":"https:\/\/api.w.org\/{rel}","templated":true}]}}