{"id":8094260,"date":"2018-08-23T14:09:10","date_gmt":"2018-08-23T12:09:10","guid":{"rendered":"https:\/\/regiontatry.sk\/horska-turistika\/"},"modified":"2025-05-05T22:15:15","modified_gmt":"2025-05-05T20:15:15","slug":"drumetii-montane","status":"publish","type":"page","link":"https:\/\/regiontatry.sk\/ro\/drumetii-montane\/","title":{"rendered":"Drume\u021bii montane"},"content":{"rendered":"\n<p>\u00cen Mun\u021bii Tatra exist\u0103 aproximativ <strong>600 km de trasee marcate<\/strong> care le permit turi\u0219tilor s\u0103 descopere cele mai frumoase locuri din acest peisaj montan. Trasee de drume\u021bie <strong>prin v\u0103i,<\/strong> ascensiuni la <strong>cabanele din Mun\u021bii Tatra,<\/strong> poteci spre cele mai frumoase <strong>lacuri din Mun\u021bii Tatra,<\/strong> v\u00e2rfuri Tatra sau <strong>v\u00e2rfuri<\/strong> de dou\u0103 mii de metri, treceri peste <strong>depresiunile<\/strong> Tatra cu priveli\u0219ti paradisiace, precum \u0219i lumea fascinant\u0103 a animalelor \u0219i plantelor.<\/p>\n\n\n\n<p>Dac\u0103 vizita\u021bi aceast\u0103 parte pitoreasc\u0103 a \u021b\u0103rii, ve\u021bi fi cu siguran\u021b\u0103 \u00eenc\u00e2nta\u021bi.<\/p>\n\n\n\n<p>Mun\u021bii Tatra sunt potrivi\u021bi pentru <strong>orice tip de excursionist<\/strong>, de la plimb\u0103ri u\u0219oare pentru familiile cu copii, la drume\u021bii active pentru cei mai preten\u021bio\u0219i, p\u00e2n\u0103 la dep\u0103\u0219irea efortului fizic pentru cei care vor s\u0103 ajung\u0103 pe cele mai \u00eenalte v\u00e2rfuri.<\/p>\n\n\n\n<p>Toate traseele de drume\u021bie, destinate deplas\u0103rii vizitatorilor \u00een Parcul Na\u021bional Tatra, sunt marcate cu semne (ro\u0219u, albastru, verde, galben). Acestea sunt \u00eemp\u0103r\u021bite \u00een mai multe grupe \u00een func\u021bie de dificultatea fiec\u0103rei sec\u021biuni.<\/p>\n\n\n\n<https:\/\/www.youtube.com\/watch?v=WOdnl5jNlAg\n\n\n\n<h3 class=\"wp-block-heading has-text-color has-link-color wp-elements-9724273b0530c51c4752f0e9fb91d1a3\" style=\"color:#1ad100\"><br><strong>PLIMB\u0102RI \u00ceN MIJLOCUL NATURII<\/strong><\/h3>\n\n\n\n<p>Plimb\u0103ri scurte ideale pentru excursioni\u0219tii mai pu\u021bin preten\u021bio\u0219i, de p\u00e2n\u0103 la 2 ore, care pot fi f\u0103cute chiar \u0219i cu copii mici.<\/p>\n\n\n\n<h3 class=\"wp-block-heading has-text-color has-link-color wp-elements-bab4bee1140e77df7f491ed1ae6e43de\" style=\"color:#1ad100\"><strong>DRUME\u021aII PRIN V\u0102I<\/strong><\/h3>\n\n\n\n<p>Dac\u0103 sunte\u021bi un <strong>excursionist mai preten\u021bios,<\/strong> nu rata\u021bi unele dintre drume\u021biile mai lungi prin v\u0103i. \u00cenconjura\u021bi de panorama naturii montane, \u00eendrepta\u021bi-v\u0103 spre mun\u021bi \u0219i cabane de-a lungul traseelor bine \u00eentre\u021binute.<\/p>\n\n\n\n<h3 class=\"wp-block-heading has-text-color has-link-color wp-elements-1ce9601e64a58fab316373f5fe88169b\" style=\"color:#1ad100\"><strong>ASCENSIUNI SPRE V\u00c2RFURI DE MUNTE<\/strong><\/h3>\n\n\n\n<p>Pentru <strong>cei mai preten\u021bio\u0219i excursioni\u0219ti<\/strong> care sunt hot\u0103r\u00e2\u021bi s\u0103 cucereasc\u0103 terenuri dificile \u0219i s\u0103 dep\u0103\u0219easc\u0103 diferen\u021be mari de altitudine, se pot face ascensiuni pe v\u00e2rfuri montane. Multe dintre acestea sunt permise doar dac\u0103 sunt \u00eenso\u021bite de ghizi montani. Siguran\u021ba este pe primul loc, a\u0219a c\u0103 nu subestima\u021bi niciuna dintre c\u0103\u021b\u0103r\u0103ri \u0219i preg\u0103ti\u021bi-v\u0103 corespunz\u0103tor pentru ele.<\/p>\n\n\n\n<p>Datorit\u0103 proiectului&nbsp;<a href=\"https:\/\/regiontatry.sk\/turistika\/tatry-bez-barier\/\">Mun\u021bii Tatra f\u0103r\u0103 bariere<\/a>&nbsp;cei mai \u00eenal\u021bi\nmun\u021bi din Slovacia sunt accesibili \u0219i pentru cet\u0103\u021benii cu mobilitate redus\u0103 sau\npentru familiile cu c\u0103rucioare. Consulta\u021bi \u0219i sugestiile noastre pentru&nbsp;<a href=\"https:\/\/regiontatry.sk\/turistika\/rodinna-turistika\/\">drume\u021bii \u00een familie<\/a>.<\/p>\n","protected":false},"excerpt":{"rendered":"<p>\u00cen Mun\u021bii Tatra exist\u0103 aproximativ 600 km de trasee marcate care le permit turi\u0219tilor s\u0103 descopere cele mai frumoase locuri din acest peisaj montan. Trasee de drume\u021bie prin v\u0103i, ascensiuni la cabanele din Mun\u021bii Tatra, poteci spre cele mai frumoase lacuri din Mun\u021bii Tatra, v\u00e2rfuri Tatra sau v\u00e2rfuri de dou\u0103 mii de metri, treceri peste [&hellip;]<\/p>\n","protected":false},"author":1,"featured_media":8094261,"parent":0,"menu_order":0,"comment_status":"closed","ping_status":"closed","template":"template-objects.php","meta":{"footnotes":""},"class_list":["post-8094260","page","type-page","status-publish","has-post-thumbnail","hentry"],"_links":{"self":[{"href":"https:\/\/regiontatry.sk\/ro\/wp-json\/wp\/v2\/pages\/8094260"}],"collection":[{"href":"https:\/\/regiontatry.sk\/ro\/wp-json\/wp\/v2\/pages"}],"about":[{"href":"https:\/\/regiontatry.sk\/ro\/wp-json\/wp\/v2\/types\/page"}],"author":[{"embeddable":true,"href":"https:\/\/regiontatry.sk\/ro\/wp-json\/wp\/v2\/users\/1"}],"replies":[{"embeddable":true,"href":"https:\/\/regiontatry.sk\/ro\/wp-json\/wp\/v2\/comments?post=8094260"}],"version-history":[{"count":3,"href":"https:\/\/regiontatry.sk\/ro\/wp-json\/wp\/v2\/pages\/8094260\/revisions"}],"predecessor-version":[{"id":10226058,"href":"https:\/\/regiontatry.sk\/ro\/wp-json\/wp\/v2\/pages\/8094260\/revisions\/10226058"}],"wp:featuredmedia":[{"embeddable":true,"href":"https:\/\/regiontatry.sk\/ro\/wp-json\/wp\/v2\/media\/8094261"}],"wp:attachment":[{"href":"https:\/\/regiontatry.sk\/ro\/wp-json\/wp\/v2\/media?parent=8094260"}],"curies":[{"name":"wp","href":"https:\/\/api.w.org\/{rel}","templated":true}]}}