{"id":8094263,"date":"2018-08-23T15:13:09","date_gmt":"2018-08-23T13:13:09","guid":{"rendered":"https:\/\/regiontatry.sk\/lanovkami-za-vyhladmi\/"},"modified":"2022-05-13T08:58:57","modified_gmt":"2022-05-13T06:58:57","slug":"cu-telecabina-dupa-peisaje-frumoase","status":"publish","type":"page","link":"https:\/\/regiontatry.sk\/ro\/cu-telecabina-dupa-peisaje-frumoase\/","title":{"rendered":"CU TELECABINA DUP\u0102 PEISAJE FRUMOASE"},"content":{"rendered":"\n<p>Telecabinele din Mun\u021bii Tatra sunt una dintre cele mai populare modalit\u0103\u021bi de a v\u0103 face \u0219ederea \u00een aici mai pl\u0103cut\u0103 \u0219i de a cunoa\u0219te ace\u0219ti mun\u021bi mai bine. Acestea dezv\u0103luie mun\u021bii dintr-o perspectiv\u0103 diferit\u0103 de cea cu care sunte\u021bi obi\u0219nui\u021bi. Dac\u0103 v\u0103 tenteaz\u0103 acest mod de a c\u0103l\u0103tori, <strong>face\u021bi o plimbare confortabil\u0103 pentru a admira panoramele frumoase \u0219i aerul curat pe unul dintre telefericele din Mun\u021bii Tatra.<\/strong><br><br><\/p>\n","protected":false},"excerpt":{"rendered":"<p>Telecabinele din Mun\u021bii Tatra sunt una dintre cele mai populare modalit\u0103\u021bi de a v\u0103 face \u0219ederea \u00een aici mai pl\u0103cut\u0103 \u0219i de a cunoa\u0219te ace\u0219ti mun\u021bi mai bine. Acestea dezv\u0103luie mun\u021bii dintr-o perspectiv\u0103 diferit\u0103 de cea cu care sunte\u021bi obi\u0219nui\u021bi. Dac\u0103 v\u0103 tenteaz\u0103 acest mod de a c\u0103l\u0103tori, face\u021bi o plimbare confortabil\u0103 pentru a admira [&hellip;]<\/p>\n","protected":false},"author":1,"featured_media":8094264,"parent":0,"menu_order":0,"comment_status":"closed","ping_status":"closed","template":"template-objects.php","meta":{"footnotes":""},"class_list":["post-8094263","page","type-page","status-publish","has-post-thumbnail","hentry"],"_links":{"self":[{"href":"https:\/\/regiontatry.sk\/ro\/wp-json\/wp\/v2\/pages\/8094263"}],"collection":[{"href":"https:\/\/regiontatry.sk\/ro\/wp-json\/wp\/v2\/pages"}],"about":[{"href":"https:\/\/regiontatry.sk\/ro\/wp-json\/wp\/v2\/types\/page"}],"author":[{"embeddable":true,"href":"https:\/\/regiontatry.sk\/ro\/wp-json\/wp\/v2\/users\/1"}],"replies":[{"embeddable":true,"href":"https:\/\/regiontatry.sk\/ro\/wp-json\/wp\/v2\/comments?post=8094263"}],"version-history":[{"count":1,"href":"https:\/\/regiontatry.sk\/ro\/wp-json\/wp\/v2\/pages\/8094263\/revisions"}],"predecessor-version":[{"id":8094265,"href":"https:\/\/regiontatry.sk\/ro\/wp-json\/wp\/v2\/pages\/8094263\/revisions\/8094265"}],"wp:featuredmedia":[{"embeddable":true,"href":"https:\/\/regiontatry.sk\/ro\/wp-json\/wp\/v2\/media\/8094264"}],"wp:attachment":[{"href":"https:\/\/regiontatry.sk\/ro\/wp-json\/wp\/v2\/media?parent=8094263"}],"curies":[{"name":"wp","href":"https:\/\/api.w.org\/{rel}","templated":true}]}}