{"id":8094266,"date":"2018-08-23T15:40:19","date_gmt":"2018-08-23T13:40:19","guid":{"rendered":"https:\/\/regiontatry.sk\/vysokohorske-chaty\/"},"modified":"2022-05-13T09:07:14","modified_gmt":"2022-05-13T07:07:14","slug":"cabane-montane","status":"publish","type":"page","link":"https:\/\/regiontatry.sk\/ro\/cabane-montane\/","title":{"rendered":"CABANE MONTANE"},"content":{"rendered":"\n<p>Traseele de drume\u021bie din Mun\u021bii Tatra v\u0103 vor conduce la <strong>13 cabane montane<\/strong> cu vedere la v\u00e2rfuri frumoase, v\u0103i vaste sau la lacuri albastre din Mun\u021bii Tatra.<br><\/p>\n","protected":false},"excerpt":{"rendered":"<p>Traseele de drume\u021bie din Mun\u021bii Tatra v\u0103 vor conduce la 13 cabane montane cu vedere la v\u00e2rfuri frumoase, v\u0103i vaste sau la lacuri albastre din Mun\u021bii Tatra.<\/p>\n","protected":false},"author":1,"featured_media":8094267,"parent":0,"menu_order":0,"comment_status":"closed","ping_status":"closed","template":"template-objects.php","meta":{"footnotes":""},"class_list":["post-8094266","page","type-page","status-publish","has-post-thumbnail","hentry"],"_links":{"self":[{"href":"https:\/\/regiontatry.sk\/ro\/wp-json\/wp\/v2\/pages\/8094266"}],"collection":[{"href":"https:\/\/regiontatry.sk\/ro\/wp-json\/wp\/v2\/pages"}],"about":[{"href":"https:\/\/regiontatry.sk\/ro\/wp-json\/wp\/v2\/types\/page"}],"author":[{"embeddable":true,"href":"https:\/\/regiontatry.sk\/ro\/wp-json\/wp\/v2\/users\/1"}],"replies":[{"embeddable":true,"href":"https:\/\/regiontatry.sk\/ro\/wp-json\/wp\/v2\/comments?post=8094266"}],"version-history":[{"count":1,"href":"https:\/\/regiontatry.sk\/ro\/wp-json\/wp\/v2\/pages\/8094266\/revisions"}],"predecessor-version":[{"id":8094268,"href":"https:\/\/regiontatry.sk\/ro\/wp-json\/wp\/v2\/pages\/8094266\/revisions\/8094268"}],"wp:featuredmedia":[{"embeddable":true,"href":"https:\/\/regiontatry.sk\/ro\/wp-json\/wp\/v2\/media\/8094267"}],"wp:attachment":[{"href":"https:\/\/regiontatry.sk\/ro\/wp-json\/wp\/v2\/media?parent=8094266"}],"curies":[{"name":"wp","href":"https:\/\/api.w.org\/{rel}","templated":true}]}}