{"id":8094283,"date":"2018-07-17T13:10:29","date_gmt":"2018-07-17T11:10:29","guid":{"rendered":"https:\/\/regiontatry.sk\/ciclism\/cykloturistika-v-tatrach\/"},"modified":"2025-10-01T22:44:50","modified_gmt":"2025-10-01T20:44:50","slug":"cicloturism-in-muntii-tatra","status":"publish","type":"page","link":"https:\/\/regiontatry.sk\/ro\/ciclism\/cicloturism-in-muntii-tatra\/","title":{"rendered":"Ciclism \u00een Tatra"},"content":{"rendered":"\n<p><strong>Ciclism \u00een Tatra \u00cenalt\u0103 \u2013 Drumul spre aventuri pe dou\u0103 ro\u021bi<\/strong><\/p>\n\n\n\n<p><strong>Descoperi\u021bi peste 300 km de trasee marcate, cu diferite grade de dificultat<\/strong>e \u2013 de la rute u\u0219oare pentru familii cu copii \u0219i \u00eencep\u0103tori, p\u00e2n\u0103 la provoc\u0103ri montane pline de adrenalin\u0103 sub v\u00e2rfurile Tatr\u0103i, pentru pasiona\u021bii de ciclism montan, de \u0219osea sau pentru sportivi.<\/p>\n\n\n\n<p>Explora\u021bi traseele line din depresiune, urc\u0103rile mai dificile \u0219i magistrala ciclistic\u0103 ce \u00eenconjoar\u0103 aproape \u00eentregul masiv al Tatr\u0103i \u00cenalte.<\/p>\n\n\n\n<p>Cicloturismul este o oportunitate excelent\u0103 de a combina mi\u0219carea sportiv\u0103 cu experien\u021ba direct\u0103 a naturii.<br>Fie c\u0103 sunte\u021bi un ciclist pasionat sau doar vre\u021bi s\u0103 v\u0103 bucura\u021bi de natur\u0103 din \u0219aua bicicletei \u2013 \u00een Tatra ve\u021bi g\u0103si cu siguran\u021b\u0103 traseul potrivit pentru dumneavoastr\u0103. <strong>Porni\u021bi s\u0103 descoperi\u021bi Tatra pe dou\u0103 ro\u021bi!<\/strong><\/p>\n\n\n\n<iframe loading=\"lazy\" src=\"https:\/\/www.youtube.com\/embed\/wLSUy_J_Ls8\" allow=\"autoplay; encrypted-media\" allowfullscreen=\"\" width=\"100%\" height=\"600\" frameborder=\"0\"><\/iframe>\n\n\n\n<h2 class=\"wp-block-heading custom-padding has-vivid-green-cyan-color has-text-color has-link-color wp-elements-881b20e9ab845d75c46964f3929efc66\"><br>Trasee ciclistice recomandate \u00een Tatra \u00cenalt\u0103<\/h2>\n\n\n\n<figure data-wp-context=\"{&quot;uploadedSrc&quot;:&quot;https:\\\/\\\/regiontatry.sk\\\/wp-content\\\/uploads\\\/2025\\\/06\\\/cyklomapa-leto-2025-titulka.png&quot;,&quot;figureClassNames&quot;:&quot;wp-block-image size-full&quot;,&quot;figureStyles&quot;:null,&quot;imgClassNames&quot;:&quot;wp-image-10286514&quot;,&quot;imgStyles&quot;:null,&quot;targetWidth&quot;:1128,&quot;targetHeight&quot;:798,&quot;scaleAttr&quot;:false,&quot;ariaLabel&quot;:&quot;M\\u0103re\\u0219te imaginea&quot;,&quot;alt&quot;:&quot;&quot;}\" data-wp-interactive=\"core\/image\" class=\"wp-block-image size-full wp-lightbox-container\"><img loading=\"lazy\" decoding=\"async\" width=\"1128\" height=\"798\" data-wp-init=\"callbacks.setButtonStyles\" data-wp-on-async--click=\"actions.showLightbox\" data-wp-on-async--load=\"callbacks.setButtonStyles\" data-wp-on-async-window--resize=\"callbacks.setButtonStyles\" src=\"https:\/\/regiontatry.sk\/wp-content\/uploads\/2025\/06\/cyklomapa-leto-2025-titulka.png\" alt=\"\" class=\"wp-image-10286514\" srcset=\"https:\/\/regiontatry.sk\/wp-content\/uploads\/2025\/06\/cyklomapa-leto-2025-titulka.png 1128w, https:\/\/regiontatry.sk\/wp-content\/uploads\/2025\/06\/cyklomapa-leto-2025-titulka-300x212.png 300w, https:\/\/regiontatry.sk\/wp-content\/uploads\/2025\/06\/cyklomapa-leto-2025-titulka-1024x724.png 1024w, https:\/\/regiontatry.sk\/wp-content\/uploads\/2025\/06\/cyklomapa-leto-2025-titulka-768x543.png 768w, https:\/\/regiontatry.sk\/wp-content\/uploads\/2025\/06\/cyklomapa-leto-2025-titulka-860x608.png 860w, https:\/\/regiontatry.sk\/wp-content\/uploads\/2025\/06\/cyklomapa-leto-2025-titulka-698x494.png 698w, https:\/\/regiontatry.sk\/wp-content\/uploads\/2025\/06\/cyklomapa-leto-2025-titulka-552x391.png 552w\" sizes=\"(max-width: 1128px) 100vw, 1128px\" \/><button\n\t\t\tclass=\"lightbox-trigger\"\n\t\t\ttype=\"button\"\n\t\t\taria-haspopup=\"dialog\"\n\t\t\taria-label=\"M\u0103re\u0219te imaginea\"\n\t\t\tdata-wp-init=\"callbacks.initTriggerButton\"\n\t\t\tdata-wp-on-async--click=\"actions.showLightbox\"\n\t\t\tdata-wp-style--right=\"context.imageButtonRight\"\n\t\t\tdata-wp-style--top=\"context.imageButtonTop\"\n\t\t>\n\t\t\t<svg xmlns=\"http:\/\/www.w3.org\/2000\/svg\" width=\"12\" height=\"12\" fill=\"none\" viewBox=\"0 0 12 12\">\n\t\t\t\t<path fill=\"#fff\" d=\"M2 0a2 2 0 0 0-2 2v2h1.5V2a.5.5 0 0 1 .5-.5h2V0H2Zm2 10.5H2a.5.5 0 0 1-.5-.5V8H0v2a2 2 0 0 0 2 2h2v-1.5ZM8 12v-1.5h2a.5.5 0 0 0 .5-.5V8H12v2a2 2 0 0 1-2 2H8Zm2-12a2 2 0 0 1 2 2v2h-1.5V2a.5.5 0 0 0-.5-.5H8V0h2Z\" \/>\n\t\t\t<\/svg>\n\t\t<\/button><\/figure>\n\n\n\n<p>Regiunea Tatra \u00cenalt\u0103 ofer\u0103 \u00een total <strong>39 de trasee ciclistice marcate sau recomandate.<\/strong> Alege\u021bi excursia potrivit\u0103 cu bicicleta folosind codurile de culoare care \u00eempart traseele \u00een func\u021bie de nivelul de dificultate.<\/p>\n\n\n\n<h3 class=\"wp-block-heading has-vivid-red-color has-text-color has-link-color wp-elements-beb53a4f8a3d3ee5d6790c5bcb816fa9\"><strong>Cu ro\u0219u<\/strong><\/h3>\n\n\n\n<p>sunt marcate exclusiv magistralele ciclistice \u2013 trasee de lung\u0103 distan\u021b\u0103 care trec prin mai multe districte \u0219i adesea chiar regiuni. Acestea urmeaz\u0103 de obicei v\u0103ile r\u00e2urilor sau trec\u0103torile montane \u0219i sunt concepute pentru a ghida cicli\u0219tii prin cele mai interesante zone ale peisajului, pun\u00e2nd accent pe un nivel redus de dificultate. Cele mai cunoscute trasee din Tatra \u00cenalt\u0103 sunt:\u00a0<\/p>\n\n\n\n<ol class=\"wp-block-list\">\n<li><strong>Magistrala ciclistic\u0103 Podtatransk\u00e1<\/strong>: porne\u0219te din Podbansk\u00e9 \u0219i urmeaz\u0103 drumul Libert\u0103\u021bii p\u00e2n\u0103 la Tatransk\u00e1 Javorina.<\/li>\n\n\n\n<li><strong>Magistrala ciclistic\u0103 Poprad<\/strong>: \n<ul class=\"wp-block-list\">\n<li>de la Biely potok, traseul de 22 km urmeaz\u0103 CM 034 \u0219i CM 021 \u00een direc\u021bia Poprad. Tot de la Biely potok mai pleac\u0103 un traseu pe CM 008 \u0219i CM 021 \u00een direc\u021bia Spi\u0161sk\u00e9 Bystr\u00e9 \u0219i Hranovnica. \u00cenainte de Betlanovce, continu\u0103 pe teritoriul regiunii autoadministrative Ko\u0161ice.<\/li>\n<\/ul>\n<\/li>\n<\/ol>\n\n\n\n<figure class=\"wp-block-table is-style-stripes\">\n<table class=\"has-vivid-red-background-color has-background\" style=\"width: 100%; height: 156px;\">\n<thead>\n<tr style=\"height: 100px;\">\n<th class=\"has-text-align-center\" style=\"height: 100px;\" data-align=\"center\">Culoare<\/th>\n<th style=\"height: 100px;\">Numele traseului<\/th>\n<th style=\"height: 100px;\">Lungime<\/th>\n<th style=\"height: 100px;\">Caracter<\/th>\n<th style=\"height: 100px;\">Grad de dificultate<\/th>\n<th style=\"height: 100px;\">\n<p>Num\u0103r de \u00eenregistrare<\/p>\n<\/th>\n<\/tr>\n<\/thead>\n<tbody>\n<tr style=\"height: 46px;\">\n<td class=\"has-text-align-center\" style=\"height: 46px;\" data-align=\"center\"><mark class=\"has-inline-color has-black-color\" style=\"background-color: rgba(0, 0, 0, 0);\">A1<\/mark><\/td>\n<td style=\"height: 46px;\">Podtatransk\u00e1 cyklomagistr\u00e1la<\/td>\n<td style=\"height: 46px;\">70.6 km<\/td>\n<td style=\"height: 46px;\">MTB<\/td>\n<td style=\"height: 46px;\">REKREA<\/td>\n<td style=\"height: 46px;\">007<\/td>\n<\/tr>\n<tr style=\"height: 10px;\">\n<td class=\"has-text-align-center\" style=\"height: 10px;\" data-align=\"center\"><mark class=\"has-inline-color has-black-color\" style=\"background-color: rgba(0, 0, 0, 0);\">A2<\/mark><\/td>\n<td style=\"height: 10px;\">Popradsk\u00e1 cyklomagistr\u00e1la<\/td>\n<td style=\"height: 10px;\">25.4 km<\/td>\n<td style=\"height: 10px;\">MTB<\/td>\n<td style=\"height: 10px;\">REKREA<\/td>\n<td style=\"height: 10px;\">008<\/td>\n<\/tr>\n<\/tbody>\n<\/table>\n<\/figure>\n<p>\u00a0<\/p>\n\n\n\n<h3 class=\"wp-block-heading has-vivid-cyan-blue-color has-text-color has-link-color wp-elements-323c717c559e9cb806860766f3f7b3db\"><strong>Cu albastru<\/strong><\/h3>\n\n\n\n<p>sunt marcate traseele paralele cu magistralele ciclistice de lung\u0103 distan\u021b\u0103. Acestea sunt trasee mai lungi \u00een afara magistralei sau trasee mai dificile \u00een afara magistralelor principale.<\/p>\n\n\n\n<figure class=\"wp-block-table is-style-stripes\"><table class=\"has-pale-cyan-blue-background-color has-background\"><thead><tr><th>Culoare<\/th><th>Numele traseului<\/th><th>Lungime<\/th><th>Caracter<\/th><th>Grad de dificultate<\/th><th><p>Num\u0103r de \u00eenregistrare<\/p><\/th><\/tr><\/thead><tbody><tr><td>B1<\/td><td>Biela voda &#8211; Chata pri Zel. plese<\/td><td>7.5 km<\/td><td>MTB<\/td><td>EXPERT<\/td><td>2860<\/td><\/tr><tr><td>B2<\/td><td>Sib\u00edr &#8211; \u017dakovsk\u00e1 Po\u013eana &#8211; Gerlachov<\/td><td>8.4 km<\/td><td>MTB<\/td><td>SPORT<\/td><td>2863<\/td><\/tr><tr><td>B3<\/td><td>Star\u00fd Smokovec &#8211; Hrebienok<\/td><td>2.8 km<\/td><td>CESTN\u00c1<\/td><td>SPORT<\/td><td>2864 &nbsp;<\/td><\/tr><tr><td>B4<\/td><td>Tatransk\u00e1 Polianka &#8211; Sliezsky dom<\/td><td>7 km<\/td><td>CESTN\u00c1<\/td><td>EXPERT<\/td><td>2865 &nbsp;<\/td><\/tr><tr><td>B5<\/td><td>Cesta Slobody &#8211; Popr. pleso<\/td><td>5.5 km<\/td><td>CESTN\u00c1<\/td><td>SPORT<\/td><td>2866 &nbsp;<\/td><\/tr><tr><td>B6<\/td><td>Podbansk\u00e9 &#8211; K\u00f4prov\u00e1 dolina<\/td><td>10.8 km<\/td><td>CESTN\u00c1<\/td><td>REKREA<\/td><td>2867 &nbsp;<\/td><\/tr><tr><td>B7<\/td><td>Lys\u00e1 Po\u013eana &#8211; Bielovodska dolina<\/td><td>3.2 km<\/td><td>MTB<\/td><td>REKREA<\/td><td>2868 &nbsp;<\/td><\/tr><tr><td>B8<\/td><td>Huncovce-Ke\u017emarok-Ke\u017emarsk\u00e9 \u017d\u013eaby<\/td><td>21.4 km<\/td><td>MTB<\/td><td>SPORT<\/td><td>2869<\/td><\/tr><tr><td>B9<\/td><td>Poprad &#8211; Spi\u0161sk\u00e9 Bystr\u00e9<\/td><td>10.3 km<\/td><td>MTB<\/td><td>REKREA<\/td><td>2872 &nbsp;<\/td><\/tr><tr><td>B10<\/td><td>Svit &#8211; \u010cierny V\u00e1h (hor\u00e1re\u0148 Murn\u00e1)<\/td><td>22.7 km<\/td><td>MTB<\/td><td>SPORT<\/td><td>2873<\/td><\/tr><tr><td>B11<\/td><td>Poprad &#8211; Horn\u00fd Smokovec<\/td><td>10.8 km<\/td><td>CESTN\u00c1<\/td><td>SPORT<\/td><td>2879 &nbsp;<\/td><\/tr><tr><td>B12<\/td><td>Spi\u0161sk\u00e1 Bel\u00e1 &#8211; Tatr. Kotlina<\/td><td>9.9 km<\/td><td>CESTN\u00c1<\/td><td>REKREA<\/td><td>2887 &nbsp;<\/td><\/tr><tr><td>B13<\/td><td>Podbansk\u00e9 &#8211; Hybe<\/td><td>16 km<\/td><td>MTB<\/td><td>REKREA<\/td><td>2341<\/td><\/tr><tr><td>B14<\/td><td>Hybe &#8211; Podbansk\u00e9<\/td><td>14.5 km<\/td><td>MTB<\/td><td>REKREA<\/td><td>2342<\/td><\/tr><\/tbody><\/table><\/figure>\n\n\n\n<p>&nbsp;<\/p>\n\n\n\n<h3 class=\"wp-block-heading has-vivid-green-cyan-color has-text-color has-link-color wp-elements-f902c9af26f5e0e9d5b3d9f7fc6164a0\"><strong>Cu verde<\/strong><\/h3>\n\n\n\n<p>sunt marcate traseele medii \u0219i u\u0219oare, circuitele de s\u0103n\u0103tate \u0219i traseele pentru familii.<\/p>\n\n\n\n<figure class=\"wp-block-table is-style-stripes\"><table class=\"has-vivid-green-cyan-background-color has-background\"><thead><tr><th>Culoare<\/th><th>Numele traseului<\/th><th>Lungime<\/th><th>Caracter<\/th><th>Grad de dificultate<\/th><th><p>Num\u0103r de \u00eenregistrare<\/p><\/th><\/tr><\/thead><tbody><tr><td>C1<\/td><td>Podbansk\u00e9 &#8211; Tich\u00e1 dolina<\/td><td>12 km<\/td><td>CESTN\u00c1<\/td><td>REKREA<\/td><td>5859 &nbsp;<\/td><\/tr><tr><td>C2<\/td><td>Tatransk\u00e1 Lomnica &#8211; \u0160tart<\/td><td>4.1 km<\/td><td>CESTN\u00c1<\/td><td>SPORT<\/td><td>5860<\/td><\/tr><tr><td>C3<\/td><td>Tatransk\u00e1 Kotlina &#8211; Slovensk\u00e1 Ves<\/td><td>9.1 km<\/td><td>CESTN\u00c1<\/td><td>REKREA<\/td><td>5862<\/td><\/tr><tr><td>C4<\/td><td>Ve\u013ek\u00e1 Lomnica &#8211; Tatransk\u00e1 Lomnica<\/td><td>12.4 km<\/td><td>CESTN\u00c1<\/td><td>REKREA<\/td><td>5863<\/td><\/tr><tr><td>C5<\/td><td>Poprad &#8211; Gerlachov &#8211; Tatransk\u00e1 Polianka<\/td><td>16.6 km<\/td><td>MTB<\/td><td>SPORT<\/td><td>5866<\/td><\/tr><tr><td>C6<\/td><td>Poprad &#8211; Lopu\u0161n\u00e1 dolina<\/td><td>11 km<\/td><td>CESTN\u00c1<\/td><td>SPORT<\/td><td>5867<\/td><\/tr><tr><td>C7<\/td><td>Poprad- Kvetnica (Lom) &#8211; Hrabu\u0161ice<\/td><td>13.5 km<\/td><td>MTB<\/td><td>REKREA<\/td><td>5868<\/td><\/tr><tr><td>C8<\/td><td>\u017dakovsk\u00e1 Po\u013eana &#8211; Nov\u00e1 Lesn\u00e1 &#8211; Tatransk\u00e1 Lomnica<\/td><td>13.5 km<\/td><td>MTB<\/td><td>SPORT<\/td><td>5879 &nbsp;<\/td><\/tr><tr><td>C9<\/td><td>Tatr. Matliare &#8211; Kri\u017eovatka na 7 potokov<\/td><td>8.8 km<\/td><td>CESTN\u00c1<\/td><td>REKREA<\/td><td>5895 &nbsp;<\/td><\/tr><tr><td>C10<\/td><td>Cesta Slobody &#8211; Chata Plesnivec<\/td><td>3.9 km<\/td><td>MTB<\/td><td>SPORT<\/td><td>5897 &nbsp;<\/td><\/tr><tr><td>C11<\/td><td>\u0160trba, \u0160oldov-\u0160trbsk\u00e9 Pleso<\/td><td>12.4 km<\/td><td>CESTN\u00c1<\/td><td>REKREA<\/td><td>5910 &nbsp;<\/td><\/tr><\/tbody><\/table><\/figure>\n\n\n\n<p>&nbsp;<\/p>\n\n\n\n<h3 class=\"wp-block-heading has-luminous-vivid-amber-color has-text-color has-link-color wp-elements-dba64967900e1bfbfe734bcfc1dcfabb\"><strong>Cu galben<\/strong><\/h3>\n\n\n\n<p>sunt marcate leg\u0103turile \u00eentre traseele ciclistice sau scurt\u0103turi c\u0103tre diferite obiective naturale, istorice \u0219i tehnice<\/p>\n\n\n\n<figure class=\"wp-block-table is-style-stripes\">\n<table class=\"has-luminous-vivid-amber-background-color has-background\" style=\"width: 100%; height: 302px;\">\n<thead>\n<tr style=\"height: 23px;\">\n<th style=\"height: 23px; width: 9.88095%;\">Culoare<\/th>\n<th style=\"height: 23px; width: 28.5714%;\">Numele traseului<\/th>\n<th style=\"height: 23px; width: 10.9524%;\">Lungime<\/th>\n<th style=\"height: 23px; width: 10.5952%;\">Caracter<\/th>\n<th style=\"height: 23px; width: 18.4524%;\">Grad de dificultate<\/th>\n<th style=\"height: 23px; width: 21.3095%;\">Num\u0103r de \u00eenregistrare<\/th>\n<\/tr>\n<\/thead>\n<tbody>\n<tr style=\"height: 23px;\">\n<td style=\"height: 23px; width: 9.88095%;\">D1<\/td>\n<td style=\"height: 23px; width: 28.5714%;\">Vy\u0161n\u00e9 H\u00e1gy &#8211; \u0160t\u00f4la &#8211; Nov\u00e1 Polianka<\/td>\n<td style=\"height: 23px; width: 10.9524%;\">6.8 km<\/td>\n<td style=\"height: 23px; width: 10.5952%;\">MTB<\/td>\n<td style=\"height: 23px; width: 18.4524%;\">SPORT<\/td>\n<td style=\"height: 23px; width: 21.3095%;\">8858<\/td>\n<\/tr>\n<tr style=\"height: 23px;\">\n<td style=\"height: 23px; width: 9.88095%;\">D2<\/td>\n<td style=\"height: 23px; width: 28.5714%;\">Star\u00e1 Lesn\u00e1 &#8211; trasa \u010d. 8860<\/td>\n<td style=\"height: 23px; width: 10.9524%;\">4.1 km<\/td>\n<td style=\"height: 23px; width: 10.5952%;\">MTB<\/td>\n<td style=\"height: 23px; width: 18.4524%;\">SPORT<\/td>\n<td style=\"height: 23px; width: 21.3095%;\">8859<\/td>\n<\/tr>\n<tr style=\"height: 23px;\">\n<td style=\"height: 23px; width: 9.88095%;\">D3<\/td>\n<td style=\"height: 23px; width: 28.5714%;\">Okruh Nov\u00e1 Lesn\u00e1 &#8211; Dol. Smokovec<\/td>\n<td style=\"height: 23px; width: 10.9524%;\">11.2 km<\/td>\n<td style=\"height: 23px; width: 10.5952%;\">CESTN\u00c1<\/td>\n<td style=\"height: 23px; width: 18.4524%;\">REKREA<\/td>\n<td style=\"height: 23px; width: 21.3095%;\">8860 \u00a0<\/td>\n<\/tr>\n<tr style=\"height: 23px;\">\n<td style=\"height: 23px; width: 9.88095%;\">D4<\/td>\n<td style=\"height: 23px; width: 28.5714%;\">Hrebienok &#8211; Bil\u00edkova chata<\/td>\n<td style=\"height: 23px; width: 10.9524%;\">0.25 km<\/td>\n<td style=\"height: 23px; width: 10.5952%;\">CESTN\u00c1<\/td>\n<td style=\"height: 23px; width: 18.4524%;\">REKREA<\/td>\n<td style=\"height: 23px; width: 21.3095%;\">8861 \u00a0<\/td>\n<\/tr>\n<tr style=\"height: 23px;\">\n<td style=\"height: 23px; width: 9.88095%;\">D5<\/td>\n<td style=\"height: 23px; width: 28.5714%;\">Vrbov &#8211; Huncovce<\/td>\n<td style=\"height: 23px; width: 10.9524%;\">6.1 km<\/td>\n<td style=\"height: 23px; width: 10.5952%;\">CESTN\u00c1<\/td>\n<td style=\"height: 23px; width: 18.4524%;\">REKREA<\/td>\n<td style=\"height: 23px; width: 21.3095%;\">8869<\/td>\n<\/tr>\n<tr style=\"height: 23px;\">\n<td style=\"height: 23px; width: 9.88095%;\">D6<\/td>\n<td style=\"height: 23px; width: 28.5714%;\">Podsp\u00e1dy &#8211; \u0161t. hranica<\/td>\n<td style=\"height: 23px; width: 10.9524%;\">3 km<\/td>\n<td style=\"height: 23px; width: 10.5952%;\">CESTN\u00c1<\/td>\n<td style=\"height: 23px; width: 18.4524%;\">REKREA<\/td>\n<td style=\"height: 23px; width: 21.3095%;\">8871<\/td>\n<\/tr>\n<tr style=\"height: 23px;\">\n<td style=\"height: 23px; width: 9.88095%;\">D7<\/td>\n<td style=\"height: 23px; width: 28.5714%;\">\u0160trba &#8211; Vy\u0161n\u00e1 \u0160u\u0148ava<\/td>\n<td style=\"height: 23px; width: 10.9524%;\">2.4 km<\/td>\n<td style=\"height: 23px; width: 10.5952%;\">CESTN\u00c1<\/td>\n<td style=\"height: 23px; width: 18.4524%;\">REKREA<\/td>\n<td style=\"height: 23px; width: 21.3095%;\">8872<\/td>\n<\/tr>\n<tr style=\"height: 24px;\">\n<td style=\"height: 24px; width: 9.88095%;\">D8<\/td>\n<td style=\"height: 24px; width: 28.5714%;\">Ni\u017en\u00e1 \u0160u\u0148ava &#8211; \u0160trba<\/td>\n<td style=\"height: 24px; width: 10.9524%;\">2.8 km<\/td>\n<td style=\"height: 24px; width: 10.5952%;\">CESTN\u00c1<\/td>\n<td style=\"height: 24px; width: 18.4524%;\">REKREA<\/td>\n<td style=\"height: 24px; width: 21.3095%;\">8873<\/td>\n<\/tr>\n<tr style=\"height: 23px;\">\n<td style=\"height: 23px; width: 9.88095%;\">D9<\/td>\n<td style=\"height: 23px; width: 28.5714%;\">Tatransk\u00e1 Lomnica &#8211; Javorov\u00e1 cesta<\/td>\n<td style=\"height: 23px; width: 10.9524%;\">1.9 km<\/td>\n<td style=\"height: 23px; width: 10.5952%;\">MTB<\/td>\n<td style=\"height: 23px; width: 18.4524%;\">SPORT<\/td>\n<td style=\"height: 23px; width: 21.3095%;\">8876<\/td>\n<\/tr>\n<tr style=\"height: 23px;\">\n<td style=\"height: 23px; width: 9.88095%;\">D10<\/td>\n<td style=\"height: 23px; width: 28.5714%;\">Poprad &#8211; Kvetnica<\/td>\n<td style=\"height: 23px; width: 10.9524%;\">4.3 km<\/td>\n<td style=\"height: 23px; width: 10.5952%;\">CESTN\u00c1<\/td>\n<td style=\"height: 23px; width: 18.4524%;\">REKREA<\/td>\n<td style=\"height: 23px; width: 21.3095%;\">8914<\/td>\n<\/tr>\n<tr style=\"height: 23px;\">\n<td style=\"height: 23px; width: 9.88095%;\">D11<\/td>\n<td style=\"height: 23px; width: 28.5714%;\">Okruh Tatransk\u00e9 Matliare<\/td>\n<td style=\"height: 23px; width: 10.9524%;\">8 km<\/td>\n<td style=\"height: 23px; width: 10.5952%;\">CESTN\u00c1<\/td>\n<td style=\"height: 23px; width: 18.4524%;\">REKREA<\/td>\n<td style=\"height: 23px; width: 21.3095%;\">8915<\/td>\n<\/tr>\n<tr style=\"height: 25px;\">\n<td style=\"height: 25px; width: 9.88095%;\">D12<\/td>\n<td style=\"height: 25px; width: 28.5714%;\">Mal\u00fd Slavkov &#8211; trasa \u010d. 5895<\/td>\n<td style=\"height: 25px; width: 10.9524%;\">6.2 km<\/td>\n<td style=\"height: 25px; width: 10.5952%;\">MTB<\/td>\n<td style=\"height: 25px; width: 18.4524%;\">REKREA<\/td>\n<td style=\"height: 25px; width: 21.3095%;\">8916<\/td>\n<\/tr>\n<\/tbody>\n<\/table>\n<\/figure>\n<p>\u00a0<\/p>\n\n\n\n<h3 class=\"wp-block-heading has-cyan-bluish-gray-color has-text-color has-link-color wp-elements-d5aa26c035dec4c7e49c1959484c7a70\"><strong>Cu gri<\/strong><\/h3>\n\n\n\n<p>Trasee pe care regulamentul de vizitare al Parcului Na\u021bional Tatra permite ciclismul, dar traseul nu are atribuit un num\u0103r de \u00eenregistrare.<\/p>\n\n\n\n<figure class=\"wp-block-table is-style-stripes\">\n<table class=\"has-cyan-bluish-gray-background-color has-background\" style=\"width: 100%; height: 207px;\">\n<thead>\n<tr style=\"height: 46px;\">\n<th style=\"height: 46px;\">Culoare<\/th>\n<th style=\"height: 46px;\">Numele traseului<\/th>\n<th style=\"height: 46px;\">Lungime<\/th>\n<th style=\"height: 46px;\">Caracter<\/th>\n<th style=\"height: 46px;\">Grad de dificultate<\/th>\n<\/tr>\n<\/thead>\n<tbody>\n<tr style=\"height: 23px;\">\n<td style=\"height: 23px;\">V4<\/td>\n<td style=\"height: 23px;\">N\u00e1u\u010dn\u00fd chodn\u00edk F\u013eak &#8211; Tatransk\u00e1 Kotlina<\/td>\n<td style=\"height: 23px;\">1,7 km<\/td>\n<td style=\"height: 23px;\">MTB<\/td>\n<td style=\"height: 23px;\">SPORT<\/td>\n<\/tr>\n<tr style=\"height: 23px;\">\n<td style=\"height: 23px;\">V5<\/td>\n<td style=\"height: 23px;\">Ko\u0161arisk\u00e1 &#8211; N\u00e1u\u010dn\u00fd chodn\u00edk F\u013eak<\/td>\n<td style=\"height: 23px;\">1,6 km<\/td>\n<td style=\"height: 23px;\">MTB<\/td>\n<td style=\"height: 23px;\">SPORT \u00a0<\/td>\n<\/tr>\n<tr style=\"height: 23px;\">\n<td style=\"height: 23px;\">V7<\/td>\n<td style=\"height: 23px;\">Kamenn\u00e1 cesta<\/td>\n<td style=\"height: 23px;\">3,2 km<\/td>\n<td style=\"height: 23px;\">CESTN\u00c1<\/td>\n<td style=\"height: 23px;\">REKREA<\/td>\n<\/tr>\n<tr style=\"height: 46px;\">\n<td style=\"height: 46px;\">V11 \u00a0<\/td>\n<td style=\"height: 46px;\">Doln\u00fd Smokovec &#8211; \u017dakovsk\u00e1 Po\u013eana &#8211; Tatransk\u00e9 Zruby<\/td>\n<td style=\"height: 46px;\">4,6 km<\/td>\n<td style=\"height: 46px;\">MTB<\/td>\n<td style=\"height: 46px;\">SPORT \u00a0<\/td>\n<\/tr>\n<tr style=\"height: 46px;\">\n<td style=\"height: 46px;\">V17<\/td>\n<td style=\"height: 46px;\">Kole\u010dkov\u00e1 &#8211; \u0160trbsk\u00e9 Pleso<\/td>\n<td style=\"height: 46px;\">9,2 km<\/td>\n<td style=\"height: 46px;\">CESTN\u00c1 \u00a0<\/td>\n<td style=\"height: 46px;\">REKREA<\/td>\n<\/tr>\n<\/tbody>\n<\/table>\n<\/figure>\n<p>\u00a0<\/p>\n\n\n\n<h2 class=\"wp-block-heading has-text-align-center\"><a href=\"https:\/\/regiontatry.sk\/ro\/ciclism\/traseele-de-ciclism-2\/\" target=\"_blank\" rel=\"noreferrer noopener\">Mai multe informa\u021bii despre traseele ciclistice marcate din \u00eentreaga regiune<\/a><\/h2>\n\n\n\n<p class=\"wp-block-heading\"><strong>V\u0103 oferim informa\u021bii importante despre cele mai bune trasee ciclistice din Tatra, detalii esen\u021biale despre fiecare traseu, \u00eempreun\u0103 cu sugestii pentru excursii de o zi \u00eentreag\u0103.<\/strong><\/p>\n\n\n<\/h2>\n\n\n<h2 class=\"wp-block-heading\"><\/h2>\n","protected":false},"excerpt":{"rendered":"<p>Ciclism \u00een Tatra \u00cenalt\u0103 \u2013 Drumul spre aventuri pe dou\u0103 ro\u021bi Descoperi\u021bi peste 300 km de trasee marcate, cu diferite grade de dificultate \u2013 de la rute u\u0219oare pentru familii cu copii \u0219i \u00eencep\u0103tori, p\u00e2n\u0103 la provoc\u0103ri montane pline de adrenalin\u0103 sub v\u00e2rfurile Tatr\u0103i, pentru pasiona\u021bii de ciclism montan, de \u0219osea sau pentru sportivi. Explora\u021bi [&hellip;]<\/p>\n","protected":false},"author":1,"featured_media":8094271,"parent":8094269,"menu_order":0,"comment_status":"closed","ping_status":"closed","template":"template-list.php","meta":{"footnotes":""},"class_list":["post-8094283","page","type-page","status-publish","has-post-thumbnail","hentry"],"_links":{"self":[{"href":"https:\/\/regiontatry.sk\/ro\/wp-json\/wp\/v2\/pages\/8094283"}],"collection":[{"href":"https:\/\/regiontatry.sk\/ro\/wp-json\/wp\/v2\/pages"}],"about":[{"href":"https:\/\/regiontatry.sk\/ro\/wp-json\/wp\/v2\/types\/page"}],"author":[{"embeddable":true,"href":"https:\/\/regiontatry.sk\/ro\/wp-json\/wp\/v2\/users\/1"}],"replies":[{"embeddable":true,"href":"https:\/\/regiontatry.sk\/ro\/wp-json\/wp\/v2\/comments?post=8094283"}],"version-history":[{"count":23,"href":"https:\/\/regiontatry.sk\/ro\/wp-json\/wp\/v2\/pages\/8094283\/revisions"}],"predecessor-version":[{"id":11138040,"href":"https:\/\/regiontatry.sk\/ro\/wp-json\/wp\/v2\/pages\/8094283\/revisions\/11138040"}],"up":[{"embeddable":true,"href":"https:\/\/regiontatry.sk\/ro\/wp-json\/wp\/v2\/pages\/8094269"}],"wp:featuredmedia":[{"embeddable":true,"href":"https:\/\/regiontatry.sk\/ro\/wp-json\/wp\/v2\/media\/8094271"}],"wp:attachment":[{"href":"https:\/\/regiontatry.sk\/ro\/wp-json\/wp\/v2\/media?parent=8094283"}],"curies":[{"name":"wp","href":"https:\/\/api.w.org\/{rel}","templated":true}]}}