{"id":8094298,"date":"2018-08-24T11:08:30","date_gmt":"2018-08-24T09:08:30","guid":{"rendered":"https:\/\/regiontatry.sk\/ciclism\/pozicovne-bicyklov\/"},"modified":"2023-08-27T23:14:42","modified_gmt":"2023-08-27T21:14:42","slug":"pozicovne-bicyklov","status":"publish","type":"page","link":"https:\/\/regiontatry.sk\/ro\/ciclism\/pozicovne-bicyklov\/","title":{"rendered":"\u00cenchiriere de biciclete"},"content":{"rendered":"\n<p>Ciclismul este o relaxare activ\u0103 excelent\u0103 pentru care nu ave\u021bi nevoie de echipament propriu. <strong>Profita\u021bi de serviciile de \u00eenchiriere<\/strong> \u0219i deplasa\u021bi-v\u0103 cu u\u0219urin\u021b\u0103 \u00een Mun\u021bii Tatra, f\u0103r\u0103 nicio grij\u0103. \u00cenchiria\u021bi dintr-o gam\u0103 larg\u0103 de biciclete \u0219i biciclete profesionale downhill la una dintre companiile de \u00eenchiriere, care v\u0103 ofer\u0103 \u0219i alte servicii de calitate. Ce-ar fi s\u0103 \u00eencerca\u021bi, de exemplu un <strong>e-bike<\/strong>?<\/p>\n","protected":false},"excerpt":{"rendered":"<p>Ciclismul este o relaxare activ\u0103 excelent\u0103 pentru care nu ave\u021bi nevoie de echipament propriu. Profita\u021bi de serviciile de \u00eenchiriere \u0219i deplasa\u021bi-v\u0103 cu u\u0219urin\u021b\u0103 \u00een Mun\u021bii Tatra, f\u0103r\u0103 nicio grij\u0103. \u00cenchiria\u021bi dintr-o gam\u0103 larg\u0103 de biciclete \u0219i biciclete profesionale downhill la una dintre companiile de \u00eenchiriere, care v\u0103 ofer\u0103 \u0219i alte servicii de calitate. Ce-ar fi [&hellip;]<\/p>\n","protected":false},"author":1,"featured_media":8094300,"parent":8094269,"menu_order":0,"comment_status":"closed","ping_status":"closed","template":"template-objects.php","meta":{"footnotes":""},"class_list":["post-8094298","page","type-page","status-publish","has-post-thumbnail","hentry"],"_links":{"self":[{"href":"https:\/\/regiontatry.sk\/ro\/wp-json\/wp\/v2\/pages\/8094298"}],"collection":[{"href":"https:\/\/regiontatry.sk\/ro\/wp-json\/wp\/v2\/pages"}],"about":[{"href":"https:\/\/regiontatry.sk\/ro\/wp-json\/wp\/v2\/types\/page"}],"author":[{"embeddable":true,"href":"https:\/\/regiontatry.sk\/ro\/wp-json\/wp\/v2\/users\/1"}],"replies":[{"embeddable":true,"href":"https:\/\/regiontatry.sk\/ro\/wp-json\/wp\/v2\/comments?post=8094298"}],"version-history":[{"count":1,"href":"https:\/\/regiontatry.sk\/ro\/wp-json\/wp\/v2\/pages\/8094298\/revisions"}],"predecessor-version":[{"id":8094301,"href":"https:\/\/regiontatry.sk\/ro\/wp-json\/wp\/v2\/pages\/8094298\/revisions\/8094301"}],"up":[{"embeddable":true,"href":"https:\/\/regiontatry.sk\/ro\/wp-json\/wp\/v2\/pages\/8094269"}],"wp:featuredmedia":[{"embeddable":true,"href":"https:\/\/regiontatry.sk\/ro\/wp-json\/wp\/v2\/media\/8094300"}],"wp:attachment":[{"href":"https:\/\/regiontatry.sk\/ro\/wp-json\/wp\/v2\/media?parent=8094298"}],"curies":[{"name":"wp","href":"https:\/\/api.w.org\/{rel}","templated":true}]}}