{"id":8094309,"date":"2018-07-27T14:22:25","date_gmt":"2018-07-27T12:22:25","guid":{"rendered":"https:\/\/regiontatry.sk\/sport\/"},"modified":"2022-05-13T09:30:53","modified_gmt":"2022-05-13T07:30:53","slug":"sport","status":"publish","type":"page","link":"https:\/\/regiontatry.sk\/ro\/sport\/","title":{"rendered":"Sport"},"content":{"rendered":"\n<p>Zona montan\u0103 din Mun\u021bii Tatra combin\u0103 mai multe aspecte pentru o experien\u021b\u0103 sportiv\u0103 deosebit\u0103. Peisajul magic, condi\u021biile climatice excelente \u0219i altitudinea cu aer montan s\u0103n\u0103tos fac ca fiecare activitate sportiv\u0103 s\u0103 fie unic\u0103. Dac\u0103 v\u0103 place golful, c\u0103l\u0103ria, alergarea sau patinajul, nu pute\u021bi rata nici una din aceste experien\u021be \u00een Mun\u021bii Tatra.<\/p>\n\n\n\t<div class=\"wp-block-cgb-block-creanet-grid category-list cell small-12 medium-4 cg\">\n\t\t<div class=\"cell small-12 medium-12 large-12 medium-order-1\">\n\t\t\t<a href=\"\/sport\/golf\">\n\t\t\t\t<div class=\"background-grid-color\"><\/div>\n\t\t\t\t\t\t\t\t\t<figure><img decoding=\"async\" src=\"https:\/\/regiontatry.sk\/wp-content\/uploads\/2018\/09\/golf.jpg\" alt=\"\"\n\t\t\t\t\t\t\t\t title=\"golf\"\/><\/figure>\n\t\t\t\t\t\t\t\t<h3>Golf<\/h3>\t\t\t\t\t\t\t<\/a>\n\t\t<\/div>\n\t<\/div>\n\t\n\n\t<div class=\"wp-block-cgb-block-creanet-grid category-list cell small-12 medium-4 cg\">\n\t\t<div class=\"cell small-12 medium-12 large-12 medium-order-1\">\n\t\t\t<a href=\"\/sport\/jazda-na-koni\">\n\t\t\t\t<div class=\"background-grid-color\"><\/div>\n\t\t\t\t\t\t\t\t\t<figure><img decoding=\"async\" src=\"https:\/\/regiontatry.sk\/wp-content\/uploads\/2018\/09\/mengusovce-kone.jpg\" alt=\"\"\n\t\t\t\t\t\t\t\t title=\"mengusovce-kone\"\/><\/figure>\n\t\t\t\t\t\t\t\t<h3>Echita\u021bie<\/h3>\t\t\t\t\t\t\t<\/a>\n\t\t<\/div>\n\t<\/div>\n\t\n\n\t<div class=\"wp-block-cgb-block-creanet-grid category-list cell small-12 medium-4 cg\">\n\t\t<div class=\"cell small-12 medium-12 large-12 medium-order-1\">\n\t\t\t<a href=\"\/sport\/nordic-walking\">\n\t\t\t\t<div class=\"background-grid-color\"><\/div>\n\t\t\t\t\t\t\t\t\t<figure><img decoding=\"async\" src=\"https:\/\/regiontatry.sk\/wp-content\/uploads\/2018\/09\/NW.jpg\" alt=\"\"\n\t\t\t\t\t\t\t\t title=\"NW\"\/><\/figure>\n\t\t\t\t\t\t\t\t<h3>Nordic Walking<\/h3>\t\t\t\t\t\t\t<\/a>\n\t\t<\/div>\n\t<\/div>\n\t\n\n\t<div class=\"wp-block-cgb-block-creanet-grid category-list cell small-12 medium-4 cg\">\n\t\t<div class=\"cell small-12 medium-12 large-12 medium-order-1\">\n\t\t\t<a href=\"\/sport\/beh\">\n\t\t\t\t<div class=\"background-grid-color\"><\/div>\n\t\t\t\t\t\t\t\t\t<figure><img decoding=\"async\" src=\"https:\/\/regiontatry.sk\/wp-content\/uploads\/2018\/07\/DSC_3331a_1000.jpg\" alt=\"\"\n\t\t\t\t\t\t\t\t title=\"DSC_3331a_1000\"\/><\/figure>\n\t\t\t\t\t\t\t\t<h3>Alergare<\/h3>\t\t\t\t\t\t\t<\/a>\n\t\t<\/div>\n\t<\/div>\n\t\n\n\t<div class=\"wp-block-cgb-block-creanet-grid category-list cell small-12 medium-4 cg\">\n\t\t<div class=\"cell small-12 medium-12 large-12 medium-order-1\">\n\t\t\t<a href=\"\/sport\/in-line-korculovanie\">\n\t\t\t\t<div class=\"background-grid-color\"><\/div>\n\t\t\t\t\t\t\t\t\t<figure><img decoding=\"async\" src=\"https:\/\/regiontatry.sk\/wp-content\/uploads\/2018\/09\/inline.jpg\" alt=\"\"\n\t\t\t\t\t\t\t\t title=\"inline\"\/><\/figure>\n\t\t\t\t\t\t\t\t<h3>Patinaj in-line<\/h3>\t\t\t\t\t\t\t<\/a>\n\t\t<\/div>\n\t<\/div>\n\t\n\n\t<div class=\"wp-block-cgb-block-creanet-grid category-list cell small-12 medium-4 cg\">\n\t\t<div class=\"cell small-12 medium-12 large-12 medium-order-1\">\n\t\t\t<a href=\"\/sport\/adrenalinove-sporty\">\n\t\t\t\t<div class=\"background-grid-color\"><\/div>\n\t\t\t\t\t\t\t\t\t<figure><img decoding=\"async\" src=\"https:\/\/regiontatry.sk\/wp-content\/uploads\/2018\/10\/paragliding2.jpg\" alt=\"\"\n\t\t\t\t\t\t\t\t title=\"paragliding2\"\/><\/figure>\n\t\t\t\t\t\t\t\t<h3>Sporturi de adrenalin\u0103<\/h3>\t\t\t\t\t\t\t<\/a>\n\t\t<\/div>\n\t<\/div>\n\t\n\n\t<div class=\"wp-block-cgb-block-creanet-grid category-list cell small-12 medium-4 cg\">\n\t\t<div class=\"cell small-12 medium-12 large-12 medium-order-1\">\n\t\t\t<a href=\"\/sport\/indoor-a-outdoor-sporty\">\n\t\t\t\t<div class=\"background-grid-color\"><\/div>\n\t\t\t\t\t\t\t\t\t<figure><img decoding=\"async\" src=\"https:\/\/regiontatry.sk\/wp-content\/uploads\/2018\/09\/tenis.jpg\" alt=\"\"\n\t\t\t\t\t\t\t\t title=\"tenis\"\/><\/figure>\n\t\t\t\t\t\t\t\t<h3>Sporturi \u00een interior \u0219i \u00een aer liber<\/h3>\t\t\t\t\t\t\t<\/a>\n\t\t<\/div>\n\t<\/div>\n\t\n\n\t<div class=\"wp-block-cgb-block-creanet-grid category-list cell small-12 medium-4 cg\">\n\t\t<div class=\"cell small-12 medium-12 large-12 medium-order-1\">\n\t\t\t<a href=\"https:\/\/regiontatry.sk\/sport\/virtualne-preteky\/\">\n\t\t\t\t<div class=\"background-grid-color\"><\/div>\n\t\t\t\t\t\t\t\t\t<figure><img decoding=\"async\" src=\"https:\/\/regiontatry.sk\/wp-content\/uploads\/2018\/09\/beh-v-tatrach.jpg\" alt=\"\"\n\t\t\t\t\t\t\t\t title=\"beh v tatrach\"\/><\/figure>\n\t\t\t\t\t\t\t\t<h3>Curse virtuale<\/h3>\t\t\t\t\t\t\t<\/a>\n\t\t<\/div>\n\t<\/div>\n\t","protected":false},"excerpt":{"rendered":"<p>Zona montan\u0103 din Mun\u021bii Tatra combin\u0103 mai multe aspecte pentru o experien\u021b\u0103 sportiv\u0103 deosebit\u0103. Peisajul magic, condi\u021biile climatice excelente \u0219i altitudinea cu aer montan s\u0103n\u0103tos fac ca fiecare activitate sportiv\u0103 s\u0103 fie unic\u0103. Dac\u0103 v\u0103 place golful, c\u0103l\u0103ria, alergarea sau patinajul, nu pute\u021bi rata nici una din aceste experien\u021be \u00een Mun\u021bii Tatra.<\/p>\n","protected":false},"author":1,"featured_media":8094311,"parent":0,"menu_order":0,"comment_status":"closed","ping_status":"closed","template":"template-list.php","meta":{"footnotes":""},"class_list":["post-8094309","page","type-page","status-publish","has-post-thumbnail","hentry"],"_links":{"self":[{"href":"https:\/\/regiontatry.sk\/ro\/wp-json\/wp\/v2\/pages\/8094309"}],"collection":[{"href":"https:\/\/regiontatry.sk\/ro\/wp-json\/wp\/v2\/pages"}],"about":[{"href":"https:\/\/regiontatry.sk\/ro\/wp-json\/wp\/v2\/types\/page"}],"author":[{"embeddable":true,"href":"https:\/\/regiontatry.sk\/ro\/wp-json\/wp\/v2\/users\/1"}],"replies":[{"embeddable":true,"href":"https:\/\/regiontatry.sk\/ro\/wp-json\/wp\/v2\/comments?post=8094309"}],"version-history":[{"count":1,"href":"https:\/\/regiontatry.sk\/ro\/wp-json\/wp\/v2\/pages\/8094309\/revisions"}],"predecessor-version":[{"id":8094312,"href":"https:\/\/regiontatry.sk\/ro\/wp-json\/wp\/v2\/pages\/8094309\/revisions\/8094312"}],"wp:featuredmedia":[{"embeddable":true,"href":"https:\/\/regiontatry.sk\/ro\/wp-json\/wp\/v2\/media\/8094311"}],"wp:attachment":[{"href":"https:\/\/regiontatry.sk\/ro\/wp-json\/wp\/v2\/media?parent=8094309"}],"curies":[{"name":"wp","href":"https:\/\/api.w.org\/{rel}","templated":true}]}}