{"id":8094365,"date":"2018-08-30T16:19:11","date_gmt":"2018-08-30T14:19:11","guid":{"rendered":"https:\/\/regiontatry.sk\/clnkovanie-na-strbskom-plese\/"},"modified":"2022-05-13T09:44:52","modified_gmt":"2022-05-13T07:44:52","slug":"plimbari-cu-barca-pe-lac","status":"publish","type":"page","link":"https:\/\/regiontatry.sk\/ro\/plimbari-cu-barca-pe-lac\/","title":{"rendered":"PLIMB\u0102RI CU BARCA PE LAC"},"content":{"rendered":"\n<p>Tradi\u021bia plimb\u0103rilor cu barca pe lacul de munte \u0160trbsk\u00e9 Pleso \u0219i\nlacul \u0160trbsk\u00e9 Pleso Nou are o istorie de peste 130 de ani. La 5 iulie 2008,\nplimbarea cu barca pe \u0160trbsk\u00e9 Pleso a fost re\u00eennoit\u0103 dup\u0103 25 de ani de pauz\u0103.\nLacul a fost &#8222;descuiat&#8221; \u0219i v\u0103 pute\u021bi bucura acum de o priveli\u0219te\nminunat\u0103 a v\u00e2rfului Solisko \u0219i de suprafa\u021ba lini\u0219tit\u0103 a acestui lac unic, care\na candidat la una dintre cele \u0219apte minuni ale lumii.<\/p>\n\n\n\n<p>Exist\u0103 22 de b\u0103rci, care sunt ancorate pe un debarcader nou\nconstruit, cu o priveli\u0219te frumoas\u0103 asupra Mun\u021bilor Tatra. O experien\u021b\u0103\nexcep\u021bional\u0103 poate fi \u0219i posibilitatea de a folosi serviciile unui v\u00e2sla\u0219\nprivat.<\/p>\n\n\n\n<p><strong>\u0218tia\u021bi c\u0103..?<\/strong><\/p>\n\n\n\n<p>\u00cen trecut, plimbarea cu barca pe lac a \u00eenceput imediat dup\u0103 ce au\nfost construite primele cl\u0103diri. \u00cenc\u0103 din 1880 au existat un dig \u0219i un ad\u0103post\npentru b\u0103rci. La acea vreme, plimbarea cu barca era o distrac\u021bie popular\u0103 care\ndura din mai p\u00e2n\u0103 \u00een octombrie, \u00een func\u021bie de vreme. Plimbarea cu barca \u0219i\nsc\u0103ldatul au fost interzise \u00een anii 1980 din motive de conservare. Lacul\n\u0160trbsk\u00e9 Pleso se afl\u0103 \u00een cel de-al cincilea grad de protec\u021bie, iar exploatarea\nsa face obiectul unor m\u0103suri stricte, deoarece apele sunt locuite de o specie\nde pe\u0219te protejat\u0103, pe\u0219tele marena alb\u0103.&nbsp; &nbsp;<\/p>\n\n\n\n<ul class=\"wp-block-gallery columns-2 is-cropped wp-block-gallery-2 is-layout-flex wp-block-gallery-is-layout-flex\"><li class=\"blocks-gallery-item\"><figure><img loading=\"lazy\" decoding=\"async\" width=\"1024\" height=\"681\" src=\"https:\/\/regiontatry.sk\/wp-content\/uploads\/2018\/08\/Boating-at-the-lake2-1024x681.jpg\" alt=\"\" data-id=\"2722\" data-link=\"https:\/\/regiontatry.sk\/?attachment_id=2722\" class=\"wp-image-2722\" srcset=\"https:\/\/regiontatry.sk\/wp-content\/uploads\/2018\/08\/Boating-at-the-lake2-1024x681.jpg 1024w, https:\/\/regiontatry.sk\/wp-content\/uploads\/2018\/08\/Boating-at-the-lake2-1024x681-300x200.jpg 300w, https:\/\/regiontatry.sk\/wp-content\/uploads\/2018\/08\/Boating-at-the-lake2-1024x681-768x511.jpg 768w\" sizes=\"(max-width: 1024px) 100vw, 1024px\" \/><\/figure><\/li><li class=\"blocks-gallery-item\"><figure><img loading=\"lazy\" decoding=\"async\" width=\"800\" height=\"444\" src=\"https:\/\/regiontatry.sk\/wp-content\/uploads\/2018\/08\/clnkovanie_foto4.jpg\" alt=\"\" data-id=\"2727\" data-link=\"https:\/\/regiontatry.sk\/?attachment_id=2727\" class=\"wp-image-2727\" srcset=\"https:\/\/regiontatry.sk\/wp-content\/uploads\/2018\/08\/clnkovanie_foto4.jpg 800w, https:\/\/regiontatry.sk\/wp-content\/uploads\/2018\/08\/clnkovanie_foto4-300x167.jpg 300w, https:\/\/regiontatry.sk\/wp-content\/uploads\/2018\/08\/clnkovanie_foto4-768x426.jpg 768w\" sizes=\"(max-width: 800px) 100vw, 800px\" \/><\/figure><\/li><\/ul>\n\n\n\n<p><strong>Re\u021bine\u021bi:<\/strong><\/p>\n\n\n\n<ul class=\"wp-block-list\"><li>\u00cen timpul plimb\u0103rii cu barca sunt interzise pescuitul, prinderea \u0219i hr\u0103nirea ra\u021belor s\u0103lbatice \u0219i a pe\u0219tilor.<\/li><li>Pe ambarca\u021biuni nu este permis\u0103 m\u00e2ncarea sau bagajul de m\u00e2n\u0103. Bagajele pot fi depuse gratuit la personalul de serviciu de la debarcader.<\/li><li>Fumatul, strig\u0103tul \u0219i aruncarea de gunoaie \u00een ap\u0103 \u00een timpul plimb\u0103rii cu barca sunt interzise.<\/li><li>\u00cenotul \u0219i s\u0103riturile din b\u0103rci \u00een lac sunt interzise.<\/li><li>\u00cembarcarea \u0219i debarcarea de pe b\u0103rci este posibil\u0103 numai pe dig; nu este permis\u0103 ancorarea b\u0103rcii \u00een afara digului \u0219i apoi cobor\u00e2rea.<\/li><li>Este interzis\u0103 conducerea unei ambarca\u021biuni sub influen\u021ba alcoolului, a substan\u021belor narcotice \u0219i psihotrope sau care pun \u00een orice alt mod \u00een pericol siguran\u021ba \u00een timpul plimb\u0103rii cu barca.<\/li><li>Plimbarea cu barca este permis\u0103 doar copiilor cu v\u00e2rsta peste 3 ani. (Ace\u0219tia trebuie s\u0103 aib\u0103 v\u00e2rsta de 3 ani \u00een ziua excursiei.)<\/li><\/ul>\n\n\n\n<ul class=\"wp-block-list\"><li><\/li><\/ul>\n\n\n\n<h3 class=\"wp-block-heading\"><br>Mai multe despre plimbarea cu barca pe lacul \u0160trbsk\u00e9 Pleso g\u0103si\u021bi pe\u00a0<a rel=\"noopener noreferrer\" href=\"https:\/\/www.vt.sk\/hory\/letne-atrakcie\/clnkovanie-na-plese\/\" target=\"_blank\">www.vt.sk<\/a>.<br><br><\/h3>\n\n\n\n<figure class=\"wp-block-image\"><img loading=\"lazy\" decoding=\"async\" width=\"1444\" height=\"436\" src=\"https:\/\/regiontatry.sk\/wp-content\/uploads\/2018\/08\/034487.jpg\" alt=\"\" class=\"wp-image-2732\" srcset=\"https:\/\/regiontatry.sk\/wp-content\/uploads\/2018\/08\/034487.jpg 1444w, https:\/\/regiontatry.sk\/wp-content\/uploads\/2018\/08\/034487-300x91.jpg 300w, https:\/\/regiontatry.sk\/wp-content\/uploads\/2018\/08\/034487-768x232.jpg 768w, https:\/\/regiontatry.sk\/wp-content\/uploads\/2018\/08\/034487-1024x309.jpg 1024w\" sizes=\"(max-width: 1444px) 100vw, 1444px\" \/><\/figure>\n","protected":false},"excerpt":{"rendered":"<p>Tradi\u021bia plimb\u0103rilor cu barca pe lacul de munte \u0160trbsk\u00e9 Pleso \u0219i lacul \u0160trbsk\u00e9 Pleso Nou are o istorie de peste 130 de ani. La 5 iulie 2008, plimbarea cu barca pe \u0160trbsk\u00e9 Pleso a fost re\u00eennoit\u0103 dup\u0103 25 de ani de pauz\u0103. Lacul a fost &#8222;descuiat&#8221; \u0219i v\u0103 pute\u021bi bucura acum de o priveli\u0219te minunat\u0103 [&hellip;]<\/p>\n","protected":false},"author":1,"featured_media":9810714,"parent":0,"menu_order":0,"comment_status":"closed","ping_status":"closed","template":"template-list.php","meta":{"footnotes":""},"class_list":["post-8094365","page","type-page","status-publish","has-post-thumbnail","hentry"],"_links":{"self":[{"href":"https:\/\/regiontatry.sk\/ro\/wp-json\/wp\/v2\/pages\/8094365"}],"collection":[{"href":"https:\/\/regiontatry.sk\/ro\/wp-json\/wp\/v2\/pages"}],"about":[{"href":"https:\/\/regiontatry.sk\/ro\/wp-json\/wp\/v2\/types\/page"}],"author":[{"embeddable":true,"href":"https:\/\/regiontatry.sk\/ro\/wp-json\/wp\/v2\/users\/1"}],"replies":[{"embeddable":true,"href":"https:\/\/regiontatry.sk\/ro\/wp-json\/wp\/v2\/comments?post=8094365"}],"version-history":[{"count":1,"href":"https:\/\/regiontatry.sk\/ro\/wp-json\/wp\/v2\/pages\/8094365\/revisions"}],"predecessor-version":[{"id":8094368,"href":"https:\/\/regiontatry.sk\/ro\/wp-json\/wp\/v2\/pages\/8094365\/revisions\/8094368"}],"wp:featuredmedia":[{"embeddable":true,"href":"https:\/\/regiontatry.sk\/ro\/wp-json\/wp\/v2\/media\/9810714"}],"wp:attachment":[{"href":"https:\/\/regiontatry.sk\/ro\/wp-json\/wp\/v2\/media?parent=8094365"}],"curies":[{"name":"wp","href":"https:\/\/api.w.org\/{rel}","templated":true}]}}