{"id":8094374,"date":"2018-08-28T10:44:29","date_gmt":"2018-08-28T08:44:29","guid":{"rendered":"https:\/\/regiontatry.sk\/vrcholove-zazitky\/"},"modified":"2022-05-13T09:51:30","modified_gmt":"2022-05-13T07:51:30","slug":"experiente-deosebite","status":"publish","type":"page","link":"https:\/\/regiontatry.sk\/ro\/region\/experiente-deosebite\/","title":{"rendered":"Experien\u021be deosebite"},"content":{"rendered":"\n<p>Frumuse\u021bile \u0219i atrac\u021biile Mun\u021bilor Tatra nu pot fi num\u0103rate nici pe toate degetele de la m\u00e2ini. Cu toate acestea, am selectat zece frumuse\u021bi naturale care merit\u0103 v\u0103zute. Acestea v\u0103 vor \u00eenc\u00e2nta cu m\u0103re\u021bia lor.<br><br><\/p>\n\n\n\n<div class=\"wp-block-image\"><figure class=\"alignright is-resized\"><img decoding=\"async\" src=\"https:\/\/regiontatry.sk\/wp-content\/uploads\/2018\/10\/balianska-jaskyna-2.jpg\" alt=\"\" class=\"wp-image-5912\" width=\"400\" srcset=\"https:\/\/regiontatry.sk\/wp-content\/uploads\/2018\/10\/balianska-jaskyna-2.jpg 540w, https:\/\/regiontatry.sk\/wp-content\/uploads\/2018\/10\/balianska-jaskyna-2-300x225.jpg 300w\" sizes=\"(max-width: 540px) 100vw, 540px\" \/><\/figure><\/div>\n\n\n\n<h3 class=\"wp-block-heading\"><strong>Pe\u0219tera Belianska<\/strong><\/h3>\n\n\n\n<p> Pe\u0219tera Belianska face parte, cu siguran\u021b\u0103, dintre astfel de frumuse\u021bi naturale. Este singura pe\u0219ter\u0103 deschis\u0103 publicului. Este situat\u0103 pe dealul Kobyla, deasupra depresiunii Tatranska kotlina, \u0219i este declarat\u0103 monument natural na\u021bional. A fost deschis\u0103 \u00een 1882 \u0219i are cel mai bogat ornament de stalactite (sinter) dintre toate pe\u0219terile din mun\u021bii Tatra. Din lungimea total\u0103 a pe\u0219terii de 3829 m, 1370 sunt accesibile. O alt\u0103 caracteristic\u0103 interesant\u0103 este iluminatul electric, care a fost introdus \u00een 1896.\u00a0 <br><br><br><\/p>\n\n\n\n<div class=\"wp-block-image\"><figure class=\"alignleft is-resized\"><img decoding=\"async\" src=\"https:\/\/regiontatry.sk\/wp-content\/uploads\/2018\/10\/vodopadskok.jpg\" alt=\"\" class=\"wp-image-5914\" width=\"400\" srcset=\"https:\/\/regiontatry.sk\/wp-content\/uploads\/2018\/10\/vodopadskok.jpg 620w, https:\/\/regiontatry.sk\/wp-content\/uploads\/2018\/10\/vodopadskok-300x194.jpg 300w\" sizes=\"(max-width: 620px) 100vw, 620px\" \/><\/figure><\/div>\n\n\n\n<h3 class=\"wp-block-heading\">Cascada Skok<\/h3>\n\n\n\n<p>Dintre frumuse\u021bile pe care natura le-a creat din ap\u0103, amintim Cascada Skok (S\u0103ritur\u0103 \u00een limba slovac\u0103) \u0219i Cascada Kme\u0165. Cascada Skok cade \u00een valea Mlynick\u00e1 dolina. Este alimentat de p\u00e2r\u00e2ul Mlynica, care cade de la o \u00een\u0103l\u021bime de 100 m ca \u0219i cum ar face o s\u0103ritur\u0103. Lungimea cascadei \u00een sine este de 25 m \u0219i este cea mai bogat\u0103 \u00een ap\u0103 din Mun\u021bii Tatra. Cascada Kme\u0165 con\u021bine \u0219i atributul &#8222;cea mai&#8221;. Aceasta din urm\u0103 este cea mai lung\u0103 cascad\u0103 din Mun\u021bii Tatra. Are o lungime de 80 m \u0219i este situat\u0103 \u00een valea Nefcerka.<br><br><br><\/p>\n\n\n\n<div class=\"wp-block-image\"><figure class=\"alignright is-resized\"><img decoding=\"async\" src=\"https:\/\/regiontatry.sk\/wp-content\/uploads\/2018\/10\/strbskepleso.jpg\" alt=\"\" class=\"wp-image-5916\" width=\"400\" srcset=\"https:\/\/regiontatry.sk\/wp-content\/uploads\/2018\/10\/strbskepleso.jpg 550w, https:\/\/regiontatry.sk\/wp-content\/uploads\/2018\/10\/strbskepleso-300x200.jpg 300w\" sizes=\"(max-width: 550px) 100vw, 550px\" \/><\/figure><\/div>\n\n\n\n<h3 class=\"wp-block-heading\">Lacul \u0160trbsk\u00e9 Pleso<\/h3>\n\n\n\n<p>Istoria \u0219i caracterul natural al Mun\u021bilor Tatra sunt completate \u00een mod inseparabil de lacuri. Cel mai cunoscut \u0219i cel mai vizitat dintre ele este lacul \u0160trbsk\u00e9 pleso. Este, de asemenea, al doilea cel mai mare din Slovacia, iar frumuse\u021bea sa poate fi admirat\u0103 nu numai de pe \u021b\u0103rm, ci \u0219i de pe o barc\u0103.<br><br><br><\/p>\n\n\n\n<div class=\"wp-block-image\"><figure class=\"alignleft is-resized\"><img decoding=\"async\" src=\"https:\/\/regiontatry.sk\/wp-content\/uploads\/2018\/10\/hincovo.jpg\" alt=\"\" class=\"wp-image-5918\" width=\"400\" srcset=\"https:\/\/regiontatry.sk\/wp-content\/uploads\/2018\/10\/hincovo.jpg 738w, https:\/\/regiontatry.sk\/wp-content\/uploads\/2018\/10\/hincovo-300x199.jpg 300w\" sizes=\"(max-width: 738px) 100vw, 738px\" \/><\/figure><\/div>\n\n\n\n<h3 class=\"wp-block-heading\">Lacul Ve\u013ek\u00e9 Hincovo Pleso<\/h3>\n\n\n\n<p>Un alt fenomen din categoria de fenomene naturale este lacul Ve\u013ek\u00e9 Hincovo pleso. Este cel mai mare \u0219i, \u00een acela\u0219i timp, cel mai ad\u00e2nc lac carstic din Mun\u021bii Tatra. Se afl\u0103 la o altitudine de 1946 m, cu o suprafa\u021b\u0103 de 20,08 ha \u0219i o ad\u00e2ncime de 53 m. Este situat \u00een depresiunea Hincova kotlina, \u00een partea superioar\u0103 a v\u0103ii Mengusovsk\u00e1 dolina.<br><br><br><\/p>\n\n\n\n<div class=\"wp-block-image\"><figure class=\"alignright is-resized\"><img decoding=\"async\" src=\"https:\/\/regiontatry.sk\/wp-content\/uploads\/2018\/10\/koprova-dolina.jpg\" alt=\"\" class=\"wp-image-5922\" width=\"400\" srcset=\"https:\/\/regiontatry.sk\/wp-content\/uploads\/2018\/10\/koprova-dolina.jpg 800w, https:\/\/regiontatry.sk\/wp-content\/uploads\/2018\/10\/koprova-dolina-300x200.jpg 300w, https:\/\/regiontatry.sk\/wp-content\/uploads\/2018\/10\/koprova-dolina-768x512.jpg 768w\" sizes=\"(max-width: 800px) 100vw, 800px\" \/><\/figure><\/div>\n\n\n\n<h3 class=\"wp-block-heading\">Valea K\u00f4prov\u00e1 Dolina (Valea m\u0103rarului)<\/h3>\n\n\n\n<p>Prin v\u0103ile de la poalele mun\u021bilor sunt o mul\u021bime de trasee de drume\u021bie. Dac\u0103 v\u0103 hot\u0103r\u00e2\u021bi s\u0103 v\u0103 aventura\u021bi pe ele, nu ve\u021bi regreta. Acestea ofer\u0103 o mul\u021bime de priveli\u0219ti pitore\u0219ti de care v\u0103 ve\u021bi bucura cu adev\u0103rat. Una dintre ele este valea K\u00f4prov\u00e1 dolina (Valea m\u0103rarului). Este o por\u021biune lung\u0103 de 12 km, cu multe v\u0103i laterale. Traseul de drume\u021bie care le traverseaz\u0103 v\u0103 va ghida prin adev\u0103rate bog\u0103\u021bii naturale. Paji\u0219ti verzi, p\u0103duri bogate sau malurile p\u00e2r\u00e2ului K\u00f4provsk\u00fd potok. Trece \u0219i prin valea Hlinsk\u00e1 dolina p\u00e2n\u0103 la v\u00e2rful Vy\u0161n\u00e9 K\u00f4provsk\u00e9 sedlo \u0219i valea Mengusovsk\u00e1 dolina. Se poate ajunge p\u00e2n\u0103 la v\u00e2rful K\u00f4provsk\u00fd \u0161t\u00edt, care se \u00eenal\u021b\u0103 deasupra v\u0103ii \u00eempreun\u0103 cu v\u00e2rful Kriv\u00e1\u0148.<br><br><br><\/p>\n\n\n\n<div class=\"wp-block-image\"><figure class=\"alignleft is-resized\"><img decoding=\"async\" src=\"https:\/\/regiontatry.sk\/wp-content\/uploads\/2018\/10\/krivan.jpg\" alt=\"\" class=\"wp-image-5924\" width=\"400\" srcset=\"https:\/\/regiontatry.sk\/wp-content\/uploads\/2018\/10\/krivan.jpg 800w, https:\/\/regiontatry.sk\/wp-content\/uploads\/2018\/10\/krivan-300x200.jpg 300w, https:\/\/regiontatry.sk\/wp-content\/uploads\/2018\/10\/krivan-768x511.jpg 768w\" sizes=\"(max-width: 800px) 100vw, 800px\" \/><\/figure><\/div>\n\n\n\n<h3 class=\"wp-block-heading\">V\u00e2rful Kriv\u00e1\u0148 <\/h3>\n\n\n\n<p>Kriv\u00e1\u0148 este un munte impun\u0103tor \u00een partea de vest a Mun\u021bilor Tatra, cu o \u00een\u0103l\u021bime de 2494,7 m deasupra nivelului m\u0103rii. Este format din mai multe creste, dintre care cele din sud \u0219i sud-vest sunt accesibile turi\u0219tilor. <br><br><br><\/p>\n\n\n\n<div class=\"wp-block-image\"><figure class=\"alignright is-resized\"><img decoding=\"async\" src=\"https:\/\/regiontatry.sk\/wp-content\/uploads\/2018\/10\/lomnickystit.jpg\" alt=\"\" class=\"wp-image-5926\" width=\"400\" srcset=\"https:\/\/regiontatry.sk\/wp-content\/uploads\/2018\/10\/lomnickystit.jpg 550w, https:\/\/regiontatry.sk\/wp-content\/uploads\/2018\/10\/lomnickystit-300x200.jpg 300w\" sizes=\"(max-width: 550px) 100vw, 550px\" \/><\/figure><\/div>\n\n\n\n<h3 class=\"wp-block-heading\">V\u00e2rful Lomnick\u00fd \u0160t\u00edt<\/h3>\n\n\n\n<p>Unul dintre cele mai renumite v\u00e2rfuri din Mun\u021bii Tatra este Lomnick\u00fd \u0161t\u00edt. Este, de asemenea, al doilea cel mai \u00eenalt v\u00e2rf de munte din Slovacia. V\u00e2rful seam\u0103n\u0103 cu o piramid\u0103 triunghiular\u0103 \u0219i atinge o \u00een\u0103l\u021bime de 2633,8 m deasupra nivelului m\u0103rii. Pute\u021bi s\u0103-l urca\u021bi din depresiunea Lomnick\u00e9 sedlo, dar numai dac\u0103 sunte\u021bi \u00eenso\u021bit de un ghid montan.<br><br><br><\/p>\n\n\n\n<div class=\"wp-block-image\"><figure class=\"alignleft is-resized\"><img decoding=\"async\" src=\"https:\/\/regiontatry.sk\/wp-content\/uploads\/2018\/10\/gerlachovsky.jpg\" alt=\"\" class=\"wp-image-5928\" width=\"400\" srcset=\"https:\/\/regiontatry.sk\/wp-content\/uploads\/2018\/10\/gerlachovsky.jpg 1920w, https:\/\/regiontatry.sk\/wp-content\/uploads\/2018\/10\/gerlachovsky-300x200.jpg 300w, https:\/\/regiontatry.sk\/wp-content\/uploads\/2018\/10\/gerlachovsky-768x512.jpg 768w, https:\/\/regiontatry.sk\/wp-content\/uploads\/2018\/10\/gerlachovsky-1024x683.jpg 1024w\" sizes=\"(max-width: 1920px) 100vw, 1920px\" \/><\/figure><\/div>\n\n\n\n<h3 class=\"wp-block-heading\">V\u00e2rful Gerlachovsk\u00fd \u0160t\u00edt <\/h3>\n\n\n\n<p>V\u00e2rful Gerlach, cel mai \u00eenalt v\u00e2rf din Mun\u021bii Tatra \u0219i din to\u021bi Mun\u021bii Carpa\u021bi, completeaz\u0103 aceast\u0103 treime. \u00cen\u0103l\u021bimea sa este de 2654,4 m. deasupra nivelului m\u0103rii.<br><br><br><\/p>\n\n\n\n<div class=\"wp-block-image\"><figure class=\"alignright is-resized\"><img decoding=\"async\" src=\"https:\/\/regiontatry.sk\/wp-content\/uploads\/2018\/10\/sedielko.jpg\" alt=\"\" class=\"wp-image-5920\" width=\"400\" srcset=\"https:\/\/regiontatry.sk\/wp-content\/uploads\/2018\/10\/sedielko.jpg 800w, https:\/\/regiontatry.sk\/wp-content\/uploads\/2018\/10\/sedielko-698x524.jpg 698w, https:\/\/regiontatry.sk\/wp-content\/uploads\/2018\/10\/sedielko-552x414.jpg 552w, https:\/\/regiontatry.sk\/wp-content\/uploads\/2018\/10\/sedielko-300x225.jpg 300w, https:\/\/regiontatry.sk\/wp-content\/uploads\/2018\/10\/sedielko-768x576.jpg 768w\" sizes=\"(max-width: 800px) 100vw, 800px\" \/><\/figure><\/div>\n\n\n\n<h3 class=\"wp-block-heading\">Depresiunea Sedielko <\/h3>\n\n\n\n<p>\u00cen top zece se afl\u0103 \u0219i una dintre depresiunile numite Sedielko. Este situat\u0103 \u00eentre Zadn\u00fd \u013dadov\u00fd \u0161t\u00edt (V\u00e2rful de ghea\u021b\u0103 din spate) \u0219i \u0160irok\u00e1 ve\u017ea (Turnul larg), la o altitudine de 2.376 m deasupra nivelului m\u0103rii. Este cea mai \u00eenalt\u0103 depresiune, care face leg\u0103tura \u00eentre Mal\u00e1 Studen\u00e1 dolina (Valea Mic\u0103 Rece) \u0219i Zadn\u00e1 Javorov\u00e1 dolina (Valea Ar\u021barului din spate). Pute\u021bi trece prin ea \u00een ambele direc\u021bii &#8211; dinspre Star\u00fd Smokovec sau Tatransk\u00e1 Javorina. <br><br><br><\/p>\n\n\n\n<div class=\"wp-block-image\"><figure class=\"alignleft is-resized\"><img decoding=\"async\" src=\"https:\/\/regiontatry.sk\/wp-content\/uploads\/2018\/10\/malykezmarsky.jpg\" alt=\"\" class=\"wp-image-5930\" width=\"400\" srcset=\"https:\/\/regiontatry.sk\/wp-content\/uploads\/2018\/10\/malykezmarsky.jpg 750w, https:\/\/regiontatry.sk\/wp-content\/uploads\/2018\/10\/malykezmarsky-300x211.jpg 300w\" sizes=\"(max-width: 750px) 100vw, 750px\" \/><\/figure><\/div>\n\n\n\n<h3 class=\"wp-block-heading\">V\u00e2rful Mal\u00fd Ke\u017emarsk\u00fd \u0160t\u00edt <br><\/h3>\n\n\n\n<p>Topul celor zece &#8222;cele mai&#8221; este completat de Stena Mal\u00e9ho Ke\u017emarsk\u00e9ho \u0161t\u00edtu (Peretele V\u00e2rfului Mic Ke\u017emarsk\u00fd), care este cel mai masiv perete de st\u00e2nc\u0103 din Mun\u021bii Tatra. \u00cen\u0103l\u021bimea sa este de 900 m \u0219i este un loc ideal pentru alpini\u0219ti. <\/p>\n","protected":false},"excerpt":{"rendered":"<p>Frumuse\u021bile \u0219i atrac\u021biile Mun\u021bilor Tatra nu pot fi num\u0103rate nici pe toate degetele de la m\u00e2ini. Cu toate acestea, am selectat zece frumuse\u021bi naturale care merit\u0103 v\u0103zute. Acestea v\u0103 vor \u00eenc\u00e2nta cu m\u0103re\u021bia lor. Pe\u0219tera Belianska Pe\u0219tera Belianska face parte, cu siguran\u021b\u0103, dintre astfel de frumuse\u021bi naturale. Este singura pe\u0219ter\u0103 deschis\u0103 publicului. Este situat\u0103 pe [&hellip;]<\/p>\n","protected":false},"author":4,"featured_media":8688230,"parent":9997716,"menu_order":0,"comment_status":"closed","ping_status":"closed","template":"template-simple-page.php","meta":{"footnotes":""},"class_list":["post-8094374","page","type-page","status-publish","has-post-thumbnail","hentry"],"_links":{"self":[{"href":"https:\/\/regiontatry.sk\/ro\/wp-json\/wp\/v2\/pages\/8094374"}],"collection":[{"href":"https:\/\/regiontatry.sk\/ro\/wp-json\/wp\/v2\/pages"}],"about":[{"href":"https:\/\/regiontatry.sk\/ro\/wp-json\/wp\/v2\/types\/page"}],"author":[{"embeddable":true,"href":"https:\/\/regiontatry.sk\/ro\/wp-json\/wp\/v2\/users\/4"}],"replies":[{"embeddable":true,"href":"https:\/\/regiontatry.sk\/ro\/wp-json\/wp\/v2\/comments?post=8094374"}],"version-history":[{"count":1,"href":"https:\/\/regiontatry.sk\/ro\/wp-json\/wp\/v2\/pages\/8094374\/revisions"}],"predecessor-version":[{"id":8094377,"href":"https:\/\/regiontatry.sk\/ro\/wp-json\/wp\/v2\/pages\/8094374\/revisions\/8094377"}],"up":[{"embeddable":true,"href":"https:\/\/regiontatry.sk\/ro\/wp-json\/wp\/v2\/pages\/9997716"}],"wp:featuredmedia":[{"embeddable":true,"href":"https:\/\/regiontatry.sk\/ro\/wp-json\/wp\/v2\/media\/8688230"}],"wp:attachment":[{"href":"https:\/\/regiontatry.sk\/ro\/wp-json\/wp\/v2\/media?parent=8094374"}],"curies":[{"name":"wp","href":"https:\/\/api.w.org\/{rel}","templated":true}]}}