{"id":8094428,"date":"2018-10-03T09:59:14","date_gmt":"2018-10-03T07:59:14","guid":{"rendered":"https:\/\/regiontatry.sk\/poistenie-na-horach\/"},"modified":"2024-11-06T21:59:37","modified_gmt":"2024-11-06T20:59:37","slug":"polita-de-asigurare-in-munti","status":"publish","type":"page","link":"https:\/\/regiontatry.sk\/ro\/informatii-turistice\/polita-de-asigurare-in-munti\/","title":{"rendered":"Poli\u021b\u0103 de asigurare \u00een mun\u021bi"},"content":{"rendered":"\n<h4 class=\"wp-block-heading\"> \u00cen siguran\u021b\u0103 la munte cu o asigurare pentru munte.  <\/h4>\n\n\n\n<p>Merge\u021bi \u00een drume\u021bii \u00een Mun\u021bii Tatra cu o asigurare pentru munte, fie c\u0103 sunte\u021bi un drume\u021b de agrement, un alpinist, un schior alpinist sau un atlet de adrenalin\u0103. <\/p>\n\n\n\n<p>Cu o asigurare pentru munte bine aleas\u0103, nimic nu v\u0103 poate surprinde \u00een timpul drume\u021biei. Asigura\u021bi-v\u0103 pentru munte \u0219i proteja\u021bi-v\u0103 \u00eempotriva evenimentelor neprev\u0103zute \u0219i a r\u0103nilor.<\/p>\n\n\n\n<p>Companiile de asigur\u0103ri \u00eempart asigur\u0103rile pentru munte \u00een dou\u0103 categorii:<\/p>\n\n\n\n<ul class=\"wp-block-list\">\n<li><strong>De baz\u0103<\/strong> (turist obi\u0219nuit, deplasare pe trasee marcate) <\/li>\n\n\n\n<li><strong>Extrem<\/strong> (alpinism, schi alpinism sau alte sporturi de adrenalin\u0103).<\/li>\n<\/ul>\n\n\n\n<p>Chiar \u0219i un mic accident \u00een mun\u021bi v\u0103 poate costa foarte mult. Asigurarea clasic\u0103 de s\u0103n\u0103tate sau de c\u0103l\u0103torie nu acoper\u0103 costurile Serviciului de salvare montan\u0103 asociate cu salvarea sau c\u0103utarea. Costurile a\u0219a-numitei interven\u021bii tehnice (transport cu targa, c\u0103utare, echipament aerian) trebuie s\u0103 fie suportate de c\u0103tre persoana aflat\u0103 \u00een mediul montan. Aceast\u0103 obliga\u021bie nu se aplic\u0103 persoanelor fizice care nu au \u00eemplinit v\u00e2rsta majoratului &#8211; copii \u0219i persoane fizice care nu au capacitate juridic\u0103.<br><\/p>\n\n\n\n<h3 class=\"wp-block-heading\"><strong>IDEI DESPRE CUM S\u0102 OB\u021aINE\u021aI O ASIGURARE <\/strong><\/h3>\n\n\n\n<p>Asigurarea de munte GENERALI poate fi achizi\u021bionat\u0103 \u0219i\nde la birourile de informare din Mun\u021bii Tatra.<\/p>\n\n\n<div class=\"wp-block-image\">\n<figure class=\"alignright size-large is-resized\"><img loading=\"lazy\" decoding=\"async\" width=\"1024\" height=\"798\" src=\"https:\/\/regiontatry.sk\/wp-content\/uploads\/2024\/11\/IMG_0996-Edit-1024x798.jpg\" alt=\"\" class=\"wp-image-9969824\" style=\"width:553px;height:auto\" srcset=\"https:\/\/regiontatry.sk\/wp-content\/uploads\/2024\/11\/IMG_0996-Edit-1024x798.jpg 1024w, https:\/\/regiontatry.sk\/wp-content\/uploads\/2024\/11\/IMG_0996-Edit-300x234.jpg 300w, https:\/\/regiontatry.sk\/wp-content\/uploads\/2024\/11\/IMG_0996-Edit-768x598.jpg 768w, https:\/\/regiontatry.sk\/wp-content\/uploads\/2024\/11\/IMG_0996-Edit-1536x1197.jpg 1536w, https:\/\/regiontatry.sk\/wp-content\/uploads\/2024\/11\/IMG_0996-Edit-2048x1595.jpg 2048w, https:\/\/regiontatry.sk\/wp-content\/uploads\/2024\/11\/IMG_0996-Edit-1920x1496.jpg 1920w, https:\/\/regiontatry.sk\/wp-content\/uploads\/2024\/11\/IMG_0996-Edit-1705x1328.jpg 1705w, https:\/\/regiontatry.sk\/wp-content\/uploads\/2024\/11\/IMG_0996-Edit-860x670.jpg 860w, https:\/\/regiontatry.sk\/wp-content\/uploads\/2024\/11\/IMG_0996-Edit-698x544.jpg 698w, https:\/\/regiontatry.sk\/wp-content\/uploads\/2024\/11\/IMG_0996-Edit-552x430.jpg 552w\" sizes=\"(max-width: 1024px) 100vw, 1024px\" \/><\/figure><\/div>\n\n\n<p>\u00cencep\u00e2nd cu 01.06.2020, fiecare vizitator cazat pe\nteritoriul Mun\u021bilor Tatra \u0219i \u00eenregistrat \u00een registrul persoanelor cazate de la\ncare s-a colectat taxa de cazare este asigurat pentru interven\u021bia Serviciului\nde salvare montan\u0103.<\/p>\n\n\n\n<p>Teritoriul ora\u0219ului Mun\u021bii Tatra este format din\na\u0219ez\u0103rile din mun\u021bi, de la Tatransk\u00e1 Kotlina p\u00e2n\u0103 la Popradsk\u00e9 Pleso. Nu uita\u021bi\ns\u0103 verifica\u021bi la furnizorul de cazare dac\u0103 este \u00eenregistrat pentru plata taxei\n\u00een ora\u0219ul Mun\u021bii Tatra. ATEN\u021aIE! \u0160trbsk\u00e9 Pleso nu face parte din ora\u0219ul Mun\u021bii\nTatra.<\/p>\n\n\n\n<p>Fiecare vizitator cazat \u00een Mun\u021bii Tatra care a pl\u0103tit taxa local\u0103 este asigurat pentru interven\u021bia Serviciului Montan.<\/p>\n\n\n\n<p>Vizita\u021bi <strong>birourile de\ninformare din Mun\u021bii Tatra din Star\u00fd Smokovec \u0219i Tatransk\u00e1 Lomnica sau Centrul\nde informare turistic\u0103 din \u0160trbsk\u00e9 Pleso<\/strong>, unde personalul v\u0103 va sf\u0103tui cu\nprivire la cea mai bun\u0103 asigurare de munte. Pute\u021bi \u00eencheia o poli\u021b\u0103 de\nasigurare pentru un anumit num\u0103r de zile sau pentru un an \u00eentreg. <\/p>\n\n\n\n<p>De asemenea, pute\u021bi \u00eencheia poli\u021be de asigur\u0103ri direct din confortul locuin\u021bei dumneavoastr\u0103, online, la companiile de asigur\u0103ri individuale, de exemplu (clic pe companiile de asigur\u0103ri individuale)<\/p>\n\n\n\n<ul class=\"wp-block-list\">\n<li><a aria-label=\"UNION (otvor\u00ed sa v novej karte)\" href=\"https:\/\/www.union.sk\/\" target=\"_blank\" rel=\"noreferrer noopener\">UNION<\/a> <\/li>\n\n\n\n<li><a aria-label=\"GENERALI (otvor\u00ed sa v novej karte)\" href=\"https:\/\/www.generali.sk\/\" target=\"_blank\" rel=\"noreferrer noopener\">GENERALI<\/a> <\/li>\n\n\n\n<li><a aria-label=\"\u010cSOB - \u010ceskoslovensk\u00e1 obchodn\u00e1 banka, a.s. (otvor\u00ed sa v novej karte)\" href=\"https:\/\/www.csob.sk\/\" target=\"_blank\" rel=\"noreferrer noopener\">\u010cSOB &#8211; \u010ceskoslovensk\u00e1 obchodn\u00e1 banka, a.s.<\/a><\/li>\n\n\n\n<li><a aria-label=\"ALLIANZ \u2013 Slovensk\u00e1 pois\u0165ov\u0148a (otvor\u00ed sa v novej karte)\" href=\"https:\/\/www.allianz.sk\/\" target=\"_blank\" rel=\"noreferrer noopener\">ALLIANZ \u2013 Slovensk\u00e1 pois\u0165ov\u0148a<\/a> <\/li>\n\n\n\n<li><a aria-label=\"Poistenie.sk (otvor\u00ed sa v novej karte)\" href=\"https:\/\/www.poistenie.sk\/\" target=\"_blank\" rel=\"noreferrer noopener\">Poistenie.sk<\/a><\/li>\n\n\n\n<li><a aria-label=\"Alpenverein Slovensko (otvor\u00ed sa v novej karte)\" href=\"https:\/\/alpenverein-slovensko.sk\/\" target=\"_blank\" rel=\"noreferrer noopener\">Alpenverein Slovensko<\/a><\/li>\n<\/ul>\n\n\n\n<p class=\"has-vivid-red-color has-text-color\"><br><strong>Siguran\u021ba la munte este primordial\u0103, a\u0219a c\u0103 nu ezita\u021bi s\u0103 \u00eencheia\u021bi o poli\u021b\u0103 de asigurare de munte.<\/strong><\/p>\n\n\n<div class=\"wp-block-image\">\n<figure class=\"alignright\"><img loading=\"lazy\" decoding=\"async\" width=\"225\" height=\"225\" src=\"https:\/\/regiontatry.sk\/wp-content\/uploads\/2022\/03\/HZS.jpeg\" alt=\"\" class=\"wp-image-7671062\" srcset=\"https:\/\/regiontatry.sk\/wp-content\/uploads\/2022\/03\/HZS.jpeg 225w, https:\/\/regiontatry.sk\/wp-content\/uploads\/2022\/03\/HZS-150x150.jpeg 150w\" sizes=\"(max-width: 225px) 100vw, 225px\" \/><\/figure><\/div>\n\n\n<h3 class=\"wp-block-heading has-text-align-left\"><strong>Nu uita\u021bi, \u00een caz de accident \u00een mun\u021bi, suna\u021bi la 18 300. De asemenea, pute\u021bi utiliza aplica\u021bia mobil\u0103 a Serviciului de pompieri \u0219i salvare, care v\u0103 va ajuta \u0219i cu localizarea dvs.<\/strong><\/h3>\n\n\n\n<h2 class=\"wp-block-heading\"><a rel=\"noreferrer noopener\" aria-label=\"www.hzs.sk (otvor\u00ed sa v novej karte)\" href=\"https:\/\/www.hzs.sk\/\" target=\"_blank\">www.hzs.sk<\/a> | <a rel=\"noreferrer noopener\" aria-label=\"www.laviny.sk (otvor\u00ed sa v novej karte)\" href=\"https:\/\/www.laviny.sk\/\" target=\"_blank\">www.laviny.sk<\/a><\/h2>\n\n\n\n<h2 class=\"wp-block-heading\">Ties\u0148ov\u00e1 linka HZS: <strong>18 300<\/strong><br><br><\/h2>\n","protected":false},"excerpt":{"rendered":"<p>\u00cen siguran\u021b\u0103 la munte cu o asigurare pentru munte. Merge\u021bi \u00een drume\u021bii \u00een Mun\u021bii Tatra cu o asigurare pentru munte, fie c\u0103 sunte\u021bi un drume\u021b de agrement, un alpinist, un schior alpinist sau un atlet de adrenalin\u0103. Cu o asigurare pentru munte bine aleas\u0103, nimic nu v\u0103 poate surprinde \u00een timpul drume\u021biei. Asigura\u021bi-v\u0103 pentru munte [&hellip;]<\/p>\n","protected":false},"author":2,"featured_media":8094429,"parent":9096717,"menu_order":0,"comment_status":"closed","ping_status":"closed","template":"template-list.php","meta":{"footnotes":""},"class_list":["post-8094428","page","type-page","status-publish","has-post-thumbnail","hentry"],"_links":{"self":[{"href":"https:\/\/regiontatry.sk\/ro\/wp-json\/wp\/v2\/pages\/8094428"}],"collection":[{"href":"https:\/\/regiontatry.sk\/ro\/wp-json\/wp\/v2\/pages"}],"about":[{"href":"https:\/\/regiontatry.sk\/ro\/wp-json\/wp\/v2\/types\/page"}],"author":[{"embeddable":true,"href":"https:\/\/regiontatry.sk\/ro\/wp-json\/wp\/v2\/users\/2"}],"replies":[{"embeddable":true,"href":"https:\/\/regiontatry.sk\/ro\/wp-json\/wp\/v2\/comments?post=8094428"}],"version-history":[{"count":7,"href":"https:\/\/regiontatry.sk\/ro\/wp-json\/wp\/v2\/pages\/8094428\/revisions"}],"predecessor-version":[{"id":9969838,"href":"https:\/\/regiontatry.sk\/ro\/wp-json\/wp\/v2\/pages\/8094428\/revisions\/9969838"}],"up":[{"embeddable":true,"href":"https:\/\/regiontatry.sk\/ro\/wp-json\/wp\/v2\/pages\/9096717"}],"wp:featuredmedia":[{"embeddable":true,"href":"https:\/\/regiontatry.sk\/ro\/wp-json\/wp\/v2\/media\/8094429"}],"wp:attachment":[{"href":"https:\/\/regiontatry.sk\/ro\/wp-json\/wp\/v2\/media?parent=8094428"}],"curies":[{"name":"wp","href":"https:\/\/api.w.org\/{rel}","templated":true}]}}