{"id":8094432,"date":"2018-09-03T13:45:42","date_gmt":"2018-09-03T11:45:42","guid":{"rendered":"https:\/\/regiontatry.sk\/doprava\/"},"modified":"2025-10-11T20:35:25","modified_gmt":"2025-10-11T18:35:25","slug":"cum-puteti-ajunge-in-muntii-tatra","status":"publish","type":"page","link":"https:\/\/regiontatry.sk\/ro\/informatii-turistice\/cum-puteti-ajunge-in-muntii-tatra\/","title":{"rendered":"CUM PUTE\u021aI AJUNGE \u00ceN MUN\u021aII TATRA"},"content":{"rendered":"\n<h2 class=\"wp-block-heading\">CU AVIONUL  <\/h2>\n\n\n<div class=\"wp-block-image is-resized\">\n<figure class=\"alignright size-full\"><img loading=\"lazy\" decoding=\"async\" width=\"676\" height=\"451\" src=\"https:\/\/regiontatry.sk\/wp-content\/uploads\/2024\/10\/letisko-676x451-1.jpg\" alt=\"\" class=\"wp-image-9948240\" style=\"width:385px;height:auto\" srcset=\"https:\/\/regiontatry.sk\/wp-content\/uploads\/2024\/10\/letisko-676x451-1.jpg 676w, https:\/\/regiontatry.sk\/wp-content\/uploads\/2024\/10\/letisko-676x451-1-300x200.jpg 300w, https:\/\/regiontatry.sk\/wp-content\/uploads\/2024\/10\/letisko-676x451-1-552x368.jpg 552w\" sizes=\"(max-width: 676px) 100vw, 676px\" \/><\/figure><\/div>\n\n\n<p><strong><a href=\"http:\/\/www.airport-poprad.sk\/\" target=\"_blank\" rel=\"noreferrer noopener\">Aeroportul Poprad &#8211; Tatry<\/a> <\/strong>are un caracter interna\u021bional. Datorit\u0103 loca\u021biei sale geografice, permite conexiuni convenabile \u0219i rapide din \u021b\u0103rile \u00eenvecinate.<\/p>\n\n\n\n<p>Aeroportul Poprad &#8211; Tatry este un loc ideal pentru to\u021bi cei care doresc s\u0103 descopere frumuse\u021bea \u00eenal\u021bilor Tatra \u0219i a regiunii \u00eenconjur\u0103toare. Este situat la doar 12 kilometri de cele mai renumite centre turistice, datorit\u0103 c\u0103rora ofer\u0103 acces rapid \u0219i convenabil la \u00eenaltele Tatra.<\/p>\n\n\n\n<p><strong>Liniile regulate:<\/strong><\/p>\n\n\n\n<ul class=\"wp-block-list\">\n<li><strong>Londra (Luton),<\/strong> Marea Britanie de 2 ori pe s\u0103pt\u0103m\u00e2n\u0103 (joi \u0219i duminic\u0103) oferit de compania aerian\u0103 <a href=\"https:\/\/wizzair.com\/en-gb\">Wizzair.<\/a><\/li>\n\n\n\n<li><strong>Gdansk (Polonia), nou\u0103 companie aerian\u0103 opera\u021bional\u0103 din 25 decembrie 2025 p\u00e2n\u0103 \u00een 31 martie 2026,<\/strong> zbor de 2 ori pe s\u0103pt\u0103m\u00e2n\u0103 (joi \u0219i duminic\u0103) asigurat de <a href=\"https:\/\/wizzair.com\/en-gb\">Wizzair.<\/a><\/li>\n<\/ul>\n\n\n\n<p>Pe l\u00e2ng\u0103 acest aeroport interna\u021bional, mai sunt aeroporturi \u00een Ko\u0161ice (116 km) \u0219i Cracovia (Polonia, 160 km), Bratislava (314 km), Praga (567 km) \u00een apropiere de High Tatra.<\/p>\n\n\n\n<figure class=\"wp-block-gallery has-nested-images columns-default is-cropped wp-block-gallery-2 is-layout-flex wp-block-gallery-is-layout-flex\">\n<figure class=\"wp-block-image size-large\"><img loading=\"lazy\" decoding=\"async\" width=\"1024\" height=\"473\" data-id=\"9224644\" src=\"https:\/\/regiontatry.sk\/wp-content\/uploads\/2023\/08\/letisko-poprad-tatry-1024x473.jpg\" alt=\"\" class=\"wp-image-9224644\" srcset=\"https:\/\/regiontatry.sk\/wp-content\/uploads\/2023\/08\/letisko-poprad-tatry-1024x473.jpg 1024w, https:\/\/regiontatry.sk\/wp-content\/uploads\/2023\/08\/letisko-poprad-tatry-300x139.jpg 300w, https:\/\/regiontatry.sk\/wp-content\/uploads\/2023\/08\/letisko-poprad-tatry-768x355.jpg 768w, https:\/\/regiontatry.sk\/wp-content\/uploads\/2023\/08\/letisko-poprad-tatry-1920x887.jpg 1920w, https:\/\/regiontatry.sk\/wp-content\/uploads\/2023\/08\/letisko-poprad-tatry-1705x788.jpg 1705w, https:\/\/regiontatry.sk\/wp-content\/uploads\/2023\/08\/letisko-poprad-tatry-698x322.jpg 698w, https:\/\/regiontatry.sk\/wp-content\/uploads\/2023\/08\/letisko-poprad-tatry-552x255.jpg 552w\" sizes=\"(max-width: 1024px) 100vw, 1024px\" \/><\/figure>\n\n\n\n<figure class=\"wp-block-image size-large\"><img loading=\"lazy\" decoding=\"async\" width=\"1024\" height=\"576\" data-id=\"9948272\" src=\"https:\/\/regiontatry.sk\/wp-content\/uploads\/2024\/10\/P4200170-1024x576.jpg\" alt=\"\" class=\"wp-image-9948272\" srcset=\"https:\/\/regiontatry.sk\/wp-content\/uploads\/2024\/10\/P4200170-1024x576.jpg 1024w, https:\/\/regiontatry.sk\/wp-content\/uploads\/2024\/10\/P4200170-300x169.jpg 300w, https:\/\/regiontatry.sk\/wp-content\/uploads\/2024\/10\/P4200170-768x432.jpg 768w, https:\/\/regiontatry.sk\/wp-content\/uploads\/2024\/10\/P4200170-1536x864.jpg 1536w, https:\/\/regiontatry.sk\/wp-content\/uploads\/2024\/10\/P4200170-2048x1152.jpg 2048w, https:\/\/regiontatry.sk\/wp-content\/uploads\/2024\/10\/P4200170-1920x1080.jpg 1920w, https:\/\/regiontatry.sk\/wp-content\/uploads\/2024\/10\/P4200170-1705x959.jpg 1705w, https:\/\/regiontatry.sk\/wp-content\/uploads\/2024\/10\/P4200170-860x484.jpg 860w, https:\/\/regiontatry.sk\/wp-content\/uploads\/2024\/10\/P4200170-698x393.jpg 698w, https:\/\/regiontatry.sk\/wp-content\/uploads\/2024\/10\/P4200170-552x310.jpg 552w\" sizes=\"(max-width: 1024px) 100vw, 1024px\" \/><\/figure>\n<\/figure>\n\n\n<div class=\"wp-block-image\">\n<figure class=\"aligncenter size-full\"><img loading=\"lazy\" decoding=\"async\" width=\"2560\" height=\"1440\" src=\"https:\/\/regiontatry.sk\/wp-content\/uploads\/2025\/07\/Mapa-leteckych-prepojeni_1920x1080-scaled.jpg\" alt=\"\" class=\"wp-image-10384911\" srcset=\"https:\/\/regiontatry.sk\/wp-content\/uploads\/2025\/07\/Mapa-leteckych-prepojeni_1920x1080-scaled.jpg 2560w, https:\/\/regiontatry.sk\/wp-content\/uploads\/2025\/07\/Mapa-leteckych-prepojeni_1920x1080-300x169.jpg 300w, https:\/\/regiontatry.sk\/wp-content\/uploads\/2025\/07\/Mapa-leteckych-prepojeni_1920x1080-1024x576.jpg 1024w, https:\/\/regiontatry.sk\/wp-content\/uploads\/2025\/07\/Mapa-leteckych-prepojeni_1920x1080-768x432.jpg 768w, https:\/\/regiontatry.sk\/wp-content\/uploads\/2025\/07\/Mapa-leteckych-prepojeni_1920x1080-1536x864.jpg 1536w, https:\/\/regiontatry.sk\/wp-content\/uploads\/2025\/07\/Mapa-leteckych-prepojeni_1920x1080-2048x1152.jpg 2048w, https:\/\/regiontatry.sk\/wp-content\/uploads\/2025\/07\/Mapa-leteckych-prepojeni_1920x1080-1920x1080.jpg 1920w, https:\/\/regiontatry.sk\/wp-content\/uploads\/2025\/07\/Mapa-leteckych-prepojeni_1920x1080-1705x959.jpg 1705w, https:\/\/regiontatry.sk\/wp-content\/uploads\/2025\/07\/Mapa-leteckych-prepojeni_1920x1080-860x484.jpg 860w, https:\/\/regiontatry.sk\/wp-content\/uploads\/2025\/07\/Mapa-leteckych-prepojeni_1920x1080-698x393.jpg 698w, https:\/\/regiontatry.sk\/wp-content\/uploads\/2025\/07\/Mapa-leteckych-prepojeni_1920x1080-552x310.jpg 552w\" sizes=\"(max-width: 2560px) 100vw, 2560px\" \/><\/figure><\/div>\n\n\n<h1 class=\"wp-block-heading\"><br>CU TRENUL<\/h1>\n\n\n\n<p>Pute\u021bi ajunge cu u\u0219urin\u021b\u0103 \u00een regiunea High Tatra cu trenul. Nodul principal de cale ferat\u0103 este ora\u0219ul Poprad, unde exist\u0103 leg\u0103turi frecvente de tren din Bratislava, Ko\u0161ice \u0219i leg\u0103turi interna\u021bionale din Praga. Pute\u021bi folosi \u0219i trenul auto, astfel \u00eenc\u00e2t s\u0103 pute\u021bi c\u0103l\u0103tori confortabil \u0219i f\u0103r\u0103 griji \u00een Tatra. Din Poprad pute\u021bi lua trenuri de pasageri sau autobuze c\u0103tre zonele turistice individuale ale Mun\u021bilor Tatra \u00cenalte.<\/p>\n\n\n\n<h2 class=\"wp-block-heading\">Leo Express<\/h2>\n\n\n\n<p>Vizita\u021bi Mun\u021bii Tatra la bordul trenurilor Leo Express! Trenurile cu podea joas\u0103 \u0219i aer condi\u021bionat sunt ideale pentru familiile cu copii \u0219i grupurile de prieteni. <\/p>\n\n\n\n<figure class=\"wp-block-gallery alignright has-nested-images columns-default wp-block-gallery-3 is-layout-flex wp-block-gallery-is-layout-flex\">\n<figure class=\"wp-block-image\"><img loading=\"lazy\" decoding=\"async\" width=\"1024\" height=\"480\" data-id=\"4768935\" src=\"https:\/\/regiontatry.sk\/wp-content\/uploads\/2020\/06\/LE_Tatry_crop-1024x480.jpg\" alt=\"\" class=\"wp-image-4768935\" srcset=\"https:\/\/regiontatry.sk\/wp-content\/uploads\/2020\/06\/LE_Tatry_crop-1024x480.jpg 1024w, https:\/\/regiontatry.sk\/wp-content\/uploads\/2020\/06\/LE_Tatry_crop-300x141.jpg 300w, https:\/\/regiontatry.sk\/wp-content\/uploads\/2020\/06\/LE_Tatry_crop-768x360.jpg 768w, https:\/\/regiontatry.sk\/wp-content\/uploads\/2020\/06\/LE_Tatry_crop-1920x899.jpg 1920w, https:\/\/regiontatry.sk\/wp-content\/uploads\/2020\/06\/LE_Tatry_crop-1705x799.jpg 1705w, https:\/\/regiontatry.sk\/wp-content\/uploads\/2020\/06\/LE_Tatry_crop-698x327.jpg 698w, https:\/\/regiontatry.sk\/wp-content\/uploads\/2020\/06\/LE_Tatry_crop-552x259.jpg 552w\" sizes=\"(max-width: 1024px) 100vw, 1024px\" \/><\/figure>\n<\/figure>\n\n\n\n<p>\u00censcrie\u021bi-v\u0103 \u00een programul de loialitate <strong>SMILE CLUB<\/strong> \u0219i ob\u021bine\u021bi cele mai bune pre\u021buri la bilete \u0219i cashback de fiecare dat\u0103 c\u00e2nd c\u0103l\u0103tori\u021bi. Mai multe pe&nbsp;<a rel=\"noreferrer noopener\" href=\"http:\/\/www.leoexpress.sk\/\" target=\"_blank\">www.leoexpress.sk<\/a><\/p>\n\n\n\n<p>Pute\u021bi c\u0103l\u0103tori \u00een clasa Economy sau \u00een clasele superioare Economy Plus \u0219i Business, cu scaune din piele \u0219i cu b\u0103uturi r\u0103coritoare selectate gratis. La bordul trenului vi se vor oferi gust\u0103ri \u0219i deserturi delicioase \u0219i cafea proasp\u0103t m\u0103cinat\u0103. Apoi, \u00een clasa Premium de lux, pute\u021bi comanda un pr\u00e2nz sau o cin\u0103 delicioas\u0103 \u0219i v\u0103 pute\u021bi relaxa pe scaune confortabile care se pot \u00eenclina p\u00e2n\u0103 la pozi\u021bia de dormit. Pentru c\u0103l\u0103toriile de noapte, v\u0103 oferim, de asemenea, un set de dormit.<\/p>\n\n\n<div class=\"wp-block-image\">\n<figure class=\"alignright size-full is-resized\"><img loading=\"lazy\" decoding=\"async\" width=\"1024\" height=\"626\" src=\"https:\/\/regiontatry.sk\/wp-content\/uploads\/2024\/10\/image-3.png\" alt=\"\" class=\"wp-image-9948401\" style=\"width:423px;height:auto\" srcset=\"https:\/\/regiontatry.sk\/wp-content\/uploads\/2024\/10\/image-3.png 1024w, https:\/\/regiontatry.sk\/wp-content\/uploads\/2024\/10\/image-3-300x183.png 300w, https:\/\/regiontatry.sk\/wp-content\/uploads\/2024\/10\/image-3-768x470.png 768w, https:\/\/regiontatry.sk\/wp-content\/uploads\/2024\/10\/image-3-860x526.png 860w, https:\/\/regiontatry.sk\/wp-content\/uploads\/2024\/10\/image-3-698x427.png 698w, https:\/\/regiontatry.sk\/wp-content\/uploads\/2024\/10\/image-3-552x337.png 552w\" sizes=\"(max-width: 1024px) 100vw, 1024px\" \/><\/figure><\/div>\n\n\n<h2 class=\"wp-block-heading\"><br><em>Regiojet<\/em><\/h2>\n\n\n\n<p>\u00cen drum spre Poprad, pute\u021bi folosi, de asemenea, linia de tren a companiei private Regiojet, care opereaz\u0103 o linie pe ruta <strong>Praga-Ostrava-\u017dilina-Ko\u0161ice<\/strong>. V\u0103 pute\u021bi a\u0219tepta la pre\u021buri \u0219i servicii excelente. Mai multe pe&nbsp;<a href=\"http:\/\/www.regiojet.sk\/\" target=\"_blank\" rel=\"noreferrer noopener\">www.regiojet.sk<\/a>.<br><\/p>\n\n\n\n<h2 class=\"wp-block-heading\"><br><br><em>Pendolino<\/em><\/h2>\n\n\n<div class=\"wp-block-image\">\n<figure class=\"alignright size-full is-resized\"><img loading=\"lazy\" decoding=\"async\" width=\"1024\" height=\"576\" src=\"https:\/\/regiontatry.sk\/wp-content\/uploads\/2024\/10\/image-2.png\" alt=\"\" class=\"wp-image-9948331\" style=\"width:424px;height:auto\" srcset=\"https:\/\/regiontatry.sk\/wp-content\/uploads\/2024\/10\/image-2.png 1024w, https:\/\/regiontatry.sk\/wp-content\/uploads\/2024\/10\/image-2-300x169.png 300w, https:\/\/regiontatry.sk\/wp-content\/uploads\/2024\/10\/image-2-768x432.png 768w, https:\/\/regiontatry.sk\/wp-content\/uploads\/2024\/10\/image-2-860x484.png 860w, https:\/\/regiontatry.sk\/wp-content\/uploads\/2024\/10\/image-2-698x393.png 698w, https:\/\/regiontatry.sk\/wp-content\/uploads\/2024\/10\/image-2-552x311.png 552w\" sizes=\"(max-width: 1024px) 100vw, 1024px\" \/><\/figure><\/div>\n\n\n<p>Tren pe ruta Ko\u0161ice \u2013 \u017dilina \u2013 Praga hl. n. func\u021bioneaz\u0103 la intervale regulate o dat\u0103 pe zi pe parcursul s\u0103pt\u0103m\u00e2nii, precum \u0219i \u00een sens invers.<\/p>\n\n\n\n<p>Biletele pot fi achizi\u021bionate online cu cel pu\u021bin 24 de ore \u00eenainte de plecarea trenului din gara de est, iar mai t\u00e2rziu pute\u021bi cump\u0103ra un bilet doar de la<a rel=\"noreferrer noopener\" href=\"https:\/\/www.zssk.sk\/otvaracie-hodiny-pokladnic\/zoznam-pokladnic-s-kvc\/\" target=\"_blank\"> casele de bilete ZSSK cu sistemul de gestionare complet\u0103 a pasagerilor (KVC).<\/a><\/p>\n\n\n\n<h1 class=\"wp-block-heading\"><br>CU AUTOBUZUL<\/h1>\n\n\n\n<figure class=\"wp-block-gallery alignright has-nested-images columns-default is-cropped wp-block-gallery-4 is-layout-flex wp-block-gallery-is-layout-flex\">\n<figure class=\"wp-block-image size-large\"><img loading=\"lazy\" decoding=\"async\" width=\"600\" height=\"300\" data-id=\"8691753\" src=\"https:\/\/regiontatry.sk\/wp-content\/uploads\/2022\/12\/flix-bus_11zon.jpg\" alt=\"\" class=\"wp-image-8691753\" srcset=\"https:\/\/regiontatry.sk\/wp-content\/uploads\/2022\/12\/flix-bus_11zon.jpg 600w, https:\/\/regiontatry.sk\/wp-content\/uploads\/2022\/12\/flix-bus_11zon-300x150.jpg 300w, https:\/\/regiontatry.sk\/wp-content\/uploads\/2022\/12\/flix-bus_11zon-552x276.jpg 552w\" sizes=\"(max-width: 600px) 100vw, 600px\" \/><\/figure>\n<\/figure>\n\n\n\n<p>Pute\u021bi ajunge confortabil \u00een Mun\u021bii Tatra \u0219i cu autobuzul. Cea mai mare re\u021bea de autobuze pe distan\u021be lungi din Europa, <a href=\"https:\/\/www.flixbus.sk\/autobusy\/poprad?wt_eid=2151903115382732161&amp;wt_t=1519031877597&amp;_ga=2.62401199.2080897590.1519031154-61553605.1519031154\" target=\"_blank\" rel=\"noreferrer noopener\">FLIXBUS<\/a> v\u0103 va asigura o c\u0103l\u0103torie confortabil\u0103.<\/p>\n\n\n\n<ul class=\"wp-block-list\">\n<li><strong>POPRAD -&gt; CRACOVIA<\/strong><br>Pute\u021bi folosi conexiuni regulate de autobuz pe rutele <strong>POPRAD \u2013 STAR\u00dd SMOKOVEC \u2013 TATRANSK\u00c1 LOMNICA \u2013 BIA\u0141KA TATRZA\u0143SK \u2013 NOWY TARG \u2013 KRAK\u00d3W,<\/strong> <a href=\"https:\/\/www.flixbus.sk\/?_sp=bf948b8c-07c0-4835-b808-2ee7e850b05f.1669924045360&amp;atb_pdid=b77348f9-5d7e-4c09-9627-e07b8aca7c37&amp;_ga=2.187330856.1211711077.1669922600-1923689169.1669922600&amp;_gac=1.3344132.1669923513.EAIaIQobChMIjLrUy5XZ-wIVl9-yCh3nZA6MEAAYASAAEgL1hvD_BwE\" target=\"_blank\" rel=\"noreferrer noopener\">reg\u0103se\u0219te-te!<\/a><\/li>\n\n\n\n<li><strong>POPRAD -&gt; BUDAPEST<\/strong><\/li>\n<\/ul>\n\n\n\n\n\n<h1 class=\"wp-block-heading\"><br>CU MA\u0218INA <\/h1>\n\n\n\n<p>Regiunea Mun\u021bii Tatra\neste u\u0219or \u0219i rapid accesibil\u0103 \u0219i cu ma\u0219ina. Autostrada A leag\u0103 capitala\nRepublicii Slovace, Bratislava, de ora\u0219ul Poprad, prin Tren\u010d\u00edn \u0219i \u017dilina, p\u00e2n\u0103\nla Ko\u0161ice. \u00cen alte p\u0103r\u021bi ale Slovaciei se afl\u0103 autostr\u0103zi \u0219i drumuri de clasa 1\n\u0219i 2.<\/p>\n\n\n\n<p><strong>Cu ma\u0219ina, pute\u021bi ajunge din Bucure\u0219ti \u00een Mun\u021bii Tatra \u00cenalte \u00een 10 ore<\/strong><\/p>\n\n\n\n<p><strong><u><a href=\"https:\/\/www.ndsas.sk\/en\" target=\"_blank\" rel=\"noreferrer noopener\">Pe autostrad\u0103 sunt valabile <\/a><\/u><\/strong>viniete pentru autostr\u0103zi \u0219i pot fi achizi\u021bionate de la punctele de trecere a frontierei, de la anumite benzin\u0103rii, de la anumite oficii po\u0219tale \u0219i de la alte puncte de v\u00e2nzare. Toate punctele de v\u00e2nzare sunt marcate \u00een mod corespunz\u0103tor.<\/p>\n\n\n\n<p>Pe autostr\u0103zi \u0219i pe drumurile de prim\u0103\nclas\u0103 sunt amplasate panouri de informare \u0219i indicatoare care semnalizeaz\u0103 cele\nmai importante monumente \u0219i situri istorice \u0219i artistice. De-a lungul drumurilor\neste construit\u0103 o re\u021bea de benzin\u0103rii cu zone de odihn\u0103 \u0219i restaurante.<\/p>\n\n\n\n<p>Drumurile sunt circulabile pe tot parcursul anului. \u00cen timpul\niernii se asigur\u0103 cur\u0103\u021barea z\u0103pezii \u0219i \u00eempr\u0103\u0219tierea pietri\u0219ului. <strong>\u00cen cazul \u00een care pe drum exist\u0103 un strat\ncontinuu de z\u0103pad\u0103, ghea\u021b\u0103 sau \u00eenghe\u021b, vehiculele (p\u00e2n\u0103 la 3,5 tone) trebuie s\u0103\npoarte anvelope de iarn\u0103 pe toate osiile.<\/strong><\/p>\n","protected":false},"excerpt":{"rendered":"<p>CU AVIONUL Aeroportul Poprad &#8211; Tatry are un caracter interna\u021bional. Datorit\u0103 loca\u021biei sale geografice, permite conexiuni convenabile \u0219i rapide din \u021b\u0103rile \u00eenvecinate. Aeroportul Poprad &#8211; Tatry este un loc ideal pentru to\u021bi cei care doresc s\u0103 descopere frumuse\u021bea \u00eenal\u021bilor Tatra \u0219i a regiunii \u00eenconjur\u0103toare. Este situat la doar 12 kilometri de cele mai renumite centre [&hellip;]<\/p>\n","protected":false},"author":1,"featured_media":8094434,"parent":9096717,"menu_order":0,"comment_status":"closed","ping_status":"closed","template":"template-simple-page.php","meta":{"footnotes":""},"class_list":["post-8094432","page","type-page","status-publish","has-post-thumbnail","hentry"],"_links":{"self":[{"href":"https:\/\/regiontatry.sk\/ro\/wp-json\/wp\/v2\/pages\/8094432"}],"collection":[{"href":"https:\/\/regiontatry.sk\/ro\/wp-json\/wp\/v2\/pages"}],"about":[{"href":"https:\/\/regiontatry.sk\/ro\/wp-json\/wp\/v2\/types\/page"}],"author":[{"embeddable":true,"href":"https:\/\/regiontatry.sk\/ro\/wp-json\/wp\/v2\/users\/1"}],"replies":[{"embeddable":true,"href":"https:\/\/regiontatry.sk\/ro\/wp-json\/wp\/v2\/comments?post=8094432"}],"version-history":[{"count":18,"href":"https:\/\/regiontatry.sk\/ro\/wp-json\/wp\/v2\/pages\/8094432\/revisions"}],"predecessor-version":[{"id":11145915,"href":"https:\/\/regiontatry.sk\/ro\/wp-json\/wp\/v2\/pages\/8094432\/revisions\/11145915"}],"up":[{"embeddable":true,"href":"https:\/\/regiontatry.sk\/ro\/wp-json\/wp\/v2\/pages\/9096717"}],"wp:featuredmedia":[{"embeddable":true,"href":"https:\/\/regiontatry.sk\/ro\/wp-json\/wp\/v2\/media\/8094434"}],"wp:attachment":[{"href":"https:\/\/regiontatry.sk\/ro\/wp-json\/wp\/v2\/media?parent=8094432"}],"curies":[{"name":"wp","href":"https:\/\/api.w.org\/{rel}","templated":true}]}}