{"id":8094449,"date":"2018-09-07T11:27:30","date_gmt":"2018-09-07T09:27:30","guid":{"rendered":"https:\/\/regiontatry.sk\/doprava-v-regione\/"},"modified":"2024-11-06T21:49:06","modified_gmt":"2024-11-06T20:49:06","slug":"transport-in-muntii-tatra","status":"publish","type":"page","link":"https:\/\/regiontatry.sk\/ro\/informatii-turistice\/transport-in-muntii-tatra\/","title":{"rendered":"TRANSPORT \u00ceN MUN\u021aII TATRA"},"content":{"rendered":"\n<p>Transportul local este dezvoltat \u00een regiune prin intermediul trenurilor \u0219i autobuzelor ecologice. Pentru a ajunge \u00een sta\u021biunile montane, se poate folosi calea ferat\u0103 electric\u0103 (TE\u017d) sau un autobuz de la Poprad sau trenul cu cremalier\u0103 de la Tatransk\u00e1 \u0160trba, unde se afl\u0103 \u0219i o sta\u021bie pentru trenurile rapide.<\/p>\n\n\n\n<p>Transportul \u00een Mun\u021bii Tatra este asigurat de dou\u0103 sisteme de transport &#8211; <strong>Calea ferat\u0103 electric\u0103 Tatra (TE\u017d)<\/strong> \u0219i <strong>Calea ferat\u0103 cu cremalier\u0103<\/strong> (O\u017d), care leag\u0103 principalele centre turistice din Mun\u021bii Tatra.<\/p>\n\n\n\n<h3 class=\"wp-block-heading\"><br>Calea ferat\u0103 electric\u0103 Tatra (TE\u017d)<\/h3>\n\n\n\n<p>Calea ferat\u0103 electric\u0103 Tatra (TE\u017d) din Mun\u021bii Tatra Mare asigur\u0103 transport pe liniile Poprad-Tatra \u2013 Star\u00fd Smokovec \u2013 \u0160trbsk\u00e9 Pleso \u0219i Star\u00fd Smokovec \u2013 Tatransk\u00e1 Lomnica. Din februarie 2022, noi tramvaie hibride &#8211; ro\u021bi din\u021bate vor circula pe aceste linii \u00een acela\u0219i timp, dar vor circula \u00een principal pe tronsonul \u0160trba &#8211; \u0160trbsk\u00e9 Pleso.<\/p>\n\n\n\n<h3 class=\"wp-block-heading\"><br><strong>Calea ferat\u0103 cu cremalier\u0103 (O\u017d) \u2013 \u201eZuba\u010dka\u201c <\/strong><\/h3>\n\n\n\n<p>Transport\u0103 pasagerii \u00eentre gara \u0160trba \u0219i este un important punct de plecare turistic spre Mun\u021bii Tatra. Este o cale ferat\u0103 \u00een care transmiterea for\u021bei de trac\u021biune este asigurat\u0103 de o roat\u0103 din\u021bat\u0103 care se angreneaz\u0103 \u00eentr-o creast\u0103 din\u021bat\u0103 \u00een axa \u0219inei. Cale ferat\u0103 cu cremalier\u0103 a fost reconstruit\u0103 \u00een 2019-2022, iar vechile c\u0103i ferate cu cremalier\u0103 au fost \u00eenlocuite, dup\u0103 50 de ani, cu noi c\u0103i ferate hibride tramvai-cremalier\u0103 (Bradavica, Vysok\u00e1, Stredohrot, Kostol\u00edk, Ganek), care, pe l\u00e2ng\u0103 calea ferat\u0103 cu cremalier\u0103, pot circula \u0219i pe linia c\u0103ii ferate electrice.<\/p>\n\n\n\n<figure class=\"wp-block-gallery has-nested-images columns-default is-cropped wp-block-gallery-2 is-layout-flex wp-block-gallery-is-layout-flex\">\n<figure class=\"wp-block-image size-large\"><img loading=\"lazy\" decoding=\"async\" width=\"1024\" height=\"640\" data-id=\"7908848\" src=\"https:\/\/regiontatry.sk\/wp-content\/uploads\/2022\/04\/Strbske-pleso-elektricka-1024x640.jpg\" alt=\"\" class=\"wp-image-7908848\" srcset=\"https:\/\/regiontatry.sk\/wp-content\/uploads\/2022\/04\/Strbske-pleso-elektricka-1024x640.jpg 1024w, https:\/\/regiontatry.sk\/wp-content\/uploads\/2022\/04\/Strbske-pleso-elektricka-300x188.jpg 300w, https:\/\/regiontatry.sk\/wp-content\/uploads\/2022\/04\/Strbske-pleso-elektricka-768x480.jpg 768w, https:\/\/regiontatry.sk\/wp-content\/uploads\/2022\/04\/Strbske-pleso-elektricka.jpg 1920w, https:\/\/regiontatry.sk\/wp-content\/uploads\/2022\/04\/Strbske-pleso-elektricka-1705x1066.jpg 1705w, https:\/\/regiontatry.sk\/wp-content\/uploads\/2022\/04\/Strbske-pleso-elektricka-698x436.jpg 698w, https:\/\/regiontatry.sk\/wp-content\/uploads\/2022\/04\/Strbske-pleso-elektricka-552x345.jpg 552w\" sizes=\"(max-width: 1024px) 100vw, 1024px\" \/><\/figure>\n\n\n\n<figure class=\"wp-block-image size-large\"><img loading=\"lazy\" decoding=\"async\" width=\"1024\" height=\"768\" data-id=\"8094451\" src=\"https:\/\/regiontatry.sk\/wp-content\/uploads\/2020\/09\/IMG_20200614_132855-1024x768.jpg\" alt=\"\" class=\"wp-image-8094451\" srcset=\"https:\/\/regiontatry.sk\/wp-content\/uploads\/2020\/09\/IMG_20200614_132855-1024x768.jpg 1024w, https:\/\/regiontatry.sk\/wp-content\/uploads\/2020\/09\/IMG_20200614_132855-300x225.jpg 300w, https:\/\/regiontatry.sk\/wp-content\/uploads\/2020\/09\/IMG_20200614_132855-768x576.jpg 768w, https:\/\/regiontatry.sk\/wp-content\/uploads\/2020\/09\/IMG_20200614_132855-scaled-1536x1152.jpg 1536w, https:\/\/regiontatry.sk\/wp-content\/uploads\/2020\/09\/IMG_20200614_132855-scaled-2048x1536.jpg 2048w, https:\/\/regiontatry.sk\/wp-content\/uploads\/2020\/09\/IMG_20200614_132855-1920x1440.jpg 1920w, https:\/\/regiontatry.sk\/wp-content\/uploads\/2020\/09\/IMG_20200614_132855-1705x1279.jpg 1705w, https:\/\/regiontatry.sk\/wp-content\/uploads\/2020\/09\/IMG_20200614_132855-scaled-860x645.jpg 860w, https:\/\/regiontatry.sk\/wp-content\/uploads\/2020\/09\/IMG_20200614_132855-698x524.jpg 698w, https:\/\/regiontatry.sk\/wp-content\/uploads\/2020\/09\/IMG_20200614_132855-552x414.jpg 552w\" sizes=\"(max-width: 1024px) 100vw, 1024px\" \/><\/figure>\n<\/figure>\n\n\n\n<figure class=\"wp-block-image is-resized\"><img loading=\"lazy\" decoding=\"async\" width=\"1024\" height=\"1024\" src=\"https:\/\/regiontatry.sk\/wp-content\/uploads\/2022\/03\/Mapa-TEZ_200x210_s-tabulkou_dec2021-1024x1024.png\" alt=\"\" class=\"wp-image-7877812\" style=\"width:779px;height:auto\" srcset=\"https:\/\/regiontatry.sk\/wp-content\/uploads\/2022\/03\/Mapa-TEZ_200x210_s-tabulkou_dec2021-1024x1024.png 1024w, https:\/\/regiontatry.sk\/wp-content\/uploads\/2022\/03\/Mapa-TEZ_200x210_s-tabulkou_dec2021-150x150.png 150w, https:\/\/regiontatry.sk\/wp-content\/uploads\/2022\/03\/Mapa-TEZ_200x210_s-tabulkou_dec2021-300x300.png 300w, https:\/\/regiontatry.sk\/wp-content\/uploads\/2022\/03\/Mapa-TEZ_200x210_s-tabulkou_dec2021-768x768.png 768w, https:\/\/regiontatry.sk\/wp-content\/uploads\/2022\/03\/Mapa-TEZ_200x210_s-tabulkou_dec2021-1920x1920.png 1920w, https:\/\/regiontatry.sk\/wp-content\/uploads\/2022\/03\/Mapa-TEZ_200x210_s-tabulkou_dec2021-1705x1705.png 1705w, https:\/\/regiontatry.sk\/wp-content\/uploads\/2022\/03\/Mapa-TEZ_200x210_s-tabulkou_dec2021-698x698.png 698w, https:\/\/regiontatry.sk\/wp-content\/uploads\/2022\/03\/Mapa-TEZ_200x210_s-tabulkou_dec2021-552x552.png 552w\" sizes=\"(max-width: 1024px) 100vw, 1024px\" \/><\/figure>\n\n\n\n<p>Mai multe informatii:<a rel=\"noreferrer noopener\" href=\"http:\/\/www.slovakrail.sk\/\" target=\"_blank\"><strong>  www.slovakrail.sk<\/strong><\/a><br><\/p>\n\n\n\n<h3 class=\"wp-block-heading\"><br>Plimb\u0103ri cu tramvaiele istorice \u00een High Tatra<\/h3>\n\n\n\n<p>Plimbarea cu tramvaiele istorice sub v\u00e2rfurile \u00eenal\u021bilor Tatra este o experien\u021b\u0103 excep\u021bional\u0103. \u00cen timpul sezonului de var\u0103 \u0219i iarn\u0103, dou\u0103 tramvaie istorice &#8211; Kom\u00e9ta din 1913 \u0219i Troj\u010da din 1969 &#8211; opereaz\u0103 pe liniile TE\u017d \u00een zilele stabilite.<\/p>\n\n\n\n<figure class=\"wp-block-gallery has-nested-images columns-default is-cropped wp-block-gallery-3 is-layout-flex wp-block-gallery-is-layout-flex\">\n<figure class=\"wp-block-image size-large\"><img loading=\"lazy\" decoding=\"async\" width=\"1024\" height=\"604\" data-id=\"9062825\" src=\"https:\/\/regiontatry.sk\/wp-content\/uploads\/2023\/06\/kometa-2023-1024x604.jpg\" alt=\"\" class=\"wp-image-9062825\" srcset=\"https:\/\/regiontatry.sk\/wp-content\/uploads\/2023\/06\/kometa-2023-1024x604.jpg 1024w, https:\/\/regiontatry.sk\/wp-content\/uploads\/2023\/06\/kometa-2023-300x177.jpg 300w, https:\/\/regiontatry.sk\/wp-content\/uploads\/2023\/06\/kometa-2023-768x453.jpg 768w, https:\/\/regiontatry.sk\/wp-content\/uploads\/2023\/06\/kometa-2023-698x412.jpg 698w, https:\/\/regiontatry.sk\/wp-content\/uploads\/2023\/06\/kometa-2023-552x326.jpg 552w, https:\/\/regiontatry.sk\/wp-content\/uploads\/2023\/06\/kometa-2023.jpg 1200w\" sizes=\"(max-width: 1024px) 100vw, 1024px\" \/><\/figure>\n\n\n\n<figure class=\"wp-block-image size-large\"><img loading=\"lazy\" decoding=\"async\" width=\"1024\" height=\"681\" data-id=\"7908854\" src=\"https:\/\/regiontatry.sk\/wp-content\/uploads\/2022\/04\/PSX_20180922_151641-1024x681.jpg\" alt=\"\" class=\"wp-image-7908854\" srcset=\"https:\/\/regiontatry.sk\/wp-content\/uploads\/2022\/04\/PSX_20180922_151641-1024x681.jpg 1024w, https:\/\/regiontatry.sk\/wp-content\/uploads\/2022\/04\/PSX_20180922_151641-300x199.jpg 300w, https:\/\/regiontatry.sk\/wp-content\/uploads\/2022\/04\/PSX_20180922_151641-768x511.jpg 768w, https:\/\/regiontatry.sk\/wp-content\/uploads\/2022\/04\/PSX_20180922_151641-1920x1277.jpg 1920w, https:\/\/regiontatry.sk\/wp-content\/uploads\/2022\/04\/PSX_20180922_151641-1705x1134.jpg 1705w, https:\/\/regiontatry.sk\/wp-content\/uploads\/2022\/04\/PSX_20180922_151641-698x464.jpg 698w, https:\/\/regiontatry.sk\/wp-content\/uploads\/2022\/04\/PSX_20180922_151641-552x367.jpg 552w\" sizes=\"(max-width: 1024px) 100vw, 1024px\" \/><\/figure>\n\n\n\n<figure class=\"wp-block-image size-large\"><img loading=\"lazy\" decoding=\"async\" width=\"1024\" height=\"768\" data-id=\"9885744\" src=\"https:\/\/regiontatry.sk\/wp-content\/uploads\/2024\/09\/trojca-1024x768.jpg\" alt=\"\" class=\"wp-image-9885744\" srcset=\"https:\/\/regiontatry.sk\/wp-content\/uploads\/2024\/09\/trojca-1024x768.jpg 1024w, https:\/\/regiontatry.sk\/wp-content\/uploads\/2024\/09\/trojca-300x225.jpg 300w, https:\/\/regiontatry.sk\/wp-content\/uploads\/2024\/09\/trojca-768x576.jpg 768w, https:\/\/regiontatry.sk\/wp-content\/uploads\/2024\/09\/trojca-1536x1152.jpg 1536w, https:\/\/regiontatry.sk\/wp-content\/uploads\/2024\/09\/trojca-2048x1536.jpg 2048w, https:\/\/regiontatry.sk\/wp-content\/uploads\/2024\/09\/trojca-1920x1440.jpg 1920w, https:\/\/regiontatry.sk\/wp-content\/uploads\/2024\/09\/trojca-1705x1279.jpg 1705w, https:\/\/regiontatry.sk\/wp-content\/uploads\/2024\/09\/trojca-860x645.jpg 860w, https:\/\/regiontatry.sk\/wp-content\/uploads\/2024\/09\/trojca-698x524.jpg 698w, https:\/\/regiontatry.sk\/wp-content\/uploads\/2024\/09\/trojca-552x414.jpg 552w\" sizes=\"(max-width: 1024px) 100vw, 1024px\" \/><\/figure>\n<\/figure>\n\n\n\n<h3 class=\"wp-block-heading\"><br><strong>Serviciul slovac de transport cu autobuzul SAD POPRAD <\/strong><\/h3>\n\n\n<div class=\"wp-block-image\">\n<figure class=\"alignright\"><img loading=\"lazy\" decoding=\"async\" width=\"160\" height=\"100\" src=\"https:\/\/regiontatry.sk\/wp-content\/uploads\/2022\/03\/tatraexpress-transparent-160x100.png\" alt=\"\" class=\"wp-image-7877818\"\/><\/figure><\/div>\n\n\n<p class=\"has-text-align-left\">Transportul cu autobuzul \u00een regiunea de sub Mun\u021bii Tatra (Poprad, Tatry, Svit, Ke\u017emarok, Levo\u010da) este asigurat de Serviciul slovac de transport cu autobuzul (Slovensk\u00e1 autobusov\u00e1 doprava) Poprad. <\/p>\n\n\n\n<p class=\"has-text-align-left\">Parcul auto este format din aproape 180 de autobuze marcate &#8222;TATRA EXPRESS&#8221;, care asigur\u0103 transportul regulat cu autobuzul, \u00een principal \u00een transportul suburban, pentru regiunea autonom\u0103 Pre\u0161ov.<\/p>\n\n\n\n<p>Toate programele de circula\u021bie pot fi g\u0103site <a href=\"https:\/\/cp.hnonline.sk\/vlakbusmhd\/spojenie\/\" target=\"_blank\" rel=\"noreferrer noopener\" class=\"broken_link\"><strong>AICI<\/strong><\/a>!<\/p>\n\n\n\n<p><\/p>\n\n\n\n<h3 class=\"wp-block-heading\"><strong>Autobuzul Tatra Aqua-Ski &#8211; confortabil pentru aventuri<\/strong><\/h3>\n\n\n\n<p>\u00cen sezonul de iarn\u0103, transportul regional SKI &amp; AQUA BUS este preg\u0103tit pentru vizitatori \u0219i schiori, care v\u0103 va transporta confortabil \u0219i gratuit \u00een sta\u021biunile Tatransk\u00e1 Lomnica, Star\u00fd Smokovec \u0219i \u0160trbsk\u00e9 Pleso.<\/p>\n\n\n\n<figure class=\"wp-block-image\"><img loading=\"lazy\" decoding=\"async\" width=\"1024\" height=\"466\" src=\"https:\/\/regiontatry.sk\/wp-content\/uploads\/2021\/12\/Aqua_Ski_Bus_webbaner_1605x730px-1024x466.jpg\" alt=\"\" class=\"wp-image-7172262\" srcset=\"https:\/\/regiontatry.sk\/wp-content\/uploads\/2021\/12\/Aqua_Ski_Bus_webbaner_1605x730px-1024x466.jpg 1024w, https:\/\/regiontatry.sk\/wp-content\/uploads\/2021\/12\/Aqua_Ski_Bus_webbaner_1605x730px-300x136.jpg 300w, https:\/\/regiontatry.sk\/wp-content\/uploads\/2021\/12\/Aqua_Ski_Bus_webbaner_1605x730px-768x349.jpg 768w, https:\/\/regiontatry.sk\/wp-content\/uploads\/2021\/12\/Aqua_Ski_Bus_webbaner_1605x730px-698x317.jpg 698w, https:\/\/regiontatry.sk\/wp-content\/uploads\/2021\/12\/Aqua_Ski_Bus_webbaner_1605x730px-552x251.jpg 552w, https:\/\/regiontatry.sk\/wp-content\/uploads\/2021\/12\/Aqua_Ski_Bus_webbaner_1605x730px.jpg 1605w\" sizes=\"(max-width: 1024px) 100vw, 1024px\" \/><\/figure>\n\n\n\n<p><\/p>\n\n\n\n<h3 class=\"wp-block-heading\"><strong>SERVICII DE TAXI <\/strong><\/h3>\n\n\n\n<p>Dac\u0103 decide\u021bi s\u0103 utiliza\u021bi transportul individual, dar nu ave\u021bi propria ma\u0219in\u0103, apela\u021bi la un serviciu de taxi sau o companie de \u00eenchirieri auto. Bucura\u021bi-v\u0103 de confortul tuturor serviciilor oferite \u0219i deveni\u021bi st\u0103p\u00e2nul timpului dvs.<\/p>\n","protected":false},"excerpt":{"rendered":"<p>Transportul local este dezvoltat \u00een regiune prin intermediul trenurilor \u0219i autobuzelor ecologice. Pentru a ajunge \u00een sta\u021biunile montane, se poate folosi calea ferat\u0103 electric\u0103 (TE\u017d) sau un autobuz de la Poprad sau trenul cu cremalier\u0103 de la Tatransk\u00e1 \u0160trba, unde se afl\u0103 \u0219i o sta\u021bie pentru trenurile rapide. Transportul \u00een Mun\u021bii Tatra este asigurat de [&hellip;]<\/p>\n","protected":false},"author":1,"featured_media":8094451,"parent":9096717,"menu_order":0,"comment_status":"closed","ping_status":"closed","template":"template-objects.php","meta":{"footnotes":""},"class_list":["post-8094449","page","type-page","status-publish","has-post-thumbnail","hentry"],"_links":{"self":[{"href":"https:\/\/regiontatry.sk\/ro\/wp-json\/wp\/v2\/pages\/8094449"}],"collection":[{"href":"https:\/\/regiontatry.sk\/ro\/wp-json\/wp\/v2\/pages"}],"about":[{"href":"https:\/\/regiontatry.sk\/ro\/wp-json\/wp\/v2\/types\/page"}],"author":[{"embeddable":true,"href":"https:\/\/regiontatry.sk\/ro\/wp-json\/wp\/v2\/users\/1"}],"replies":[{"embeddable":true,"href":"https:\/\/regiontatry.sk\/ro\/wp-json\/wp\/v2\/comments?post=8094449"}],"version-history":[{"count":8,"href":"https:\/\/regiontatry.sk\/ro\/wp-json\/wp\/v2\/pages\/8094449\/revisions"}],"predecessor-version":[{"id":9969823,"href":"https:\/\/regiontatry.sk\/ro\/wp-json\/wp\/v2\/pages\/8094449\/revisions\/9969823"}],"up":[{"embeddable":true,"href":"https:\/\/regiontatry.sk\/ro\/wp-json\/wp\/v2\/pages\/9096717"}],"wp:featuredmedia":[{"embeddable":true,"href":"https:\/\/regiontatry.sk\/ro\/wp-json\/wp\/v2\/media\/8094451"}],"wp:attachment":[{"href":"https:\/\/regiontatry.sk\/ro\/wp-json\/wp\/v2\/media?parent=8094449"}],"curies":[{"name":"wp","href":"https:\/\/api.w.org\/{rel}","templated":true}]}}