{"id":8558408,"date":"2018-07-13T11:15:31","date_gmt":"2018-07-13T09:15:31","guid":{"rendered":"https:\/\/regiontatry.sk\/tatranska-lyzovacka\/"},"modified":"2024-11-06T22:32:34","modified_gmt":"2024-11-06T21:32:34","slug":"schi-in-muntii-tatra","status":"publish","type":"page","link":"https:\/\/regiontatry.sk\/ro\/schi\/schi-in-muntii-tatra\/","title":{"rendered":"SCHI \u00ceN MUN\u021aII TATRA"},"content":{"rendered":"\n<p>Bucura\u021bi-v\u0103 de un sejur de neuitat, plin de aventuri de iarn\u0103 \u0219i experimenta\u021bi o vacan\u021b\u0103 de vis la schi. Schia\u021bi \u00een Mun\u021bii Tatra, care ofer\u0103 <strong>24 de kilometri de p\u00e2rtii mereu \u00eengrijite <\/strong>\u0219i o garan\u021bie de z\u0103pad\u0103 timp de 5 luni pe an. \u00cen sta\u021biunile de top Tatransk\u00e1 Lomnica, \u0160trbsk\u00e9 Pleso \u0219i Star\u00fd Smokovec, <strong>20 de telecabine \u0219i telescaune moderne <\/strong>v\u0103 vor urca \u00een nori.<br><\/p>\n\n\n\n<p>\u00cen toat\u0103 regiunea Tatra pute\u021bi schia cu un <strong>singur skipass, <\/strong>v\u0103<strong> <\/strong>pute\u021bi \u00eenc\u0103lzi \u0219i v\u0103 pute\u021bi distra la <strong>Apres Ski <\/strong>\u00een fiecare sta\u021biune, iar dac\u0103 v\u0103 deplasa\u021bi direct pe p\u00e2rtie, v\u0103 va fi mai u\u0219or s\u0103 folosi\u021bi <strong>SKIbusul ecologic.<\/strong><br><\/p>\n\n\n\n<p>L\u0103sa\u021bi-v\u0103 purta\u021bi de panoramele montane \u0219i de atmosfera fantastic\u0103 pe care cei <strong>mai mici mun\u021bi din lume <\/strong>vi le ofer\u0103 iarna.<br><\/p>\n\n\n\t<a href=\"\/ro\/schi\/tatranska-lomnica\/\" class=\"wp-block-cgb-block-creanet-list category-list grid-x grid-padding-x align-middle\">\n\t\t\t\t\t<div class=\"small-12 medium-6 large-5\">\n\t\t\t\t<figure><img src='https:\/\/regiontatry.sk\/wp-content\/uploads\/2024\/02\/c-Marek-Hajkovsky-foto-VT-zinna-kampan-2022_114_11zon-scaled.jpg'\n\t\t\t\t\t\talt=''\n\t\t\t\t\t\ttitle='c Marek Hajkovsky foto VT zinna kampan 2022_114_11zon'\n\t\t\t\t\t\/><\/figure>\n\t\t\t<\/div>\n\t\t\n\n\t\t<div class=\"cell small-12 medium-5 large-7\">\n\t\t\t<h3>Cea mai abrupt\u0103 p\u00e2rtie de schi din Slovacia<\/h3>\n\t\t\t<p>\u00cen cea mai modern\u0103 sta\u021biune de schi din Slovacia, Tatransk\u00e1 Lomnica, pute\u021bi schia de la o altitudine de 2190 m pe cea mai abrupt\u0103 p\u00e2rtie care porne\u0219te de la Lomnick\u00e9 sedlo.  O altitudine de p\u00e2n\u0103 la 1.300 m, o garan\u021bie de z\u0103pad\u0103 de 5 luni, o telecabin\u0103 de ultim\u0103 genera\u021bie cu 15 locuri \u0219i p\u00e2rtii l\u0103rgite garanteaz\u0103 o experien\u021b\u0103 extraordinar\u0103 pe o pist\u0103 de 5,5 km cu o l\u0103\u021bime de p\u00e2n\u0103 la 60 m.<br><\/p>\n\t\t<\/div>\n\t<\/a>\n\n\t\n\n\t<a href=\"\/ro\/schi\/strbske-pleso\/\" class=\"wp-block-cgb-block-creanet-list category-list grid-x grid-padding-x align-middle\">\n\t\t\t\t\t<div class=\"small-12 medium-6 large-5\">\n\t\t\t\t<figure><img src='https:\/\/regiontatry.sk\/wp-content\/uploads\/2024\/11\/c-Marek-Hajkovsky-foto-STRBSKE-PLESO-lyziar-2020-19_11zon.jpg'\n\t\t\t\t\t\talt=''\n\t\t\t\t\t\ttitle='c Marek Hajkovsky foto STRBSKE PLESO lyziar 2020 19_11zon'\n\t\t\t\t\t\/><\/figure>\n\t\t\t<\/div>\n\t\t\n\n\t\t<div class=\"cell small-12 medium-5 large-7\">\n\t\t\t<h3>Lacul \u0160trbsk\u00e9 Pleso, popular printre schiori<\/h3>\n\t\t\t<p>Lacul \u0160trbsk\u00e9 Pleso este cea mai \u00eenalt\u0103 sta\u021biune de schi, cu o sta\u021bie inferioar\u0103 la o altitudine de p\u00e2n\u0103  la 1400 m \u0219i cu cel mai lung sezon de schi din Slovacia.<br>Ofer\u0103 schiorilor 9 kilometri de p\u00e2rtii de schi u\u0219oare \u0219i intermediare, care sunt populare printre familiile cu copii \u0219i schiorii avansa\u021bi.<br><\/p>\n\t\t<\/div>\n\t<\/a>\n\n\t\n\n\t<a href=\"\/ro\/schi\/stary-smokovec\/\" class=\"wp-block-cgb-block-creanet-list category-list grid-x grid-padding-x align-middle\">\n\t\t\t\t\t<div class=\"small-12 medium-6 large-5\">\n\t\t\t\t<figure><img src='https:\/\/regiontatry.sk\/wp-content\/uploads\/2018\/09\/Maxiland-for-children_800.jpg'\n\t\t\t\t\t\talt=''\n\t\t\t\t\t\ttitle='Maxiland-for-children_800'\n\t\t\t\t\t\/><\/figure>\n\t\t\t<\/div>\n\t\t\n\n\t\t<div class=\"cell small-12 medium-5 large-7\">\n\t\t\t<h3><strong><strong>Pentru \u00eencep\u0103torii hot\u0103r\u00e2\u021bi<\/strong><\/strong> <\/h3>\n\t\t\t<p>Star\u00fd Smokovec este o alegere ideal\u0103 pentru copiii mici \u0219i pentru \u00eencep\u0103tori, datorit\u0103 traseelor sale u\u0219oare. Echipa profesionist\u0103 de instructori ai \u0219colii de schi v\u0103 va introduce \u00een acest sport frumos \u0219i v\u0103 va \u00eenv\u0103\u021ba tehnica potrivit\u0103.<br><\/p>\n\t\t<\/div>\n\t<\/a>\n\n\t\n\n\t<a href=\"\/ro\/schi\/schi-de-fond\/\" class=\"wp-block-cgb-block-creanet-list category-list grid-x grid-padding-x align-middle\">\n\t\t\t\t\t<div class=\"small-12 medium-6 large-5\">\n\t\t\t\t<figure><img src='https:\/\/regiontatry.sk\/wp-content\/uploads\/2024\/03\/c-Marek-Hajkovsky-foto-BEZKY-2021-21_11zon.jpg'\n\t\t\t\t\t\talt=''\n\t\t\t\t\t\ttitle='c Marek Hajkovsky foto BEZKY 2021 21_11zon'\n\t\t\t\t\t\/><\/figure>\n\t\t\t<\/div>\n\t\t\n\n\t\t<div class=\"cell small-12 medium-5 large-7\">\n\t\t\t<h3>Mun\u021bii Tatra pe schiuri de fond <\/h3>\n\t\t\t<p>\u00cen regiunea mun\u021bilor Tatra pute\u021bi \u00eencerca mai mult de 61 km de p\u00e2rtii de schi de fond amenajate. Cel mai mare centru de schi de fond este \u0160trbsk\u00e9 Pleso. Acesta ofer\u0103 8 circuite de schi de fond preg\u0103tite de profesioni\u0219ti, cu o lungime cuprins\u0103 \u00eentre 0,5 \u0219i 5 km. Sta\u021biunile Tatransk\u00e1 Lomnica, Star\u00fd Smokovec \u0219i \u00eemprejurimile acestora ofer\u0103 un total de 30 km de p\u00e2rtii de schi de fond de dificultate u\u0219oar\u0103 \u0219i medie. Aceste p\u00e2rtii sunt foarte apreciate t\u00e2t de schiorii de fond avansa\u021bi, c\u00e2t \u0219i de \u00eencep\u0103tori. <br><\/p>\n\t\t<\/div>\n\t<\/a>\n\n\t","protected":false},"excerpt":{"rendered":"<p>Bucura\u021bi-v\u0103 de un sejur de neuitat, plin de aventuri de iarn\u0103 \u0219i experimenta\u021bi o vacan\u021b\u0103 de vis la schi. Schia\u021bi \u00een Mun\u021bii Tatra, care ofer\u0103 24 de kilometri de p\u00e2rtii mereu \u00eengrijite \u0219i o garan\u021bie de z\u0103pad\u0103 timp de 5 luni pe an. \u00cen sta\u021biunile de top Tatransk\u00e1 Lomnica, \u0160trbsk\u00e9 Pleso \u0219i Star\u00fd Smokovec, 20 [&hellip;]<\/p>\n","protected":false},"author":1,"featured_media":8558410,"parent":8558471,"menu_order":0,"comment_status":"closed","ping_status":"closed","template":"template-simple-page.php","meta":{"footnotes":""},"class_list":["post-8558408","page","type-page","status-publish","has-post-thumbnail","hentry"],"_links":{"self":[{"href":"https:\/\/regiontatry.sk\/ro\/wp-json\/wp\/v2\/pages\/8558408"}],"collection":[{"href":"https:\/\/regiontatry.sk\/ro\/wp-json\/wp\/v2\/pages"}],"about":[{"href":"https:\/\/regiontatry.sk\/ro\/wp-json\/wp\/v2\/types\/page"}],"author":[{"embeddable":true,"href":"https:\/\/regiontatry.sk\/ro\/wp-json\/wp\/v2\/users\/1"}],"replies":[{"embeddable":true,"href":"https:\/\/regiontatry.sk\/ro\/wp-json\/wp\/v2\/comments?post=8558408"}],"version-history":[{"count":6,"href":"https:\/\/regiontatry.sk\/ro\/wp-json\/wp\/v2\/pages\/8558408\/revisions"}],"predecessor-version":[{"id":9969868,"href":"https:\/\/regiontatry.sk\/ro\/wp-json\/wp\/v2\/pages\/8558408\/revisions\/9969868"}],"up":[{"embeddable":true,"href":"https:\/\/regiontatry.sk\/ro\/wp-json\/wp\/v2\/pages\/8558471"}],"wp:featuredmedia":[{"embeddable":true,"href":"https:\/\/regiontatry.sk\/ro\/wp-json\/wp\/v2\/media\/8558410"}],"wp:attachment":[{"href":"https:\/\/regiontatry.sk\/ro\/wp-json\/wp\/v2\/media?parent=8558408"}],"curies":[{"name":"wp","href":"https:\/\/api.w.org\/{rel}","templated":true}]}}