{"id":8558424,"date":"2018-09-27T13:10:04","date_gmt":"2018-09-27T11:10:04","guid":{"rendered":"https:\/\/regiontatry.sk\/tatranska-lomnica\/"},"modified":"2025-11-28T14:47:15","modified_gmt":"2025-11-28T13:47:15","slug":"tatranska-lomnica","status":"publish","type":"page","link":"https:\/\/regiontatry.sk\/ro\/schi\/tatranska-lomnica\/","title":{"rendered":"Tatransk\u00e1 Lomnica"},"content":{"rendered":"\n<p>\u00cen cea mai modern\u0103 sta\u021biune de schi din Slovacia, Tatransk\u00e1 Lomnica, sunt 12 p\u00e2rtii de schi de diferite grade de dificultate.<br><\/p>\n\n\n\n<p>O altitudine de p\u00e2n\u0103 la 1.300 m, o garan\u021bie de z\u0103pad\u0103 timp de 5 luni, o <strong>telecabin\u0103 de ultim\u0103 genera\u021bie cu 15 locuri <\/strong>\u0219i p\u00e2rtii l\u0103rgite garanteaz\u0103 o experien\u021b\u0103 <strong>extraordinar\u0103 <\/strong>pe o <strong>pist\u0103 de 5,5 km cu o <\/strong>l\u0103\u021bime de p\u00e2n\u0103 la 60 m. Sta\u021biunea ofer\u0103, de asemenea, aproape <strong>6 km de p\u00e2rtii de cea mai mic\u0103 dificultate, <\/strong>care vor fi apreciate \u00een special de familiile cu copii.<\/p>\n\n\n\n<p>Aici pute\u021bi experimenta un schi \u00eensorit pe <strong>cea mai \u00eenalt\u0103 \u0219i mai abrupt\u0103 p\u00e2rtie de pe Lomnick\u00e9 sedlo<\/strong> (2190 m), care a fost numit\u0103 &#8222;Inima iubitorilor de schi&#8221;. \u0218i pasiona\u021bii de freeride \u0219i iubitorii de adrenalin\u0103 vor g\u0103si ceva de f\u0103cut \u00een loca\u021bia Lomnick\u00fd \u0161t\u00edt. <\/p>\n\n\n\n<figure class=\"wp-block-gallery has-nested-images columns-default is-cropped wp-block-gallery-2 is-layout-flex wp-block-gallery-is-layout-flex\">\n<figure class=\"wp-block-image size-large\"><img loading=\"lazy\" decoding=\"async\" width=\"1024\" height=\"629\" data-id=\"11191279\" src=\"https:\/\/regiontatry.sk\/wp-content\/uploads\/2025\/11\/\u00a9-Marek-Hajkovsky-foto-VT-kampan-zima-2024_1-1024x629.jpg\" alt=\"\" class=\"wp-image-11191279\" srcset=\"https:\/\/regiontatry.sk\/wp-content\/uploads\/2025\/11\/\u00a9-Marek-Hajkovsky-foto-VT-kampan-zima-2024_1-1024x629.jpg 1024w, https:\/\/regiontatry.sk\/wp-content\/uploads\/2025\/11\/\u00a9-Marek-Hajkovsky-foto-VT-kampan-zima-2024_1-300x184.jpg 300w, https:\/\/regiontatry.sk\/wp-content\/uploads\/2025\/11\/\u00a9-Marek-Hajkovsky-foto-VT-kampan-zima-2024_1-768x472.jpg 768w, https:\/\/regiontatry.sk\/wp-content\/uploads\/2025\/11\/\u00a9-Marek-Hajkovsky-foto-VT-kampan-zima-2024_1-1536x944.jpg 1536w, https:\/\/regiontatry.sk\/wp-content\/uploads\/2025\/11\/\u00a9-Marek-Hajkovsky-foto-VT-kampan-zima-2024_1-860x528.jpg 860w, https:\/\/regiontatry.sk\/wp-content\/uploads\/2025\/11\/\u00a9-Marek-Hajkovsky-foto-VT-kampan-zima-2024_1-698x429.jpg 698w, https:\/\/regiontatry.sk\/wp-content\/uploads\/2025\/11\/\u00a9-Marek-Hajkovsky-foto-VT-kampan-zima-2024_1-552x339.jpg 552w, https:\/\/regiontatry.sk\/wp-content\/uploads\/2025\/11\/\u00a9-Marek-Hajkovsky-foto-VT-kampan-zima-2024_1.jpg 1600w\" sizes=\"(max-width: 1024px) 100vw, 1024px\" \/><\/figure>\n\n\n\n<figure class=\"wp-block-image\"><img loading=\"lazy\" decoding=\"async\" width=\"1024\" height=\"683\" data-id=\"9487980\" src=\"https:\/\/regiontatry.sk\/wp-content\/uploads\/2024\/02\/TAT-220-1-1024x683.jpg\" alt=\"\" class=\"wp-image-9487980\" srcset=\"https:\/\/regiontatry.sk\/wp-content\/uploads\/2024\/02\/TAT-220-1-1024x683.jpg 1024w, https:\/\/regiontatry.sk\/wp-content\/uploads\/2024\/02\/TAT-220-1-300x200.jpg 300w, https:\/\/regiontatry.sk\/wp-content\/uploads\/2024\/02\/TAT-220-1-768x512.jpg 768w, https:\/\/regiontatry.sk\/wp-content\/uploads\/2024\/02\/TAT-220-1-698x466.jpg 698w, https:\/\/regiontatry.sk\/wp-content\/uploads\/2024\/02\/TAT-220-1-552x368.jpg 552w, https:\/\/regiontatry.sk\/wp-content\/uploads\/2024\/02\/TAT-220-1.jpg 1318w\" sizes=\"(max-width: 1024px) 100vw, 1024px\" \/><\/figure>\n\n\n\n<figure class=\"wp-block-image\"><img loading=\"lazy\" decoding=\"async\" width=\"900\" height=\"600\" data-id=\"13508\" src=\"https:\/\/regiontatry.sk\/wp-content\/uploads\/2018\/11\/Lomnicke-sedlo-Vysoke\u0301-Tatry-TMR-Autor-Marek-Hajkovsky_900x600.jpg\" alt=\"\" class=\"wp-image-13508\" srcset=\"https:\/\/regiontatry.sk\/wp-content\/uploads\/2018\/11\/Lomnicke-sedlo-Vysoke\u0301-Tatry-TMR-Autor-Marek-Hajkovsky_900x600.jpg 900w, https:\/\/regiontatry.sk\/wp-content\/uploads\/2018\/11\/Lomnicke-sedlo-Vysoke\u0301-Tatry-TMR-Autor-Marek-Hajkovsky_900x600-300x200.jpg 300w, https:\/\/regiontatry.sk\/wp-content\/uploads\/2018\/11\/Lomnicke-sedlo-Vysoke\u0301-Tatry-TMR-Autor-Marek-Hajkovsky_900x600-768x512.jpg 768w, https:\/\/regiontatry.sk\/wp-content\/uploads\/2018\/11\/Lomnicke-sedlo-Vysoke\u0301-Tatry-TMR-Autor-Marek-Hajkovsky_900x600-698x465.jpg 698w, https:\/\/regiontatry.sk\/wp-content\/uploads\/2018\/11\/Lomnicke-sedlo-Vysoke\u0301-Tatry-TMR-Autor-Marek-Hajkovsky_900x600-552x368.jpg 552w\" sizes=\"(max-width: 900px) 100vw, 900px\" \/><\/figure>\n<\/figure>\n\n\n\n<p>Pe v\u00e2rful Lomnick\u00fd \u0161t\u00edt, la o altitudine de 2.634 m, pute\u021bi savura o cafea excep\u021bional\u0103 \u00een cafeneaua elegant\u0103 Dedo, la care, pe l\u00e2ng\u0103 atmosfera de lux, ve\u021bi fi servi\u021bi \u0219i cu senza\u021bii de neuitat asociate cu priveli\u0219tile panoramice.<br><\/p>\n\n\n\n<p>V\u0103 pute\u021bi relaxa \u0219i reface energia \u00een restaurantul Skalnat\u00e9 pleso, \u00een restaurantul Pizza &#8211; Pasta de la sta\u021bia de plecare sau \u00een cel mai mare bar apr\u00e8s-ski din mun\u021bii Tatra \u0219i din Slovacia, situat \u00een&nbsp; &nbsp; &nbsp; &nbsp; &nbsp; &nbsp; sta\u021bia din vale a telecabinei.<br><\/p>\n\n\n\n<figure class=\"wp-block-gallery has-nested-images columns-default is-cropped wp-block-gallery-3 is-layout-flex wp-block-gallery-is-layout-flex\">\n<figure class=\"wp-block-image size-large\"><img loading=\"lazy\" decoding=\"async\" width=\"1024\" height=\"755\" data-id=\"9487966\" src=\"https:\/\/regiontatry.sk\/wp-content\/uploads\/2024\/02\/c-Marek-Hajkovsky-foto-LS-2018_11_11zon-1-1-1024x755.jpg\" alt=\"\" class=\"wp-image-9487966\" srcset=\"https:\/\/regiontatry.sk\/wp-content\/uploads\/2024\/02\/c-Marek-Hajkovsky-foto-LS-2018_11_11zon-1-1-1024x755.jpg 1024w, https:\/\/regiontatry.sk\/wp-content\/uploads\/2024\/02\/c-Marek-Hajkovsky-foto-LS-2018_11_11zon-1-1-300x221.jpg 300w, https:\/\/regiontatry.sk\/wp-content\/uploads\/2024\/02\/c-Marek-Hajkovsky-foto-LS-2018_11_11zon-1-1-768x566.jpg 768w, https:\/\/regiontatry.sk\/wp-content\/uploads\/2024\/02\/c-Marek-Hajkovsky-foto-LS-2018_11_11zon-1-1-1920x1415.jpg 1920w, https:\/\/regiontatry.sk\/wp-content\/uploads\/2024\/02\/c-Marek-Hajkovsky-foto-LS-2018_11_11zon-1-1-1705x1257.jpg 1705w, https:\/\/regiontatry.sk\/wp-content\/uploads\/2024\/02\/c-Marek-Hajkovsky-foto-LS-2018_11_11zon-1-1-698x514.jpg 698w, https:\/\/regiontatry.sk\/wp-content\/uploads\/2024\/02\/c-Marek-Hajkovsky-foto-LS-2018_11_11zon-1-1-552x407.jpg 552w\" sizes=\"(max-width: 1024px) 100vw, 1024px\" \/><\/figure>\n\n\n\n<figure class=\"wp-block-image size-large\"><img loading=\"lazy\" decoding=\"async\" width=\"1024\" height=\"663\" data-id=\"9487952\" src=\"https:\/\/regiontatry.sk\/wp-content\/uploads\/2024\/02\/c-Marek-Hajkovsky-foto-LS-2018_14_11zon-1024x663.jpg\" alt=\"\" class=\"wp-image-9487952\" srcset=\"https:\/\/regiontatry.sk\/wp-content\/uploads\/2024\/02\/c-Marek-Hajkovsky-foto-LS-2018_14_11zon-1024x663.jpg 1024w, https:\/\/regiontatry.sk\/wp-content\/uploads\/2024\/02\/c-Marek-Hajkovsky-foto-LS-2018_14_11zon-300x194.jpg 300w, https:\/\/regiontatry.sk\/wp-content\/uploads\/2024\/02\/c-Marek-Hajkovsky-foto-LS-2018_14_11zon-768x497.jpg 768w, https:\/\/regiontatry.sk\/wp-content\/uploads\/2024\/02\/c-Marek-Hajkovsky-foto-LS-2018_14_11zon-1920x1243.jpg 1920w, https:\/\/regiontatry.sk\/wp-content\/uploads\/2024\/02\/c-Marek-Hajkovsky-foto-LS-2018_14_11zon-1705x1104.jpg 1705w, https:\/\/regiontatry.sk\/wp-content\/uploads\/2024\/02\/c-Marek-Hajkovsky-foto-LS-2018_14_11zon-698x452.jpg 698w, https:\/\/regiontatry.sk\/wp-content\/uploads\/2024\/02\/c-Marek-Hajkovsky-foto-LS-2018_14_11zon-552x357.jpg 552w\" sizes=\"(max-width: 1024px) 100vw, 1024px\" \/><\/figure>\n\n\n\n<figure class=\"wp-block-image size-large\"><img loading=\"lazy\" decoding=\"async\" width=\"1024\" height=\"681\" data-id=\"9487995\" src=\"https:\/\/regiontatry.sk\/wp-content\/uploads\/2024\/02\/c-Marek-Hajkovsky-foto-LS-2020_134_11zon-1024x681.jpg\" alt=\"\" class=\"wp-image-9487995\" srcset=\"https:\/\/regiontatry.sk\/wp-content\/uploads\/2024\/02\/c-Marek-Hajkovsky-foto-LS-2020_134_11zon-1024x681.jpg 1024w, https:\/\/regiontatry.sk\/wp-content\/uploads\/2024\/02\/c-Marek-Hajkovsky-foto-LS-2020_134_11zon-300x200.jpg 300w, https:\/\/regiontatry.sk\/wp-content\/uploads\/2024\/02\/c-Marek-Hajkovsky-foto-LS-2020_134_11zon-768x511.jpg 768w, https:\/\/regiontatry.sk\/wp-content\/uploads\/2024\/02\/c-Marek-Hajkovsky-foto-LS-2020_134_11zon-1920x1278.jpg 1920w, https:\/\/regiontatry.sk\/wp-content\/uploads\/2024\/02\/c-Marek-Hajkovsky-foto-LS-2020_134_11zon-1705x1135.jpg 1705w, https:\/\/regiontatry.sk\/wp-content\/uploads\/2024\/02\/c-Marek-Hajkovsky-foto-LS-2020_134_11zon-698x464.jpg 698w, https:\/\/regiontatry.sk\/wp-content\/uploads\/2024\/02\/c-Marek-Hajkovsky-foto-LS-2020_134_11zon-552x367.jpg 552w\" sizes=\"(max-width: 1024px) 100vw, 1024px\" \/><\/figure>\n<\/figure>\n\n\n\n<p>Foarte popular\u0103 este \u0219i Audi Ski Arena &#8211; o pist\u0103 de slalom cu cronometru. P\u00e2rtia se&nbsp; afl\u0103 pe versantul <strong>\u010cu\u010doriedky vest (partea de est a versantului) <\/strong>pe toat\u0103 durata iernii.<br><\/p>\n\n\n\n<figure class=\"wp-block-image size-large\"><a href=\"https:\/\/regiontatry.sk\/wp-content\/uploads\/2025\/11\/mapa-TL_2025-26_rozmery_press_420-x-297_page-scaled.jpg\" data-rel=\"lightbox-image-0\" data-rl_title=\"\" data-rl_caption=\"\" title=\"\"><img loading=\"lazy\" decoding=\"async\" width=\"1024\" height=\"738\" src=\"https:\/\/regiontatry.sk\/wp-content\/uploads\/2025\/11\/mapa-TL_2025-26_rozmery_press_420-x-297_page-1024x738.jpg\" alt=\"\" class=\"wp-image-13150346\" srcset=\"https:\/\/regiontatry.sk\/wp-content\/uploads\/2025\/11\/mapa-TL_2025-26_rozmery_press_420-x-297_page-1024x738.jpg 1024w, https:\/\/regiontatry.sk\/wp-content\/uploads\/2025\/11\/mapa-TL_2025-26_rozmery_press_420-x-297_page-300x216.jpg 300w, https:\/\/regiontatry.sk\/wp-content\/uploads\/2025\/11\/mapa-TL_2025-26_rozmery_press_420-x-297_page-768x554.jpg 768w, https:\/\/regiontatry.sk\/wp-content\/uploads\/2025\/11\/mapa-TL_2025-26_rozmery_press_420-x-297_page-1536x1107.jpg 1536w, https:\/\/regiontatry.sk\/wp-content\/uploads\/2025\/11\/mapa-TL_2025-26_rozmery_press_420-x-297_page-2048x1476.jpg 2048w, https:\/\/regiontatry.sk\/wp-content\/uploads\/2025\/11\/mapa-TL_2025-26_rozmery_press_420-x-297_page-1920x1384.jpg 1920w, https:\/\/regiontatry.sk\/wp-content\/uploads\/2025\/11\/mapa-TL_2025-26_rozmery_press_420-x-297_page-1705x1229.jpg 1705w, https:\/\/regiontatry.sk\/wp-content\/uploads\/2025\/11\/mapa-TL_2025-26_rozmery_press_420-x-297_page-860x620.jpg 860w, https:\/\/regiontatry.sk\/wp-content\/uploads\/2025\/11\/mapa-TL_2025-26_rozmery_press_420-x-297_page-698x503.jpg 698w, https:\/\/regiontatry.sk\/wp-content\/uploads\/2025\/11\/mapa-TL_2025-26_rozmery_press_420-x-297_page-552x398.jpg 552w\" sizes=\"(max-width: 1024px) 100vw, 1024px\" \/><\/a><\/figure>\n\n\n\n<h3 class=\"wp-block-heading\"><br><strong><a href=\"https:\/\/www.vt.sk\/\" target=\"_blank\" rel=\"noreferrer noopener\">Pagina web a sta\u021biunii<br><\/a><\/strong><\/h3>\n","protected":false},"excerpt":{"rendered":"<p>\u00cen cea mai modern\u0103 sta\u021biune de schi din Slovacia, Tatransk\u00e1 Lomnica, sunt 12 p\u00e2rtii de schi de diferite grade de dificultate. O altitudine de p\u00e2n\u0103 la 1.300 m, o garan\u021bie de z\u0103pad\u0103 timp de 5 luni, o telecabin\u0103 de ultim\u0103 genera\u021bie cu 15 locuri \u0219i p\u00e2rtii l\u0103rgite garanteaz\u0103 o experien\u021b\u0103 extraordinar\u0103 pe o pist\u0103 de [&hellip;]<\/p>\n","protected":false},"author":2,"featured_media":11191247,"parent":8558471,"menu_order":0,"comment_status":"closed","ping_status":"closed","template":"template-list.php","meta":{"footnotes":""},"class_list":["post-8558424","page","type-page","status-publish","has-post-thumbnail","hentry"],"_links":{"self":[{"href":"https:\/\/regiontatry.sk\/ro\/wp-json\/wp\/v2\/pages\/8558424"}],"collection":[{"href":"https:\/\/regiontatry.sk\/ro\/wp-json\/wp\/v2\/pages"}],"about":[{"href":"https:\/\/regiontatry.sk\/ro\/wp-json\/wp\/v2\/types\/page"}],"author":[{"embeddable":true,"href":"https:\/\/regiontatry.sk\/ro\/wp-json\/wp\/v2\/users\/2"}],"replies":[{"embeddable":true,"href":"https:\/\/regiontatry.sk\/ro\/wp-json\/wp\/v2\/comments?post=8558424"}],"version-history":[{"count":5,"href":"https:\/\/regiontatry.sk\/ro\/wp-json\/wp\/v2\/pages\/8558424\/revisions"}],"predecessor-version":[{"id":13150353,"href":"https:\/\/regiontatry.sk\/ro\/wp-json\/wp\/v2\/pages\/8558424\/revisions\/13150353"}],"up":[{"embeddable":true,"href":"https:\/\/regiontatry.sk\/ro\/wp-json\/wp\/v2\/pages\/8558471"}],"wp:featuredmedia":[{"embeddable":true,"href":"https:\/\/regiontatry.sk\/ro\/wp-json\/wp\/v2\/media\/11191247"}],"wp:attachment":[{"href":"https:\/\/regiontatry.sk\/ro\/wp-json\/wp\/v2\/media?parent=8558424"}],"curies":[{"name":"wp","href":"https:\/\/api.w.org\/{rel}","templated":true}]}}