{"id":8558431,"date":"2018-09-27T13:15:10","date_gmt":"2018-09-27T11:15:10","guid":{"rendered":"https:\/\/regiontatry.sk\/strbske-pleso\/"},"modified":"2025-11-28T14:58:36","modified_gmt":"2025-11-28T13:58:36","slug":"strbske-pleso","status":"publish","type":"page","link":"https:\/\/regiontatry.sk\/ro\/schi\/strbske-pleso\/","title":{"rendered":"\u0160trbsk\u00e9 Pleso"},"content":{"rendered":"\n<p>\u0160trbsk\u00e9 Pleso este cea <strong>mai \u00eenalt\u0103 sta\u021biune de schi, <\/strong>cu sta\u021bia inferioar\u0103 la o altitudine de p\u00e2n\u0103 la 1 351 m \u0219i cu cel <strong>mai lung sezon de schi din Slovacia<\/strong>. Atrage cu condi\u021bii excelente de schi, cu p\u00e2rtii excelente pentru slalom, schi alpin sau schi de fond \u0219i servicii la cel mai \u00eenalt standard.<br><\/p>\n\n\n\n<figure class=\"wp-block-image is-resized\"><img loading=\"lazy\" decoding=\"async\" width=\"3017\" height=\"1266\" src=\"https:\/\/regiontatry.sk\/wp-content\/uploads\/2018\/11\/NJf9YprQ.jpeg\" alt=\"\" class=\"wp-image-13540\" style=\"width:601px;height:auto\" srcset=\"https:\/\/regiontatry.sk\/wp-content\/uploads\/2018\/11\/NJf9YprQ.jpeg 3017w, https:\/\/regiontatry.sk\/wp-content\/uploads\/2018\/11\/NJf9YprQ-300x126.jpeg 300w, https:\/\/regiontatry.sk\/wp-content\/uploads\/2018\/11\/NJf9YprQ-768x322.jpeg 768w, https:\/\/regiontatry.sk\/wp-content\/uploads\/2018\/11\/NJf9YprQ-1024x430.jpeg 1024w, https:\/\/regiontatry.sk\/wp-content\/uploads\/2018\/11\/NJf9YprQ-1920x806.jpeg 1920w, https:\/\/regiontatry.sk\/wp-content\/uploads\/2018\/11\/NJf9YprQ-1705x715.jpeg 1705w, https:\/\/regiontatry.sk\/wp-content\/uploads\/2018\/11\/NJf9YprQ-698x293.jpeg 698w, https:\/\/regiontatry.sk\/wp-content\/uploads\/2018\/11\/NJf9YprQ-552x232.jpeg 552w\" sizes=\"(max-width: 3017px) 100vw, 3017px\" \/><\/figure>\n\n\n\n<h2 class=\"wp-block-heading\">Noua telescaun\u0103 de 8 locuri din \u0160trbsk\u00e9 Pleso<\/h2>\n\n\n\n<p>\u00cencep\u00e2nd din decembrie 2025, o nou\u0103 telescaun\u0103 Leitner cu 8 locuri va func\u021biona \u00een \u0160trbsk\u00e9 Pleso, \u00eenlocuind vechiul lift din 1976. Tehnologia modern\u0103 cu scaune deta\u0219abile ofer\u0103 schiorilor o c\u0103l\u0103torie confortabil\u0103, cu o capacitate de 2.400 de persoane pe or\u0103. Telescaunul \u00eei va transporta pe vizitatori pe v\u00e2rful Medvedia Kopa, de unde pot accesa telescaunul Furkota sau p\u00e2rtiile Interski \u0219i Turistick\u00e1. Va asigura transport sigur chiar \u0219i \u00een condi\u021bii meteo nefavorabile, iar datorit\u0103 protec\u021biei tip \u201ebubble\u201d, c\u0103l\u0103toria va fi confortabil\u0103 \u2013 ideal\u0103 pentru familiile cu copii.<\/p>\n\n\n\n<figure class=\"wp-block-gallery has-nested-images columns-default is-cropped wp-block-gallery-2 is-layout-flex wp-block-gallery-is-layout-flex\">\n<figure class=\"wp-block-image size-large\"><img loading=\"lazy\" decoding=\"async\" width=\"570\" height=\"428\" data-id=\"11193948\" src=\"https:\/\/regiontatry.sk\/wp-content\/uploads\/2025\/11\/csm_Nova_lanovka_na_Strbskom_Plese_3bb17c9101-edited-1.png\" alt=\"\" class=\"wp-image-11193948\" srcset=\"https:\/\/regiontatry.sk\/wp-content\/uploads\/2025\/11\/csm_Nova_lanovka_na_Strbskom_Plese_3bb17c9101-edited-1.png 570w, https:\/\/regiontatry.sk\/wp-content\/uploads\/2025\/11\/csm_Nova_lanovka_na_Strbskom_Plese_3bb17c9101-edited-1-300x225.png 300w, https:\/\/regiontatry.sk\/wp-content\/uploads\/2025\/11\/csm_Nova_lanovka_na_Strbskom_Plese_3bb17c9101-edited-1-552x414.png 552w\" sizes=\"(max-width: 570px) 100vw, 570px\" \/><\/figure>\n\n\n\n<figure class=\"wp-block-image size-large\"><img loading=\"lazy\" decoding=\"async\" width=\"1024\" height=\"657\" data-id=\"11193922\" src=\"https:\/\/regiontatry.sk\/wp-content\/uploads\/2025\/11\/\u00a9-Marek-Hajkovsky-foto-VT-strbske-pleso-1-1024x657.jpg\" alt=\"\" class=\"wp-image-11193922\" srcset=\"https:\/\/regiontatry.sk\/wp-content\/uploads\/2025\/11\/\u00a9-Marek-Hajkovsky-foto-VT-strbske-pleso-1-1024x657.jpg 1024w, https:\/\/regiontatry.sk\/wp-content\/uploads\/2025\/11\/\u00a9-Marek-Hajkovsky-foto-VT-strbske-pleso-1-300x193.jpg 300w, https:\/\/regiontatry.sk\/wp-content\/uploads\/2025\/11\/\u00a9-Marek-Hajkovsky-foto-VT-strbske-pleso-1-768x493.jpg 768w, https:\/\/regiontatry.sk\/wp-content\/uploads\/2025\/11\/\u00a9-Marek-Hajkovsky-foto-VT-strbske-pleso-1-1536x986.jpg 1536w, https:\/\/regiontatry.sk\/wp-content\/uploads\/2025\/11\/\u00a9-Marek-Hajkovsky-foto-VT-strbske-pleso-1-860x552.jpg 860w, https:\/\/regiontatry.sk\/wp-content\/uploads\/2025\/11\/\u00a9-Marek-Hajkovsky-foto-VT-strbske-pleso-1-698x448.jpg 698w, https:\/\/regiontatry.sk\/wp-content\/uploads\/2025\/11\/\u00a9-Marek-Hajkovsky-foto-VT-strbske-pleso-1-552x354.jpg 552w, https:\/\/regiontatry.sk\/wp-content\/uploads\/2025\/11\/\u00a9-Marek-Hajkovsky-foto-VT-strbske-pleso-1.jpg 1600w\" sizes=\"(max-width: 1024px) 100vw, 1024px\" \/><\/figure>\n<\/figure>\n\n\n\n<p>Ofer\u0103 schiorilor <strong>9 kilometri de p\u00e2rtii u\u0219oare \u0219i intermediare, <\/strong>care sunt populare printre familiile cu copii \u0219i schiorii avansa\u021bi. Un <a href=\"https:\/\/regiontatry.sk\/pl\/narciarstwo\/ski-aqua-bus\/\">SKIbus ecologic<\/a> v\u0103 va duce din parcare sau de la hotel direct \u00een sta\u021biune, la intervale frecvente.<br><\/p>\n\n\n\n<figure class=\"wp-block-gallery has-nested-images columns-default is-cropped wp-block-gallery-3 is-layout-flex wp-block-gallery-is-layout-flex\">\n<figure class=\"wp-block-image size-large\"><img loading=\"lazy\" decoding=\"async\" width=\"1024\" height=\"391\" data-id=\"8558439\" src=\"https:\/\/regiontatry.sk\/wp-content\/uploads\/2018\/11\/strbske_ski_2-1024x391.jpeg\" alt=\"\" class=\"wp-image-8558439\" srcset=\"https:\/\/regiontatry.sk\/wp-content\/uploads\/2018\/11\/strbske_ski_2-1024x391.jpeg 1024w, https:\/\/regiontatry.sk\/wp-content\/uploads\/2018\/11\/strbske_ski_2-300x114.jpeg 300w, https:\/\/regiontatry.sk\/wp-content\/uploads\/2018\/11\/strbske_ski_2-768x293.jpeg 768w, https:\/\/regiontatry.sk\/wp-content\/uploads\/2018\/11\/strbske_ski_2-1920x732.jpeg 1920w, https:\/\/regiontatry.sk\/wp-content\/uploads\/2018\/11\/strbske_ski_2-1705x650.jpeg 1705w, https:\/\/regiontatry.sk\/wp-content\/uploads\/2018\/11\/strbske_ski_2-698x266.jpeg 698w, https:\/\/regiontatry.sk\/wp-content\/uploads\/2018\/11\/strbske_ski_2-552x211.jpeg 552w\" sizes=\"(max-width: 1024px) 100vw, 1024px\" \/><\/figure>\n\n\n\n<figure class=\"wp-block-image size-large\"><img loading=\"lazy\" decoding=\"async\" width=\"1024\" height=\"581\" data-id=\"11191266\" src=\"https:\/\/regiontatry.sk\/wp-content\/uploads\/2025\/11\/\u00a9-Marek-Hajkovsky-foto-VT-strbske-pleso-1024x581.jpg\" alt=\"\" class=\"wp-image-11191266\" srcset=\"https:\/\/regiontatry.sk\/wp-content\/uploads\/2025\/11\/\u00a9-Marek-Hajkovsky-foto-VT-strbske-pleso-1024x581.jpg 1024w, https:\/\/regiontatry.sk\/wp-content\/uploads\/2025\/11\/\u00a9-Marek-Hajkovsky-foto-VT-strbske-pleso-300x170.jpg 300w, https:\/\/regiontatry.sk\/wp-content\/uploads\/2025\/11\/\u00a9-Marek-Hajkovsky-foto-VT-strbske-pleso-768x436.jpg 768w, https:\/\/regiontatry.sk\/wp-content\/uploads\/2025\/11\/\u00a9-Marek-Hajkovsky-foto-VT-strbske-pleso-1536x872.jpg 1536w, https:\/\/regiontatry.sk\/wp-content\/uploads\/2025\/11\/\u00a9-Marek-Hajkovsky-foto-VT-strbske-pleso-860x488.jpg 860w, https:\/\/regiontatry.sk\/wp-content\/uploads\/2025\/11\/\u00a9-Marek-Hajkovsky-foto-VT-strbske-pleso-698x396.jpg 698w, https:\/\/regiontatry.sk\/wp-content\/uploads\/2025\/11\/\u00a9-Marek-Hajkovsky-foto-VT-strbske-pleso-552x313.jpg 552w, https:\/\/regiontatry.sk\/wp-content\/uploads\/2025\/11\/\u00a9-Marek-Hajkovsky-foto-VT-strbske-pleso.jpg 1600w\" sizes=\"(max-width: 1024px) 100vw, 1024px\" \/><\/figure>\n<\/figure>\n\n\n\n<p>\u0160trbsk\u00e9 Pleso este cea mai mare sta\u021biune de schi de fond din Mun\u021bii Tatra. Pentru schiorii de fond exist\u0103 <a href=\"https:\/\/regiontatry.sk\/lyzovanie\/bezecke-lyzovanie\/\"><strong>trasee de schi de fond<\/strong><\/a><strong>&nbsp;cu o lungime total\u0103 de p\u00e2n\u0103 la 20 km<\/strong>. Se g\u0103sesc aici 7 circuite de schi de fond preg\u0103tite de profesioni\u0219ti, cu o lungime cuprins\u0103 \u00eentre 0,5 \u0219i 5 km. Suprafa\u021ba arealului pentru schi de fond SNOW poate fi folosit\u0103 pe toat\u0103 durata sezonului de iarn\u0103 datorit\u0103 z\u0103pezii artificiale. Diferitele niveluri de dificultate \u0219i mai multe circuite \u00eei vor \u00eenc\u00e2nta at\u00e2t pe schiorii \u00eencep\u0103tori, c\u00e2t \u0219i pe cei avansa\u021bi.<br>Pute\u021bi face schi de fond \u00een arealul sportiv FIS, v\u0103 pute\u021bi relaxa la o plimbare \u00een jurul lacului \u0160trbsk\u00e9 Pleso sau pute\u021bi explora valea Furkot pe schiuri de fond \u00een ritm de drume\u021bie.<br><\/p>\n\n\n\n<figure class=\"wp-block-gallery has-nested-images columns-default is-cropped wp-block-gallery-4 is-layout-flex wp-block-gallery-is-layout-flex\">\n<figure class=\"wp-block-image size-large\"><img loading=\"lazy\" decoding=\"async\" width=\"1024\" height=\"609\" data-id=\"9577342\" src=\"https:\/\/regiontatry.sk\/wp-content\/uploads\/2024\/03\/c-Marek-Hajkovsky-foto-BEZKY-2021-21_11zon-1024x609.jpg\" alt=\"\" class=\"wp-image-9577342\" srcset=\"https:\/\/regiontatry.sk\/wp-content\/uploads\/2024\/03\/c-Marek-Hajkovsky-foto-BEZKY-2021-21_11zon-1024x609.jpg 1024w, https:\/\/regiontatry.sk\/wp-content\/uploads\/2024\/03\/c-Marek-Hajkovsky-foto-BEZKY-2021-21_11zon-300x178.jpg 300w, https:\/\/regiontatry.sk\/wp-content\/uploads\/2024\/03\/c-Marek-Hajkovsky-foto-BEZKY-2021-21_11zon-768x457.jpg 768w, https:\/\/regiontatry.sk\/wp-content\/uploads\/2024\/03\/c-Marek-Hajkovsky-foto-BEZKY-2021-21_11zon-1920x1142.jpg 1920w, https:\/\/regiontatry.sk\/wp-content\/uploads\/2024\/03\/c-Marek-Hajkovsky-foto-BEZKY-2021-21_11zon-1705x1014.jpg 1705w, https:\/\/regiontatry.sk\/wp-content\/uploads\/2024\/03\/c-Marek-Hajkovsky-foto-BEZKY-2021-21_11zon-698x415.jpg 698w, https:\/\/regiontatry.sk\/wp-content\/uploads\/2024\/03\/c-Marek-Hajkovsky-foto-BEZKY-2021-21_11zon-552x328.jpg 552w\" sizes=\"(max-width: 1024px) 100vw, 1024px\" \/><\/figure>\n\n\n\n<figure class=\"wp-block-image size-large\"><img loading=\"lazy\" decoding=\"async\" width=\"1024\" height=\"633\" data-id=\"8600546\" src=\"https:\/\/regiontatry.sk\/wp-content\/uploads\/2022\/11\/c-Marek-Hajkovsky-foto-BEZKY-2021-16_11zon-1-1024x633.jpg\" alt=\"\" class=\"wp-image-8600546\" srcset=\"https:\/\/regiontatry.sk\/wp-content\/uploads\/2022\/11\/c-Marek-Hajkovsky-foto-BEZKY-2021-16_11zon-1-1024x633.jpg 1024w, https:\/\/regiontatry.sk\/wp-content\/uploads\/2022\/11\/c-Marek-Hajkovsky-foto-BEZKY-2021-16_11zon-1-300x186.jpg 300w, https:\/\/regiontatry.sk\/wp-content\/uploads\/2022\/11\/c-Marek-Hajkovsky-foto-BEZKY-2021-16_11zon-1-768x475.jpg 768w, https:\/\/regiontatry.sk\/wp-content\/uploads\/2022\/11\/c-Marek-Hajkovsky-foto-BEZKY-2021-16_11zon-1-1920x1187.jpg 1920w, https:\/\/regiontatry.sk\/wp-content\/uploads\/2022\/11\/c-Marek-Hajkovsky-foto-BEZKY-2021-16_11zon-1-1705x1054.jpg 1705w, https:\/\/regiontatry.sk\/wp-content\/uploads\/2022\/11\/c-Marek-Hajkovsky-foto-BEZKY-2021-16_11zon-1-698x432.jpg 698w, https:\/\/regiontatry.sk\/wp-content\/uploads\/2022\/11\/c-Marek-Hajkovsky-foto-BEZKY-2021-16_11zon-1-552x341.jpg 552w\" sizes=\"(max-width: 1024px) 100vw, 1024px\" \/><\/figure>\n<\/figure>\n\n\n\n<p>Iubitorii de adrenalin\u0103 pot vizita atractivul <strong>snowpark<\/strong>&nbsp;pe partea st\u00e2ng\u0103 a p\u00e2rtiei Interski, unde se organizeaz\u0103 adesea competi\u021bii populare de sporturi de adrenalin\u0103.<br><\/p>\n\n\n\n<p>\u00cen \u00eemprejurimile frumoase ale celei mai \u00eenalte a\u0219ez\u0103ri din mun\u021bii Tatra, cu o atmosfer\u0103 magic\u0103 \u0219i datorit\u0103&nbsp; istoriei bogate \u0219i a hotelurilor de lux, pute\u021bi experimenta garantat un schi minunat \u0219i plin de distrac\u021bie de iarn\u0103.<br><\/p>\n\n\n\n<figure class=\"wp-block-image size-large\"><a href=\"https:\/\/regiontatry.sk\/wp-content\/uploads\/2025\/11\/mapa-SP_2025-26_rozmery_press_420-x-297_page-scaled.jpg\" data-rel=\"lightbox-image-0\" data-rl_title=\"\" data-rl_caption=\"\" title=\"\"><img loading=\"lazy\" decoding=\"async\" width=\"1024\" height=\"738\" src=\"https:\/\/regiontatry.sk\/wp-content\/uploads\/2025\/11\/mapa-SP_2025-26_rozmery_press_420-x-297_page-1024x738.jpg\" alt=\"\" class=\"wp-image-13150360\" srcset=\"https:\/\/regiontatry.sk\/wp-content\/uploads\/2025\/11\/mapa-SP_2025-26_rozmery_press_420-x-297_page-1024x738.jpg 1024w, https:\/\/regiontatry.sk\/wp-content\/uploads\/2025\/11\/mapa-SP_2025-26_rozmery_press_420-x-297_page-300x216.jpg 300w, https:\/\/regiontatry.sk\/wp-content\/uploads\/2025\/11\/mapa-SP_2025-26_rozmery_press_420-x-297_page-768x554.jpg 768w, https:\/\/regiontatry.sk\/wp-content\/uploads\/2025\/11\/mapa-SP_2025-26_rozmery_press_420-x-297_page-1536x1107.jpg 1536w, https:\/\/regiontatry.sk\/wp-content\/uploads\/2025\/11\/mapa-SP_2025-26_rozmery_press_420-x-297_page-2048x1476.jpg 2048w, https:\/\/regiontatry.sk\/wp-content\/uploads\/2025\/11\/mapa-SP_2025-26_rozmery_press_420-x-297_page-1920x1384.jpg 1920w, https:\/\/regiontatry.sk\/wp-content\/uploads\/2025\/11\/mapa-SP_2025-26_rozmery_press_420-x-297_page-1705x1229.jpg 1705w, https:\/\/regiontatry.sk\/wp-content\/uploads\/2025\/11\/mapa-SP_2025-26_rozmery_press_420-x-297_page-860x620.jpg 860w, https:\/\/regiontatry.sk\/wp-content\/uploads\/2025\/11\/mapa-SP_2025-26_rozmery_press_420-x-297_page-698x503.jpg 698w, https:\/\/regiontatry.sk\/wp-content\/uploads\/2025\/11\/mapa-SP_2025-26_rozmery_press_420-x-297_page-552x398.jpg 552w\" sizes=\"(max-width: 1024px) 100vw, 1024px\" \/><\/a><\/figure>\n\n\n\n<h3 class=\"wp-block-heading\"><br><strong><a href=\"http:\/\/www.vt.sk\/\" target=\"_blank\" rel=\"noreferrer noopener\">Pagina web a sta\u021biunii<br><\/a><\/strong><\/h3>\n","protected":false},"excerpt":{"rendered":"<p>\u0160trbsk\u00e9 Pleso este cea mai \u00eenalt\u0103 sta\u021biune de schi, cu sta\u021bia inferioar\u0103 la o altitudine de p\u00e2n\u0103 la 1 351 m \u0219i cu cel mai lung sezon de schi din Slovacia. Atrage cu condi\u021bii excelente de schi, cu p\u00e2rtii excelente pentru slalom, schi alpin sau schi de fond \u0219i servicii la cel mai \u00eenalt standard. [&hellip;]<\/p>\n","protected":false},"author":2,"featured_media":8558433,"parent":8558471,"menu_order":0,"comment_status":"closed","ping_status":"closed","template":"template-simple-page.php","meta":{"footnotes":""},"class_list":["post-8558431","page","type-page","status-publish","has-post-thumbnail","hentry"],"_links":{"self":[{"href":"https:\/\/regiontatry.sk\/ro\/wp-json\/wp\/v2\/pages\/8558431"}],"collection":[{"href":"https:\/\/regiontatry.sk\/ro\/wp-json\/wp\/v2\/pages"}],"about":[{"href":"https:\/\/regiontatry.sk\/ro\/wp-json\/wp\/v2\/types\/page"}],"author":[{"embeddable":true,"href":"https:\/\/regiontatry.sk\/ro\/wp-json\/wp\/v2\/users\/2"}],"replies":[{"embeddable":true,"href":"https:\/\/regiontatry.sk\/ro\/wp-json\/wp\/v2\/comments?post=8558431"}],"version-history":[{"count":5,"href":"https:\/\/regiontatry.sk\/ro\/wp-json\/wp\/v2\/pages\/8558431\/revisions"}],"predecessor-version":[{"id":13150367,"href":"https:\/\/regiontatry.sk\/ro\/wp-json\/wp\/v2\/pages\/8558431\/revisions\/13150367"}],"up":[{"embeddable":true,"href":"https:\/\/regiontatry.sk\/ro\/wp-json\/wp\/v2\/pages\/8558471"}],"wp:featuredmedia":[{"embeddable":true,"href":"https:\/\/regiontatry.sk\/ro\/wp-json\/wp\/v2\/media\/8558433"}],"wp:attachment":[{"href":"https:\/\/regiontatry.sk\/ro\/wp-json\/wp\/v2\/media?parent=8558431"}],"curies":[{"name":"wp","href":"https:\/\/api.w.org\/{rel}","templated":true}]}}