{"id":8558443,"date":"2018-09-27T13:18:25","date_gmt":"2018-09-27T11:18:25","guid":{"rendered":"https:\/\/regiontatry.sk\/stary-smokovec\/"},"modified":"2025-11-19T22:42:47","modified_gmt":"2025-11-19T21:42:47","slug":"stary-smokovec","status":"publish","type":"page","link":"https:\/\/regiontatry.sk\/ro\/schi\/stary-smokovec\/","title":{"rendered":"Star\u00fd Smokovec"},"content":{"rendered":"\n<p><strong>Pentru schiorii pu\u021bin preten\u021bio\u0219i <\/strong>\u0219i \u00een special pentru \u00eencep\u0103tori, Star\u00fd Smokovec este o destina\u021bie potrivit\u0103. Jakubkova l\u00faka, cu pantele sale de dificultate u\u0219oar\u0103, ofer\u0103 posibilitatea de a v\u0103 preg\u0103ti temeinic pentru trasee mai solicitante.<br><\/p>\n\n\n\n<p>Dac\u0103 dori\u021bi s\u0103-i \u00eenv\u0103\u021ba\u021bi pe copiii s\u0103 schieze, echipa de instructori profesioni\u0219ti de la <a href=\"https:\/\/regiontatry.sk\/lyzovanie\/lyziarske-skoly\/\"><strong>\u0219coala de schi<\/strong><\/a> va fi \u00eenc\u00e2ntat\u0103 s\u0103 \u00eei ini\u021bieze \u00een acest sport minunat.<\/p>\n\n\n\n<p>Sta\u021biunea ofer\u0103 abonamente de schi ieftine, valabile doar \u00een sta\u021biune, care vor fi apreciate de mul\u021bi schiori mai pu\u021bin preten\u021bio\u0219i \u0219i \u00eencep\u0103tori.<br><\/p>\n\n\n\n<figure class=\"wp-block-gallery has-nested-images columns-default is-cropped wp-block-gallery-2 is-layout-flex wp-block-gallery-is-layout-flex\">\n<figure class=\"wp-block-image size-large\"><img loading=\"lazy\" decoding=\"async\" width=\"648\" height=\"486\" data-id=\"11193977\" src=\"https:\/\/regiontatry.sk\/wp-content\/uploads\/2025\/11\/lyziarskaskola-edited.png\" alt=\"\" class=\"wp-image-11193977\" srcset=\"https:\/\/regiontatry.sk\/wp-content\/uploads\/2025\/11\/lyziarskaskola-edited.png 648w, https:\/\/regiontatry.sk\/wp-content\/uploads\/2025\/11\/lyziarskaskola-edited-300x225.png 300w, https:\/\/regiontatry.sk\/wp-content\/uploads\/2025\/11\/lyziarskaskola-edited-552x414.png 552w\" sizes=\"(max-width: 648px) 100vw, 648px\" \/><\/figure>\n\n\n\n<figure class=\"wp-block-image size-large\"><img loading=\"lazy\" decoding=\"async\" width=\"1024\" height=\"682\" data-id=\"11193970\" src=\"https:\/\/regiontatry.sk\/wp-content\/uploads\/2025\/11\/lyziarska-skola-1024x682.jpg\" alt=\"\" class=\"wp-image-11193970\" srcset=\"https:\/\/regiontatry.sk\/wp-content\/uploads\/2025\/11\/lyziarska-skola-1024x682.jpg 1024w, https:\/\/regiontatry.sk\/wp-content\/uploads\/2025\/11\/lyziarska-skola-300x200.jpg 300w, https:\/\/regiontatry.sk\/wp-content\/uploads\/2025\/11\/lyziarska-skola-768x511.jpg 768w, https:\/\/regiontatry.sk\/wp-content\/uploads\/2025\/11\/lyziarska-skola-1536x1022.jpg 1536w, https:\/\/regiontatry.sk\/wp-content\/uploads\/2025\/11\/lyziarska-skola-860x572.jpg 860w, https:\/\/regiontatry.sk\/wp-content\/uploads\/2025\/11\/lyziarska-skola-698x465.jpg 698w, https:\/\/regiontatry.sk\/wp-content\/uploads\/2025\/11\/lyziarska-skola-552x367.jpg 552w, https:\/\/regiontatry.sk\/wp-content\/uploads\/2025\/11\/lyziarska-skola.jpg 1600w\" sizes=\"(max-width: 1024px) 100vw, 1024px\" \/><\/figure>\n<\/figure>\n\n\n\n<p>Ca o relaxare potrivit\u0103 dup\u0103 schi, pute\u021bi merge <a href=\"https:\/\/regiontatry.sk\/aktivity-a-atrakcie\/sankovacka\/\"><strong>cu sania<\/strong><\/a>, ziua sau noaptea, pe <strong>pista de 2,5 km de la Hrebienok la Star\u00fd Smokovec<\/strong>. Pe munte pute\u021bi urca cu telecabina.<br><\/p>\n\n\n\n<p>Sta\u021biunea Star\u00fd Smokovec este un <strong>punct de plecare ideal pentru <\/strong><a href=\"https:\/\/regiontatry.sk\/zimne-vylety\/\"><strong>drume\u021bii de iarn\u0103<\/strong><strong> <\/strong><\/a>spre cabane montane \u0219i cascade. Cei c\u0103rora nu le este fric\u0103 de iarn\u0103 vor fi \u00eenc\u00e2nta\u021bi de drume\u021biile prin&nbsp; peisajele de basm \u0219i de zgomotul z\u0103pezii care sc\u00e2r\u021b\u00e2ie sub picioare.<br><\/p>\n\n\n\n<p>\u00cen timpul iernii, centrul turistic Hrebienok din Mun\u021bii Tatra se transform\u0103 \u00eentr-un centru de art\u0103 a ghe\u021bii. Aici se desf\u0103\u0219oar\u0103 Campionatul <strong>Tatra Ice Master<\/strong>, iar aici se afl\u0103 \u0219i templul de ghea\u021b\u0103 <strong>\u00a0<\/strong><a href=\"https:\/\/regiontatry.sk\/ro\/templul-de-gheata-tatransky-dom\/\">Domul de ghea\u021b\u0103 Tatra.<\/a><br><\/p>\n\n\n\n<figure class=\"wp-block-gallery has-nested-images columns-default is-cropped wp-block-gallery-3 is-layout-flex wp-block-gallery-is-layout-flex\">\n<figure class=\"wp-block-image size-large\"><img loading=\"lazy\" decoding=\"async\" width=\"1024\" height=\"696\" data-id=\"11185830\" src=\"https:\/\/regiontatry.sk\/wp-content\/uploads\/2025\/11\/\u00a9-Marek-Hajkovsky_foto_Ladovy-Dom_2025_12-1024x696.jpg\" alt=\"\" class=\"wp-image-11185830\" srcset=\"https:\/\/regiontatry.sk\/wp-content\/uploads\/2025\/11\/\u00a9-Marek-Hajkovsky_foto_Ladovy-Dom_2025_12-1024x696.jpg 1024w, https:\/\/regiontatry.sk\/wp-content\/uploads\/2025\/11\/\u00a9-Marek-Hajkovsky_foto_Ladovy-Dom_2025_12-300x204.jpg 300w, https:\/\/regiontatry.sk\/wp-content\/uploads\/2025\/11\/\u00a9-Marek-Hajkovsky_foto_Ladovy-Dom_2025_12-768x522.jpg 768w, https:\/\/regiontatry.sk\/wp-content\/uploads\/2025\/11\/\u00a9-Marek-Hajkovsky_foto_Ladovy-Dom_2025_12-860x584.jpg 860w, https:\/\/regiontatry.sk\/wp-content\/uploads\/2025\/11\/\u00a9-Marek-Hajkovsky_foto_Ladovy-Dom_2025_12-698x474.jpg 698w, https:\/\/regiontatry.sk\/wp-content\/uploads\/2025\/11\/\u00a9-Marek-Hajkovsky_foto_Ladovy-Dom_2025_12-552x375.jpg 552w, https:\/\/regiontatry.sk\/wp-content\/uploads\/2025\/11\/\u00a9-Marek-Hajkovsky_foto_Ladovy-Dom_2025_12.jpg 1400w\" sizes=\"(max-width: 1024px) 100vw, 1024px\" \/><\/figure>\n\n\n\n<figure class=\"wp-block-image size-large\"><img loading=\"lazy\" decoding=\"async\" width=\"1024\" height=\"692\" data-id=\"9994707\" src=\"https:\/\/regiontatry.sk\/wp-content\/uploads\/2024\/11\/c-Marek-Hajkovsky-foto-sankovacka-Hrebienok-2018_15-1024x692.jpg\" alt=\"\" class=\"wp-image-9994707\" srcset=\"https:\/\/regiontatry.sk\/wp-content\/uploads\/2024\/11\/c-Marek-Hajkovsky-foto-sankovacka-Hrebienok-2018_15-1024x692.jpg 1024w, https:\/\/regiontatry.sk\/wp-content\/uploads\/2024\/11\/c-Marek-Hajkovsky-foto-sankovacka-Hrebienok-2018_15-300x203.jpg 300w, https:\/\/regiontatry.sk\/wp-content\/uploads\/2024\/11\/c-Marek-Hajkovsky-foto-sankovacka-Hrebienok-2018_15-768x519.jpg 768w, https:\/\/regiontatry.sk\/wp-content\/uploads\/2024\/11\/c-Marek-Hajkovsky-foto-sankovacka-Hrebienok-2018_15-860x581.jpg 860w, https:\/\/regiontatry.sk\/wp-content\/uploads\/2024\/11\/c-Marek-Hajkovsky-foto-sankovacka-Hrebienok-2018_15-698x472.jpg 698w, https:\/\/regiontatry.sk\/wp-content\/uploads\/2024\/11\/c-Marek-Hajkovsky-foto-sankovacka-Hrebienok-2018_15-552x373.jpg 552w, https:\/\/regiontatry.sk\/wp-content\/uploads\/2024\/11\/c-Marek-Hajkovsky-foto-sankovacka-Hrebienok-2018_15.jpg 1500w\" sizes=\"(max-width: 1024px) 100vw, 1024px\" \/><\/figure>\n\n\n\n<figure class=\"wp-block-image\"><img loading=\"lazy\" decoding=\"async\" width=\"1024\" height=\"597\" data-id=\"7201003\" src=\"https:\/\/regiontatry.sk\/wp-content\/uploads\/2021\/12\/c-Marek-Hajkovsky-foto-VT-2017_255_Hrebienok-lanovka-\u2013-small-1024x597.jpg\" alt=\"\" class=\"wp-image-7201003\" srcset=\"https:\/\/regiontatry.sk\/wp-content\/uploads\/2021\/12\/c-Marek-Hajkovsky-foto-VT-2017_255_Hrebienok-lanovka-\u2013-small-1024x597.jpg 1024w, https:\/\/regiontatry.sk\/wp-content\/uploads\/2021\/12\/c-Marek-Hajkovsky-foto-VT-2017_255_Hrebienok-lanovka-\u2013-small-300x175.jpg 300w, https:\/\/regiontatry.sk\/wp-content\/uploads\/2021\/12\/c-Marek-Hajkovsky-foto-VT-2017_255_Hrebienok-lanovka-\u2013-small-768x448.jpg 768w, https:\/\/regiontatry.sk\/wp-content\/uploads\/2021\/12\/c-Marek-Hajkovsky-foto-VT-2017_255_Hrebienok-lanovka-\u2013-small-1920x1120.jpg 1920w, https:\/\/regiontatry.sk\/wp-content\/uploads\/2021\/12\/c-Marek-Hajkovsky-foto-VT-2017_255_Hrebienok-lanovka-\u2013-small-1705x995.jpg 1705w, https:\/\/regiontatry.sk\/wp-content\/uploads\/2021\/12\/c-Marek-Hajkovsky-foto-VT-2017_255_Hrebienok-lanovka-\u2013-small-698x407.jpg 698w, https:\/\/regiontatry.sk\/wp-content\/uploads\/2021\/12\/c-Marek-Hajkovsky-foto-VT-2017_255_Hrebienok-lanovka-\u2013-small-552x322.jpg 552w\" sizes=\"(max-width: 1024px) 100vw, 1024px\" \/><\/figure>\n<\/figure>\n\n\n\n<h3 class=\"wp-block-heading\"><a style=\"font-weight: bold;\" href=\"http:\/\/www.vt.sk\/\" target=\"_blank\" rel=\"noreferrer noopener\"><br>Pagina web a sta\u021biunii<br><\/a><strong><a aria-label=\"Cump\u0103ra\u021biun skipass pe gopass.travel (otvor\u00ed sa v novej karte)\" href=\"https:\/\/www.gopass.travel\/SK\/homepage\" target=\"_blank\" rel=\"noreferrer noopener\"><br><\/a><\/strong><\/h3>\n","protected":false},"excerpt":{"rendered":"<p>Pentru schiorii pu\u021bin preten\u021bio\u0219i \u0219i \u00een special pentru \u00eencep\u0103tori, Star\u00fd Smokovec este o destina\u021bie potrivit\u0103. Jakubkova l\u00faka, cu pantele sale de dificultate u\u0219oar\u0103, ofer\u0103 posibilitatea de a v\u0103 preg\u0103ti temeinic pentru trasee mai solicitante. Dac\u0103 dori\u021bi s\u0103-i \u00eenv\u0103\u021ba\u021bi pe copiii s\u0103 schieze, echipa de instructori profesioni\u0219ti de la \u0219coala de schi va fi \u00eenc\u00e2ntat\u0103 s\u0103 [&hellip;]<\/p>\n","protected":false},"author":12,"featured_media":8558445,"parent":8558471,"menu_order":0,"comment_status":"closed","ping_status":"closed","template":"template-list.php","meta":{"footnotes":""},"class_list":["post-8558443","page","type-page","status-publish","has-post-thumbnail","hentry"],"_links":{"self":[{"href":"https:\/\/regiontatry.sk\/ro\/wp-json\/wp\/v2\/pages\/8558443"}],"collection":[{"href":"https:\/\/regiontatry.sk\/ro\/wp-json\/wp\/v2\/pages"}],"about":[{"href":"https:\/\/regiontatry.sk\/ro\/wp-json\/wp\/v2\/types\/page"}],"author":[{"embeddable":true,"href":"https:\/\/regiontatry.sk\/ro\/wp-json\/wp\/v2\/users\/12"}],"replies":[{"embeddable":true,"href":"https:\/\/regiontatry.sk\/ro\/wp-json\/wp\/v2\/comments?post=8558443"}],"version-history":[{"count":5,"href":"https:\/\/regiontatry.sk\/ro\/wp-json\/wp\/v2\/pages\/8558443\/revisions"}],"predecessor-version":[{"id":11193997,"href":"https:\/\/regiontatry.sk\/ro\/wp-json\/wp\/v2\/pages\/8558443\/revisions\/11193997"}],"up":[{"embeddable":true,"href":"https:\/\/regiontatry.sk\/ro\/wp-json\/wp\/v2\/pages\/8558471"}],"wp:featuredmedia":[{"embeddable":true,"href":"https:\/\/regiontatry.sk\/ro\/wp-json\/wp\/v2\/media\/8558445"}],"wp:attachment":[{"href":"https:\/\/regiontatry.sk\/ro\/wp-json\/wp\/v2\/media?parent=8558443"}],"curies":[{"name":"wp","href":"https:\/\/api.w.org\/{rel}","templated":true}]}}