{"id":8558455,"date":"2018-08-24T13:41:11","date_gmt":"2018-08-24T11:41:11","guid":{"rendered":"https:\/\/regiontatry.sk\/bezecke-lyzovanie\/"},"modified":"2026-01-08T22:28:16","modified_gmt":"2026-01-08T21:28:16","slug":"schi-de-fond","status":"publish","type":"page","link":"https:\/\/regiontatry.sk\/ro\/schi\/schi-de-fond\/","title":{"rendered":"Schi de fond"},"content":{"rendered":"\n<p>Schiul de fond reprezint\u0103 iarna \u00een Mun\u021bii Tatra, la fel de mult ca \u0219i schiul alpin. <strong>\u00cen fiecare dintre satele din mun\u021bii Tatra exist\u0103 trasee <\/strong>excelente de <strong>schi de fond, cu o lungime total\u0103 de peste 75km<\/strong>.<\/p>\n\n\n<div class=\"wp-block-image\">\n<figure class=\"alignright size-full is-resized\"><img loading=\"lazy\" decoding=\"async\" width=\"1024\" height=\"610\" src=\"https:\/\/regiontatry.sk\/wp-content\/uploads\/2024\/10\/image-5.png\" alt=\"\" class=\"wp-image-9952866\" style=\"width:490px;height:auto\" srcset=\"https:\/\/regiontatry.sk\/wp-content\/uploads\/2024\/10\/image-5.png 1024w, https:\/\/regiontatry.sk\/wp-content\/uploads\/2024\/10\/image-5-300x179.png 300w, https:\/\/regiontatry.sk\/wp-content\/uploads\/2024\/10\/image-5-768x458.png 768w, https:\/\/regiontatry.sk\/wp-content\/uploads\/2024\/10\/image-5-860x512.png 860w, https:\/\/regiontatry.sk\/wp-content\/uploads\/2024\/10\/image-5-698x416.png 698w, https:\/\/regiontatry.sk\/wp-content\/uploads\/2024\/10\/image-5-552x329.png 552w\" sizes=\"(max-width: 1024px) 100vw, 1024px\" \/><\/figure><\/div>\n\n\n<p>Cel mai mare centru de schi de fond din Mun\u021bii Tatra este <strong>\u0160trbsk\u00e9 Pleso<\/strong>. Acesta ofer\u0103 <strong>7<\/strong> <strong>circuite de schi de fond preg\u0103tite de profesioni\u0219ti, cu o <\/strong>lungime cuprins\u0103 \u00eentre 0,5 \u0219i 5 km. Aici se organizeaz\u0103 curse profesionale \u0219i de amatori. Centrul de schi de fond SNOW poate fi folosit pe toat\u0103 durata sezonului de iarn\u0103, datorit\u0103 z\u0103pezii artificiale. <\/p>\n\n\n\n<p>Sta\u021biunile <strong>Tatransk\u00e1 Lomnica, Star\u00fd Smokovec \u0219i localit\u0103\u021bile din jur <\/strong>ofer\u0103 peste 42 km de p\u00e2rtii de schi de fond de dificultate u\u0219oar\u0103 \u0219i medie. Aceste piste sunt foarte apreciate at\u00e2t de schiorii avansa\u021bi, c\u00e2t \u0219i cei \u00eencep\u0103tori.<br><\/p>\n\n\n\n<p><strong>Black Stork Golf Resort din Ve\u013ek\u00e1 Lomnica se transform\u0103 <\/strong>iarna \u00eentr-un centru de schi de fond, cu peste 10 km de trasee, iar pista <strong>de ciclism dintre Spi\u0161sk\u00e1 Bela \u0219i Tatransk\u00e1 Kotlina <\/strong>se transform\u0103 iarna \u00eentr-o pist\u0103 de schi de fond u\u0219oar\u0103 de 9 km.<br><\/p>\n\n\n\n<h2 class=\"wp-block-heading\"><br>Trasee de schi de fond din Mun\u021bii Tatra<br><\/h2>\n\n\n\n<h4 class=\"wp-block-heading\" id=\"mce_13\"><a href=\"https:\/\/regiontatry.sk\/wp-content\/uploads\/2025\/12\/mapa-zima-2025-26.pdf\" target=\"_blank\" rel=\"noreferrer noopener\">>>   descarc\u0103 HARTA .pdf    &lt;&lt;<\/a><a href=\"https:\/\/regiontatry.sk\/wp-content\/uploads\/2024\/12\/mapa-zima-2024-25.pdf\" target=\"_blank\" rel=\"noreferrer noopener\">&lt;<\/a><\/h4>\n\n\n\n<figure class=\"wp-block-image size-large\"><a href=\"https:\/\/regiontatry.sk\/wp-content\/uploads\/2025\/12\/mapa-zima-2025-26_titulka.png\" data-rel=\"lightbox-image-0\" data-rl_title=\"\" data-rl_caption=\"\" title=\"\"><img loading=\"lazy\" decoding=\"async\" width=\"1024\" height=\"726\" src=\"https:\/\/regiontatry.sk\/wp-content\/uploads\/2025\/12\/mapa-zima-2025-26_titulka-1024x726.png\" alt=\"\" class=\"wp-image-13171686\" srcset=\"https:\/\/regiontatry.sk\/wp-content\/uploads\/2025\/12\/mapa-zima-2025-26_titulka-1024x726.png 1024w, https:\/\/regiontatry.sk\/wp-content\/uploads\/2025\/12\/mapa-zima-2025-26_titulka-300x213.png 300w, https:\/\/regiontatry.sk\/wp-content\/uploads\/2025\/12\/mapa-zima-2025-26_titulka-768x545.png 768w, https:\/\/regiontatry.sk\/wp-content\/uploads\/2025\/12\/mapa-zima-2025-26_titulka-860x610.png 860w, https:\/\/regiontatry.sk\/wp-content\/uploads\/2025\/12\/mapa-zima-2025-26_titulka-698x495.png 698w, https:\/\/regiontatry.sk\/wp-content\/uploads\/2025\/12\/mapa-zima-2025-26_titulka-552x391.png 552w, https:\/\/regiontatry.sk\/wp-content\/uploads\/2025\/12\/mapa-zima-2025-26_titulka.png 1131w\" sizes=\"(max-width: 1024px) 100vw, 1024px\" \/><\/a><\/figure>\n\n\n\n<h3 class=\"wp-block-heading\"><br>Centrul de schi de fond SNOW \u0160trbsk\u00e9 Pleso<\/h3>\n\n\n\n<p>\u00cen zona de schi fond \u0160trbsk\u00e9 Pleso, o experien\u021b\u0103 de schi fond de neuitat v\u0103 a\u0219teapt\u0103 \u00eentr-una dintre cele mai frumoase \u00eemprejurimi ale Slovaciei. Ofer\u0103 acces la 8 piste de schi fond superb \u00eengrijite, potrivite pentru schiori de toate v\u00e2rstele \u0219i nivelurile de calificare. <strong>Traseele sunt \u00eengrijite \u0219i \u00eentre\u021binute zilnic pentru stilurile de alergare clasice (CT) \u0219i libere (FT).<\/strong><\/p>\n\n\n\n<p>Programul de func\u021bionare este zilnic de la <strong>9:00 a.m. la 6:00 p.m<\/strong>. Dup\u0103 ora 18:00 Se modific\u0103 pistele de fond, pistele \u00ceNCHISE.<\/p>\n\n\n\n<p>Intrarea \u00een zona de schi fond este contra cost. LISTA DE PRETURI ACTUALA <a href=\"https:\/\/sportticket.sk\/stredisko\/abl\">AICI!<\/a><\/p>\n\n\n\n<figure class=\"wp-block-gallery has-nested-images columns-default is-cropped wp-block-gallery-2 is-layout-flex wp-block-gallery-is-layout-flex\">\n<figure class=\"wp-block-image size-large\"><img loading=\"lazy\" decoding=\"async\" width=\"1024\" height=\"683\" data-id=\"8558465\" src=\"https:\/\/regiontatry.sk\/wp-content\/uploads\/2018\/11\/c-Marek-Hajkovsky-SPmarketing-bezkovanie-146-1-1024x683.jpg\" alt=\"\" class=\"wp-image-8558465\" srcset=\"https:\/\/regiontatry.sk\/wp-content\/uploads\/2018\/11\/c-Marek-Hajkovsky-SPmarketing-bezkovanie-146-1-1024x683.jpg 1024w, https:\/\/regiontatry.sk\/wp-content\/uploads\/2018\/11\/c-Marek-Hajkovsky-SPmarketing-bezkovanie-146-1-300x200.jpg 300w, https:\/\/regiontatry.sk\/wp-content\/uploads\/2018\/11\/c-Marek-Hajkovsky-SPmarketing-bezkovanie-146-1-768x513.jpg 768w, https:\/\/regiontatry.sk\/wp-content\/uploads\/2018\/11\/c-Marek-Hajkovsky-SPmarketing-bezkovanie-146-1-698x466.jpg 698w, https:\/\/regiontatry.sk\/wp-content\/uploads\/2018\/11\/c-Marek-Hajkovsky-SPmarketing-bezkovanie-146-1-552x368.jpg 552w, https:\/\/regiontatry.sk\/wp-content\/uploads\/2018\/11\/c-Marek-Hajkovsky-SPmarketing-bezkovanie-146-1.jpg 1500w\" sizes=\"(max-width: 1024px) 100vw, 1024px\" \/><\/figure>\n\n\n\n<figure class=\"wp-block-image size-large\"><img loading=\"lazy\" decoding=\"async\" width=\"1024\" height=\"633\" data-id=\"8600546\" src=\"https:\/\/regiontatry.sk\/wp-content\/uploads\/2022\/11\/c-Marek-Hajkovsky-foto-BEZKY-2021-16_11zon-1-1024x633.jpg\" alt=\"\" class=\"wp-image-8600546\" srcset=\"https:\/\/regiontatry.sk\/wp-content\/uploads\/2022\/11\/c-Marek-Hajkovsky-foto-BEZKY-2021-16_11zon-1-1024x633.jpg 1024w, https:\/\/regiontatry.sk\/wp-content\/uploads\/2022\/11\/c-Marek-Hajkovsky-foto-BEZKY-2021-16_11zon-1-300x186.jpg 300w, https:\/\/regiontatry.sk\/wp-content\/uploads\/2022\/11\/c-Marek-Hajkovsky-foto-BEZKY-2021-16_11zon-1-768x475.jpg 768w, https:\/\/regiontatry.sk\/wp-content\/uploads\/2022\/11\/c-Marek-Hajkovsky-foto-BEZKY-2021-16_11zon-1-1920x1187.jpg 1920w, https:\/\/regiontatry.sk\/wp-content\/uploads\/2022\/11\/c-Marek-Hajkovsky-foto-BEZKY-2021-16_11zon-1-1705x1054.jpg 1705w, https:\/\/regiontatry.sk\/wp-content\/uploads\/2022\/11\/c-Marek-Hajkovsky-foto-BEZKY-2021-16_11zon-1-698x432.jpg 698w, https:\/\/regiontatry.sk\/wp-content\/uploads\/2022\/11\/c-Marek-Hajkovsky-foto-BEZKY-2021-16_11zon-1-552x341.jpg 552w\" sizes=\"(max-width: 1024px) 100vw, 1024px\" \/><\/figure>\n\n\n\n<figure class=\"wp-block-image size-large\"><img loading=\"lazy\" decoding=\"async\" width=\"1024\" height=\"683\" data-id=\"8558464\" src=\"https:\/\/regiontatry.sk\/wp-content\/uploads\/2018\/11\/c-Marek-Hajkovsky-SPmarketing-bezkovanie-180-1-1024x683.jpg\" alt=\"\" class=\"wp-image-8558464\" srcset=\"https:\/\/regiontatry.sk\/wp-content\/uploads\/2018\/11\/c-Marek-Hajkovsky-SPmarketing-bezkovanie-180-1-1024x683.jpg 1024w, https:\/\/regiontatry.sk\/wp-content\/uploads\/2018\/11\/c-Marek-Hajkovsky-SPmarketing-bezkovanie-180-1-300x200.jpg 300w, https:\/\/regiontatry.sk\/wp-content\/uploads\/2018\/11\/c-Marek-Hajkovsky-SPmarketing-bezkovanie-180-1-768x513.jpg 768w, https:\/\/regiontatry.sk\/wp-content\/uploads\/2018\/11\/c-Marek-Hajkovsky-SPmarketing-bezkovanie-180-1-698x466.jpg 698w, https:\/\/regiontatry.sk\/wp-content\/uploads\/2018\/11\/c-Marek-Hajkovsky-SPmarketing-bezkovanie-180-1-552x368.jpg 552w, https:\/\/regiontatry.sk\/wp-content\/uploads\/2018\/11\/c-Marek-Hajkovsky-SPmarketing-bezkovanie-180-1.jpg 1500w\" sizes=\"(max-width: 1024px) 100vw, 1024px\" \/><\/figure>\n<\/figure>\n\n\n\n<h3 class=\"wp-block-heading has-text-align-center\"><br><a aria-label=\"Starea actual\u0103 a p\u00e2rtiilor de schi de fond  (otvor\u00ed sa v novej karte)\" href=\"http:\/\/abl.sk\/zima\/trate\/\" target=\"_blank\" rel=\"noreferrer noopener\">&gt;&gt;&gt;   Starea actual\u0103 a p\u00e2rtiilor de schi de fond &nbsp;  <strong>&lt;&lt;&lt;<\/strong><\/a><\/h3>\n\n\n<div class=\"wp-block-image\">\n<figure class=\"aligncenter size-large is-resized\"><a href=\"https:\/\/regiontatry.sk\/wp-content\/uploads\/2021\/12\/SNOW-\u0160trbsk\u00e9-Pleso.jpg\" data-rel=\"lightbox-image-1\" data-rl_title=\"\" data-rl_caption=\"\" title=\"\"><img loading=\"lazy\" decoding=\"async\" width=\"1024\" height=\"724\" src=\"https:\/\/regiontatry.sk\/wp-content\/uploads\/2021\/12\/SNOW-\u0160trbsk\u00e9-Pleso-1024x724.jpg\" alt=\"\" class=\"wp-image-7201018\" style=\"width:659px;height:auto\" srcset=\"https:\/\/regiontatry.sk\/wp-content\/uploads\/2021\/12\/SNOW-\u0160trbsk\u00e9-Pleso-1024x724.jpg 1024w, https:\/\/regiontatry.sk\/wp-content\/uploads\/2021\/12\/SNOW-\u0160trbsk\u00e9-Pleso-300x212.jpg 300w, https:\/\/regiontatry.sk\/wp-content\/uploads\/2021\/12\/SNOW-\u0160trbsk\u00e9-Pleso-768x543.jpg 768w, https:\/\/regiontatry.sk\/wp-content\/uploads\/2021\/12\/SNOW-\u0160trbsk\u00e9-Pleso-1920x1357.jpg 1920w, https:\/\/regiontatry.sk\/wp-content\/uploads\/2021\/12\/SNOW-\u0160trbsk\u00e9-Pleso-1705x1205.jpg 1705w, https:\/\/regiontatry.sk\/wp-content\/uploads\/2021\/12\/SNOW-\u0160trbsk\u00e9-Pleso-698x493.jpg 698w, https:\/\/regiontatry.sk\/wp-content\/uploads\/2021\/12\/SNOW-\u0160trbsk\u00e9-Pleso-552x390.jpg 552w\" sizes=\"(max-width: 1024px) 100vw, 1024px\" \/><\/a><\/figure><\/div>\n\n\n<h3 class=\"wp-block-heading\"><br>Traseele de schi fond din Mun\u021bii Tatra<\/h3>\n\n\n\n<figure class=\"wp-block-gallery has-nested-images columns-4 is-cropped wp-block-gallery-3 is-layout-flex wp-block-gallery-is-layout-flex\">\n<figure class=\"wp-block-image size-large\"><img loading=\"lazy\" decoding=\"async\" width=\"1024\" height=\"768\" data-id=\"9487864\" src=\"https:\/\/regiontatry.sk\/wp-content\/uploads\/2024\/02\/BEZKY-1_Lenka-Rusn\u00e1kov\u00e1-1-1024x768.jpg\" alt=\"\" class=\"wp-image-9487864\" srcset=\"https:\/\/regiontatry.sk\/wp-content\/uploads\/2024\/02\/BEZKY-1_Lenka-Rusn\u00e1kov\u00e1-1-1024x768.jpg 1024w, https:\/\/regiontatry.sk\/wp-content\/uploads\/2024\/02\/BEZKY-1_Lenka-Rusn\u00e1kov\u00e1-1-300x225.jpg 300w, https:\/\/regiontatry.sk\/wp-content\/uploads\/2024\/02\/BEZKY-1_Lenka-Rusn\u00e1kov\u00e1-1-768x576.jpg 768w, https:\/\/regiontatry.sk\/wp-content\/uploads\/2024\/02\/BEZKY-1_Lenka-Rusn\u00e1kov\u00e1-1-1920x1440.jpg 1920w, https:\/\/regiontatry.sk\/wp-content\/uploads\/2024\/02\/BEZKY-1_Lenka-Rusn\u00e1kov\u00e1-1-1705x1279.jpg 1705w, https:\/\/regiontatry.sk\/wp-content\/uploads\/2024\/02\/BEZKY-1_Lenka-Rusn\u00e1kov\u00e1-1-698x524.jpg 698w, https:\/\/regiontatry.sk\/wp-content\/uploads\/2024\/02\/BEZKY-1_Lenka-Rusn\u00e1kov\u00e1-1-552x414.jpg 552w\" sizes=\"(max-width: 1024px) 100vw, 1024px\" \/><figcaption class=\"wp-element-caption\">Nov\u00fd Smokovec &#8211; Vy\u0161n\u00e9 H\u00e1gy<\/figcaption><\/figure>\n\n\n\n<figure class=\"wp-block-image size-large\"><img loading=\"lazy\" decoding=\"async\" width=\"819\" height=\"1024\" data-id=\"9487764\" src=\"https:\/\/regiontatry.sk\/wp-content\/uploads\/2024\/02\/be\u017eky_vy\u0161n\u00e9-h\u00e1gy-819x1024.jpg\" alt=\"\" class=\"wp-image-9487764\" srcset=\"https:\/\/regiontatry.sk\/wp-content\/uploads\/2024\/02\/be\u017eky_vy\u0161n\u00e9-h\u00e1gy-819x1024.jpg 819w, https:\/\/regiontatry.sk\/wp-content\/uploads\/2024\/02\/be\u017eky_vy\u0161n\u00e9-h\u00e1gy-240x300.jpg 240w, https:\/\/regiontatry.sk\/wp-content\/uploads\/2024\/02\/be\u017eky_vy\u0161n\u00e9-h\u00e1gy-768x960.jpg 768w, https:\/\/regiontatry.sk\/wp-content\/uploads\/2024\/02\/be\u017eky_vy\u0161n\u00e9-h\u00e1gy-698x873.jpg 698w, https:\/\/regiontatry.sk\/wp-content\/uploads\/2024\/02\/be\u017eky_vy\u0161n\u00e9-h\u00e1gy-552x690.jpg 552w, https:\/\/regiontatry.sk\/wp-content\/uploads\/2024\/02\/be\u017eky_vy\u0161n\u00e9-h\u00e1gy.jpg 1440w\" sizes=\"(max-width: 819px) 100vw, 819px\" \/><figcaption class=\"wp-element-caption\">Nov\u00fd Smokovec &#8211; Vy\u0161n\u00e9 H\u00e1gy<\/figcaption><\/figure>\n\n\n\n<figure class=\"wp-block-image size-large\"><img loading=\"lazy\" decoding=\"async\" width=\"1024\" height=\"768\" data-id=\"9487757\" src=\"https:\/\/regiontatry.sk\/wp-content\/uploads\/2024\/02\/bezky-kolbisko-1024x768.jpg\" alt=\"\" class=\"wp-image-9487757\" srcset=\"https:\/\/regiontatry.sk\/wp-content\/uploads\/2024\/02\/bezky-kolbisko-1024x768.jpg 1024w, https:\/\/regiontatry.sk\/wp-content\/uploads\/2024\/02\/bezky-kolbisko-300x225.jpg 300w, https:\/\/regiontatry.sk\/wp-content\/uploads\/2024\/02\/bezky-kolbisko-768x576.jpg 768w, https:\/\/regiontatry.sk\/wp-content\/uploads\/2024\/02\/bezky-kolbisko-1920x1440.jpg 1920w, https:\/\/regiontatry.sk\/wp-content\/uploads\/2024\/02\/bezky-kolbisko-1705x1279.jpg 1705w, https:\/\/regiontatry.sk\/wp-content\/uploads\/2024\/02\/bezky-kolbisko-698x524.jpg 698w, https:\/\/regiontatry.sk\/wp-content\/uploads\/2024\/02\/bezky-kolbisko-552x414.jpg 552w, https:\/\/regiontatry.sk\/wp-content\/uploads\/2024\/02\/bezky-kolbisko.jpg 2048w\" sizes=\"(max-width: 1024px) 100vw, 1024px\" \/><figcaption class=\"wp-element-caption\">Kolbisko<\/figcaption><\/figure>\n\n\n\n<figure class=\"wp-block-image size-large\"><img loading=\"lazy\" decoding=\"async\" width=\"1024\" height=\"713\" data-id=\"9487659\" src=\"https:\/\/regiontatry.sk\/wp-content\/uploads\/2024\/02\/IMG_4303-Edit-2-1024x713.jpg\" alt=\"\" class=\"wp-image-9487659\" srcset=\"https:\/\/regiontatry.sk\/wp-content\/uploads\/2024\/02\/IMG_4303-Edit-2-1024x713.jpg 1024w, https:\/\/regiontatry.sk\/wp-content\/uploads\/2024\/02\/IMG_4303-Edit-2-300x209.jpg 300w, https:\/\/regiontatry.sk\/wp-content\/uploads\/2024\/02\/IMG_4303-Edit-2-768x535.jpg 768w, https:\/\/regiontatry.sk\/wp-content\/uploads\/2024\/02\/IMG_4303-Edit-2-1920x1337.jpg 1920w, https:\/\/regiontatry.sk\/wp-content\/uploads\/2024\/02\/IMG_4303-Edit-2-1705x1187.jpg 1705w, https:\/\/regiontatry.sk\/wp-content\/uploads\/2024\/02\/IMG_4303-Edit-2-698x486.jpg 698w, https:\/\/regiontatry.sk\/wp-content\/uploads\/2024\/02\/IMG_4303-Edit-2-552x384.jpg 552w\" sizes=\"(max-width: 1024px) 100vw, 1024px\" \/><figcaption class=\"wp-element-caption\">Starolesniansk\u00e9 l\u00fak<\/figcaption><\/figure>\n<\/figure>\n\n\n\n<h3 class=\"wp-block-heading has-text-align-center\" id=\"mce_27\"><br><a aria-label=\"&gt;&gt;&gt; Aktu\u00e1lny stav be\u017eeck\u00fdch trat\u00ed&nbsp; &lt;&lt;&lt; (otvor\u00ed sa v novej karte)\" href=\"https:\/\/www.vysoketatry.sk\/bt.html\" target=\"_blank\" rel=\"noreferrer noopener\">&gt;&gt;&gt; Starea actual\u0103 a p\u00e2rtiilor de schi de fond &nbsp; &lt;&lt;&lt;<\/a><\/h3>\n\n\n<div class=\"wp-block-image\">\n<figure class=\"aligncenter\"><img loading=\"lazy\" decoding=\"async\" width=\"700\" height=\"362\" src=\"https:\/\/regiontatry.sk\/wp-content\/uploads\/2019\/12\/i_5927958.png\" alt=\"\" class=\"wp-image-23339\" srcset=\"https:\/\/regiontatry.sk\/wp-content\/uploads\/2019\/12\/i_5927958.png 700w, https:\/\/regiontatry.sk\/wp-content\/uploads\/2019\/12\/i_5927958-300x155.png 300w, https:\/\/regiontatry.sk\/wp-content\/uploads\/2019\/12\/i_5927958-698x361.png 698w, https:\/\/regiontatry.sk\/wp-content\/uploads\/2019\/12\/i_5927958-552x285.png 552w\" sizes=\"(max-width: 700px) 100vw, 700px\" \/><\/figure><\/div>\n\n\n<h3 class=\"wp-block-heading\"><br>P\u00e2rtii de schi de fond Black Stork, Ve\u013ek\u00e1 Lomnica<\/h3>\n\n\n\n<figure class=\"wp-block-image\"><a href=\"https:\/\/regiontatry.sk\/wp-content\/uploads\/2019\/12\/bezecke-trate-black-stork-velka-lomnica-hotel-international-mapa.jpg\" data-rel=\"lightbox-image-2\" data-rl_title=\"\" data-rl_caption=\"\" title=\"\"><img loading=\"lazy\" decoding=\"async\" width=\"1024\" height=\"724\" src=\"https:\/\/regiontatry.sk\/wp-content\/uploads\/2019\/12\/bezecke-trate-black-stork-velka-lomnica-hotel-international-mapa-1024x724.jpg\" alt=\"\" class=\"wp-image-23356\" srcset=\"https:\/\/regiontatry.sk\/wp-content\/uploads\/2019\/12\/bezecke-trate-black-stork-velka-lomnica-hotel-international-mapa-1024x724.jpg 1024w, https:\/\/regiontatry.sk\/wp-content\/uploads\/2019\/12\/bezecke-trate-black-stork-velka-lomnica-hotel-international-mapa-300x212.jpg 300w, https:\/\/regiontatry.sk\/wp-content\/uploads\/2019\/12\/bezecke-trate-black-stork-velka-lomnica-hotel-international-mapa-768x543.jpg 768w, https:\/\/regiontatry.sk\/wp-content\/uploads\/2019\/12\/bezecke-trate-black-stork-velka-lomnica-hotel-international-mapa-698x493.jpg 698w, https:\/\/regiontatry.sk\/wp-content\/uploads\/2019\/12\/bezecke-trate-black-stork-velka-lomnica-hotel-international-mapa-552x390.jpg 552w, https:\/\/regiontatry.sk\/wp-content\/uploads\/2019\/12\/bezecke-trate-black-stork-velka-lomnica-hotel-international-mapa.jpg 1600w\" sizes=\"(max-width: 1024px) 100vw, 1024px\" \/><\/a><\/figure>\n\n\n\n<p>Alege\u021bi stilul care vi se potrive\u0219te cel mai bine. Stil clasic pe o pist\u0103 frezat\u0103 sau stil de patinaj pe o pist\u0103 \u00eengrijit\u0103.<\/p>\n\n\n\n<p>Dac\u0103 vre\u021bi s\u0103 face\u021bi sport \u00een vacan\u021b\u0103, dar cu un efort minim pentru articula\u021bii \u0219i o preg\u0103tire fizic\u0103 maxim\u0103, schiul de fond este sportul potrivit pentru dumneavoastr\u0103.<\/p>\n\n\n\n<h2 class=\"wp-block-heading\"><br><strong>\u00cenchiriere de schiuri de fond \u0219i echipament de schi de fond<\/strong><\/h2>\n\n\n\n<figure class=\"wp-block-table is-style-stripes\"><table class=\"has-pale-cyan-blue-background-color has-background has-fixed-layout\"><tbody><tr><td><strong>INTERSPORT RENT GALFY<\/strong><\/td><td>Horn\u00fd Smokovec<br>\u0160trbsk\u00e9 Pleso, Hotel Crocus<br><\/td><td>+421 52 478 14 02<br>+421 52 446 84 35<br><\/td><td><a href=\"https:\/\/www.galfy.sk\/pozicovna\" class=\"broken_link\">www.galfy.sk\/pozicovna<\/a><\/td><\/tr><tr><td><strong>INTERSPORT RENT \u0160TRBSK\u00c9 PLESO <\/strong><\/td><td>ved\u013ea budovy infocentra <\/td><td> +421 903 409 189 <\/td><td><a href=\"http:\/\/www.vt.sk\/ski-skola-a-pozicovna\/pozicovna-vystroje-tatry-motion\" target=\"_blank\" rel=\"noreferrer noopener\" label=\"www.vt.sk\/ski-skola-a-pozicovna\/pozicovna-vystroje-tatry-motion (otvor\u00ed sa v novej karte)\" class=\"broken_link\">www.vt.sk\/ski-skola-a-pozicovna\/pozicovna-vystroje-tatry-motion<\/a><br><\/td><\/tr><tr><td><strong>Are\u00e1l be\u017eeck\u00e9ho ly\u017eovania SNOW<\/strong> <\/td><td>ABL Snow, \u0160trbsk\u00e9 Pleso<\/td><td>+421 911 576 667<\/td><td><a href=\"http:\/\/abl.sk\/zima\/sluzby\/\">abl.sk<\/a><\/td><\/tr><tr><td><strong>KRAMER<\/strong><\/td><td>Tatransk\u00e1 Lomnica (Slne\u010dn\u00fd dom)<\/td><td>&nbsp;+421 917 420 976<\/td><td><a href=\"http:\/\/www.ski-tatry.sk\" target=\"_blank\" rel=\"noreferrer noopener\">www.ski-tatry.sk<\/a><\/td><\/tr><tr><td><strong>TATRA SKI SCHOOL<\/strong><\/td><td>\u0160trbsk\u00e9 Pleso (Are\u00e1l Snov)<\/td><td>&nbsp;+421 908 318 080<\/td><td><a href=\"https:\/\/www.skirent.sk\/\" target=\"_blank\" rel=\"noreferrer noopener\">www.skirent.sk<\/a><\/td><\/tr><tr><td><strong>SKIRENTAL<\/strong><br><\/td><td>Tatransk\u00e1 Lomnica (Hotel Morava)<br>\u0160trbsk\u00e9 Pleso (Hotel Crocus)<br>Tatransk\u00e1 \u0160trba (Penzi\u00f3n \u0160trba)<br><\/td><td>+421 907 125 436, <\/td><td><a href=\"http:\/\/www.skirental.sk\" target=\"_blank\" rel=\"noreferrer noopener\" aria-label=\"www.skirental.sk (otvor\u00ed sa v novej karte)\">www.skirental.sk<\/a><\/td><\/tr><tr><td><strong>PROGRES TATRY<\/strong> <\/td><td>Star\u00fd Smokovec<br>Tatransk\u00e1 Lomnica<br>\u0160trbsk\u00e9 Pleso<br><\/td><td>+421 905 202 845<br><\/td><td><a href=\"http:\/\/www.progrestatry.sk\" target=\"_blank\" rel=\"noreferrer noopener\" aria-label=\"www.progrestatry.sk (otvor\u00ed sa v novej karte)\">www.progrestatry.sk<\/a><\/td><\/tr><\/tbody><\/table><\/figure>\n\n\n\n<p><br>\u00centre\u021binerea regulat\u0103 a pistelor de fond din \u0160trbsk\u00e9 Pleso, Star\u00fd Smokovec \u0219i Tatransk\u00e1 Lomnica se realizeaz\u0103 cu sprijinul financiar al Ministerului Turismului \u0219i Sportului din Republica Slovac\u0103.<\/p>\n\n\n\n<p><img loading=\"lazy\" decoding=\"async\" class=\"alignnone size-medium wp-image-9511194\" src=\"https:\/\/regiontatry.sk\/wp-content\/uploads\/2024\/02\/Ministerstvo_cestovneho-ruchu-a-sportu_SR_EN_Farebne-1-300x120.png\" alt=\"\" width=\"300\" height=\"120\" srcset=\"https:\/\/regiontatry.sk\/wp-content\/uploads\/2024\/02\/Ministerstvo_cestovneho-ruchu-a-sportu_SR_EN_Farebne-1-300x120.png 300w, https:\/\/regiontatry.sk\/wp-content\/uploads\/2024\/02\/Ministerstvo_cestovneho-ruchu-a-sportu_SR_EN_Farebne-1-768x307.png 768w, https:\/\/regiontatry.sk\/wp-content\/uploads\/2024\/02\/Ministerstvo_cestovneho-ruchu-a-sportu_SR_EN_Farebne-1-1024x410.png 1024w, https:\/\/regiontatry.sk\/wp-content\/uploads\/2024\/02\/Ministerstvo_cestovneho-ruchu-a-sportu_SR_EN_Farebne-1-1920x769.png 1920w, https:\/\/regiontatry.sk\/wp-content\/uploads\/2024\/02\/Ministerstvo_cestovneho-ruchu-a-sportu_SR_EN_Farebne-1-1705x682.png 1705w, https:\/\/regiontatry.sk\/wp-content\/uploads\/2024\/02\/Ministerstvo_cestovneho-ruchu-a-sportu_SR_EN_Farebne-1-698x279.png 698w, https:\/\/regiontatry.sk\/wp-content\/uploads\/2024\/02\/Ministerstvo_cestovneho-ruchu-a-sportu_SR_EN_Farebne-1-552x221.png 552w\" sizes=\"(max-width: 300px) 100vw, 300px\" \/><\/p>\n","protected":false},"excerpt":{"rendered":"<p>Schiul de fond reprezint\u0103 iarna \u00een Mun\u021bii Tatra, la fel de mult ca \u0219i schiul alpin. \u00cen fiecare dintre satele din mun\u021bii Tatra exist\u0103 trasee excelente de schi de fond, cu o lungime total\u0103 de peste 75km. Cel mai mare centru de schi de fond din Mun\u021bii Tatra este \u0160trbsk\u00e9 Pleso. Acesta ofer\u0103 7 circuite [&hellip;]<\/p>\n","protected":false},"author":1,"featured_media":8558457,"parent":8558471,"menu_order":0,"comment_status":"closed","ping_status":"closed","template":"template-simple-page.php","meta":{"footnotes":""},"class_list":["post-8558455","page","type-page","status-publish","has-post-thumbnail","hentry"],"_links":{"self":[{"href":"https:\/\/regiontatry.sk\/ro\/wp-json\/wp\/v2\/pages\/8558455"}],"collection":[{"href":"https:\/\/regiontatry.sk\/ro\/wp-json\/wp\/v2\/pages"}],"about":[{"href":"https:\/\/regiontatry.sk\/ro\/wp-json\/wp\/v2\/types\/page"}],"author":[{"embeddable":true,"href":"https:\/\/regiontatry.sk\/ro\/wp-json\/wp\/v2\/users\/1"}],"replies":[{"embeddable":true,"href":"https:\/\/regiontatry.sk\/ro\/wp-json\/wp\/v2\/comments?post=8558455"}],"version-history":[{"count":13,"href":"https:\/\/regiontatry.sk\/ro\/wp-json\/wp\/v2\/pages\/8558455\/revisions"}],"predecessor-version":[{"id":13222923,"href":"https:\/\/regiontatry.sk\/ro\/wp-json\/wp\/v2\/pages\/8558455\/revisions\/13222923"}],"up":[{"embeddable":true,"href":"https:\/\/regiontatry.sk\/ro\/wp-json\/wp\/v2\/pages\/8558471"}],"wp:featuredmedia":[{"embeddable":true,"href":"https:\/\/regiontatry.sk\/ro\/wp-json\/wp\/v2\/media\/8558457"}],"wp:attachment":[{"href":"https:\/\/regiontatry.sk\/ro\/wp-json\/wp\/v2\/media?parent=8558455"}],"curies":[{"name":"wp","href":"https:\/\/api.w.org\/{rel}","templated":true}]}}