{"id":8558471,"date":"2018-07-30T09:09:16","date_gmt":"2018-07-30T07:09:16","guid":{"rendered":"https:\/\/regiontatry.sk\/lyzovanie\/"},"modified":"2025-10-07T23:01:41","modified_gmt":"2025-10-07T21:01:41","slug":"schi","status":"publish","type":"page","link":"https:\/\/regiontatry.sk\/ro\/schi\/","title":{"rendered":"Schi"},"content":{"rendered":"\n<p>Ofer\u0103-\u021bi o vacan\u021b\u0103 de neuitat plin\u0103 de aventuri de iarn\u0103 \u0219i tr\u0103ie\u0219te experien\u021ba schiatului de vis.<br>Schiaz\u0103 \u00een <strong>Mun\u021bii Tatra \u00cenalt\u0103<\/strong>, care ofer\u0103 <strong>24 de kilometri <\/strong>de p\u00e2rtii mereu bine preg\u0103tite \u0219i garan\u021bia z\u0103pezii<strong> timp de 5 luni pe an<\/strong>. \u00cen sta\u021biunile de top <strong>Tatransk\u00e1 Lomnica, \u0160trbsk\u00e9 Pleso \u0219i Star\u00fd Smokovec<\/strong>, te vor duce p\u00e2n\u0103 la nori <strong>20 de telescaune \u0219i teleschiuri moderne.<\/strong><\/p>\n\n\n\n<p>\u00cen <strong>Tatransk\u00e1 Lomnica<\/strong> te a\u0219teapt\u0103 cea mai lung\u0103 p\u00e2rtie de carving, de <strong>5,5 kilometri<\/strong>, cu o <strong>l<\/strong>\u0103\u021bime de p\u00e2n\u0103 la 60 m \u0219i posibilitatea de a schia de la altitudinea de <strong>2190 m<\/strong>, pe cea mai abrupt\u0103 p\u00e2rtie din \u0218aua Lomnick\u00e9. <strong>\u0160trbsk\u00e9 Pleso<\/strong> ofer\u0103 <strong>9 km de p\u00e2rtii de schi<\/strong> \u0219i un <strong>snowpark modern. \u00ce<\/strong>n ambele sta\u021biuni se afl\u0103 \u0219i singurele zone de instruire pentru copii Maxiland, complet \u00eemprejmuite.<br><strong>Star\u00fd Smokovec<\/strong> este alegerea ideal\u0103 pentru copiii mici \u0219i \u00eencep\u0103torii absolu\u021bi, datorit\u0103 p\u00e2rtiilor sale u\u0219oare. O zi pl\u0103cut\u0103 la schi nu se termin\u0103 pe p\u00e2rtie \u2013 te a\u0219teapt\u0103 <strong>d<\/strong>istrac\u021bie garantat\u0103<strong> \u00een Apres Ski<\/strong> din fiecare sta\u021biune \u0219i <strong>transport ecologic cu SKIbus-ul<\/strong> direct de la hotel p\u00e2n\u0103 la p\u00e2rtie.<br>\u00cen \u00eentreaga zon\u0103 a Tatrilor \u00cenal\u021bi, po\u021bi schia cu <strong>skipass-ul unic t\u0103tar.<\/strong><\/p>\n\n\n\n<p>\u00cen regiunea Tatra \u00cenalt\u0103, \u0219i iubitorii de schi fond se pot bucura de condi\u021bii excelente. Complexul <strong>\u0160trbsk\u00e9 Pleso<\/strong> ofer\u0103 <strong>mai multe trasee cu grade diferite de dificultate<\/strong>, \u00eensum\u00e2nd <strong>25 km<\/strong>. Trasee de schi fond pot fi g\u0103site \u0219i \u00een <strong>Tatransk\u00e1 Lomnica, Star\u00fd Smokovec<\/strong>, precum \u0219i \u00een zonele de poal\u0103. Terenul de golf Black Stork din Ve\u013ek\u00e1 Lomnica se transform\u0103 iarna \u00eentr-un complex de trasee de schi fond de peste 10 km.<br>\u00cen total, sunt preg\u0103tite pentru tine <strong><a href=\"https:\/\/regiontatry.sk\/ro\/schi\/schi-de-fond\/\">peste 72 km de trasee excelente de schi fond<\/a><\/strong> \u00een toate localit\u0103\u021bile t\u0103tare.<\/p>\n\n\n\n<p>Nu ai propriul echipament? Nicio problem\u0103! \u00cen <strong>Mun\u021bii Tatra \u00cenalt\u0103<\/strong> po\u021bi \u00eenchiria cu u\u0219urin\u021b\u0103 tot ce ai nevoie \u2013 de la schiuri \u0219i snowboarduri moderne p\u00e2n\u0103 la c\u0103\u0219ti \u0219i accesorii. <a href=\"https:\/\/regiontatry.sk\/ro\/schi\/inchiriere-de-schi-si-echipament-de-schi\/\" target=\"_blank\" rel=\"noreferrer noopener\"><strong>Centrele de \u00eenchiriere<\/strong> <\/a>ofer\u0103 <strong>echipamente moderne \u0219i de \u00eenalt\u0103 calitate <\/strong>pentru toat\u0103 lumea.<\/p>\n\n\n\n<p>\u0218i dac\u0103 abia \u00eenve\u021bi s\u0103 schiezi, <a href=\"https:\/\/regiontatry.sk\/ro\/schi\/scoli-de-schi\/\" target=\"_blank\" rel=\"noreferrer noopener\">instructorii experimenta\u021bi <\/a>din \u0219colile de schi din sta\u021biunile t\u0103tare se vor ocupa de primele tale experien\u021be pe z\u0103pad\u0103.<\/p>\n\n\n\n<p><strong>Las\u0103-te purtat de panoramele alpine spectaculoase \u0219i de atmosfera fantastic\u0103<\/strong> pe care <strong>cele mai mici mun\u021bi \u00eenal\u021bi din lume<\/strong> \u021bi le ofer\u0103 iarna.<\/p>\n\n\n\t<div class=\"wp-block-cgb-block-creanet-grid category-list cell small-12 medium-4 cg\">\n\t\t<div class=\"cell small-12 medium-12 large-12 medium-order-1\">\n\t\t\t<a href=\"\/ro\/schi\/tatranska-lomnica\/\">\n\t\t\t\t<div class=\"background-grid-color\"><\/div>\n\t\t\t\t\t\t\t\t\t<figure><img decoding=\"async\" src=\"https:\/\/regiontatry.sk\/wp-content\/uploads\/2024\/11\/\u00a9-Marek-Hajkovsky-foto-VT-kampan-zima-2024_115-e1732222566500.jpg\" alt=\"ly\u017eovanie Skalnat\u00e9 pleso\n\"\n\t\t\t\t\t\t\t\t title=\"\u00a9 Marek Hajkovsky foto VT kampan zima 2024_115\"\/><\/figure>\n\t\t\t\t\t\t\t\t<h3>Tatransk\u00e1 Lomnica<\/h3>\t\t\t\t\t\t\t<\/a>\n\t\t<\/div>\n\t<\/div>\n\t\n\n\t<div class=\"wp-block-cgb-block-creanet-grid category-list cell small-12 medium-4 cg\">\n\t\t<div class=\"cell small-12 medium-12 large-12 medium-order-1\">\n\t\t\t<a href=\"\/ro\/schi\/strbske-pleso\/\">\n\t\t\t\t<div class=\"background-grid-color\"><\/div>\n\t\t\t\t\t\t\t\t\t<figure><img decoding=\"async\" src=\"https:\/\/regiontatry.sk\/wp-content\/uploads\/2024\/11\/c-Marek-Hajkovsky-foto-STRBSKE-PLESO-lyziar-2020-19_11zon.jpg\" alt=\"\"\n\t\t\t\t\t\t\t\t title=\"c Marek Hajkovsky foto STRBSKE PLESO lyziar 2020 19_11zon\"\/><\/figure>\n\t\t\t\t\t\t\t\t<h3>\u0160trbsk\u00e9 Pleso<\/h3>\t\t\t\t\t\t\t<\/a>\n\t\t<\/div>\n\t<\/div>\n\t\n\n\t<div class=\"wp-block-cgb-block-creanet-grid category-list cell small-12 medium-4 cg\">\n\t\t<div class=\"cell small-12 medium-12 large-12 medium-order-1\">\n\t\t\t<a href=\"\/ro\/schi\/stary-smokovec\/\">\n\t\t\t\t<div class=\"background-grid-color\"><\/div>\n\t\t\t\t\t\t\t\t\t<figure><img decoding=\"async\" src=\"https:\/\/regiontatry.sk\/wp-content\/uploads\/2018\/09\/Maxiland-for-children_800.jpg\" alt=\"\"\n\t\t\t\t\t\t\t\t title=\"Maxiland-for-children_800\"\/><\/figure>\n\t\t\t\t\t\t\t\t<h3>Star\u00fd Smokovec<\/h3>\t\t\t\t\t\t\t<\/a>\n\t\t<\/div>\n\t<\/div>\n\t\n\n\t<div class=\"wp-block-cgb-block-creanet-grid category-list cell small-12 medium-4 cg\">\n\t\t<div class=\"cell small-12 medium-12 large-12 medium-order-1\">\n\t\t\t<a href=\"\/ro\/schi\/schi-de-fond\/\">\n\t\t\t\t<div class=\"background-grid-color\"><\/div>\n\t\t\t\t\t\t\t\t\t<figure><img decoding=\"async\" src=\"https:\/\/regiontatry.sk\/wp-content\/uploads\/2018\/09\/P1110316.jpg\" alt=\"\"\n\t\t\t\t\t\t\t\t title=\"P1110316\"\/><\/figure>\n\t\t\t\t\t\t\t\t<h3>Schi de fond<\/h3>\t\t\t\t\t\t\t<\/a>\n\t\t<\/div>\n\t<\/div>\n\t\n\n\t<div class=\"wp-block-cgb-block-creanet-grid category-list cell small-12 medium-4 cg\">\n\t\t<div class=\"cell small-12 medium-12 large-12 medium-order-1\">\n\t\t\t<a href=\"\/ro\/schi\/ski-aqua-bus\/\">\n\t\t\t\t<div class=\"background-grid-color\"><\/div>\n\t\t\t\t\t\t\t\t\t<figure><img decoding=\"async\" src=\"https:\/\/regiontatry.sk\/wp-content\/uploads\/2024\/02\/ski-bus-foto.png\" alt=\"\"\n\t\t\t\t\t\t\t\t title=\"ski bus foto\"\/><\/figure>\n\t\t\t\t\t\t\t\t<h3>SKI &amp; AQUA BUS<\/h3>\t\t\t\t\t\t\t<\/a>\n\t\t<\/div>\n\t<\/div>\n\t","protected":false},"excerpt":{"rendered":"<p>Ofer\u0103-\u021bi o vacan\u021b\u0103 de neuitat plin\u0103 de aventuri de iarn\u0103 \u0219i tr\u0103ie\u0219te experien\u021ba schiatului de vis.Schiaz\u0103 \u00een Mun\u021bii Tatra \u00cenalt\u0103, care ofer\u0103 24 de kilometri de p\u00e2rtii mereu bine preg\u0103tite \u0219i garan\u021bia z\u0103pezii timp de 5 luni pe an. \u00cen sta\u021biunile de top Tatransk\u00e1 Lomnica, \u0160trbsk\u00e9 Pleso \u0219i Star\u00fd Smokovec, te vor duce p\u00e2n\u0103 la [&hellip;]<\/p>\n","protected":false},"author":1,"featured_media":9487905,"parent":0,"menu_order":0,"comment_status":"closed","ping_status":"closed","template":"template-list.php","meta":{"footnotes":""},"class_list":["post-8558471","page","type-page","status-publish","has-post-thumbnail","hentry"],"_links":{"self":[{"href":"https:\/\/regiontatry.sk\/ro\/wp-json\/wp\/v2\/pages\/8558471"}],"collection":[{"href":"https:\/\/regiontatry.sk\/ro\/wp-json\/wp\/v2\/pages"}],"about":[{"href":"https:\/\/regiontatry.sk\/ro\/wp-json\/wp\/v2\/types\/page"}],"author":[{"embeddable":true,"href":"https:\/\/regiontatry.sk\/ro\/wp-json\/wp\/v2\/users\/1"}],"replies":[{"embeddable":true,"href":"https:\/\/regiontatry.sk\/ro\/wp-json\/wp\/v2\/comments?post=8558471"}],"version-history":[{"count":7,"href":"https:\/\/regiontatry.sk\/ro\/wp-json\/wp\/v2\/pages\/8558471\/revisions"}],"predecessor-version":[{"id":11140496,"href":"https:\/\/regiontatry.sk\/ro\/wp-json\/wp\/v2\/pages\/8558471\/revisions\/11140496"}],"wp:featuredmedia":[{"embeddable":true,"href":"https:\/\/regiontatry.sk\/ro\/wp-json\/wp\/v2\/media\/9487905"}],"wp:attachment":[{"href":"https:\/\/regiontatry.sk\/ro\/wp-json\/wp\/v2\/media?parent=8558471"}],"curies":[{"name":"wp","href":"https:\/\/api.w.org\/{rel}","templated":true}]}}