{"id":8558504,"date":"2018-08-24T14:06:41","date_gmt":"2018-08-24T12:06:41","guid":{"rendered":"https:\/\/regiontatry.sk\/zimna-turistika\/"},"modified":"2024-11-06T22:40:39","modified_gmt":"2024-11-06T21:40:39","slug":"drumetii-prin-peisajul-de-iarna","status":"publish","type":"page","link":"https:\/\/regiontatry.sk\/ro\/excursii-de-iarna\/drumetii-prin-peisajul-de-iarna\/","title":{"rendered":"Drume\u021bii prin peisajul de iarn\u0103"},"content":{"rendered":"\n<p>V\u0103 pute\u021bi bucura de idila de iarn\u0103 din Mun\u021bii Tatra nu doar ca schior sau alpinist. \u00cen mediul montan \u00eenalt, sunt marcate aproximativ <strong>20 km de trasee de drume\u021bie <\/strong>\u00een fiecare iarn\u0103, astfel \u00eenc\u00e2t \u0219i iubitorii de drume\u021bii s\u0103 se poat\u0103 bucura din plin de vacan\u021ba de iarn\u0103 \u00een Mun\u021bii Tatra.<\/p>\n\n\n\n<p>\u00cenchiderea sezonier\u0103 a traseelor \u200b\u200bde drume\u021bii selectate din <strong>Mun\u021bii Tatra \u00cenalte dureaz\u0103 \u00eentre 1 noiembrie \u0219i 14 iunie. <\/strong>\u00cen acest moment, natura \u0219i animalele se bucur\u0103 de odihna lor de iarn\u0103. Mai presus de toate, potecile mai \u00eenalte, \u0219eile \u0219i scuturile sunt \u00eenchise. Cu toate acestea, toate traseele care duc la cabanele alpine sunt deschise pe tot parcursul anului, cu excep\u021bia Chata pod Rysmi.<br><\/p>\n\n\n\n<p><br>Drume\u021biile de iarn\u0103 sunt, desigur, diferite de cele de var\u0103, \u00een special \u00een ceea ce prive\u0219te cerin\u021bele de echipament \u0219i experien\u021b\u0103.<br><\/p>\n\n\n\n<p><strong>Cele mai importante lucruri pe care un turist nu trebuie s\u0103 le uite:<\/strong><\/p>\n\n\n\n<ul class=\"wp-block-list\">\n<li>Verifica\u021bi starea vremii, situa\u021bia actual\u0103 a z\u0103pezii \u0219i avertiz\u0103rile (birourile de informare din mun\u021bii Tatra, Serviciul de salvare montan\u0103).<\/li>\n\n\n\n<li>\u00cempacheta\u021bi-v\u0103 echipamentul de iarn\u0103 \u00een func\u021bie de situa\u021bia actual\u0103 \u0219i convinge\u021bi-v\u0103 c\u0103 \u0219ti\u021bi cum s\u0103 \u00eel folosi\u021bi &#8211; be\u021be, crampoane de drume\u021bie, t\u00e2rn\u0103cop, eventual echipament de avalan\u0219\u0103<\/li>\n\n\n\n<li>\u00cencheia\u021bi o poli\u021b\u0103 de asigurare pentru munte \u0219i semna\u021bi cartea de drume\u021bii \u0219i ie\u0219iri la unitatea de cazare,&nbsp; informa\u021bi-v\u0103 rudele<\/li>\n<\/ul>\n\n\n\n<h4 class=\"wp-block-heading\"><br><strong><em>Harta traseelor deschise pe tot parcursul anului, care sunt potrivite \u0219i pentru drume\u021bii de iarn\u0103<\/em><\/strong><\/h4>\n\n\n\n<figure class=\"wp-block-image size-large\"><a href=\"https:\/\/regiontatry.sk\/wp-content\/uploads\/2024\/10\/Zimna-turistika-mapa-2024-2.jpg\" target=\"_blank\" rel=\"noreferrer noopener\" data-rel=\"lightbox-image-0\" data-rl_title=\"\" data-rl_caption=\"\" title=\"\"><img loading=\"lazy\" decoding=\"async\" width=\"1024\" height=\"724\" src=\"https:\/\/regiontatry.sk\/wp-content\/uploads\/2024\/10\/Zimna-turistika-mapa-2024-2-1024x724.jpg\" alt=\"\" class=\"wp-image-9952532\" srcset=\"https:\/\/regiontatry.sk\/wp-content\/uploads\/2024\/10\/Zimna-turistika-mapa-2024-2-1024x724.jpg 1024w, https:\/\/regiontatry.sk\/wp-content\/uploads\/2024\/10\/Zimna-turistika-mapa-2024-2-300x212.jpg 300w, https:\/\/regiontatry.sk\/wp-content\/uploads\/2024\/10\/Zimna-turistika-mapa-2024-2-768x543.jpg 768w, https:\/\/regiontatry.sk\/wp-content\/uploads\/2024\/10\/Zimna-turistika-mapa-2024-2-1536x1086.jpg 1536w, https:\/\/regiontatry.sk\/wp-content\/uploads\/2024\/10\/Zimna-turistika-mapa-2024-2-1705x1205.jpg 1705w, https:\/\/regiontatry.sk\/wp-content\/uploads\/2024\/10\/Zimna-turistika-mapa-2024-2-860x608.jpg 860w, https:\/\/regiontatry.sk\/wp-content\/uploads\/2024\/10\/Zimna-turistika-mapa-2024-2-698x493.jpg 698w, https:\/\/regiontatry.sk\/wp-content\/uploads\/2024\/10\/Zimna-turistika-mapa-2024-2-552x390.jpg 552w, https:\/\/regiontatry.sk\/wp-content\/uploads\/2024\/10\/Zimna-turistika-mapa-2024-2.jpg 1754w\" sizes=\"(max-width: 1024px) 100vw, 1024px\" \/><\/a><\/figure>\n\n\n\n<figure class=\"wp-block-image size-large\"><a href=\"https:\/\/regiontatry.sk\/wp-content\/uploads\/2024\/10\/Zimna-turistika-mapa-2024-1.jpg\" target=\"_blank\" rel=\"noreferrer noopener\" data-rel=\"lightbox-image-1\" data-rl_title=\"\" data-rl_caption=\"\" title=\"\"><img loading=\"lazy\" decoding=\"async\" width=\"1024\" height=\"724\" src=\"https:\/\/regiontatry.sk\/wp-content\/uploads\/2024\/10\/Zimna-turistika-mapa-2024-1-1024x724.jpg\" alt=\"\" class=\"wp-image-9952525\" srcset=\"https:\/\/regiontatry.sk\/wp-content\/uploads\/2024\/10\/Zimna-turistika-mapa-2024-1-1024x724.jpg 1024w, https:\/\/regiontatry.sk\/wp-content\/uploads\/2024\/10\/Zimna-turistika-mapa-2024-1-300x212.jpg 300w, https:\/\/regiontatry.sk\/wp-content\/uploads\/2024\/10\/Zimna-turistika-mapa-2024-1-768x543.jpg 768w, https:\/\/regiontatry.sk\/wp-content\/uploads\/2024\/10\/Zimna-turistika-mapa-2024-1-1536x1086.jpg 1536w, https:\/\/regiontatry.sk\/wp-content\/uploads\/2024\/10\/Zimna-turistika-mapa-2024-1-1705x1205.jpg 1705w, https:\/\/regiontatry.sk\/wp-content\/uploads\/2024\/10\/Zimna-turistika-mapa-2024-1-860x608.jpg 860w, https:\/\/regiontatry.sk\/wp-content\/uploads\/2024\/10\/Zimna-turistika-mapa-2024-1-698x493.jpg 698w, https:\/\/regiontatry.sk\/wp-content\/uploads\/2024\/10\/Zimna-turistika-mapa-2024-1-552x390.jpg 552w, https:\/\/regiontatry.sk\/wp-content\/uploads\/2024\/10\/Zimna-turistika-mapa-2024-1.jpg 1754w\" sizes=\"(max-width: 1024px) 100vw, 1024px\" \/><\/a><\/figure>\n\n\n\n<p><br>Un drum deschis nu \u00eenseamn\u0103 neap\u0103rat c\u0103 acesta este \u00eengrijit \u0219i sigur. Trebuie s\u0103 \u021bine\u021bi cont \u00eentotdeauna de situa\u021bia actual\u0103 a vremii \u0219i de propriile abilit\u0103\u021bi \u0219i s\u0103 fi\u021bi gata s\u0103 v\u0103 \u00eentoarce\u021bi \u00eenpoi la caban\u0103 \u00een orice moment.<br><\/p>\n\n\n\n<p>Informa\u021bii oficiale privind motivul \u00eenchiderii sezoniere:<br><em style=\"\"><b>\u00cenchiderea sezonier\u0103 a anumitor trasee de drume\u021bie din Parcul Na\u021bional Mun\u021bii Tatra dureaz\u0103 \u00eentre 1 noiembrie <\/b><\/em><strong><em>p\u00e2n\u0103 la 31 mai. \u00cen aceast\u0103 perioad\u0103, natura din mun\u021bii Tatra este cea mai vulnerabil\u0103. Este perioada de estru a caprelor de munte, de risc sporit de deranjare a caprelor de munte pe terenurile expuse la avalan\u0219e \u0219i include, de asemenea, perioada sensibil\u0103 de prim\u0103var\u0103 de cuib\u0103rit \u0219i de cre\u0219tere a puilor pentru mai multe specii protejate de animale din mun\u021bii Tatra.<\/em><\/strong><\/p>\n\n\n\n<p><br><strong>Serviciul de salvare montan\u0103 are grij\u0103 de <\/strong>siguran\u021ba dumneavoastr\u0103 \u00een mun\u021bi. \u00cen mediul alpin, este foarte important s\u0103 respecta\u021bi legile mun\u021bilor, precum \u0219i instruc\u021biunile Serviciului de salvare montan\u0103. \u00cenainte de a pleca \u00eentr-o drume\u021bie, v\u0103 recomand\u0103m s\u0103 urm\u0103ri\u021bi <a href=\"https:\/\/www.hzs.sk\/\"><strong>informa\u021biile despre situa\u021biaactual\u0103 din mun\u021bi.<\/strong><\/a><br><\/p>\n\n\n\n<p><br>Dar cum s\u0103 v\u0103 orienta\u021bi \u00een timpul unei drume\u021bii de iarn\u0103? \u00cen zonele f\u0103r\u0103 p\u0103dure, un marcaj pe piatr\u0103 va fi \u00eenlocuit cu un marcaj pe un st\u00e2lp \u00een timpul iernii.<\/p>\n\n\n\n<p><strong>Statuile sculptate \u00een z\u0103pad\u0103 care \u00eentruchipeaz\u0103 na\u0219terea lui lsus Cristos de la Cabana Rainer, cascadele de la Studeny potok (P\u00e2r\u00e2ul Rece), drume\u021biile \u00een v\u0103ile Tatrasau o plimbare romantic\u0103 printr-un peisaj de iarn\u0103 de vis <\/strong>sunt doar c\u00e2teva exemple de experien\u021be de drume\u021bie pe care le ofer\u0103 iarna \u00een mun\u021bii Tatra. Alege\u021bi \u0219i pleca\u021bi<a href=\"https:\/\/regiontatry.sk\/zimne-vylety\/skialpinizmus\/\">:<\/a><\/p>\n","protected":false},"excerpt":{"rendered":"<p>V\u0103 pute\u021bi bucura de idila de iarn\u0103 din Mun\u021bii Tatra nu doar ca schior sau alpinist. \u00cen mediul montan \u00eenalt, sunt marcate aproximativ 20 km de trasee de drume\u021bie \u00een fiecare iarn\u0103, astfel \u00eenc\u00e2t \u0219i iubitorii de drume\u021bii s\u0103 se poat\u0103 bucura din plin de vacan\u021ba de iarn\u0103 \u00een Mun\u021bii Tatra. \u00cenchiderea sezonier\u0103 a traseelor [&hellip;]<\/p>\n","protected":false},"author":1,"featured_media":8558505,"parent":9994743,"menu_order":0,"comment_status":"closed","ping_status":"closed","template":"template-objects.php","meta":{"footnotes":""},"class_list":["post-8558504","page","type-page","status-publish","has-post-thumbnail","hentry"],"_links":{"self":[{"href":"https:\/\/regiontatry.sk\/ro\/wp-json\/wp\/v2\/pages\/8558504"}],"collection":[{"href":"https:\/\/regiontatry.sk\/ro\/wp-json\/wp\/v2\/pages"}],"about":[{"href":"https:\/\/regiontatry.sk\/ro\/wp-json\/wp\/v2\/types\/page"}],"author":[{"embeddable":true,"href":"https:\/\/regiontatry.sk\/ro\/wp-json\/wp\/v2\/users\/1"}],"replies":[{"embeddable":true,"href":"https:\/\/regiontatry.sk\/ro\/wp-json\/wp\/v2\/comments?post=8558504"}],"version-history":[{"count":10,"href":"https:\/\/regiontatry.sk\/ro\/wp-json\/wp\/v2\/pages\/8558504\/revisions"}],"predecessor-version":[{"id":9969874,"href":"https:\/\/regiontatry.sk\/ro\/wp-json\/wp\/v2\/pages\/8558504\/revisions\/9969874"}],"up":[{"embeddable":true,"href":"https:\/\/regiontatry.sk\/ro\/wp-json\/wp\/v2\/pages\/9994743"}],"wp:featuredmedia":[{"embeddable":true,"href":"https:\/\/regiontatry.sk\/ro\/wp-json\/wp\/v2\/media\/8558505"}],"wp:attachment":[{"href":"https:\/\/regiontatry.sk\/ro\/wp-json\/wp\/v2\/media?parent=8558504"}],"curies":[{"name":"wp","href":"https:\/\/api.w.org\/{rel}","templated":true}]}}