{"id":8563134,"date":"2018-09-28T10:21:28","date_gmt":"2018-09-28T08:21:28","guid":{"rendered":"https:\/\/regiontatry.sk\/vysokohorske-chaty\/"},"modified":"2022-10-19T13:20:39","modified_gmt":"2022-10-19T11:20:39","slug":"cabane-montane-2","status":"publish","type":"page","link":"https:\/\/regiontatry.sk\/ro\/excursii-de-iarna\/cabane-montane-2\/","title":{"rendered":"Cabane montane"},"content":{"rendered":"\n<p>Cea mai popular\u0103 destina\u021bie pentru drume\u021bii de iarn\u0103 este, de obicei, una dintre cabanele montane din Mun\u021bii Tatra. \u00cen timpul iernii, traseele de drume\u021bie din Mun\u021bii Tatra v\u0103 vor duce p\u00e2n\u0103 la <strong>12 cabane montane. <\/strong>Pe l\u00e2ng\u0103 ceaiul cald de la caban\u0103, ve\u021bi avea parte de priveli\u0219ti cu v\u00e2rfuri frumoase, v\u0103i \u00eentinse sau lacuri \u00eenghe\u021bate din mun\u021bii Tatra.<br><\/p>\n","protected":false},"excerpt":{"rendered":"<p>Cea mai popular\u0103 destina\u021bie pentru drume\u021bii de iarn\u0103 este, de obicei, una dintre cabanele montane din Mun\u021bii Tatra. \u00cen timpul iernii, traseele de drume\u021bie din Mun\u021bii Tatra v\u0103 vor duce p\u00e2n\u0103 la 12 cabane montane. Pe l\u00e2ng\u0103 ceaiul cald de la caban\u0103, ve\u021bi avea parte de priveli\u0219ti cu v\u00e2rfuri frumoase, v\u0103i \u00eentinse sau lacuri \u00eenghe\u021bate [&hellip;]<\/p>\n","protected":false},"author":2,"featured_media":0,"parent":9994743,"menu_order":3,"comment_status":"closed","ping_status":"closed","template":"template-objects.php","meta":{"footnotes":""},"class_list":["post-8563134","page","type-page","status-publish","hentry"],"_links":{"self":[{"href":"https:\/\/regiontatry.sk\/ro\/wp-json\/wp\/v2\/pages\/8563134"}],"collection":[{"href":"https:\/\/regiontatry.sk\/ro\/wp-json\/wp\/v2\/pages"}],"about":[{"href":"https:\/\/regiontatry.sk\/ro\/wp-json\/wp\/v2\/types\/page"}],"author":[{"embeddable":true,"href":"https:\/\/regiontatry.sk\/ro\/wp-json\/wp\/v2\/users\/2"}],"replies":[{"embeddable":true,"href":"https:\/\/regiontatry.sk\/ro\/wp-json\/wp\/v2\/comments?post=8563134"}],"version-history":[{"count":1,"href":"https:\/\/regiontatry.sk\/ro\/wp-json\/wp\/v2\/pages\/8563134\/revisions"}],"predecessor-version":[{"id":8563135,"href":"https:\/\/regiontatry.sk\/ro\/wp-json\/wp\/v2\/pages\/8563134\/revisions\/8563135"}],"up":[{"embeddable":true,"href":"https:\/\/regiontatry.sk\/ro\/wp-json\/wp\/v2\/pages\/9994743"}],"wp:attachment":[{"href":"https:\/\/regiontatry.sk\/ro\/wp-json\/wp\/v2\/media?parent=8563134"}],"curies":[{"name":"wp","href":"https:\/\/api.w.org\/{rel}","templated":true}]}}