{"id":8563136,"date":"2018-10-08T15:35:55","date_gmt":"2018-10-08T13:35:55","guid":{"rendered":"https:\/\/regiontatry.sk\/lanovkami-za-vyhladmi\/"},"modified":"2025-10-07T21:52:55","modified_gmt":"2025-10-07T19:52:55","slug":"cu-telecabina-spre-panorame-frumoase","status":"publish","type":"page","link":"https:\/\/regiontatry.sk\/ro\/excursii-de-iarna\/cu-telecabina-spre-panorame-frumoase\/","title":{"rendered":"Cu telecabina spre panorame frumoase"},"content":{"rendered":"\n<p>Telecabinele din mun\u021bii Tatra sunt una dintre cele mai populare modalit\u0103\u021bi de a v\u0103 face \u0219ederea \u00een mun\u021bii Tatra mai&nbsp; pl\u0103cut\u0103 \u0219i de a cunoa\u0219te mai bine regiunea. Acestea dezv\u0103luie mun\u021bii dintr-o alt\u0103 perspectiv\u0103. Dac\u0103 v\u0103 tenteaz\u0103 acest mod de a c\u0103l\u0103tori, face\u021bi o <strong>plimbare confortabil\u0103 pe una din telecabinele din mun\u021bii Tatra, pentru panorame frumoase \u0219i aer curat<\/strong>.<br><\/p>\n\n\n\n<h2 class=\"wp-block-heading has-vivid-cyan-blue-color has-text-color has-link-color wp-elements-0b48b87b2fc2d070407d6423ee54e275\"><strong><br><\/strong><em><strong>Lacul Skalnat\u00e9 pleso<\/strong><\/em><\/h2>\n\n\n\n<p>Vizita\u021bi cel mai popular loc turistic din mun\u021bii Tatra &#8211; <a href=\"https:\/\/regiontatry.sk\/turistika\/lanovkami-za-vyhladmi\/?tour=773\">Skalnat\u00e9 pleso <\/a>cu \u00een\u0103l\u021bimea de p\u00e2n\u0103 la <strong>1 751 de metri<\/strong>. De la sta\u021bia din vale <strong>din loclitatea Tatransk\u00e1 Lomnica ve\u021bi fi transporta\u021bi cu o telecabin\u0103 cu 4 locuri <\/strong>p\u00e2n\u0103 la sta\u021bia intermediar\u0103 Start, de unde ve\u021bi urca la Skalnat\u00e9 pleso cu o <strong>telecabin\u0103 modern\u0103 cu 15 locuri<\/strong>. \u00cemprejurimile lacului sunt perfecte pentru plimb\u0103ri sau drume\u021bii. \u00cen apropiere de Skalnat\u00e9 pleso, la o \u00een\u0103l\u021bime de 1 786 de metri, se afl\u0103 un <strong>observator <\/strong>astronomic \u0219i meteorologic. Observatorul a fost \u00eenfiin\u021bat \u00een 1943, c\u00e2nd au fost f\u0103cute primele observa\u021bii. Acesta include un observator astronomic. V\u0103 pute\u021bi relaxa \u0219i pute\u021bi prinde bronz \u00eentr-unul dintre cele mai \u00eenalte restaurante din Mun\u021bii Tatra, Restaurantul Panorama, a c\u0103rui teras\u0103 situat\u0103 la soare ofer\u0103 o <strong>vedere panoramic\u0103 frumoas\u0103 la v\u00e2rfurile st\u00e2ncoase din jur sau la cea mai abrupt\u0103 p\u00e2rtie de schi din Slovacia <\/strong>&#8211; Lomnick\u00e9 sedlo.<br><\/p>\n\n\n\n<figure class=\"wp-block-gallery has-nested-images columns-default is-cropped wp-block-gallery-2 is-layout-flex wp-block-gallery-is-layout-flex\">\n<figure class=\"wp-block-image\"><img loading=\"lazy\" decoding=\"async\" width=\"1600\" height=\"1065\" data-id=\"6373\" src=\"https:\/\/regiontatry.sk\/wp-content\/uploads\/2018\/10\/69YdhY0w.jpeg\" alt=\"\" class=\"wp-image-6373\" srcset=\"https:\/\/regiontatry.sk\/wp-content\/uploads\/2018\/10\/69YdhY0w.jpeg 1600w, https:\/\/regiontatry.sk\/wp-content\/uploads\/2018\/10\/69YdhY0w-300x200.jpeg 300w, https:\/\/regiontatry.sk\/wp-content\/uploads\/2018\/10\/69YdhY0w-768x511.jpeg 768w, https:\/\/regiontatry.sk\/wp-content\/uploads\/2018\/10\/69YdhY0w-1024x682.jpeg 1024w\" sizes=\"(max-width: 1600px) 100vw, 1600px\" \/><\/figure>\n\n\n\n<figure class=\"wp-block-image\"><img loading=\"lazy\" decoding=\"async\" width=\"1600\" height=\"808\" data-id=\"6375\" src=\"https:\/\/regiontatry.sk\/wp-content\/uploads\/2018\/10\/XQenUWBc.jpeg\" alt=\"\" class=\"wp-image-6375\" srcset=\"https:\/\/regiontatry.sk\/wp-content\/uploads\/2018\/10\/XQenUWBc.jpeg 1600w, https:\/\/regiontatry.sk\/wp-content\/uploads\/2018\/10\/XQenUWBc-300x152.jpeg 300w, https:\/\/regiontatry.sk\/wp-content\/uploads\/2018\/10\/XQenUWBc-768x388.jpeg 768w, https:\/\/regiontatry.sk\/wp-content\/uploads\/2018\/10\/XQenUWBc-1024x517.jpeg 1024w\" sizes=\"(max-width: 1600px) 100vw, 1600px\" \/><\/figure>\n<\/figure>\n\n\n\n<p>Accesul la lacul Skalnat\u00e9 Pleso este posibil cu telecabina din Tatransk\u00e1 Lomnica sau pe traseul turistic&nbsp; marcat cu verde din Tatransk\u00e1 Lomnica, pe traseul marcat cu ro\u0219u de pe drumul rutier principal de-a lungul mun\u021bilor Tatra de la cabana Zamkovsk\u00e9ho Chata \u0219i pe traseul marcat cu ro\u0219u de pe drumul rutier principal de-a lungul mun\u021bilor Tatra de la cabana Zelen\u00e9 pleso.<br><\/p>\n\n\n\n<p>Distrac\u021bia este asigurat\u0103 \u0219i pentru copii. Ace\u0219tia se pot distra \u00een Svi\u0161tia krajinka (\u021aara marmotelor) &#8211; un mini-parc ecologic&nbsp; cu sculpturi din lemn, o c\u0103su\u021b\u0103 din lemn, cadre de c\u0103\u021b\u0103rat \u0219i multe alte surprize.&nbsp;<br><\/p>\n\n\n\n<h2 class=\"wp-block-heading has-vivid-cyan-blue-color has-text-color has-link-color wp-elements-f555c50d95468557582449eaad35ca2d\"><strong><br><\/strong><em><strong>V\u00e2rful Lomnick\u00fd \u0161t\u00edt<\/strong><\/em><\/h2>\n\n\n\n<p><\/p>\n\n\n\n<figure class=\"wp-block-gallery has-nested-images columns-default is-cropped wp-block-gallery-3 is-layout-flex wp-block-gallery-is-layout-flex\">\n<figure class=\"wp-block-image\"><img loading=\"lazy\" decoding=\"async\" width=\"1600\" height=\"1064\" data-id=\"6397\" src=\"https:\/\/regiontatry.sk\/wp-content\/uploads\/2018\/10\/CLWxmrCg.jpeg\" alt=\"\" class=\"wp-image-6397\" srcset=\"https:\/\/regiontatry.sk\/wp-content\/uploads\/2018\/10\/CLWxmrCg.jpeg 1600w, https:\/\/regiontatry.sk\/wp-content\/uploads\/2018\/10\/CLWxmrCg-300x200.jpeg 300w, https:\/\/regiontatry.sk\/wp-content\/uploads\/2018\/10\/CLWxmrCg-768x511.jpeg 768w, https:\/\/regiontatry.sk\/wp-content\/uploads\/2018\/10\/CLWxmrCg-1024x681.jpeg 1024w\" sizes=\"(max-width: 1600px) 100vw, 1600px\" \/><\/figure>\n\n\n\n<figure class=\"wp-block-image\"><img loading=\"lazy\" decoding=\"async\" width=\"4085\" height=\"2506\" data-id=\"7216\" src=\"https:\/\/regiontatry.sk\/wp-content\/uploads\/2018\/10\/bambulka_lomnicky.jpg\" alt=\"\" class=\"wp-image-7216\" srcset=\"https:\/\/regiontatry.sk\/wp-content\/uploads\/2018\/10\/bambulka_lomnicky.jpg 4085w, https:\/\/regiontatry.sk\/wp-content\/uploads\/2018\/10\/bambulka_lomnicky-300x184.jpg 300w, https:\/\/regiontatry.sk\/wp-content\/uploads\/2018\/10\/bambulka_lomnicky-768x471.jpg 768w, https:\/\/regiontatry.sk\/wp-content\/uploads\/2018\/10\/bambulka_lomnicky-1024x628.jpg 1024w\" sizes=\"(max-width: 4085px) 100vw, 4085px\" \/><\/figure>\n\n\n\n<figure class=\"wp-block-image\"><img loading=\"lazy\" decoding=\"async\" width=\"800\" height=\"266\" data-id=\"13598\" src=\"https:\/\/regiontatry.sk\/wp-content\/uploads\/2018\/11\/Sunrise-on-Lomnicky-peak1.jpg\" alt=\"\" class=\"wp-image-13598\" srcset=\"https:\/\/regiontatry.sk\/wp-content\/uploads\/2018\/11\/Sunrise-on-Lomnicky-peak1.jpg 800w, https:\/\/regiontatry.sk\/wp-content\/uploads\/2018\/11\/Sunrise-on-Lomnicky-peak1-300x100.jpg 300w, https:\/\/regiontatry.sk\/wp-content\/uploads\/2018\/11\/Sunrise-on-Lomnicky-peak1-768x255.jpg 768w, https:\/\/regiontatry.sk\/wp-content\/uploads\/2018\/11\/Sunrise-on-Lomnicky-peak1-698x232.jpg 698w, https:\/\/regiontatry.sk\/wp-content\/uploads\/2018\/11\/Sunrise-on-Lomnicky-peak1-552x184.jpg 552w\" sizes=\"(max-width: 800px) 100vw, 800px\" \/><\/figure>\n<\/figure>\n\n\n\n<p>Face\u021bi o excursie cu familia pe <strong>al doilea cel mai \u00eenalt v\u00e2rf din Mun\u021bii Tatra <\/strong>&#8211; Lomnick\u00fd \u0161t\u00edt. L\u0103sa\u021bi-v\u0103 purta\u021bi deasupra norilor \u0219i bucura\u021bi-v\u0103 de priveli\u0219ti de neuitat ale v\u00e2rfurilor din jur. Intra\u021bi \u00een regatul lini\u0219tii \u0219i relaxa\u021bi-v\u0103 \u00een cafeneaua elegant\u0103 Dedo. De la sta\u021bia din vale din Tatransk\u00e1 Lomnica urc\u0103 o telecabin\u0103 cu 4 locuri care v\u0103 va duce la sta\u021bia intermediar\u0103 Start, iar de acolo merge o nou\u0103 telecabin\u0103 confortabil\u0103 cu 15 locuri p\u00e2n\u0103 la Skalnat\u00e9 Pleso, care este sta\u021bia de v\u00e2rf \u0219i, de asemenea, o sta\u021bie de transfer c\u0103tre v\u00e2rful Lomnick\u00fd \u0161t\u00edt. De acolo, ve\u021bi urca \u00een v\u00e2rf cu <strong>o telecabin\u0103<\/strong>, care dep\u0103\u0219e\u0219te <strong>855 de metri \u00een \u00een\u0103l\u021bime, <\/strong>iar c\u0103l\u0103toria dureaz\u0103 8,5 minute.<br><\/p>\n\n\n\n<h2 class=\"wp-block-heading has-vivid-cyan-blue-color has-text-color has-link-color wp-elements-4e844ca4b3d76276fe208e6ef1aa05ce\"><strong><br><em>Hrebienok<\/em><\/strong><\/h2>\n\n\n\n<p><\/p>\n\n\n\n<figure class=\"wp-block-gallery has-nested-images columns-default is-cropped wp-block-gallery-4 is-layout-flex wp-block-gallery-is-layout-flex\">\n<figure class=\"wp-block-image\"><img loading=\"lazy\" decoding=\"async\" width=\"1000\" height=\"664\" data-id=\"7224\" src=\"https:\/\/regiontatry.sk\/wp-content\/uploads\/2018\/10\/f1d8304191.jpg\" alt=\"\" class=\"wp-image-7224\" srcset=\"https:\/\/regiontatry.sk\/wp-content\/uploads\/2018\/10\/f1d8304191.jpg 1000w, https:\/\/regiontatry.sk\/wp-content\/uploads\/2018\/10\/f1d8304191-300x199.jpg 300w, https:\/\/regiontatry.sk\/wp-content\/uploads\/2018\/10\/f1d8304191-768x510.jpg 768w\" sizes=\"(max-width: 1000px) 100vw, 1000px\" \/><\/figure>\n\n\n\n<figure class=\"wp-block-image\"><img loading=\"lazy\" decoding=\"async\" width=\"1024\" height=\"664\" data-id=\"7201068\" src=\"https:\/\/regiontatry.sk\/wp-content\/uploads\/2021\/12\/c-Marek-Hajkovsky-foto-LADOVY-DOM-2021-13-\u2013-small-1-1024x664.jpg\" alt=\"\" class=\"wp-image-7201068\" srcset=\"https:\/\/regiontatry.sk\/wp-content\/uploads\/2021\/12\/c-Marek-Hajkovsky-foto-LADOVY-DOM-2021-13-\u2013-small-1-1024x664.jpg 1024w, https:\/\/regiontatry.sk\/wp-content\/uploads\/2021\/12\/c-Marek-Hajkovsky-foto-LADOVY-DOM-2021-13-\u2013-small-1-300x195.jpg 300w, https:\/\/regiontatry.sk\/wp-content\/uploads\/2021\/12\/c-Marek-Hajkovsky-foto-LADOVY-DOM-2021-13-\u2013-small-1-768x498.jpg 768w, https:\/\/regiontatry.sk\/wp-content\/uploads\/2021\/12\/c-Marek-Hajkovsky-foto-LADOVY-DOM-2021-13-\u2013-small-1-1920x1245.jpg 1920w, https:\/\/regiontatry.sk\/wp-content\/uploads\/2021\/12\/c-Marek-Hajkovsky-foto-LADOVY-DOM-2021-13-\u2013-small-1-1705x1106.jpg 1705w, https:\/\/regiontatry.sk\/wp-content\/uploads\/2021\/12\/c-Marek-Hajkovsky-foto-LADOVY-DOM-2021-13-\u2013-small-1-698x453.jpg 698w, https:\/\/regiontatry.sk\/wp-content\/uploads\/2021\/12\/c-Marek-Hajkovsky-foto-LADOVY-DOM-2021-13-\u2013-small-1-552x358.jpg 552w\" sizes=\"(max-width: 1024px) 100vw, 1024px\" \/><\/figure>\n\n\n\n<figure class=\"wp-block-image\"><img loading=\"lazy\" decoding=\"async\" width=\"659\" height=\"744\" data-id=\"7231\" src=\"https:\/\/regiontatry.sk\/wp-content\/uploads\/2018\/10\/2c38224059a.jpg\" alt=\"\" class=\"wp-image-7231\" srcset=\"https:\/\/regiontatry.sk\/wp-content\/uploads\/2018\/10\/2c38224059a.jpg 659w, https:\/\/regiontatry.sk\/wp-content\/uploads\/2018\/10\/2c38224059a-266x300.jpg 266w\" sizes=\"(max-width: 659px) 100vw, 659px\" \/><\/figure>\n<\/figure>\n\n\n\n<p>Centrul turistic <a href=\"https:\/\/regiontatry.sk\/turistika\/lanovkami-za-vyhladmi\/?tour=796\">Hrebienok <\/a>(1285 m) este o destina\u021bie atractiv\u0103 pentru vizitatorii din Mun\u021bii Tatra. Cel mai&nbsp; vechi centru turistic Star\u00fd Smokovec este un punct de leg\u0103tur\u0103 pentru transport \u00een Mun\u021bii Tatra. Localitatea este o ramifica\u021bie c\u0103tre Hrebienok &#8211; punctul de plecare al multor trasee de drume\u021bie. Lua\u021bi <strong>funicularul de la Star\u00fd Smokovec <\/strong>p\u00e2n\u0103 la o altitudine <strong>de 1 272 m \u0219i <\/strong>experimenta\u021bi senza\u021bia pe care a avut-o regina Elisabeta a Angliei c\u00e2nd a vizitat Mun\u021bii Tatra<strong>. <\/strong>C\u0103l\u0103tori\u021bi confortabil 7 minute \u0219i dep\u0103\u0219i\u021bi diferen\u021ba de altitudine de 255 m deasupra nivelului m\u0103rii. Hrebienok este un centru turistic pentru urc\u0103ri spre v\u0103ile Ve\u013ek\u00e1 \u0219i Mala Studen\u00e1 dolina sau la v\u00e2rful montan Slavkovsk\u00fd \u0161t\u00edt. Dup\u0103 drume\u021bie v\u0103 pute\u021bi re\u00eenc\u0103rca bateriile la barul Snack aflat \u00een centrul turistic Hrebienok. Acest local popular este situat \u00een cl\u0103direa funicularului. Locul de \u00eent\u00e2lnire ideal pentru \u00eentreaga familie va fi &#8222;la \u00eendem\u00e2n\u0103&#8221;, ca s\u0103 spunem a\u0219a, indiferent dac\u0103 urca\u021bi sau cobor\u00e2\u021bi din funicular.<br><\/p>\n\n\n\n<p>Hrebienok este o alegere ideal\u0103 iarna, deoarece aici pute\u021bi experimenta <strong>evenimentul unic Tatra Ice Master <\/strong>&#8211; campionatul mondial neoficial de sculptur\u0103 \u00een ghea\u021b\u0103 \u0219i pute\u021bi vizita <strong>templul de ghea\u021b\u0103 unic \u00een lume &#8211; Tatransk\u00fd d\u00f3m<\/strong>.<br><\/p>\n\n\n\n<h2 class=\"wp-block-heading has-vivid-cyan-blue-color has-text-color has-link-color wp-elements-31b1b3ccfaca23875775bf232ed4092d\"><strong><br><em>Masivul Solisko<\/em><\/strong><\/h2>\n\n\n\n<p><\/p>\n\n\n\n<figure class=\"wp-block-gallery has-nested-images columns-default is-cropped wp-block-gallery-5 is-layout-flex wp-block-gallery-is-layout-flex\">\n<figure class=\"wp-block-image\"><img loading=\"lazy\" decoding=\"async\" width=\"1000\" height=\"665\" data-id=\"7234\" src=\"https:\/\/regiontatry.sk\/wp-content\/uploads\/2018\/10\/7635f143b5.jpg\" alt=\"\" class=\"wp-image-7234\" srcset=\"https:\/\/regiontatry.sk\/wp-content\/uploads\/2018\/10\/7635f143b5.jpg 1000w, https:\/\/regiontatry.sk\/wp-content\/uploads\/2018\/10\/7635f143b5-300x200.jpg 300w, https:\/\/regiontatry.sk\/wp-content\/uploads\/2018\/10\/7635f143b5-768x511.jpg 768w, https:\/\/regiontatry.sk\/wp-content\/uploads\/2018\/10\/7635f143b5-860x572.jpg 860w, https:\/\/regiontatry.sk\/wp-content\/uploads\/2018\/10\/7635f143b5-698x464.jpg 698w, https:\/\/regiontatry.sk\/wp-content\/uploads\/2018\/10\/7635f143b5-552x367.jpg 552w\" sizes=\"(max-width: 1000px) 100vw, 1000px\" \/><\/figure>\n\n\n\n<figure class=\"wp-block-image\"><img loading=\"lazy\" decoding=\"async\" width=\"1600\" height=\"900\" data-id=\"7238\" src=\"https:\/\/regiontatry.sk\/wp-content\/uploads\/2018\/10\/6bWuNcGQ.jpeg\" alt=\"\" class=\"wp-image-7238\" srcset=\"https:\/\/regiontatry.sk\/wp-content\/uploads\/2018\/10\/6bWuNcGQ.jpeg 1600w, https:\/\/regiontatry.sk\/wp-content\/uploads\/2018\/10\/6bWuNcGQ-300x169.jpeg 300w, https:\/\/regiontatry.sk\/wp-content\/uploads\/2018\/10\/6bWuNcGQ-768x432.jpeg 768w, https:\/\/regiontatry.sk\/wp-content\/uploads\/2018\/10\/6bWuNcGQ-1024x576.jpeg 1024w\" sizes=\"(max-width: 1600px) 100vw, 1600px\" \/><\/figure>\n<\/figure>\n\n\n\n<p>Urca\u021bi pe unul dintre cei mai mici \u0219i mai u\u0219or de urcat v\u00e2rf din Mun\u021bii Tatra. La marginea sudic\u0103 a masivului se afl\u0103 Predn\u00e9 <a href=\"https:\/\/regiontatry.sk\/turistika\/lanovkami-za-vyhladmi\/?tour=789\">Solisko<\/a>, care, la 2093 m deasupra nivelului m\u0103rii, ofer\u0103 o priveli\u0219te asupra v\u0103ilor Mlynick\u00e1 \u0219i Furkotsk\u00e1. Urca\u021bi cu <strong>telecabina Solisko Express cu 4 locuri&nbsp; <\/strong>de la sta\u021bia din vale din \u0160trbsk\u00e9 Pleso p\u00e2n\u0103 la o altitudine <strong>de 1.814 m deasupra nivelului m\u0103rii <\/strong>pentru cele mai frumoase priveli\u0219ti panoramice<strong>. <\/strong>\u00cen mai pu\u021bin de 7 minute ve\u021bi dep\u0103\u0219i diferen\u021ba de altitudine de 431 m deasupra nivelului m\u0103rii. La c\u00e2\u021biva pa\u0219i de sta\u021bie se afl\u0103 Bivac Pizza, cu o teras\u0103 \u00eensorit\u0103, de unde se pot admira priveli\u0219ti unice asupra v\u0103ii, la v\u00e2rful Kriv\u00e1\u0148, romanticul lac \u0160trbsk\u00e9 pleso sau c\u0103tre masivul Kr\u00e1\u013eov\u00e1 ho\u013ea.<br><\/p>\n\n\n\n<p>Dac\u0103 dori\u021bi s\u0103 urca\u021bi p\u00e2n\u0103 pe v\u00e2rful Predn\u00e9 Solisko, pute\u021bi \u00eencepe drume\u021bia de la cabana Chata pod Soliskom (l\u00e2ng\u0103 Bivac Pizza), urm\u00e2nd poteca ro\u0219ie. Durata drume\u021biei: 1:00 h.<br><\/p>\n","protected":false},"excerpt":{"rendered":"<p>Telecabinele din mun\u021bii Tatra sunt una dintre cele mai populare modalit\u0103\u021bi de a v\u0103 face \u0219ederea \u00een mun\u021bii Tatra mai&nbsp; pl\u0103cut\u0103 \u0219i de a cunoa\u0219te mai bine regiunea. Acestea dezv\u0103luie mun\u021bii dintr-o alt\u0103 perspectiv\u0103. Dac\u0103 v\u0103 tenteaz\u0103 acest mod de a c\u0103l\u0103tori, face\u021bi o plimbare confortabil\u0103 pe una din telecabinele din mun\u021bii Tatra, pentru panorame [&hellip;]<\/p>\n","protected":false},"author":12,"featured_media":8563138,"parent":9994743,"menu_order":0,"comment_status":"closed","ping_status":"closed","template":"template-simple-page.php","meta":{"footnotes":""},"class_list":["post-8563136","page","type-page","status-publish","has-post-thumbnail","hentry"],"_links":{"self":[{"href":"https:\/\/regiontatry.sk\/ro\/wp-json\/wp\/v2\/pages\/8563136"}],"collection":[{"href":"https:\/\/regiontatry.sk\/ro\/wp-json\/wp\/v2\/pages"}],"about":[{"href":"https:\/\/regiontatry.sk\/ro\/wp-json\/wp\/v2\/types\/page"}],"author":[{"embeddable":true,"href":"https:\/\/regiontatry.sk\/ro\/wp-json\/wp\/v2\/users\/12"}],"replies":[{"embeddable":true,"href":"https:\/\/regiontatry.sk\/ro\/wp-json\/wp\/v2\/comments?post=8563136"}],"version-history":[{"count":4,"href":"https:\/\/regiontatry.sk\/ro\/wp-json\/wp\/v2\/pages\/8563136\/revisions"}],"predecessor-version":[{"id":11140462,"href":"https:\/\/regiontatry.sk\/ro\/wp-json\/wp\/v2\/pages\/8563136\/revisions\/11140462"}],"up":[{"embeddable":true,"href":"https:\/\/regiontatry.sk\/ro\/wp-json\/wp\/v2\/pages\/9994743"}],"wp:featuredmedia":[{"embeddable":true,"href":"https:\/\/regiontatry.sk\/ro\/wp-json\/wp\/v2\/media\/8563138"}],"wp:attachment":[{"href":"https:\/\/regiontatry.sk\/ro\/wp-json\/wp\/v2\/media?parent=8563136"}],"curies":[{"name":"wp","href":"https:\/\/api.w.org\/{rel}","templated":true}]}}